{"id":9,"date":"2026-01-15T13:55:19","date_gmt":"2026-01-15T16:55:19","guid":{"rendered":"https:\/\/pos.uel.br\/treinamento-esportivo\/?page_id=9"},"modified":"2026-01-15T13:55:19","modified_gmt":"2026-01-15T16:55:19","slug":"contatos","status":"publish","type":"page","link":"https:\/\/pos.uel.br\/treinamento-esportivo\/contatos\/","title":{"rendered":"Contatos"},"content":{"rendered":"\n<p><br><strong>Secretaria de P\u00f3s-Gradua\u00e7\u00e3o<br><\/strong>Telefone &#8211;\u00a0(43) 3371-1890<br>e-mail: cefepos@uel.br<\/p>\n","protected":false},"excerpt":{"rendered":"<p>Secretaria de P\u00f3s-Gradua\u00e7\u00e3oTelefone &#8211;\u00a0(43) 3371-1890e-mail: cefepos@uel.br<\/p>\n","protected":false},"author":8,"featured_media":0,"parent":0,"menu_order":0,"comment_status":"closed","ping_status":"closed","template":"","meta":{"_acf_changed":false,"_themeisle_gutenberg_block_has_review":false,"footnotes":""},"class_list":["post-9","page","type-page","status-publish","hentry"],"acf":[],"_links":{"self":[{"href":"https:\/\/pos.uel.br\/treinamento-esportivo\/wp-json\/wp\/v2\/pages\/9","targetHints":{"allow":["GET"]}}],"collection":[{"href":"https:\/\/pos.uel.br\/treinamento-esportivo\/wp-json\/wp\/v2\/pages"}],"about":[{"href":"https:\/\/pos.uel.br\/treinamento-esportivo\/wp-json\/wp\/v2\/types\/page"}],"author":[{"embeddable":true,"href":"https:\/\/pos.uel.br\/treinamento-esportivo\/wp-json\/wp\/v2\/users\/8"}],"replies":[{"embeddable":true,"href":"https:\/\/pos.uel.br\/treinamento-esportivo\/wp-json\/wp\/v2\/comments?post=9"}],"version-history":[{"count":1,"href":"https:\/\/pos.uel.br\/treinamento-esportivo\/wp-json\/wp\/v2\/pages\/9\/revisions"}],"predecessor-version":[{"id":10,"href":"https:\/\/pos.uel.br\/treinamento-esportivo\/wp-json\/wp\/v2\/pages\/9\/revisions\/10"}],"wp:attachment":[{"href":"https:\/\/pos.uel.br\/treinamento-esportivo\/wp-json\/wp\/v2\/media?parent=9"}],"curies":[{"name":"wp","href":"https:\/\/api.w.org\/{rel}","templated":true}]}}