{"id":43,"date":"2026-01-15T14:43:50","date_gmt":"2026-01-15T17:43:50","guid":{"rendered":"https:\/\/pos.uel.br\/treinamento-esportivo\/?page_id=43"},"modified":"2026-01-15T14:43:50","modified_gmt":"2026-01-15T17:43:50","slug":"localizacao","status":"publish","type":"page","link":"https:\/\/pos.uel.br\/treinamento-esportivo\/localizacao\/","title":{"rendered":"Localiza\u00e7\u00e3o"},"content":{"rendered":"\n<p>CEFE &#8211; Centro de Educa\u00e7\u00e3o F\u00edsica e Esporte<\/p>\n\n\n\n<iframe src=\"https:\/\/www.google.com\/maps\/embed?pb=!1m18!1m12!1m3!1d3663.7931267619438!2d-51.205318399999996!3d-23.3232635!2m3!1f0!2f0!3f0!3m2!1i1024!2i768!4f13.1!3m3!1m2!1s0x94eb5b622a287f93%3A0xa24982396ed5c7de!2sCEFE%20-%20Centro%20de%20Educa%C3%A7%C3%A3o%20F%C3%ADsica%20e%20Esporte!5e0!3m2!1spt-BR!2sbr!4v1768498945334!5m2!1spt-BR!2sbr\" width=\"1200\" height=\"600\" style=\"border:0;\" allowfullscreen=\"\" loading=\"lazy\" referrerpolicy=\"no-referrer-when-downgrade\"><\/iframe>\n\n\n\n<p><\/p>\n","protected":false},"excerpt":{"rendered":"<p>CEFE &#8211; Centro de Educa\u00e7\u00e3o F\u00edsica e Esporte<\/p>\n","protected":false},"author":8,"featured_media":0,"parent":0,"menu_order":0,"comment_status":"closed","ping_status":"closed","template":"","meta":{"_acf_changed":false,"_themeisle_gutenberg_block_has_review":false,"footnotes":""},"class_list":["post-43","page","type-page","status-publish","hentry"],"acf":[],"_links":{"self":[{"href":"https:\/\/pos.uel.br\/treinamento-esportivo\/wp-json\/wp\/v2\/pages\/43","targetHints":{"allow":["GET"]}}],"collection":[{"href":"https:\/\/pos.uel.br\/treinamento-esportivo\/wp-json\/wp\/v2\/pages"}],"about":[{"href":"https:\/\/pos.uel.br\/treinamento-esportivo\/wp-json\/wp\/v2\/types\/page"}],"author":[{"embeddable":true,"href":"https:\/\/pos.uel.br\/treinamento-esportivo\/wp-json\/wp\/v2\/users\/8"}],"replies":[{"embeddable":true,"href":"https:\/\/pos.uel.br\/treinamento-esportivo\/wp-json\/wp\/v2\/comments?post=43"}],"version-history":[{"count":2,"href":"https:\/\/pos.uel.br\/treinamento-esportivo\/wp-json\/wp\/v2\/pages\/43\/revisions"}],"predecessor-version":[{"id":46,"href":"https:\/\/pos.uel.br\/treinamento-esportivo\/wp-json\/wp\/v2\/pages\/43\/revisions\/46"}],"wp:attachment":[{"href":"https:\/\/pos.uel.br\/treinamento-esportivo\/wp-json\/wp\/v2\/media?parent=43"}],"curies":[{"name":"wp","href":"https:\/\/api.w.org\/{rel}","templated":true}]}}