{"id":23,"date":"2026-01-15T14:20:14","date_gmt":"2026-01-15T17:20:14","guid":{"rendered":"https:\/\/pos.uel.br\/treinamento-esportivo\/?page_id=23"},"modified":"2026-03-11T16:40:52","modified_gmt":"2026-03-11T19:40:52","slug":"cronograma","status":"publish","type":"page","link":"https:\/\/pos.uel.br\/treinamento-esportivo\/cronograma\/","title":{"rendered":"Cronograma"},"content":{"rendered":"\n<figure class=\"wp-block-table is-style-stripes\"><table><thead><tr><th>PROCEDIMENTOS<\/th><th>DATAS &nbsp;<\/th><\/tr><\/thead><tbody><tr><td>Per\u00edodo de Inscri\u00e7\u00e3o e upload dos documentos<\/td><td>9 de fevereiro a 10 de mar\u00e7o de 2026<\/td><\/tr><tr><td>Homologa\u00e7\u00e3o das inscri\u00e7\u00f5es<\/td><td>11 de mar\u00e7o<\/td><\/tr><tr><td>Per\u00edodo de sele\u00e7\u00e3o<\/td><td>11 e 12 de mar\u00e7o (at\u00e9 as 12h)<\/td><\/tr><tr><td>Divulga\u00e7\u00e3o do Edital de Resultado Preliminar<\/td><td>12 de mar\u00e7o (at\u00e9 as 17h)<\/td><\/tr><tr><td>Per\u00edodo de Recurso<\/td><td>12 e 13 de mar\u00e7o (at\u00e9 as 12h)<\/td><\/tr><tr><td>Divulga\u00e7\u00e3o do Edital de Resultado e Convoca\u00e7\u00e3o para Matr\u00edcula<\/td><td>13 de mar\u00e7o (at\u00e9 as 17h)<\/td><\/tr><tr><td>Per\u00edodo de Matr\u00edcula e upload de documentos pendentes<\/td><td>13 a 16 de mar\u00e7o<\/td><\/tr><tr><td>In\u00edcio das aulas do Curso de Treinamento Esportivo<\/td><td>16 de mar\u00e7o de 2026<\/td><\/tr><\/tbody><\/table><\/figure>\n\n\n\n<p><\/p>\n","protected":false},"excerpt":{"rendered":"<p>PROCEDIMENTOS DATAS &nbsp; Per\u00edodo de Inscri\u00e7\u00e3o e upload dos documentos 9 de fevereiro a 10 de mar\u00e7o de 2026 Homologa\u00e7\u00e3o das inscri\u00e7\u00f5es 11 de mar\u00e7o Per\u00edodo de sele\u00e7\u00e3o 11 e 12 de mar\u00e7o (at\u00e9 as 12h) Divulga\u00e7\u00e3o do Edital de Resultado Preliminar 12 de mar\u00e7o (at\u00e9 as 17h) Per\u00edodo de Recurso 12 e 13 de [&hellip;]<\/p>\n","protected":false},"author":8,"featured_media":0,"parent":0,"menu_order":0,"comment_status":"closed","ping_status":"closed","template":"","meta":{"_acf_changed":false,"_themeisle_gutenberg_block_has_review":false,"footnotes":""},"class_list":["post-23","page","type-page","status-publish","hentry"],"acf":[],"_links":{"self":[{"href":"https:\/\/pos.uel.br\/treinamento-esportivo\/wp-json\/wp\/v2\/pages\/23","targetHints":{"allow":["GET"]}}],"collection":[{"href":"https:\/\/pos.uel.br\/treinamento-esportivo\/wp-json\/wp\/v2\/pages"}],"about":[{"href":"https:\/\/pos.uel.br\/treinamento-esportivo\/wp-json\/wp\/v2\/types\/page"}],"author":[{"embeddable":true,"href":"https:\/\/pos.uel.br\/treinamento-esportivo\/wp-json\/wp\/v2\/users\/8"}],"replies":[{"embeddable":true,"href":"https:\/\/pos.uel.br\/treinamento-esportivo\/wp-json\/wp\/v2\/comments?post=23"}],"version-history":[{"count":3,"href":"https:\/\/pos.uel.br\/treinamento-esportivo\/wp-json\/wp\/v2\/pages\/23\/revisions"}],"predecessor-version":[{"id":97,"href":"https:\/\/pos.uel.br\/treinamento-esportivo\/wp-json\/wp\/v2\/pages\/23\/revisions\/97"}],"wp:attachment":[{"href":"https:\/\/pos.uel.br\/treinamento-esportivo\/wp-json\/wp\/v2\/media?parent=23"}],"curies":[{"name":"wp","href":"https:\/\/api.w.org\/{rel}","templated":true}]}}