{"id":20,"date":"2026-01-15T14:10:33","date_gmt":"2026-01-15T17:10:33","guid":{"rendered":"https:\/\/pos.uel.br\/treinamento-esportivo\/?page_id=20"},"modified":"2026-01-15T14:12:02","modified_gmt":"2026-01-15T17:12:02","slug":"links-uteis","status":"publish","type":"page","link":"https:\/\/pos.uel.br\/treinamento-esportivo\/links-uteis\/","title":{"rendered":"Links \u00dateis"},"content":{"rendered":"\n<ul class=\"wp-block-list\">\n<li><a href=\"https:\/\/sistemas.uel.br\/portaldepos\/index\">Portal do Estudante de P\u00f3s-Gradua\u00e7\u00e3o<\/a><\/li>\n\n\n\n<li><a href=\"https:\/\/sites.uel.br\/ati\/criaremail-alunos\/\">Cria\u00e7\u00e3o de e-mail para estudantes de P\u00f3s-Gradua\u00e7\u00e3o<\/a><\/li>\n\n\n\n<li><a href=\"https:\/\/sites.uel.br\/bibliotecas\/\">Bibliotecas UEL<\/a><\/li>\n\n\n\n<li><a href=\"https:\/\/sites.uel.br\/bibliotecas\/apostilas-para-normalizacao\/\">Normaliza\u00e7\u00e3o de Publica\u00e7\u00f5es<\/a><\/li>\n\n\n\n<li><a href=\"https:\/\/sites.uel.br\/ati\/microsoft-365-para-educacao\/\">Pacote Office 365 sem custo para estudantes<\/a><\/li>\n\n\n\n<li><a href=\"https:\/\/sites.uel.br\/proppg\/estagio-2\/\">Est\u00e1gio de P\u00f3s-Gradua\u00e7\u00e3o<\/a><\/li>\n\n\n\n<li><a href=\"https:\/\/sites.uel.br\/proppg\/\">PROPPG \u2013 Pr\u00f3-Reitoria de Pesquisa e P\u00f3s-Gradua\u00e7\u00e3o<\/a><\/li>\n\n\n\n<li><a href=\"https:\/\/www.esporte.pr.gov.br\/Pagina\/Escola-do-Esporte\">Escola do Esporte<\/a><\/li>\n<\/ul>\n\n\n\n<p><\/p>\n","protected":false},"excerpt":{"rendered":"","protected":false},"author":8,"featured_media":0,"parent":0,"menu_order":0,"comment_status":"closed","ping_status":"closed","template":"","meta":{"_acf_changed":false,"_themeisle_gutenberg_block_has_review":false,"footnotes":""},"class_list":["post-20","page","type-page","status-publish","hentry"],"acf":[],"_links":{"self":[{"href":"https:\/\/pos.uel.br\/treinamento-esportivo\/wp-json\/wp\/v2\/pages\/20","targetHints":{"allow":["GET"]}}],"collection":[{"href":"https:\/\/pos.uel.br\/treinamento-esportivo\/wp-json\/wp\/v2\/pages"}],"about":[{"href":"https:\/\/pos.uel.br\/treinamento-esportivo\/wp-json\/wp\/v2\/types\/page"}],"author":[{"embeddable":true,"href":"https:\/\/pos.uel.br\/treinamento-esportivo\/wp-json\/wp\/v2\/users\/8"}],"replies":[{"embeddable":true,"href":"https:\/\/pos.uel.br\/treinamento-esportivo\/wp-json\/wp\/v2\/comments?post=20"}],"version-history":[{"count":2,"href":"https:\/\/pos.uel.br\/treinamento-esportivo\/wp-json\/wp\/v2\/pages\/20\/revisions"}],"predecessor-version":[{"id":22,"href":"https:\/\/pos.uel.br\/treinamento-esportivo\/wp-json\/wp\/v2\/pages\/20\/revisions\/22"}],"wp:attachment":[{"href":"https:\/\/pos.uel.br\/treinamento-esportivo\/wp-json\/wp\/v2\/media?parent=20"}],"curies":[{"name":"wp","href":"https:\/\/api.w.org\/{rel}","templated":true}]}}