{"id":13,"date":"2026-01-15T14:04:18","date_gmt":"2026-01-15T17:04:18","guid":{"rendered":"https:\/\/pos.uel.br\/treinamento-esportivo\/?page_id=13"},"modified":"2026-01-15T14:04:18","modified_gmt":"2026-01-15T17:04:18","slug":"corpo-docente","status":"publish","type":"page","link":"https:\/\/pos.uel.br\/treinamento-esportivo\/corpo-docente\/","title":{"rendered":"Corpo Docente"},"content":{"rendered":"\n<p>Todos os professores possuem Doutorado.<\/p>\n\n\n\n<figure class=\"wp-block-table is-style-stripes\"><table><thead><tr><th><strong>DOCENTE<\/strong><\/th><th><strong>DISCIPLINA<\/strong><\/th><\/tr><\/thead><tbody><tr><td colspan=\"2\"><strong>FORMA\u00c7\u00c3O GERAL<\/strong><\/td><\/tr><tr><td>Antonio Carlos Gomes<\/td><td>Processo de treinamento em longo prazo<\/td><\/tr><tr><td>Jo\u00e3o Paulo Borin<\/td><td>Processo de treinamento em longo prazo<\/td><\/tr><tr><td>Raul Osiecki<\/td><td>Fisiologia aplicada aos esportes<\/td><\/tr><tr><td>Larissa Bobroff Daros<\/td><td>Fisiologia aplicada aos esportes<\/td><\/tr><tr><td>Antonio Carlos Dourado<\/td><td>Avalia\u00e7\u00e3o antropom\u00e9trica, motora e funcional<\/td><\/tr><tr><td>H\u00e9lcio Rossi Gon\u00e7alves<\/td><td>Avalia\u00e7\u00e3o antropom\u00e9trica, motora e funcional<\/td><\/tr><tr><td>H\u00e9lio Serassuelo Junior<\/td><td>Comportamento social e psicol\u00f3gico no esporte<\/td><\/tr><tr><td>Dartagnan Pinto Guedes<\/td><td>Comportamento social e psicol\u00f3gico no esporte<\/td><\/tr><tr><td>Felipe Arruda Moura<\/td><td>Aplica\u00e7\u00f5es da biomec\u00e2nica no esporte<\/td><\/tr><tr><td>Juliano Casonatto<\/td><td>Tecnologias e estat\u00edstica aplicadas ao esporte<\/td><\/tr><tr><td>Bruno S\u00e9rgio Varanda Gon\u00e7alves<\/td><td>Tecnologias e estat\u00edstica aplicadas ao esporte<\/td><\/tr><tr><td>M\u00e1rcia Greguol \/ Bruna Barboza Seron<\/td><td>Esporte para pessoas com defici\u00eancia<\/td><\/tr><tr><td colspan=\"2\"><strong><strong>FORMA\u00c7\u00c3O DE JOVENS ESPORTISTAS<\/strong><\/strong><\/td><\/tr><tr><td>Michel Milisted \/ Caio Corr\u00eaa Cortela<\/td><td>Conhecimento e compet\u00eancias do treinador<\/td><\/tr><tr><td>Caio Corr\u00eaa Cortela \/ Larissa R.Galatti<\/td><td>Conhecimento e compet\u00eancias do treinador<\/td><\/tr><tr><td>Wilton Carlos de Santana<\/td><td>Pedagogia do esporte<\/td><\/tr><tr><td>Alcides Jos\u00e9 Scaglia<\/td><td>Pedagogia do esporte<\/td><\/tr><tr><td>Juan Pablo Greco<\/td><td>Metodologia do ensino dos esportes<\/td><\/tr><tr><td>Wilton Carlos de Santana<\/td><td>Metodologia do Ensino dos Esportes<\/td><\/tr><tr><td>A Definir<\/td><td>Desen. e identifica\u00e7\u00e3o de talentos em contextos de pr\u00e1tica desportiva<\/td><\/tr><tr><td>Ana Carolina Paludo<\/td><td>Aspectos biopsicossociais do esporte na inf\u00e2ncia e adolesc\u00eancia<\/td><\/tr><tr><td>A Definir<\/td><td>Elabora\u00e7\u00e3o de tarefas de treino<\/td><\/tr><tr><td colspan=\"2\"><strong><strong>FORMA\u00c7\u00c3O DE JOVENS ESPORTISTAS COM DEFICI\u00caNCIA E TEA<\/strong><\/strong><\/td><\/tr><tr><td>Bruna Barboza Seron<\/td><td>Forma\u00e7\u00e3o esportiva, capacitismo e inclus\u00e3o social de jovens com defici\u00eancia e TEA<\/td><\/tr><tr><td>Ricardo de Almeida Pimenta<\/td><td>Forma\u00e7\u00e3o esportiva, capacitismo e inclus\u00e3o social de jovens com defici\u00eancia e TEA<\/td><\/tr><tr><td>Mey Van Munster<\/td><td>Metodologia do Ensino dos Esportes para jovens com defici\u00eancia sensorial e motora<\/td><\/tr><tr><td>M\u00e1rcio Rafael da Silva<\/td><td>Metodologia do Ensino dos Esportes para jovens com defici\u00eancia sensorial e motora<\/td><\/tr><tr><td>M\u00e1rcia Greguol<\/td><td>Metodologia do Ensino dos Esportes para jovens com defici\u00eancia Intelectual e TEA<\/td><\/tr><tr><td>Vin\u00edcius Denardin Cardoso<\/td><td>Metodologia do Ensino dos Esportes para jovens com defici\u00eancia Intelectual e TEA<\/td><\/tr><tr><td>Aryelle Caruzzo Malheiros<\/td><td>Metodologia do Ensino dos Esportes para jovens com defici\u00eancia Intelectual e TEA<\/td><\/tr><tr><td>Jos\u00e9 Irineu Gorla<\/td><td>Avalia\u00e7\u00e3o de Jovens Esportistas com Defici\u00eancia<\/td><\/tr><tr><td>Thiago Louren\u00e7o<\/td><td>Avalia\u00e7\u00e3o de Jovens Esportistas com Defici\u00eancia<\/td><\/tr><tr><td>Ciro Winckler<\/td><td>Treinamento a longo prazo e modelos de detec\u00e7\u00e3o de talentos esportivos entre jovens com defici\u00eancia<\/td><\/tr><\/tbody><\/table><\/figure>\n","protected":false},"excerpt":{"rendered":"<p>Todos os professores possuem Doutorado. DOCENTE DISCIPLINA FORMA\u00c7\u00c3O GERAL Antonio Carlos Gomes Processo de treinamento em longo prazo Jo\u00e3o Paulo Borin Processo de treinamento em longo prazo Raul Osiecki Fisiologia aplicada aos esportes Larissa Bobroff Daros Fisiologia aplicada aos esportes Antonio Carlos Dourado Avalia\u00e7\u00e3o antropom\u00e9trica, motora e funcional H\u00e9lcio Rossi Gon\u00e7alves Avalia\u00e7\u00e3o antropom\u00e9trica, motora e [&hellip;]<\/p>\n","protected":false},"author":8,"featured_media":0,"parent":0,"menu_order":0,"comment_status":"closed","ping_status":"closed","template":"","meta":{"_acf_changed":false,"_themeisle_gutenberg_block_has_review":false,"footnotes":""},"class_list":["post-13","page","type-page","status-publish","hentry"],"acf":[],"_links":{"self":[{"href":"https:\/\/pos.uel.br\/treinamento-esportivo\/wp-json\/wp\/v2\/pages\/13","targetHints":{"allow":["GET"]}}],"collection":[{"href":"https:\/\/pos.uel.br\/treinamento-esportivo\/wp-json\/wp\/v2\/pages"}],"about":[{"href":"https:\/\/pos.uel.br\/treinamento-esportivo\/wp-json\/wp\/v2\/types\/page"}],"author":[{"embeddable":true,"href":"https:\/\/pos.uel.br\/treinamento-esportivo\/wp-json\/wp\/v2\/users\/8"}],"replies":[{"embeddable":true,"href":"https:\/\/pos.uel.br\/treinamento-esportivo\/wp-json\/wp\/v2\/comments?post=13"}],"version-history":[{"count":3,"href":"https:\/\/pos.uel.br\/treinamento-esportivo\/wp-json\/wp\/v2\/pages\/13\/revisions"}],"predecessor-version":[{"id":16,"href":"https:\/\/pos.uel.br\/treinamento-esportivo\/wp-json\/wp\/v2\/pages\/13\/revisions\/16"}],"wp:attachment":[{"href":"https:\/\/pos.uel.br\/treinamento-esportivo\/wp-json\/wp\/v2\/media?parent=13"}],"curies":[{"name":"wp","href":"https:\/\/api.w.org\/{rel}","templated":true}]}}