{"id":991,"date":"2023-06-04T23:35:59","date_gmt":"2023-06-05T02:35:59","guid":{"rendered":"https:\/\/pos.uel.br\/sersocial\/?page_id=991"},"modified":"2023-06-05T00:26:09","modified_gmt":"2023-06-05T03:26:09","slug":"comissao-autoavaliacao","status":"publish","type":"page","link":"https:\/\/pos.uel.br\/sersocial\/comissao-autoavaliacao\/","title":{"rendered":"Comiss\u00e3o Autoavalia\u00e7\u00e3o"},"content":{"rendered":"\t\t<div data-elementor-type=\"wp-page\" data-elementor-id=\"991\" class=\"elementor elementor-991\">\n\t\t\t\t<div class=\"elementor-element elementor-element-4bd8f921 e-flex e-con-boxed e-con e-parent\" data-id=\"4bd8f921\" data-element_type=\"container\" data-e-type=\"container\">\n\t\t\t\t\t<div class=\"e-con-inner\">\n\t\t<div class=\"elementor-element elementor-element-1dd6737e e-flex e-con-boxed e-con e-parent\" data-id=\"1dd6737e\" data-element_type=\"container\" data-e-type=\"container\">\n\t\t\t\t\t<div class=\"e-con-inner\">\n\t\t\t\t<div class=\"elementor-element elementor-element-7bf7af23 elementor-widget elementor-widget-heading\" data-id=\"7bf7af23\" data-element_type=\"widget\" data-e-type=\"widget\" data-widget_type=\"heading.default\">\n\t\t\t\t<div class=\"elementor-widget-container\">\n\t\t\t\t\t<h2 class=\"elementor-heading-title elementor-size-default\">Comiss\u00e3o Autoavalia\u00e7\u00e3o<\/h2>\t\t\t\t<\/div>\n\t\t\t\t<\/div>\n\t\t\t\t\t<\/div>\n\t\t\t\t<\/div>\n\t\t\t\t\t<\/div>\n\t\t\t\t<\/div>\n\t\t<div class=\"elementor-element elementor-element-2e876c98 e-flex e-con-boxed e-con e-parent\" data-id=\"2e876c98\" data-element_type=\"container\" data-e-type=\"container\">\n\t\t\t\t\t<div class=\"e-con-inner\">\n\t\t\t\t<div class=\"elementor-element elementor-element-7795210 elementor-widget elementor-widget-heading\" data-id=\"7795210\" data-element_type=\"widget\" data-e-type=\"widget\" data-widget_type=\"heading.default\">\n\t\t\t\t<div class=\"elementor-widget-container\">\n\t\t\t\t\t<h2 class=\"elementor-heading-title elementor-size-default\">Comiss\u00e3o Interna de Autoavalia\u00e7\u00e3o\n<\/h2>\t\t\t\t<\/div>\n\t\t\t\t<\/div>\n\t\t\t\t\t<\/div>\n\t\t\t\t<\/div>\n\t\t<div class=\"elementor-element elementor-element-3c899682 e-con-full e-flex e-con e-parent\" data-id=\"3c899682\" data-element_type=\"container\" data-e-type=\"container\" data-settings=\"{&quot;background_background&quot;:&quot;classic&quot;}\">\n\t\t<div class=\"elementor-element elementor-element-69b6e32f e-con-full e-flex e-con e-parent\" data-id=\"69b6e32f\" data-element_type=\"container\" data-e-type=\"container\">\n\t\t\t\t<div class=\"elementor-element elementor-element-4c164bca elementor-widget elementor-widget-image\" data-id=\"4c164bca\" data-element_type=\"widget\" data-e-type=\"widget\" data-widget_type=\"image.default\">\n\t\t\t\t<div class=\"elementor-widget-container\">\n\t\t\t\t\t\t\t\t\t\t\t\t\t\t\t<img fetchpriority=\"high\" decoding=\"async\" width=\"500\" height=\"500\" src=\"https:\/\/pos.uel.br\/sersocial\/wp-content\/uploads\/2023\/06\/mulher-500x500-1.jpg\" class=\"attachment-large size-large wp-image-851\" alt=\"\" srcset=\"https:\/\/pos.uel.br\/sersocial\/wp-content\/uploads\/2023\/06\/mulher-500x500-1.jpg 500w, https:\/\/pos.uel.br\/sersocial\/wp-content\/uploads\/2023\/06\/mulher-500x500-1-300x300.jpg 300w, https:\/\/pos.uel.br\/sersocial\/wp-content\/uploads\/2023\/06\/mulher-500x500-1-150x150.jpg 150w\" sizes=\"(max-width: 500px) 100vw, 500px\" \/>\t\t\t\t\t\t\t\t\t\t\t\t\t\t\t<\/div>\n\t\t\t\t<\/div>\n\t\t\t\t<div class=\"elementor-element elementor-element-76db4665 elementor-widget elementor-widget-heading\" data-id=\"76db4665\" data-element_type=\"widget\" data-e-type=\"widget\" data-widget_type=\"heading.default\">\n\t\t\t\t<div class=\"elementor-widget-container\">\n\t\t\t\t\t<p class=\"elementor-heading-title elementor-size-default\">Profa. Dra. Mabel Macarenhas Torres  <br>-  mmtorres@uel.br\n\n<\/p>\t\t\t\t<\/div>\n\t\t\t\t<\/div>\n\t\t\t\t<\/div>\n\t\t<div class=\"elementor-element elementor-element-7561d5f6 e-con-full e-flex e-con e-parent\" data-id=\"7561d5f6\" data-element_type=\"container\" data-e-type=\"container\">\n\t\t\t\t<div class=\"elementor-element elementor-element-1608e81 elementor-widget elementor-widget-image\" data-id=\"1608e81\" data-element_type=\"widget\" data-e-type=\"widget\" data-widget_type=\"image.default\">\n\t\t\t\t<div class=\"elementor-widget-container\">\n\t\t\t\t\t\t\t\t\t\t\t\t\t\t\t<img fetchpriority=\"high\" decoding=\"async\" width=\"500\" height=\"500\" src=\"https:\/\/pos.uel.br\/sersocial\/wp-content\/uploads\/2023\/06\/mulher-500x500-1.jpg\" class=\"attachment-large size-large wp-image-851\" alt=\"\" srcset=\"https:\/\/pos.uel.br\/sersocial\/wp-content\/uploads\/2023\/06\/mulher-500x500-1.jpg 500w, https:\/\/pos.uel.br\/sersocial\/wp-content\/uploads\/2023\/06\/mulher-500x500-1-300x300.jpg 300w, https:\/\/pos.uel.br\/sersocial\/wp-content\/uploads\/2023\/06\/mulher-500x500-1-150x150.jpg 150w\" sizes=\"(max-width: 500px) 100vw, 500px\" \/>\t\t\t\t\t\t\t\t\t\t\t\t\t\t\t<\/div>\n\t\t\t\t<\/div>\n\t\t\t\t<div class=\"elementor-element elementor-element-9b13d60 elementor-widget elementor-widget-heading\" data-id=\"9b13d60\" data-element_type=\"widget\" data-e-type=\"widget\" data-widget_type=\"heading.default\">\n\t\t\t\t<div class=\"elementor-widget-container\">\n\t\t\t\t\t<p class=\"elementor-heading-title elementor-size-default\">Profa. Dra. Liria Maria Bettiol Lanza<br> - liriabettiol@uel.br\n\n<\/p>\t\t\t\t<\/div>\n\t\t\t\t<\/div>\n\t\t\t\t<\/div>\n\t\t<div class=\"elementor-element elementor-element-340824d e-con-full e-flex e-con e-parent\" data-id=\"340824d\" data-element_type=\"container\" data-e-type=\"container\">\n\t\t\t\t<div class=\"elementor-element elementor-element-efb1f46 elementor-widget elementor-widget-image\" data-id=\"efb1f46\" data-element_type=\"widget\" data-e-type=\"widget\" data-widget_type=\"image.default\">\n\t\t\t\t<div class=\"elementor-widget-container\">\n\t\t\t\t\t\t\t\t\t\t\t\t\t\t\t<img fetchpriority=\"high\" decoding=\"async\" width=\"500\" height=\"500\" src=\"https:\/\/pos.uel.br\/sersocial\/wp-content\/uploads\/2023\/06\/mulher-500x500-1.jpg\" class=\"attachment-large size-large wp-image-851\" alt=\"\" srcset=\"https:\/\/pos.uel.br\/sersocial\/wp-content\/uploads\/2023\/06\/mulher-500x500-1.jpg 500w, https:\/\/pos.uel.br\/sersocial\/wp-content\/uploads\/2023\/06\/mulher-500x500-1-300x300.jpg 300w, https:\/\/pos.uel.br\/sersocial\/wp-content\/uploads\/2023\/06\/mulher-500x500-1-150x150.jpg 150w\" sizes=\"(max-width: 500px) 100vw, 500px\" \/>\t\t\t\t\t\t\t\t\t\t\t\t\t\t\t<\/div>\n\t\t\t\t<\/div>\n\t\t\t\t<div class=\"elementor-element elementor-element-229df9f elementor-widget elementor-widget-heading\" data-id=\"229df9f\" data-element_type=\"widget\" data-e-type=\"widget\" data-widget_type=\"heading.default\">\n\t\t\t\t<div class=\"elementor-widget-container\">\n\t\t\t\t\t<p class=\"elementor-heading-title elementor-size-default\">Profa. Dra. Liria Maria Bettiol Lanza<br> - liriabettiol@uel.br\n\n<\/p>\t\t\t\t<\/div>\n\t\t\t\t<\/div>\n\t\t\t\t<\/div>\n\t\t<div class=\"elementor-element elementor-element-1d769342 e-con-full e-flex e-con e-parent\" data-id=\"1d769342\" data-element_type=\"container\" data-e-type=\"container\">\n\t\t\t\t<div class=\"elementor-element elementor-element-5ac62b8e elementor-widget elementor-widget-image\" data-id=\"5ac62b8e\" data-element_type=\"widget\" data-e-type=\"widget\" data-widget_type=\"image.default\">\n\t\t\t\t<div class=\"elementor-widget-container\">\n\t\t\t\t\t\t\t\t\t\t\t\t\t\t\t<img fetchpriority=\"high\" decoding=\"async\" width=\"500\" height=\"500\" src=\"https:\/\/pos.uel.br\/sersocial\/wp-content\/uploads\/2023\/06\/mulher-500x500-1.jpg\" class=\"attachment-large size-large wp-image-851\" alt=\"\" srcset=\"https:\/\/pos.uel.br\/sersocial\/wp-content\/uploads\/2023\/06\/mulher-500x500-1.jpg 500w, https:\/\/pos.uel.br\/sersocial\/wp-content\/uploads\/2023\/06\/mulher-500x500-1-300x300.jpg 300w, https:\/\/pos.uel.br\/sersocial\/wp-content\/uploads\/2023\/06\/mulher-500x500-1-150x150.jpg 150w\" sizes=\"(max-width: 500px) 100vw, 500px\" \/>\t\t\t\t\t\t\t\t\t\t\t\t\t\t\t<\/div>\n\t\t\t\t<\/div>\n\t\t\t\t<div class=\"elementor-element elementor-element-249ccb53 elementor-widget elementor-widget-heading\" data-id=\"249ccb53\" data-element_type=\"widget\" data-e-type=\"widget\" data-widget_type=\"heading.default\">\n\t\t\t\t<div class=\"elementor-widget-container\">\n\t\t\t\t\t<p class=\"elementor-heading-title elementor-size-default\">Profa. Dra. Claudia <br>Neves Silva\n\n<\/p>\t\t\t\t<\/div>\n\t\t\t\t<\/div>\n\t\t\t\t<\/div>\n\t\t\t\t<\/div>\n\t\t<div class=\"elementor-element elementor-element-a040c78 e-flex e-con-boxed e-con e-parent\" data-id=\"a040c78\" data-element_type=\"container\" data-e-type=\"container\">\n\t\t\t\t\t<div class=\"e-con-inner\">\n\t\t\t\t<div class=\"elementor-element elementor-element-0951992 elementor-widget elementor-widget-heading\" data-id=\"0951992\" data-element_type=\"widget\" data-e-type=\"widget\" data-widget_type=\"heading.default\">\n\t\t\t\t<div class=\"elementor-widget-container\">\n\t\t\t\t\t<h2 class=\"elementor-heading-title elementor-size-default\">Representantes discentes\n\n<\/h2>\t\t\t\t<\/div>\n\t\t\t\t<\/div>\n\t\t\t\t\t<\/div>\n\t\t\t\t<\/div>\n\t\t<div class=\"elementor-element elementor-element-625e83db e-con-full e-flex e-con e-parent\" data-id=\"625e83db\" data-element_type=\"container\" data-e-type=\"container\" data-settings=\"{&quot;background_background&quot;:&quot;classic&quot;}\">\n\t\t<div class=\"elementor-element elementor-element-41c25585 e-con-full e-flex e-con e-parent\" data-id=\"41c25585\" data-element_type=\"container\" data-e-type=\"container\">\n\t\t\t\t<\/div>\n\t\t<div class=\"elementor-element elementor-element-5b4b14e5 e-con-full e-flex e-con e-parent\" data-id=\"5b4b14e5\" data-element_type=\"container\" data-e-type=\"container\">\n\t\t\t\t<div class=\"elementor-element elementor-element-2a2205a6 elementor-widget elementor-widget-image\" data-id=\"2a2205a6\" data-element_type=\"widget\" data-e-type=\"widget\" data-widget_type=\"image.default\">\n\t\t\t\t<div class=\"elementor-widget-container\">\n\t\t\t\t\t\t\t\t\t\t\t\t\t\t\t<img fetchpriority=\"high\" decoding=\"async\" width=\"500\" height=\"500\" src=\"https:\/\/pos.uel.br\/sersocial\/wp-content\/uploads\/2023\/06\/mulher-500x500-1.jpg\" class=\"attachment-large size-large wp-image-851\" alt=\"\" srcset=\"https:\/\/pos.uel.br\/sersocial\/wp-content\/uploads\/2023\/06\/mulher-500x500-1.jpg 500w, https:\/\/pos.uel.br\/sersocial\/wp-content\/uploads\/2023\/06\/mulher-500x500-1-300x300.jpg 300w, https:\/\/pos.uel.br\/sersocial\/wp-content\/uploads\/2023\/06\/mulher-500x500-1-150x150.jpg 150w\" sizes=\"(max-width: 500px) 100vw, 500px\" \/>\t\t\t\t\t\t\t\t\t\t\t\t\t\t\t<\/div>\n\t\t\t\t<\/div>\n\t\t\t\t<div class=\"elementor-element elementor-element-7f408063 elementor-widget elementor-widget-heading\" data-id=\"7f408063\" data-element_type=\"widget\" data-e-type=\"widget\" data-widget_type=\"heading.default\">\n\t\t\t\t<div class=\"elementor-widget-container\">\n\t\t\t\t\t<p class=\"elementor-heading-title elementor-size-default\">Marcelo Oliveira - doutorando - social.marcelo@gmail.com \n\n<\/p>\t\t\t\t<\/div>\n\t\t\t\t<\/div>\n\t\t\t\t<\/div>\n\t\t<div class=\"elementor-element elementor-element-dd9479a e-con-full e-flex e-con e-parent\" data-id=\"dd9479a\" data-element_type=\"container\" data-e-type=\"container\">\n\t\t\t\t<div class=\"elementor-element elementor-element-5ab93313 elementor-widget elementor-widget-image\" data-id=\"5ab93313\" data-element_type=\"widget\" data-e-type=\"widget\" data-widget_type=\"image.default\">\n\t\t\t\t<div class=\"elementor-widget-container\">\n\t\t\t\t\t\t\t\t\t\t\t\t\t\t\t<img fetchpriority=\"high\" decoding=\"async\" width=\"500\" height=\"500\" src=\"https:\/\/pos.uel.br\/sersocial\/wp-content\/uploads\/2023\/06\/mulher-500x500-1.jpg\" class=\"attachment-large size-large wp-image-851\" alt=\"\" srcset=\"https:\/\/pos.uel.br\/sersocial\/wp-content\/uploads\/2023\/06\/mulher-500x500-1.jpg 500w, https:\/\/pos.uel.br\/sersocial\/wp-content\/uploads\/2023\/06\/mulher-500x500-1-300x300.jpg 300w, https:\/\/pos.uel.br\/sersocial\/wp-content\/uploads\/2023\/06\/mulher-500x500-1-150x150.jpg 150w\" sizes=\"(max-width: 500px) 100vw, 500px\" \/>\t\t\t\t\t\t\t\t\t\t\t\t\t\t\t<\/div>\n\t\t\t\t<\/div>\n\t\t\t\t<div class=\"elementor-element elementor-element-1fbaaa59 elementor-widget elementor-widget-heading\" data-id=\"1fbaaa59\" data-element_type=\"widget\" data-e-type=\"widget\" data-widget_type=\"heading.default\">\n\t\t\t\t<div class=\"elementor-widget-container\">\n\t\t\t\t\t<p class=\"elementor-heading-title elementor-size-default\">Carmila Rocha Delmonico - mestranda  - camilarocha.delmonico@uel.br \n\n<\/p>\t\t\t\t<\/div>\n\t\t\t\t<\/div>\n\t\t\t\t<\/div>\n\t\t<div class=\"elementor-element elementor-element-4474228 e-con-full e-flex e-con e-parent\" data-id=\"4474228\" data-element_type=\"container\" data-e-type=\"container\">\n\t\t\t\t<\/div>\n\t\t\t\t<\/div>\n\t\t<div class=\"elementor-element elementor-element-7bc618db e-flex e-con-boxed e-con e-parent\" data-id=\"7bc618db\" data-element_type=\"container\" data-e-type=\"container\">\n\t\t\t\t\t<div class=\"e-con-inner\">\n\t\t\t\t<div class=\"elementor-element elementor-element-7bff374e elementor-widget elementor-widget-heading\" data-id=\"7bff374e\" data-element_type=\"widget\" data-e-type=\"widget\" data-widget_type=\"heading.default\">\n\t\t\t\t<div class=\"elementor-widget-container\">\n\t\t\t\t\t<h2 class=\"elementor-heading-title elementor-size-default\">Representante Egressos\n\n<\/h2>\t\t\t\t<\/div>\n\t\t\t\t<\/div>\n\t\t\t\t\t<\/div>\n\t\t\t\t<\/div>\n\t\t<div class=\"elementor-element elementor-element-841af39 e-con-full e-flex e-con e-parent\" data-id=\"841af39\" data-element_type=\"container\" data-e-type=\"container\" data-settings=\"{&quot;background_background&quot;:&quot;classic&quot;}\">\n\t\t<div class=\"elementor-element elementor-element-a15f656 e-con-full e-flex e-con e-parent\" data-id=\"a15f656\" data-element_type=\"container\" data-e-type=\"container\">\n\t\t\t\t<\/div>\n\t\t<div class=\"elementor-element elementor-element-b286274 e-con-full e-flex e-con e-parent\" data-id=\"b286274\" data-element_type=\"container\" data-e-type=\"container\">\n\t\t\t\t<div class=\"elementor-element elementor-element-46e6399 elementor-widget elementor-widget-image\" data-id=\"46e6399\" data-element_type=\"widget\" data-e-type=\"widget\" data-widget_type=\"image.default\">\n\t\t\t\t<div class=\"elementor-widget-container\">\n\t\t\t\t\t\t\t\t\t\t\t\t\t\t\t<img fetchpriority=\"high\" decoding=\"async\" width=\"500\" height=\"500\" src=\"https:\/\/pos.uel.br\/sersocial\/wp-content\/uploads\/2023\/06\/mulher-500x500-1.jpg\" class=\"attachment-large size-large wp-image-851\" alt=\"\" srcset=\"https:\/\/pos.uel.br\/sersocial\/wp-content\/uploads\/2023\/06\/mulher-500x500-1.jpg 500w, https:\/\/pos.uel.br\/sersocial\/wp-content\/uploads\/2023\/06\/mulher-500x500-1-300x300.jpg 300w, https:\/\/pos.uel.br\/sersocial\/wp-content\/uploads\/2023\/06\/mulher-500x500-1-150x150.jpg 150w\" sizes=\"(max-width: 500px) 100vw, 500px\" \/>\t\t\t\t\t\t\t\t\t\t\t\t\t\t\t<\/div>\n\t\t\t\t<\/div>\n\t\t\t\t<div class=\"elementor-element elementor-element-e9766c3 elementor-widget elementor-widget-heading\" data-id=\"e9766c3\" data-element_type=\"widget\" data-e-type=\"widget\" data-widget_type=\"heading.default\">\n\t\t\t\t<div class=\"elementor-widget-container\">\n\t\t\t\t\t<p class=\"elementor-heading-title elementor-size-default\">Claudiana Tavares  <br>clautavares@hotmail.com<\/p>\t\t\t\t<\/div>\n\t\t\t\t<\/div>\n\t\t\t\t<\/div>\n\t\t<div class=\"elementor-element elementor-element-5ff6fde e-con-full e-flex e-con e-parent\" data-id=\"5ff6fde\" data-element_type=\"container\" data-e-type=\"container\">\n\t\t\t\t<\/div>\n\t\t\t\t<\/div>\n\t\t<div class=\"elementor-element elementor-element-28f77068 e-flex e-con-boxed e-con e-parent\" data-id=\"28f77068\" data-element_type=\"container\" data-e-type=\"container\">\n\t\t\t\t\t<div class=\"e-con-inner\">\n\t\t\t\t\t<\/div>\n\t\t\t\t<\/div>\n\t\t\t\t<\/div>\n\t\t","protected":false},"excerpt":{"rendered":"<p>Comiss\u00e3o Autoavalia\u00e7\u00e3o Comiss\u00e3o Interna de Autoavalia\u00e7\u00e3o Profa. Dra. Mabel Macarenhas Torres &#8211; mmtorres@uel.br Profa. Dra. Liria Maria Bettiol Lanza &#8211; liriabettiol@uel.br Profa. Dra. Liria Maria Bettiol Lanza &#8211; liriabettiol@uel.br Profa. Dra. Claudia Neves Silva Representantes discentes Marcelo Oliveira &#8211; doutorando &#8211; social.marcelo@gmail.com Carmila Rocha Delmonico &#8211; mestranda &#8211; camilarocha.delmonico@uel.br Representante Egressos Claudiana Tavares clautavares@hotmail.com<\/p>\n","protected":false},"author":6,"featured_media":0,"parent":0,"menu_order":0,"comment_status":"closed","ping_status":"closed","template":"elementor_header_footer","meta":{"_acf_changed":false,"footnotes":""},"class_list":["post-991","page","type-page","status-publish","hentry"],"acf":[],"_links":{"self":[{"href":"https:\/\/pos.uel.br\/sersocial\/wp-json\/wp\/v2\/pages\/991","targetHints":{"allow":["GET"]}}],"collection":[{"href":"https:\/\/pos.uel.br\/sersocial\/wp-json\/wp\/v2\/pages"}],"about":[{"href":"https:\/\/pos.uel.br\/sersocial\/wp-json\/wp\/v2\/types\/page"}],"author":[{"embeddable":true,"href":"https:\/\/pos.uel.br\/sersocial\/wp-json\/wp\/v2\/users\/6"}],"replies":[{"embeddable":true,"href":"https:\/\/pos.uel.br\/sersocial\/wp-json\/wp\/v2\/comments?post=991"}],"version-history":[{"count":13,"href":"https:\/\/pos.uel.br\/sersocial\/wp-json\/wp\/v2\/pages\/991\/revisions"}],"predecessor-version":[{"id":1010,"href":"https:\/\/pos.uel.br\/sersocial\/wp-json\/wp\/v2\/pages\/991\/revisions\/1010"}],"wp:attachment":[{"href":"https:\/\/pos.uel.br\/sersocial\/wp-json\/wp\/v2\/media?parent=991"}],"curies":[{"name":"wp","href":"https:\/\/api.w.org\/{rel}","templated":true}]}}