{"id":9,"date":"2021-04-29T11:13:23","date_gmt":"2021-04-29T14:13:23","guid":{"rendered":"https:\/\/pos.uel.br\/saudecoletiva\/?page_id=9"},"modified":"2021-05-13T09:44:10","modified_gmt":"2021-05-13T12:44:10","slug":"areas-de-concentracao","status":"publish","type":"page","link":"https:\/\/pos.uel.br\/saudecoletiva\/areas-de-concentracao\/","title":{"rendered":"\u00c1reas de concentra\u00e7\u00e3o"},"content":{"rendered":"\n<p class=\"has-text-align-center has-primary-accent-color has-text-color has-large-font-size\">Sa\u00fade P\u00fablica<\/p>\n","protected":false},"excerpt":{"rendered":"<p>Sa\u00fade P\u00fablica<\/p>\n","protected":false},"author":7,"featured_media":0,"parent":0,"menu_order":0,"comment_status":"closed","ping_status":"closed","template":"","meta":{"footnotes":""},"class_list":["post-9","page","type-page","status-publish","hentry"],"acf":[],"_links":{"self":[{"href":"https:\/\/pos.uel.br\/saudecoletiva\/wp-json\/wp\/v2\/pages\/9","targetHints":{"allow":["GET"]}}],"collection":[{"href":"https:\/\/pos.uel.br\/saudecoletiva\/wp-json\/wp\/v2\/pages"}],"about":[{"href":"https:\/\/pos.uel.br\/saudecoletiva\/wp-json\/wp\/v2\/types\/page"}],"author":[{"embeddable":true,"href":"https:\/\/pos.uel.br\/saudecoletiva\/wp-json\/wp\/v2\/users\/7"}],"replies":[{"embeddable":true,"href":"https:\/\/pos.uel.br\/saudecoletiva\/wp-json\/wp\/v2\/comments?post=9"}],"version-history":[{"count":2,"href":"https:\/\/pos.uel.br\/saudecoletiva\/wp-json\/wp\/v2\/pages\/9\/revisions"}],"predecessor-version":[{"id":80,"href":"https:\/\/pos.uel.br\/saudecoletiva\/wp-json\/wp\/v2\/pages\/9\/revisions\/80"}],"wp:attachment":[{"href":"https:\/\/pos.uel.br\/saudecoletiva\/wp-json\/wp\/v2\/media?parent=9"}],"curies":[{"name":"wp","href":"https:\/\/api.w.org\/{rel}","templated":true}]}}