{"id":62,"date":"2021-05-07T09:02:27","date_gmt":"2021-05-07T12:02:27","guid":{"rendered":"https:\/\/pos.uel.br\/saudecoletiva\/?page_id=62"},"modified":"2025-02-10T14:00:32","modified_gmt":"2025-02-10T17:00:32","slug":"grupos-de-pesquisa","status":"publish","type":"page","link":"https:\/\/pos.uel.br\/saudecoletiva\/grupos-de-pesquisa\/","title":{"rendered":"Grupos de pesquisa"},"content":{"rendered":"\n<p>O Programa de P\u00f3s-Gradua\u00e7\u00e3o em Sa\u00fade Coletiva conta com alguns grupos de pesquisa formado por professores, estudantes e demais parceiros. A seguir os links de acesso para os grupos de pesquisa. <\/p>\n\n\n\n<p><strong>GestSUS <\/strong>&#8211; Grupo de apoio \u00e0 gest\u00e3o municipal em sa\u00fade <code><a rel=\"noreferrer noopener\" href=\"https:\/\/sites.google.com\/view\/gestsus\" data-type=\"URL\" data-id=\"https:\/\/sites.google.com\/view\/gestsus\" target=\"_blank\"><img loading=\"lazy\" decoding=\"async\" width=\"90\" height=\"32\" class=\"wp-image-764\" style=\"width: 90px\" src=\"https:\/\/pos.uel.br\/saudecoletiva\/wp-content\/uploads\/2021\/10\/Visitar-1.png\" alt=\"\"><\/a><\/code> <\/p>\n\n\n\n<p><strong>GraduaUEL<\/strong> &#8211; An\u00e1lise da Sa\u00fade e H\u00e1bitos dos Estudantes de Gradua\u00e7\u00e3o da UEL <code><a href=\"https:\/\/sites.google.com\/view\/graduauel\/\" data-type=\"URL\" data-id=\"https:\/\/sites.google.com\/view\/graduauel\/\" target=\"_blank\" rel=\"noreferrer noopener\"><img loading=\"lazy\" decoding=\"async\" width=\"90\" height=\"32\" class=\"wp-image-764\" style=\"width: 90px\" src=\"https:\/\/pos.uel.br\/saudecoletiva\/wp-content\/uploads\/2021\/10\/Visitar-1.png\" alt=\"\"><\/a><\/code><\/p>\n\n\n\n<p><strong>PR\u00d3-Mestre<\/strong> &#8211; Sa\u00fade Estilo de Vida e Trabalho de Professores da Rede Estadual de Londrina <code><a rel=\"noreferrer noopener\" href=\"http:\/\/www.uel.br\/projetos\/promestre\/\" data-type=\"URL\" data-id=\"http:\/\/www.uel.br\/projetos\/promestre\/\" target=\"_blank\"><img loading=\"lazy\" decoding=\"async\" width=\"90\" height=\"32\" class=\"wp-image-764\" style=\"width: 90px\" src=\"https:\/\/pos.uel.br\/saudecoletiva\/wp-content\/uploads\/2021\/10\/Visitar-1.png\" alt=\"\"><\/a><\/code> <\/p>\n\n\n\n<p><strong>GES &#8211; Grupo de Estudos e Pesquisas sobre G\u00eanero, Equidade e Sa\u00fade<\/strong><\/p>\n\n\n\n<p><strong>Projeto Movimentos Sociais<\/strong> &#8211; An\u00e1lise dos novos movimentos sociais e a produ\u00e7\u00e3o de sa\u00fade na periferia da regi\u00e3o metropolitana de Londrina (PR)<\/p>\n\n\n\n<p><strong>Trabalho e o Cuidado em Sa\u00fade<\/strong><\/p>\n\n\n\n<p><\/p>\n","protected":false},"excerpt":{"rendered":"<p>O Programa de P\u00f3s-Gradua\u00e7\u00e3o em Sa\u00fade Coletiva conta com alguns grupos de pesquisa formado por professores, estudantes e demais parceiros. A seguir os links de acesso para os grupos de pesquisa. GestSUS &#8211; Grupo de apoio \u00e0 gest\u00e3o municipal em sa\u00fade GraduaUEL &#8211; An\u00e1lise da Sa\u00fade e H\u00e1bitos dos Estudantes de Gradua\u00e7\u00e3o da UEL PR\u00d3-Mestre [&hellip;]<\/p>\n","protected":false},"author":7,"featured_media":0,"parent":0,"menu_order":0,"comment_status":"closed","ping_status":"closed","template":"","meta":{"footnotes":""},"class_list":["post-62","page","type-page","status-publish","hentry"],"acf":[],"_links":{"self":[{"href":"https:\/\/pos.uel.br\/saudecoletiva\/wp-json\/wp\/v2\/pages\/62","targetHints":{"allow":["GET"]}}],"collection":[{"href":"https:\/\/pos.uel.br\/saudecoletiva\/wp-json\/wp\/v2\/pages"}],"about":[{"href":"https:\/\/pos.uel.br\/saudecoletiva\/wp-json\/wp\/v2\/types\/page"}],"author":[{"embeddable":true,"href":"https:\/\/pos.uel.br\/saudecoletiva\/wp-json\/wp\/v2\/users\/7"}],"replies":[{"embeddable":true,"href":"https:\/\/pos.uel.br\/saudecoletiva\/wp-json\/wp\/v2\/comments?post=62"}],"version-history":[{"count":15,"href":"https:\/\/pos.uel.br\/saudecoletiva\/wp-json\/wp\/v2\/pages\/62\/revisions"}],"predecessor-version":[{"id":1924,"href":"https:\/\/pos.uel.br\/saudecoletiva\/wp-json\/wp\/v2\/pages\/62\/revisions\/1924"}],"wp:attachment":[{"href":"https:\/\/pos.uel.br\/saudecoletiva\/wp-json\/wp\/v2\/media?parent=62"}],"curies":[{"name":"wp","href":"https:\/\/api.w.org\/{rel}","templated":true}]}}