{"id":61,"date":"2021-05-07T09:02:27","date_gmt":"2021-05-07T12:02:27","guid":{"rendered":"https:\/\/pos.uel.br\/saudecoletiva\/?page_id=61"},"modified":"2022-10-10T18:15:43","modified_gmt":"2022-10-10T21:15:43","slug":"pos-doutorado","status":"publish","type":"page","link":"https:\/\/pos.uel.br\/saudecoletiva\/pos-doutorado\/","title":{"rendered":"P\u00f3s-doutorado"},"content":{"rendered":"\n<p><strong>Est\u00e1gio de p\u00f3s-doutorado com bolsa:<\/strong><\/p>\n\n\n\n<p>Sem editais abertos no momento.<\/p>\n\n\n\n<p><strong>Para est\u00e1gio de p\u00f3s-doutorado sem bolsa, recomenda-se: <\/strong><\/p>\n\n\n\n<p>1) ler cuidadosamente a <a href=\"http:\/\/www.uel.br\/proppg\/portalnovo\/pages\/arquivos\/Resolu%C3%A7%C3%A3o%20CEPE%20n%C2%BA%20053-2019%20-%20P%C3%B3s-doutoral.pdf\">Resolu\u00e7\u00e3o 53\/2019<\/a><\/p>\n\n\n\n<p>2) consultar diretamente (por e-mail) um docente permanente do Programa que esteja relacionado com a linha de pesquisa de interesse e verificar sua disponibilidade para atuar como supervisor.<\/p>\n","protected":false},"excerpt":{"rendered":"<p>Est\u00e1gio de p\u00f3s-doutorado com bolsa: Sem editais abertos no momento. Para est\u00e1gio de p\u00f3s-doutorado sem bolsa, recomenda-se: 1) ler cuidadosamente a Resolu\u00e7\u00e3o 53\/2019 2) consultar diretamente (por e-mail) um docente permanente do Programa que esteja relacionado com a linha de pesquisa de interesse e verificar sua disponibilidade para atuar como supervisor.<\/p>\n","protected":false},"author":7,"featured_media":0,"parent":0,"menu_order":0,"comment_status":"closed","ping_status":"closed","template":"","meta":{"footnotes":""},"class_list":["post-61","page","type-page","status-publish","hentry"],"acf":[],"_links":{"self":[{"href":"https:\/\/pos.uel.br\/saudecoletiva\/wp-json\/wp\/v2\/pages\/61","targetHints":{"allow":["GET"]}}],"collection":[{"href":"https:\/\/pos.uel.br\/saudecoletiva\/wp-json\/wp\/v2\/pages"}],"about":[{"href":"https:\/\/pos.uel.br\/saudecoletiva\/wp-json\/wp\/v2\/types\/page"}],"author":[{"embeddable":true,"href":"https:\/\/pos.uel.br\/saudecoletiva\/wp-json\/wp\/v2\/users\/7"}],"replies":[{"embeddable":true,"href":"https:\/\/pos.uel.br\/saudecoletiva\/wp-json\/wp\/v2\/comments?post=61"}],"version-history":[{"count":4,"href":"https:\/\/pos.uel.br\/saudecoletiva\/wp-json\/wp\/v2\/pages\/61\/revisions"}],"predecessor-version":[{"id":1219,"href":"https:\/\/pos.uel.br\/saudecoletiva\/wp-json\/wp\/v2\/pages\/61\/revisions\/1219"}],"wp:attachment":[{"href":"https:\/\/pos.uel.br\/saudecoletiva\/wp-json\/wp\/v2\/media?parent=61"}],"curies":[{"name":"wp","href":"https:\/\/api.w.org\/{rel}","templated":true}]}}