{"id":2019,"date":"2025-08-19T09:53:45","date_gmt":"2025-08-19T12:53:45","guid":{"rendered":"https:\/\/pos.uel.br\/saudecoletiva\/?page_id=2019"},"modified":"2025-11-24T17:48:44","modified_gmt":"2025-11-24T20:48:44","slug":"selecao-de-turmas-2026","status":"publish","type":"page","link":"https:\/\/pos.uel.br\/saudecoletiva\/selecao-de-turmas-2026\/","title":{"rendered":"Sele\u00e7\u00e3o de turmas 2026"},"content":{"rendered":"\n<p><strong>Modelo curr\u00edculo para o mestrado<\/strong> <\/p>\n\n\n\n<div class=\"wp-block-file\"><a id=\"wp-block-file--media-d1eef606-6081-4eb1-acf8-887e9f82338f\" href=\"https:\/\/pos.uel.br\/saudecoletiva\/wp-content\/uploads\/2025\/08\/Curriculo-Modelo-MESTRADO-2026.docx\">Curr\u00edculo Modelo MESTRADO 2026<\/a><a href=\"https:\/\/pos.uel.br\/saudecoletiva\/wp-content\/uploads\/2025\/08\/Curriculo-Modelo-MESTRADO-2026.docx\" class=\"wp-block-file__button wp-element-button\" download aria-describedby=\"wp-block-file--media-d1eef606-6081-4eb1-acf8-887e9f82338f\">Baixar<\/a><\/div>\n\n\n\n<p><strong>Modelo de curr\u00edculo para o doutorado<\/strong><\/p>\n\n\n\n<div class=\"wp-block-file\"><a id=\"wp-block-file--media-7fcea603-362c-4e63-99fe-b802a4734205\" href=\"https:\/\/pos.uel.br\/saudecoletiva\/wp-content\/uploads\/2025\/08\/CURRICULO_DOUTORADO_SC-_2026.docx\">CURR\u00cdCULO_DOUTORADO_SC-_2026<\/a><a href=\"https:\/\/pos.uel.br\/saudecoletiva\/wp-content\/uploads\/2025\/08\/CURRICULO_DOUTORADO_SC-_2026.docx\" class=\"wp-block-file__button wp-element-button\" download aria-describedby=\"wp-block-file--media-7fcea603-362c-4e63-99fe-b802a4734205\">Baixar<\/a><\/div>\n\n\n\n<p><strong>Refer\u00eancias para o mestrado: <\/strong><\/p>\n\n\n\n<div class=\"wp-block-file\"><a id=\"wp-block-file--media-a4ca7592-0221-4ec0-9f56-678b78c22102\" href=\"https:\/\/pos.uel.br\/saudecoletiva\/wp-content\/uploads\/2025\/09\/Refere\u0302ncias-de-apoio-mestrado-.pdf\">Refere\u0302ncias de apoio mestrado<\/a><a href=\"https:\/\/pos.uel.br\/saudecoletiva\/wp-content\/uploads\/2025\/09\/Refere\u0302ncias-de-apoio-mestrado-.pdf\" class=\"wp-block-file__button wp-element-button\" download aria-describedby=\"wp-block-file--media-a4ca7592-0221-4ec0-9f56-678b78c22102\">Baixar<\/a><\/div>\n\n\n\n<p><strong>Refer\u00eancias para o doutorado:<\/strong> <\/p>\n\n\n\n<div class=\"wp-block-file\"><a id=\"wp-block-file--media-adff97a5-26c8-4a11-845d-7835ffe43bf6\" href=\"https:\/\/pos.uel.br\/saudecoletiva\/wp-content\/uploads\/2025\/09\/Refere\u0302ncias-de-apoio-doutorado-.pdf\">Refere\u0302ncias de apoio doutorado<\/a><a href=\"https:\/\/pos.uel.br\/saudecoletiva\/wp-content\/uploads\/2025\/09\/Refere\u0302ncias-de-apoio-doutorado-.pdf\" class=\"wp-block-file__button wp-element-button\" download aria-describedby=\"wp-block-file--media-adff97a5-26c8-4a11-845d-7835ffe43bf6\">Baixar<\/a><\/div>\n\n\n\n<p><\/p>\n\n\n\n<p><strong>CRONOGRAMA<\/strong><\/p>\n\n\n\n<p>29\/08\/2025 &#8211; <a href=\"https:\/\/pos.uel.br\/saudecoletiva\/wp-content\/uploads\/2025\/08\/Edital09.2025mestrado.doutorado.pdf\">Edital 09\/2025 de sele\u00e7\u00e3o das turmas 2026<\/a><\/p>\n\n\n\n<p>02\/09\/2025 &#8211; Pedidos de isen\u00e7\u00e3o (inscri\u00e7\u00e3o aluno regular 2026\/1):<a href=\"https:\/\/www.sistemasweb.uel.br\/index.php?contents=system\/insc\/index.php&amp;pagina=view\/inscricoes\/seleciona_evento.php&amp;cod_evento=11183\"> clique aqui<\/a><\/p>\n\n\n\n<p>11\/09\/2025 &#8211; Edital 10\/2025 &#8211; <a href=\"https:\/\/pos.uel.br\/saudecoletiva\/wp-content\/uploads\/2025\/09\/Edital10.25-resultados-pedidos-de-isenc%CC%A7a%CC%83o.pdf\">Resultado dos pedidos de isen\u00e7\u00e3o<\/a><\/p>\n\n\n\n<p>09\/10\/2025 &#8211; Edital de retifica\u00e7\u00e3o do edital 09\/2025: <a href=\"https:\/\/pos.uel.br\/saudecoletiva\/wp-content\/uploads\/2025\/10\/Edital12.25-Retificac%CC%A7a%CC%83o.pdf\">clique aqui<\/a><\/p>\n\n\n\n<p>31\/10\/2025 &#8211; Edital 13\/2025 &#8211; Resultados das inscri\u00e7\u00f5es homologadas: <a href=\"https:\/\/pos.uel.br\/saudecoletiva\/wp-content\/uploads\/2025\/10\/Edital13.2025Homologac%CC%A7a%CC%83o.pdf\">clique aqui<\/a><\/p>\n\n\n\n<p>03\/11\/2020 &#8211; Edital 14\/2025 &#8211; Retifica\u00e7\u00e3o do edital 13\/2025: <a href=\"https:\/\/pos.uel.br\/saudecoletiva\/wp-content\/uploads\/2025\/11\/Edital14.2025Retificac%CC%A7a%CC%83o.pdf\">clique aqui<\/a><\/p>\n\n\n\n<p>10\/11\/2025 &#8211; Edital 15\/2025 &#8211; <a href=\"https:\/\/pos.uel.br\/saudecoletiva\/wp-content\/uploads\/2025\/11\/Edital15.2025.a.pdf\">Resultados da 1 etapa de sele\u00e7\u00e3o e cronograma de entrevistas<\/a><\/p>\n\n\n\n<p>12\/11\/2025 &#8211; Edital 16\/2025 &#8211; <a href=\"https:\/\/pos.uel.br\/saudecoletiva\/wp-content\/uploads\/2025\/11\/Edital16.2025.pdf\">Resultados dos pedidos de recurso<\/a><\/p>\n\n\n\n<p>24\/11\/2025 &#8211; Edital 17\/2025 &#8211; <a href=\"https:\/\/pos.uel.br\/saudecoletiva\/wp-content\/uploads\/2025\/11\/Edital17.2025.pdf\">Resultado preliminar<\/a><\/p>\n\n\n\n<p><\/p>\n","protected":false},"excerpt":{"rendered":"<p>Modelo curr\u00edculo para o mestrado Modelo de curr\u00edculo para o doutorado Refer\u00eancias para o mestrado: Refer\u00eancias para o doutorado: CRONOGRAMA 29\/08\/2025 &#8211; Edital 09\/2025 de sele\u00e7\u00e3o das turmas 2026 02\/09\/2025 &#8211; Pedidos de isen\u00e7\u00e3o (inscri\u00e7\u00e3o aluno regular 2026\/1): clique aqui 11\/09\/2025 &#8211; Edital 10\/2025 &#8211; Resultado dos pedidos de isen\u00e7\u00e3o 09\/10\/2025 &#8211; Edital de retifica\u00e7\u00e3o [&hellip;]<\/p>\n","protected":false},"author":8,"featured_media":0,"parent":0,"menu_order":0,"comment_status":"closed","ping_status":"closed","template":"","meta":{"footnotes":""},"class_list":["post-2019","page","type-page","status-publish","hentry"],"acf":[],"_links":{"self":[{"href":"https:\/\/pos.uel.br\/saudecoletiva\/wp-json\/wp\/v2\/pages\/2019","targetHints":{"allow":["GET"]}}],"collection":[{"href":"https:\/\/pos.uel.br\/saudecoletiva\/wp-json\/wp\/v2\/pages"}],"about":[{"href":"https:\/\/pos.uel.br\/saudecoletiva\/wp-json\/wp\/v2\/types\/page"}],"author":[{"embeddable":true,"href":"https:\/\/pos.uel.br\/saudecoletiva\/wp-json\/wp\/v2\/users\/8"}],"replies":[{"embeddable":true,"href":"https:\/\/pos.uel.br\/saudecoletiva\/wp-json\/wp\/v2\/comments?post=2019"}],"version-history":[{"count":13,"href":"https:\/\/pos.uel.br\/saudecoletiva\/wp-json\/wp\/v2\/pages\/2019\/revisions"}],"predecessor-version":[{"id":2107,"href":"https:\/\/pos.uel.br\/saudecoletiva\/wp-json\/wp\/v2\/pages\/2019\/revisions\/2107"}],"wp:attachment":[{"href":"https:\/\/pos.uel.br\/saudecoletiva\/wp-json\/wp\/v2\/media?parent=2019"}],"curies":[{"name":"wp","href":"https:\/\/api.w.org\/{rel}","templated":true}]}}