{"id":17,"date":"2021-04-29T11:13:23","date_gmt":"2021-04-29T14:13:23","guid":{"rendered":"https:\/\/pos.uel.br\/saudecoletiva\/?page_id=17"},"modified":"2023-09-25T18:07:50","modified_gmt":"2023-09-25T21:07:50","slug":"formularios","status":"publish","type":"page","link":"https:\/\/pos.uel.br\/saudecoletiva\/formularios\/","title":{"rendered":"Pedidos de qualifica\u00e7\u00e3o\/defesa"},"content":{"rendered":"\n<p class=\"has-text-align-left\"><strong>PARA FAZER O PEDIDO DE QUALIFICA\u00c7\u00c3O OU DEFESA, PREENCHA O FORMUL\u00c1RIO PELO LINK: <\/strong><\/p>\n\n\n\n<p><a href=\"https:\/\/forms.gle\/Xir1BHz42Tiba4br8\">https:\/\/forms.gle\/Xir1BHz42Tiba4br8<\/a><\/p>\n\n\n\n<p class=\"has-text-align-left\"><strong>REGISTRO DE COMPARECIMENTO DE P\u00d3S-GRADUANDOS EM BANCAS DE QUALIFICA\u00c7\u00c3O OU DEFESA<\/strong><\/p>\n\n\n\n<div class=\"wp-block-file\"><a id=\"wp-block-file--media-b4c220f9-a4b5-4faa-acf1-0fd7fc7b19b7\" href=\"https:\/\/pos.uel.br\/saudecoletiva\/wp-content\/uploads\/2021\/10\/Declarac\u0327a\u0303o-comparecimento-em-bancas.docx\">Declarac\u0327a\u0303o-comparecimento-em-bancas<\/a><a href=\"https:\/\/pos.uel.br\/saudecoletiva\/wp-content\/uploads\/2021\/10\/Declarac\u0327a\u0303o-comparecimento-em-bancas.docx\" class=\"wp-block-file__button wp-element-button\" download aria-describedby=\"wp-block-file--media-b4c220f9-a4b5-4faa-acf1-0fd7fc7b19b7\">Baixar<\/a><\/div>\n\n\n\n<p><strong>FORMUL\u00c1RIO DE CADASTRO DE PROFESSOR CONVIDADO<\/strong><\/p>\n\n\n\n<div class=\"wp-block-file\"><a id=\"wp-block-file--media-847e843f-6635-4abb-9234-de7d52149305\" href=\"https:\/\/pos.uel.br\/saudecoletiva\/wp-content\/uploads\/2022\/05\/Cadastro-Professor-convidado_SPGCCS.UEL_-1.doc\">Cadastro-Professor-convidado_SPGCCS.UEL_-1<\/a><a href=\"https:\/\/pos.uel.br\/saudecoletiva\/wp-content\/uploads\/2022\/05\/Cadastro-Professor-convidado_SPGCCS.UEL_-1.doc\" class=\"wp-block-file__button wp-element-button\" download aria-describedby=\"wp-block-file--media-847e843f-6635-4abb-9234-de7d52149305\">Baixar<\/a><\/div>\n","protected":false},"excerpt":{"rendered":"<p>PARA FAZER O PEDIDO DE QUALIFICA\u00c7\u00c3O OU DEFESA, PREENCHA O FORMUL\u00c1RIO PELO LINK: https:\/\/forms.gle\/Xir1BHz42Tiba4br8 REGISTRO DE COMPARECIMENTO DE P\u00d3S-GRADUANDOS EM BANCAS DE QUALIFICA\u00c7\u00c3O OU DEFESA FORMUL\u00c1RIO DE CADASTRO DE PROFESSOR CONVIDADO<\/p>\n","protected":false},"author":7,"featured_media":0,"parent":0,"menu_order":0,"comment_status":"closed","ping_status":"closed","template":"","meta":{"footnotes":""},"class_list":["post-17","page","type-page","status-publish","hentry"],"acf":[],"_links":{"self":[{"href":"https:\/\/pos.uel.br\/saudecoletiva\/wp-json\/wp\/v2\/pages\/17","targetHints":{"allow":["GET"]}}],"collection":[{"href":"https:\/\/pos.uel.br\/saudecoletiva\/wp-json\/wp\/v2\/pages"}],"about":[{"href":"https:\/\/pos.uel.br\/saudecoletiva\/wp-json\/wp\/v2\/types\/page"}],"author":[{"embeddable":true,"href":"https:\/\/pos.uel.br\/saudecoletiva\/wp-json\/wp\/v2\/users\/7"}],"replies":[{"embeddable":true,"href":"https:\/\/pos.uel.br\/saudecoletiva\/wp-json\/wp\/v2\/comments?post=17"}],"version-history":[{"count":10,"href":"https:\/\/pos.uel.br\/saudecoletiva\/wp-json\/wp\/v2\/pages\/17\/revisions"}],"predecessor-version":[{"id":1477,"href":"https:\/\/pos.uel.br\/saudecoletiva\/wp-json\/wp\/v2\/pages\/17\/revisions\/1477"}],"wp:attachment":[{"href":"https:\/\/pos.uel.br\/saudecoletiva\/wp-json\/wp\/v2\/media?parent=17"}],"curies":[{"name":"wp","href":"https:\/\/api.w.org\/{rel}","templated":true}]}}