{"id":162,"date":"2021-07-27T11:32:04","date_gmt":"2021-07-27T14:32:04","guid":{"rendered":"https:\/\/pos.uel.br\/saudecoletiva\/?page_id=162"},"modified":"2026-01-21T19:09:24","modified_gmt":"2026-01-21T22:09:24","slug":"calendario-de-disciplinas","status":"publish","type":"page","link":"https:\/\/pos.uel.br\/saudecoletiva\/calendario-de-disciplinas\/","title":{"rendered":"Calend\u00e1rio de disciplinas"},"content":{"rendered":"\n<h2 class=\"wp-block-heading\">2026<\/h2>\n\n\n\n<p>Delibera\u00e7\u00e3o \u2013 Colegiado PPG Stricto sensu N\u00ba 025\/2025: Aprova o Calend\u00e1rio das Atividades dos Programas de P\u00f3sGradua\u00e7\u00e3o Stricto sensu para o ano de 2026\/2027.<\/p>\n\n\n\n<div class=\"wp-block-file\"><a id=\"wp-block-file--media-3cbcf808-ea4d-4ecf-a35b-e8503790d04c\" href=\"https:\/\/pos.uel.br\/saudecoletiva\/wp-content\/uploads\/2026\/01\/Calenda\u0301rio-Stricto-sensu-2026-2027-Delib-25-2025-assinado.pdf\">Calenda\u0301rio Stricto sensu &#8211; 2026 2027 &#8211; Delib 25 2025 assinado<\/a><a href=\"https:\/\/pos.uel.br\/saudecoletiva\/wp-content\/uploads\/2026\/01\/Calenda\u0301rio-Stricto-sensu-2026-2027-Delib-25-2025-assinado.pdf\" class=\"wp-block-file__button wp-element-button\" download aria-describedby=\"wp-block-file--media-3cbcf808-ea4d-4ecf-a35b-e8503790d04c\">Baixar<\/a><\/div>\n\n\n\n<p>Cronograma de disciplina 1 semestre <\/p>\n\n\n\n<div class=\"wp-block-file\"><a id=\"wp-block-file--media-2b91ede5-3446-463a-a88b-0cdbee527da8\" href=\"https:\/\/pos.uel.br\/saudecoletiva\/wp-content\/uploads\/2026\/01\/cronograma-1-semestre-2026atual.xlsx\">cronograma-1-semestre-2026atual<\/a><a href=\"https:\/\/pos.uel.br\/saudecoletiva\/wp-content\/uploads\/2026\/01\/cronograma-1-semestre-2026atual.xlsx\" class=\"wp-block-file__button wp-element-button\" download aria-describedby=\"wp-block-file--media-2b91ede5-3446-463a-a88b-0cdbee527da8\">Baixar<\/a><\/div>\n\n\n\n<h2 class=\"wp-block-heading\">2025<\/h2>\n\n\n\n<p>Delibera\u00e7\u00e3o \u2013 Colegiado PPG Stricto sensu N\u00ba 031\/2024: Aprova o Calend\u00e1rio das Atividades dos Programas de P\u00f3sGradua\u00e7\u00e3o Stricto sensu para o ano de 2025\/2026<\/p>\n\n\n\n<div class=\"wp-block-file\"><a id=\"wp-block-file--media-9a7230fe-72d3-4cf1-993d-40dff4199890\" href=\"https:\/\/pos.uel.br\/saudecoletiva\/wp-content\/uploads\/2025\/04\/CalendarioStricto_2025-2026.pdf\">CalendarioStricto_2025-2026<\/a><a href=\"https:\/\/pos.uel.br\/saudecoletiva\/wp-content\/uploads\/2025\/04\/CalendarioStricto_2025-2026.pdf\" class=\"wp-block-file__button wp-element-button\" download aria-describedby=\"wp-block-file--media-9a7230fe-72d3-4cf1-993d-40dff4199890\">Baixar<\/a><\/div>\n\n\n\n<p>Quadro de hor\u00e1rios 1 semestre<\/p>\n\n\n\n<div class=\"wp-block-file\"><a id=\"wp-block-file--media-99e91e69-e2fb-4fa6-8ff2-5c6bc25308d2\" href=\"https:\/\/pos.uel.br\/saudecoletiva\/wp-content\/uploads\/2024\/12\/QUADRO-DE-HORARIO-1-semestre-2025-1.pdf\">QUADRO DE HOR\u00c1RIO 1 semestre 2025<\/a><a href=\"https:\/\/pos.uel.br\/saudecoletiva\/wp-content\/uploads\/2024\/12\/QUADRO-DE-HORARIO-1-semestre-2025-1.pdf\" class=\"wp-block-file__button wp-element-button\" download aria-describedby=\"wp-block-file--media-99e91e69-e2fb-4fa6-8ff2-5c6bc25308d2\">Baixar<\/a><\/div>\n\n\n\n<p>Cronograma de disciplinas 1 semestre<\/p>\n\n\n\n<div class=\"wp-block-file\"><a id=\"wp-block-file--media-8196abd8-4fce-4faf-bb90-8f0ab3764ee7\" href=\"https:\/\/pos.uel.br\/saudecoletiva\/wp-content\/uploads\/2024\/12\/cronograma-1-semestre-2025.xlsx\">cronograma 1 semestre 2025<\/a><a href=\"https:\/\/pos.uel.br\/saudecoletiva\/wp-content\/uploads\/2024\/12\/cronograma-1-semestre-2025.xlsx\" class=\"wp-block-file__button wp-element-button\" download aria-describedby=\"wp-block-file--media-8196abd8-4fce-4faf-bb90-8f0ab3764ee7\">Baixar<\/a><\/div>\n\n\n\n<p><\/p>\n\n\n\n<p>Quadro de disciplinas do 2 semestre<\/p>\n\n\n\n<div class=\"wp-block-file\"><a id=\"wp-block-file--media-c2593c36-9fec-40e4-9ec9-1ff862ece93b\" href=\"https:\/\/pos.uel.br\/saudecoletiva\/wp-content\/uploads\/2025\/06\/Quadro-de-ofertas-de-disciplinas-2-semestre.docx\">Quadro de ofertas de disciplinas 2 semestre<\/a><a href=\"https:\/\/pos.uel.br\/saudecoletiva\/wp-content\/uploads\/2025\/06\/Quadro-de-ofertas-de-disciplinas-2-semestre.docx\" class=\"wp-block-file__button wp-element-button\" download aria-describedby=\"wp-block-file--media-c2593c36-9fec-40e4-9ec9-1ff862ece93b\">Baixar<\/a><\/div>\n\n\n\n<p>Cronograma de disciplinas 2 semestre<\/p>\n\n\n\n<div class=\"wp-block-file\"><a id=\"wp-block-file--media-43797bca-ba45-454f-932c-f69e7aed9618\" href=\"https:\/\/pos.uel.br\/saudecoletiva\/wp-content\/uploads\/2025\/06\/Cronograma-2-semestre.2025.xlsx\">Cronograma 2 semestre.2025<\/a><a href=\"https:\/\/pos.uel.br\/saudecoletiva\/wp-content\/uploads\/2025\/06\/Cronograma-2-semestre.2025.xlsx\" class=\"wp-block-file__button wp-element-button\" download aria-describedby=\"wp-block-file--media-43797bca-ba45-454f-932c-f69e7aed9618\">Baixar<\/a><\/div>\n\n\n\n<p><\/p>\n\n\n\n<h2 class=\"wp-block-heading\">2024<\/h2>\n\n\n\n<p>Delibera\u00e7\u00e3o \u2013 Colegiado PPG Stricto sensu N\u00ba 002\/2024: Aprova o Calend\u00e1rio das Atividades dos Programas de P\u00f3sGradua\u00e7\u00e3o Stricto sensu para o ano de 2024\/2025<\/p>\n\n\n\n<div class=\"wp-block-file\"><a id=\"wp-block-file--media-a4a7f255-afff-4f75-a38f-b7997ad1df18\" href=\"https:\/\/pos.uel.br\/saudecoletiva\/wp-content\/uploads\/2024\/04\/Calendario-Stricto-sensu2024-2025-Delib-02-2024-assinado-1.pdf\">Calendario-Stricto-sensu2024-2025-Delib-02-2024-assinado-1<\/a><a href=\"https:\/\/pos.uel.br\/saudecoletiva\/wp-content\/uploads\/2024\/04\/Calendario-Stricto-sensu2024-2025-Delib-02-2024-assinado-1.pdf\" class=\"wp-block-file__button wp-element-button\" download aria-describedby=\"wp-block-file--media-a4a7f255-afff-4f75-a38f-b7997ad1df18\">Baixar<\/a><\/div>\n\n\n\n<p>Quadro de disciplinas do 1 semestre<\/p>\n\n\n\n<div class=\"wp-block-file\"><a id=\"wp-block-file--media-bc4f7a59-727f-4671-bd06-e3517f601c33\" href=\"https:\/\/pos.uel.br\/saudecoletiva\/wp-content\/uploads\/2024\/02\/QUADRO-DE-OFERTA-DISCIPLINA-1sem.2024.pdf\">QUADRO-DE-OFERTA-DISCIPLINA-1sem.2024<\/a><a href=\"https:\/\/pos.uel.br\/saudecoletiva\/wp-content\/uploads\/2024\/02\/QUADRO-DE-OFERTA-DISCIPLINA-1sem.2024.pdf\" class=\"wp-block-file__button wp-element-button\" download aria-describedby=\"wp-block-file--media-bc4f7a59-727f-4671-bd06-e3517f601c33\">Baixar<\/a><\/div>\n\n\n\n<p>Calend\u00e1rio de disciplinas do 1 semestre<\/p>\n\n\n\n<div class=\"wp-block-file\"><a id=\"wp-block-file--media-96703d58-0735-463e-b7af-aaacb1f65696\" href=\"https:\/\/pos.uel.br\/saudecoletiva\/wp-content\/uploads\/2024\/02\/cronograma-1-semestre-2024-1.xlsx\">cronograma-1-semestre-2024-1<\/a><a href=\"https:\/\/pos.uel.br\/saudecoletiva\/wp-content\/uploads\/2024\/02\/cronograma-1-semestre-2024-1.xlsx\" class=\"wp-block-file__button wp-element-button\" download aria-describedby=\"wp-block-file--media-96703d58-0735-463e-b7af-aaacb1f65696\">Baixar<\/a><\/div>\n\n\n\n<p>Quadro de ofertas de disciplinas do 2 semestre<\/p>\n\n\n\n<div class=\"wp-block-file\"><a id=\"wp-block-file--media-e6bf4db2-99d6-4736-b1b2-ddfa66c5811f\" href=\"https:\/\/pos.uel.br\/saudecoletiva\/wp-content\/uploads\/2024\/06\/Quadro-Horario-de-Disciplinas-2o-semestre-2024-Saude-Coletiva.docx\">Quadro-Horario-de-Disciplinas-2o-semestre-2024-Saude-Coletiva<\/a><a href=\"https:\/\/pos.uel.br\/saudecoletiva\/wp-content\/uploads\/2024\/06\/Quadro-Horario-de-Disciplinas-2o-semestre-2024-Saude-Coletiva.docx\" class=\"wp-block-file__button wp-element-button\" download aria-describedby=\"wp-block-file--media-e6bf4db2-99d6-4736-b1b2-ddfa66c5811f\">Baixar<\/a><\/div>\n\n\n\n<p>Calend\u00e1rio de disciplinas do 2 semestre<\/p>\n\n\n\n<div class=\"wp-block-file\"><a id=\"wp-block-file--media-0b127d0b-a0e2-45d6-8763-bf358725346e\" href=\"https:\/\/pos.uel.br\/saudecoletiva\/wp-content\/uploads\/2024\/09\/Cronograma-2-semestre-2024.xlsx\">Cronograma  2 semestre 2024<\/a><a href=\"https:\/\/pos.uel.br\/saudecoletiva\/wp-content\/uploads\/2024\/09\/Cronograma-2-semestre-2024.xlsx\" class=\"wp-block-file__button wp-element-button\" download aria-describedby=\"wp-block-file--media-0b127d0b-a0e2-45d6-8763-bf358725346e\">Baixar<\/a><\/div>\n\n\n\n<h2 class=\"wp-block-heading\">2023<\/h2>\n\n\n\n<ul class=\"wp-block-list\">\n<li>Delibera\u00e7\u00e3o \u2013 Colegiado PPG Stricto sensu N\u00ba 028\/2022: Aprova o Calend\u00e1rio das Atividades dos Programas de P\u00f3sGradua\u00e7\u00e3o Stricto sensu para o ano de 2023\/2024<\/li>\n<\/ul>\n\n\n\n<div class=\"wp-block-file\"><a id=\"wp-block-file--media-d008468f-da2f-4829-8b14-0a0d8c533b26\" href=\"https:\/\/pos.uel.br\/saudecoletiva\/wp-content\/uploads\/2022\/12\/CalendarioStricto_2023-2024.pdf\">CalendarioStricto_2023-2024<\/a><a href=\"https:\/\/pos.uel.br\/saudecoletiva\/wp-content\/uploads\/2022\/12\/CalendarioStricto_2023-2024.pdf\" class=\"wp-block-file__button wp-element-button\" download aria-describedby=\"wp-block-file--media-d008468f-da2f-4829-8b14-0a0d8c533b26\">Baixar<\/a><\/div>\n\n\n\n<ul class=\"wp-block-list\">\n<li>Quadro de disciplinas 1\u00ba semestre de 2023 <\/li>\n<\/ul>\n\n\n\n<div class=\"wp-block-file\"><a id=\"wp-block-file--media-62a582e2-c782-481a-91bb-63f319d6614f\" href=\"https:\/\/pos.uel.br\/saudecoletiva\/wp-content\/uploads\/2022\/12\/disciplinas-1o-semestre-2023-com-datas.pdf\">disciplinas-1o-semestre-2023-com-datas<\/a><a href=\"https:\/\/pos.uel.br\/saudecoletiva\/wp-content\/uploads\/2022\/12\/disciplinas-1o-semestre-2023-com-datas.pdf\" class=\"wp-block-file__button wp-element-button\" download aria-describedby=\"wp-block-file--media-62a582e2-c782-481a-91bb-63f319d6614f\">Baixar<\/a><\/div>\n\n\n\n<ul class=\"wp-block-list\">\n<li>Plano de reposi\u00e7\u00e3o das disciplinas do 1 semestre <\/li>\n<\/ul>\n\n\n\n<div class=\"wp-block-file\"><a id=\"wp-block-file--media-29450042-336b-4591-9da4-f56118ff4ff0\" href=\"https:\/\/pos.uel.br\/saudecoletiva\/wp-content\/uploads\/2023\/06\/Plano-de-Reposic\u0327a\u0303o-.docx\">Plano-de-Reposic\u0327a\u0303o-<\/a><a href=\"https:\/\/pos.uel.br\/saudecoletiva\/wp-content\/uploads\/2023\/06\/Plano-de-Reposic\u0327a\u0303o-.docx\" class=\"wp-block-file__button wp-element-button\" download aria-describedby=\"wp-block-file--media-29450042-336b-4591-9da4-f56118ff4ff0\">Baixar<\/a><\/div>\n\n\n\n<ul class=\"wp-block-list\">\n<li>Quadro de disciplinas 2\u00ba semestre de 2023<\/li>\n<\/ul>\n\n\n\n<div class=\"wp-block-file\"><a id=\"wp-block-file--media-12707b72-60a1-49b9-a124-601694c0d8e0\" href=\"https:\/\/pos.uel.br\/saudecoletiva\/wp-content\/uploads\/2023\/06\/QUADRO-DE-DISCIPLINAS-DO-2-SEMESTRE-2023.docx\">QUADRO-DE-DISCIPLINAS-DO-2-SEMESTRE-2023<\/a><a href=\"https:\/\/pos.uel.br\/saudecoletiva\/wp-content\/uploads\/2023\/06\/QUADRO-DE-DISCIPLINAS-DO-2-SEMESTRE-2023.docx\" class=\"wp-block-file__button wp-element-button\" download aria-describedby=\"wp-block-file--media-12707b72-60a1-49b9-a124-601694c0d8e0\">Baixar<\/a><\/div>\n\n\n\n<h2 class=\"wp-block-heading\">2022<\/h2>\n\n\n\n<ul class=\"wp-block-list\">\n<li>Delibera\u00e7\u00e3o \u2013 Colegiado PPG Stricto sensu N\u00ba 035\/2021: Aprova o Calend\u00e1rio das Atividades dos Programas de P\u00f3sGradua\u00e7\u00e3o Stricto sensu para o ano de 2022\/2023 <\/li>\n<\/ul>\n\n\n\n<div class=\"wp-block-file\"><a id=\"wp-block-file--media-7e7c9fe2-9d9d-4684-be5d-6037e8a641f9\" href=\"https:\/\/pos.uel.br\/saudecoletiva\/wp-content\/uploads\/2022\/01\/Calenda\u0301rio-Stricto-sensu-2022-2023-Deliberac\u0327a\u0303o-35-2021-1.pdf\">Calenda\u0301rio-Stricto-sensu-2022-2023-Deliberac\u0327a\u0303o-35-2021-1<\/a><a href=\"https:\/\/pos.uel.br\/saudecoletiva\/wp-content\/uploads\/2022\/01\/Calenda\u0301rio-Stricto-sensu-2022-2023-Deliberac\u0327a\u0303o-35-2021-1.pdf\" class=\"wp-block-file__button wp-element-button\" download aria-describedby=\"wp-block-file--media-7e7c9fe2-9d9d-4684-be5d-6037e8a641f9\">Baixar<\/a><\/div>\n\n\n\n<ul class=\"wp-block-list\">\n<li>Quadro de disciplina 1<\/li>\n<\/ul>\n\n\n\n<div class=\"wp-block-file\"><a id=\"wp-block-file--media-99516fca-3b97-4a88-90ce-3b3888636487\" href=\"https:\/\/pos.uel.br\/saudecoletiva\/wp-content\/uploads\/2022\/01\/Quadro-discipinas-ofertadas-1o-semestre-2022-e-nu\u0301mero-de-creditos.pdf\">Quadro-discipinas-ofertadas-1o-semestre-2022-e-nu\u0301mero-de-creditos<\/a><a href=\"https:\/\/pos.uel.br\/saudecoletiva\/wp-content\/uploads\/2022\/01\/Quadro-discipinas-ofertadas-1o-semestre-2022-e-nu\u0301mero-de-creditos.pdf\" class=\"wp-block-file__button wp-element-button\" download aria-describedby=\"wp-block-file--media-99516fca-3b97-4a88-90ce-3b3888636487\">Baixar<\/a><\/div>\n\n\n\n<ul class=\"wp-block-list\">\n<li>Cronograma de disciplina do 1\u00ba semestre de 2022 <\/li>\n<\/ul>\n\n\n\n<div class=\"wp-block-file\"><a id=\"wp-block-file--media-fed38acb-7c05-4df9-b8e9-89e0f102299e\" href=\"https:\/\/pos.uel.br\/saudecoletiva\/wp-content\/uploads\/2022\/01\/Calenda\u0301rio-Po\u0301s-SC-1-Sem-2022.xls\">Calenda\u0301rio-Po\u0301s-SC-1-Sem-2022<\/a><a href=\"https:\/\/pos.uel.br\/saudecoletiva\/wp-content\/uploads\/2022\/01\/Calenda\u0301rio-Po\u0301s-SC-1-Sem-2022.xls\" class=\"wp-block-file__button wp-element-button\" download aria-describedby=\"wp-block-file--media-fed38acb-7c05-4df9-b8e9-89e0f102299e\">Baixar<\/a><\/div>\n\n\n\n<ul class=\"wp-block-list\">\n<li>Quadro de disciplina do 2\u00ba semestre de 2022<\/li>\n<\/ul>\n\n\n\n<div class=\"wp-block-file\"><a id=\"wp-block-file--media-fc99d595-e6ec-4163-ae67-b3766f62ae67\" href=\"https:\/\/pos.uel.br\/saudecoletiva\/wp-content\/uploads\/2022\/07\/disciplinas-2o-semestre-2022-com-datas.docx\">disciplinas-2o-semestre-2022-com-datas<\/a><a href=\"https:\/\/pos.uel.br\/saudecoletiva\/wp-content\/uploads\/2022\/07\/disciplinas-2o-semestre-2022-com-datas.docx\" class=\"wp-block-file__button wp-element-button\" download aria-describedby=\"wp-block-file--media-fc99d595-e6ec-4163-ae67-b3766f62ae67\">Baixar<\/a><\/div>\n\n\n\n<ul class=\"wp-block-list\">\n<li>Cronograma de disciplina do 2\u00ba semestre de 2022 <\/li>\n<\/ul>\n\n\n\n<div class=\"wp-block-file\"><a id=\"wp-block-file--media-7ed4ae37-b113-4471-a76f-7710a624c914\" href=\"https:\/\/pos.uel.br\/saudecoletiva\/wp-content\/uploads\/2022\/07\/Calenda\u0301rio-Po\u0301s-SC-2-Sem-2022-1.xls\">Calenda\u0301rio Po\u0301s SC 2 Sem 2022 (1)<\/a><a href=\"https:\/\/pos.uel.br\/saudecoletiva\/wp-content\/uploads\/2022\/07\/Calenda\u0301rio-Po\u0301s-SC-2-Sem-2022-1.xls\" class=\"wp-block-file__button wp-element-button\" download aria-describedby=\"wp-block-file--media-7ed4ae37-b113-4471-a76f-7710a624c914\">Baixar<\/a><\/div>\n","protected":false},"excerpt":{"rendered":"<p>2026 Delibera\u00e7\u00e3o \u2013 Colegiado PPG Stricto sensu N\u00ba 025\/2025: Aprova o Calend\u00e1rio das Atividades dos Programas de P\u00f3sGradua\u00e7\u00e3o Stricto sensu para o ano de 2026\/2027. Cronograma de disciplina 1 semestre 2025 Delibera\u00e7\u00e3o \u2013 Colegiado PPG Stricto sensu N\u00ba 031\/2024: Aprova o Calend\u00e1rio das Atividades dos Programas de P\u00f3sGradua\u00e7\u00e3o Stricto sensu para o ano de 2025\/2026 [&hellip;]<\/p>\n","protected":false},"author":8,"featured_media":0,"parent":0,"menu_order":0,"comment_status":"closed","ping_status":"closed","template":"","meta":{"footnotes":""},"class_list":["post-162","page","type-page","status-publish","hentry"],"acf":[],"_links":{"self":[{"href":"https:\/\/pos.uel.br\/saudecoletiva\/wp-json\/wp\/v2\/pages\/162","targetHints":{"allow":["GET"]}}],"collection":[{"href":"https:\/\/pos.uel.br\/saudecoletiva\/wp-json\/wp\/v2\/pages"}],"about":[{"href":"https:\/\/pos.uel.br\/saudecoletiva\/wp-json\/wp\/v2\/types\/page"}],"author":[{"embeddable":true,"href":"https:\/\/pos.uel.br\/saudecoletiva\/wp-json\/wp\/v2\/users\/8"}],"replies":[{"embeddable":true,"href":"https:\/\/pos.uel.br\/saudecoletiva\/wp-json\/wp\/v2\/comments?post=162"}],"version-history":[{"count":39,"href":"https:\/\/pos.uel.br\/saudecoletiva\/wp-json\/wp\/v2\/pages\/162\/revisions"}],"predecessor-version":[{"id":2124,"href":"https:\/\/pos.uel.br\/saudecoletiva\/wp-json\/wp\/v2\/pages\/162\/revisions\/2124"}],"wp:attachment":[{"href":"https:\/\/pos.uel.br\/saudecoletiva\/wp-json\/wp\/v2\/media?parent=162"}],"curies":[{"name":"wp","href":"https:\/\/api.w.org\/{rel}","templated":true}]}}