{"id":12,"date":"2021-04-29T11:13:23","date_gmt":"2021-04-29T14:13:23","guid":{"rendered":"https:\/\/pos.uel.br\/saudecoletiva\/?page_id=12"},"modified":"2025-05-13T14:30:26","modified_gmt":"2025-05-13T17:30:26","slug":"mestrado","status":"publish","type":"page","link":"https:\/\/pos.uel.br\/saudecoletiva\/mestrado\/","title":{"rendered":"Mestrado"},"content":{"rendered":"\n<p>A sele\u00e7\u00e3o do mestrado em Sa\u00fade Coletiva ocorre a cada dois anos. A pr\u00f3xima sele\u00e7\u00e3o ser\u00e1 no final do ano de 2025. <\/p>\n","protected":false},"excerpt":{"rendered":"<p>A sele\u00e7\u00e3o do mestrado em Sa\u00fade Coletiva ocorre a cada dois anos. A pr\u00f3xima sele\u00e7\u00e3o ser\u00e1 no final do ano de 2025.<\/p>\n","protected":false},"author":7,"featured_media":0,"parent":0,"menu_order":0,"comment_status":"closed","ping_status":"closed","template":"","meta":{"footnotes":""},"class_list":["post-12","page","type-page","status-publish","hentry"],"acf":[],"_links":{"self":[{"href":"https:\/\/pos.uel.br\/saudecoletiva\/wp-json\/wp\/v2\/pages\/12","targetHints":{"allow":["GET"]}}],"collection":[{"href":"https:\/\/pos.uel.br\/saudecoletiva\/wp-json\/wp\/v2\/pages"}],"about":[{"href":"https:\/\/pos.uel.br\/saudecoletiva\/wp-json\/wp\/v2\/types\/page"}],"author":[{"embeddable":true,"href":"https:\/\/pos.uel.br\/saudecoletiva\/wp-json\/wp\/v2\/users\/7"}],"replies":[{"embeddable":true,"href":"https:\/\/pos.uel.br\/saudecoletiva\/wp-json\/wp\/v2\/comments?post=12"}],"version-history":[{"count":2,"href":"https:\/\/pos.uel.br\/saudecoletiva\/wp-json\/wp\/v2\/pages\/12\/revisions"}],"predecessor-version":[{"id":1976,"href":"https:\/\/pos.uel.br\/saudecoletiva\/wp-json\/wp\/v2\/pages\/12\/revisions\/1976"}],"wp:attachment":[{"href":"https:\/\/pos.uel.br\/saudecoletiva\/wp-json\/wp\/v2\/media?parent=12"}],"curies":[{"name":"wp","href":"https:\/\/api.w.org\/{rel}","templated":true}]}}