{"id":11,"date":"2021-04-29T11:13:23","date_gmt":"2021-04-29T14:13:23","guid":{"rendered":"https:\/\/pos.uel.br\/saudecoletiva\/?page_id=11"},"modified":"2026-04-27T10:01:58","modified_gmt":"2026-04-27T13:01:58","slug":"contatos","status":"publish","type":"page","link":"https:\/\/pos.uel.br\/saudecoletiva\/contatos\/","title":{"rendered":"Corpo Docente"},"content":{"rendered":"\n<div class=\"wp-block-columns is-layout-flex wp-container-core-columns-is-layout-9d6595d7 wp-block-columns-is-layout-flex\">\n<div class=\"wp-block-column is-layout-flow wp-block-column-is-layout-flow\">\n<h2 class=\"wp-block-heading\" id=\"coordenacao\">Coordena\u00e7\u00e3o <\/h2>\n\n\n\n<p>Mathias Roberto Loch &#8211; Coordenador<\/p>\n\n\n\n<p>Alberto Dur\u00e1n Gonz\u00e1lez &#8211; vice-coordenador<\/p>\n<\/div>\n<\/div>\n\n\n\n<div class=\"wp-block-columns is-layout-flex wp-container-core-columns-is-layout-9d6595d7 wp-block-columns-is-layout-flex\">\n<div class=\"wp-block-column is-layout-flow wp-block-column-is-layout-flow\">\n<h2 class=\"wp-block-heading has-text-align-left\" id=\"comissao-coordenadora\">Comiss\u00e3o coordenadora<\/h2>\n\n\n\n<p>Alberto Dur\u00e1n Gonz\u00e1lez<\/p>\n\n\n\n<p class=\"has-text-align-left\">Mathias Roberto Loch<\/p>\n\n\n\n<p>Regina Melchior<\/p>\n\n\n\n<p>Marselle Nobre de Carvalho<\/p>\n\n\n\n<p>Milene Pires de Moaes Vieira<\/p>\n\n\n\n<h2 class=\"wp-block-heading\">Comiss\u00e3o de bolsas<\/h2>\n\n\n\n<p>Alberto Dur\u00e1n Gonz\u00e1lez<\/p>\n\n\n\n<p class=\"has-text-align-left\">Mathias Roberto Loch<\/p>\n\n\n\n<p>Marselle Nobre de Carvalho<\/p>\n\n\n\n<p><\/p>\n<\/div>\n<\/div>\n\n\n\n<p><strong>Docentes permanentes &#8211; Quadri\u00eanio 2025-2028<\/strong><\/p>\n\n\n\n<figure class=\"wp-block-table is-style-stripes\"><table><tbody><tr><td>&nbsp; <strong>DOCENTE<\/strong><strong><\/strong><\/td><td>&nbsp; <strong>LATTES<\/strong><strong><\/strong><\/td><td>&nbsp; <strong>E-MAIL<\/strong><\/td><\/tr><tr><td>Alberto Dur\u00e1n Gonz\u00e1lez<\/td><td><a href=\"http:\/\/buscatextual.cnpq.br\/buscatextual\/visualizacv.do?id=K4776547Z9\" target=\"_blank\" rel=\"noreferrer noopener\"><strong>Curr\u00edculo Lattes<\/strong><\/a><\/td><td><a href=\"mailto:betoduran@uel.br\">betoduran@uel.br<\/a><\/td><\/tr><tr><td>Camilo Molino Guidoni<\/td><td><a href=\"http:\/\/buscatextual.cnpq.br\/buscatextual\/visualizacv.do?id=K4732844U2\" target=\"_blank\" rel=\"noreferrer noopener\"><strong>Curr\u00edculo Lattes<\/strong><\/a><\/td><td><a href=\"mailto:camiloguidoni@uel.br\">camiloguidoni@uel.br<\/a><\/td><\/tr><tr><td>Edmarlon Girotto<\/td><td><strong><a href=\"http:\/\/lattes.cnpq.br\/1488840768789790\" target=\"_blank\" rel=\"noreferrer noopener\">Curr\u00edculo Lattes<\/a><\/strong><\/td><td><a href=\"mailto:eddieuel@yahoo.com.br\">edmarlon@uel.br<\/a><\/td><\/tr><tr><td>Fernanda de Freitas Mendon\u00e7a<\/td><td><strong><a href=\"http:\/\/lattes.cnpq.br\/0207150007765172\" target=\"_blank\" rel=\"noreferrer noopener\">Curr\u00edculo Lattes<\/a><\/strong><\/td><td><a href=\"http:\/\/fernandamendonca\" data-type=\"URL\" data-id=\"fernandamendonca\">fernandamendonca@uel.br <\/a><\/td><\/tr><tr><td>Francine Nesello Melanda<\/td><td><a href=\"http:\/\/lattes.cnpq.br\/1832895922286506\"><strong>Curr\u00edculo Lattes<\/strong><\/a><\/td><td><a href=\"mailto:franesello@gmail.com\">franesello@gmail.com<\/a><\/td><\/tr><tr><td>Jo\u00e3o Felipe Marques da Silva <\/td><td><strong><a href=\"http:\/\/buscatextual.cnpq.br\/buscatextual\/visualizacv.do?id=K4282661A5&amp;tokenCaptchar=03AIIukzgxa1AmviR_Lp08s00PH7I1_oaYNCEo5sqxOdnoNnlEAYS68uKpmvrSD9ly29G-TptV7FfpsdWDR-qlUoYzMp9IgeFz4qaedIbLk7Q1no0-ftvlaDPQ1jEMKUXxlAlJ5kEd2WZRcMxExKOJe7BG7KVdLko8XA-hKQ-y0sg1WcGpaL32hTEyP7T_FRj85f8Tc1-6VQ98YCOIQU4yRM6eKXqc36awj6sreErbrlRc4tjwFGiz7GLL5qlTwp_OiE35ms1dCrczcvMMEWTls083jURa25U-jVbeEg-fJ-9cFpsF2DauvNYhhn_epRVNS-E0_C_Ob_z7d_s4WxEMccc3u7lNqgb_sjrKmVOKO4wvnq5M-qenmwt2DC2BMri1tBcixgYAol_GxKmDR1AXnftplvDSuOOC6pvsAIDCXvgYFSu5M_2CvUvJUTp49ovkTRFP82AOsyVvESNryNI-6SCYn0mRJFv27VqHScWna941FewENrccm4h2u7uUGrB19sGDweqkWE-rpvY4V4VISIIossFxz5STQw\">Curr\u00edculo Lattes<\/a><\/strong><\/td><td><a href=\"mailto:jmfliper@hotmail.com\">jmfliper@hotmail.com<\/a><\/td><\/tr><tr><td>\ufeffMaira Sayuri Sakay Bortoletto<a href=\"http:\/\/lattes.cnpq.br\/5442342565231121\">\ufeff<\/a><\/td><td><strong><a href=\"http:\/\/lattes.cnpq.br\/5442342565231121\" target=\"_blank\" rel=\"noreferrer noopener\">Curr\u00edculo Lattes<\/a><\/strong><\/td><td><a href=\"mailto:mairuska@gmail.com\">mairuska@gmail.com<\/a>\ufeff<\/td><\/tr><tr><td>Marselle Nobre de Carvalho<\/td><td><a rel=\"noreferrer noopener\" href=\"http:\/\/lattes.cnpq.br\/5286983101163085\" target=\"_blank\"><strong>Curr\u00edculo Lattes<\/strong><\/a><\/td><td><a href=\"mailto:marsellecarvalho@gmail.com\">marsellecarvalho@uel.br<\/a><\/td><\/tr><tr><td>Mathias Roberto Loch<\/td><td><strong><a href=\"http:\/\/lattes.cnpq.br\/4936998732163718\" target=\"_blank\" rel=\"noreferrer noopener\">Curr\u00edculo Lattes<\/a><\/strong><\/td><td><a href=\"mailto:mathiasuel@hotmail.com\">mathiasuel@hotmail.com<\/a><\/td><\/tr><tr><td>Pablo Guilherme Caldarelli<\/td><td><strong><a href=\"http:\/\/lattes.cnpq.br\/7541557391096903\">Curr\u00edculo Lattes<\/a><\/strong><\/td><td><a href=\"mailto:pablocaldarelli@uel.br\">pablocaldarelli@uel.br<\/a><\/td><\/tr><tr><td>Regina Melchior<\/td><td><a href=\"http:\/\/buscatextual.cnpq.br\/buscatextual\/visualizacv.do?id=K4769166D9&amp;mostrarNroCitacoesISI=true&amp;mostrarNroCitacoesScopus=true&amp;mostrarNroCitacoesScielo=true\" target=\"_blank\" rel=\"noreferrer noopener\"><strong>Curr\u00edculo Lattes<\/strong><\/a><\/td><td><a href=\"mailto:reginamelchior@gmail.com.br\">reginamelchior@uel.br<\/a><\/td><\/tr><tr><td>Renne Rodrigues <\/td><td><strong><a href=\"http:\/\/buscatextual.cnpq.br\/buscatextual\/visualizacv.do?id=K4556293Z1&amp;tokenCaptchar=03AIIukzizNThUedEMJZ4K1RfFVQCn03DmbJWI4DK3GHk8CgbedgZP2Gs0mFhuVVF1Gn8Tr6Q4aS_9wpw7nR0_cmbcvmTrVtLTQ5BNW6wbhhVRh5LdOEzYmzI2bgQwsIomoIWOyp9ogQXK6GqLBEel_1D5Tm99XbQcJyd21Cn3LMkeSVjH3EGm4hFaHeWf7HoYNQLT2Otekfs2dR-2NUyDz1yOx01u8ZgEys56mMNoRCjFYgTltLmiBC9Gwn-CLYduoFk-t4VxPY-3XM6nEgkAVDRYk6u6uOH-RmzhguyBjPaKp009nzW3K7dFOMcNkKNovUW2rr0QP-jRaZSCiVj4AfC3v2Y4zNaaZsLps5n6mc-qjJGEMcvVSB23If1iLwcs6yE9WjlrCrvGvYnybimIS4VbJIpkXBVBRzMDm8XFRE_gLznz743CKHdTjhHgIRUQHhrDjxhq94y0a9ilrrMe0SMbVOs3UOBfWyxYdetdYQi1HG9vz3zqAKZ1jgtrxBGqikBS2NTEYtqQUr-6qhTFRJ4mpavbCBttXQ\">Curr\u00edculo Lattes<\/a><\/strong><\/td><td><a href=\"mailto:renne.rodrigues@uffs.edu.br\">renne.rodrigues@uffs.edu.br<\/a><\/td><\/tr><\/tbody><\/table><\/figure>\n\n\n\n<p><strong>Docentes colaboradores &#8211; Quadri\u00eanio 2025-202<\/strong>8<\/p>\n\n\n\n<figure class=\"wp-block-table is-style-stripes\"><table><tbody><tr><td>&nbsp; <strong>DOCENTE<\/strong><strong><\/strong><\/td><td>&nbsp; <strong>LATTES<\/strong><strong><\/strong><\/td><td class=\"has-text-align-left\" data-align=\"left\">&nbsp; <strong>E-MAIL<\/strong><\/td><\/tr><tr><td>Carlos Guilherme Meister Arenhart<\/td><td><strong><a href=\"http:\/\/lattes.cnpq.br\/7117949315614237\">Curr\u00edculo Lattes<\/a><\/strong><\/td><td class=\"has-text-align-left\" data-align=\"left\"><a href=\"mailto:carlosmeistera@gmail.com\">carlosmeistera@gmail.com<\/a><\/td><\/tr><tr><td>Gabrielle Freitas Saganski<\/td><td><strong><a href=\"http:\/\/lattes.cnpq.br\/3526965731550320\">Curr\u00edculo Lattes<\/a><\/strong><\/td><td class=\"has-text-align-left\" data-align=\"left\"><a href=\"mailto:gabisaga@gmail.com\">gabisaga@gmail.com<\/a><\/td><\/tr><tr><td>Juleimar Soares Coelho de Amorim<\/td><td><strong><a href=\"http:\/\/lattes.cnpq.br\/5848366367151173\">Curr\u00edculo Lattes<\/a><\/strong><\/td><td class=\"has-text-align-left\" data-align=\"left\"><a href=\"mailto:juleimar@yahoo.com.br\">juleimar@yahoo.com.br<\/a><\/td><\/tr><tr><td>Luiz Gustavo Duarte<\/td><td><strong><a href=\"http:\/\/lattes.cnpq.br\/9658376428781024\">Curr\u00edculo Lattes<\/a><\/strong><\/td><td class=\"has-text-align-left\" data-align=\"left\"><a href=\"mailto:luizgustavo.duarte@uel.br\">luizgustavo.duarte@uel.br<\/a><\/td><\/tr><tr><td>Sarah Beatriz Coceiro Meirelles F\u00e9lix<\/td><td><strong><a href=\"http:\/\/lattes.cnpq.br\/7374930253579866\">Curr\u00edculo Lattes<\/a><\/strong><\/td><td class=\"has-text-align-left\" data-align=\"left\"><a href=\"mailto:sarah@uel.br\">sarah@uel.br<\/a><\/td><\/tr><\/tbody><\/table><\/figure>\n\n\n\n<p><\/p>\n","protected":false},"excerpt":{"rendered":"<p>Coordena\u00e7\u00e3o Mathias Roberto Loch &#8211; Coordenador Alberto Dur\u00e1n Gonz\u00e1lez &#8211; vice-coordenador Comiss\u00e3o coordenadora Alberto Dur\u00e1n Gonz\u00e1lez Mathias Roberto Loch Regina Melchior Marselle Nobre de Carvalho Milene Pires de Moaes Vieira Comiss\u00e3o de bolsas Alberto Dur\u00e1n Gonz\u00e1lez Mathias Roberto Loch Marselle Nobre de Carvalho Docentes permanentes &#8211; Quadri\u00eanio 2025-2028 &nbsp; DOCENTE &nbsp; LATTES &nbsp; E-MAIL Alberto [&hellip;]<\/p>\n","protected":false},"author":7,"featured_media":0,"parent":0,"menu_order":0,"comment_status":"closed","ping_status":"closed","template":"","meta":{"footnotes":""},"class_list":["post-11","page","type-page","status-publish","hentry"],"acf":[],"_links":{"self":[{"href":"https:\/\/pos.uel.br\/saudecoletiva\/wp-json\/wp\/v2\/pages\/11","targetHints":{"allow":["GET"]}}],"collection":[{"href":"https:\/\/pos.uel.br\/saudecoletiva\/wp-json\/wp\/v2\/pages"}],"about":[{"href":"https:\/\/pos.uel.br\/saudecoletiva\/wp-json\/wp\/v2\/types\/page"}],"author":[{"embeddable":true,"href":"https:\/\/pos.uel.br\/saudecoletiva\/wp-json\/wp\/v2\/users\/7"}],"replies":[{"embeddable":true,"href":"https:\/\/pos.uel.br\/saudecoletiva\/wp-json\/wp\/v2\/comments?post=11"}],"version-history":[{"count":25,"href":"https:\/\/pos.uel.br\/saudecoletiva\/wp-json\/wp\/v2\/pages\/11\/revisions"}],"predecessor-version":[{"id":2256,"href":"https:\/\/pos.uel.br\/saudecoletiva\/wp-json\/wp\/v2\/pages\/11\/revisions\/2256"}],"wp:attachment":[{"href":"https:\/\/pos.uel.br\/saudecoletiva\/wp-json\/wp\/v2\/media?parent=11"}],"curies":[{"name":"wp","href":"https:\/\/api.w.org\/{rel}","templated":true}]}}