{"id":45,"date":"2025-02-28T13:38:26","date_gmt":"2025-02-28T16:38:26","guid":{"rendered":"https:\/\/pos.uel.br\/recursoshumanos\/?page_id=45"},"modified":"2025-03-13T15:42:02","modified_gmt":"2025-03-13T18:42:02","slug":"formularios","status":"publish","type":"page","link":"https:\/\/pos.uel.br\/recursoshumanos\/formularios\/","title":{"rendered":"Formul\u00e1rios"},"content":{"rendered":"\n<p>Seguem abaixo os modelos de formul\u00e1rios utilizados na P\u00f3s-Gradua\u00e7\u00e3o:<\/p>\n\n\n\n<div class=\"wp-block-file\"><a id=\"wp-block-file--media-70628527-e51e-456a-abc6-430f1311a914\" href=\"https:\/\/pos.uel.br\/recursoshumanos\/wp-content\/uploads\/2025\/03\/Formulario-Curriculo-GC_RH-processo-turma-2014-final.doc\">Formulario Curriculo &#8211; GC_RH processo turma 2014 &#8211; final<\/a><a href=\"https:\/\/pos.uel.br\/recursoshumanos\/wp-content\/uploads\/2025\/03\/Formulario-Curriculo-GC_RH-processo-turma-2014-final.doc\" class=\"wp-block-file__button wp-element-button\" download aria-describedby=\"wp-block-file--media-70628527-e51e-456a-abc6-430f1311a914\">Baixar<\/a><\/div>\n\n\n\n<ul class=\"wp-block-list\"><\/ul>\n\n\n\n<div class=\"wp-block-file\"><a id=\"wp-block-file--media-780d4f5e-5b70-4e62-b8a6-4e699ddae7ad\" href=\"https:\/\/pos.uel.br\/recursoshumanos\/wp-content\/uploads\/2025\/03\/RH_Decl_Orientacao_RH.doc\">RH_Decl_Orientacao_RH<\/a><a href=\"https:\/\/pos.uel.br\/recursoshumanos\/wp-content\/uploads\/2025\/03\/RH_Decl_Orientacao_RH.doc\" class=\"wp-block-file__button wp-element-button\" download aria-describedby=\"wp-block-file--media-780d4f5e-5b70-4e62-b8a6-4e699ddae7ad\">Baixar<\/a><\/div>\n\n\n\n<div class=\"wp-block-file\"><a id=\"wp-block-file--media-73a3fed9-ff1d-45b9-b93b-4b4b33c8cb34\" href=\"https:\/\/pos.uel.br\/recursoshumanos\/wp-content\/uploads\/2025\/03\/Modelo_Capa_RH.doc\">Modelo_Capa_RH<\/a><a href=\"https:\/\/pos.uel.br\/recursoshumanos\/wp-content\/uploads\/2025\/03\/Modelo_Capa_RH.doc\" class=\"wp-block-file__button wp-element-button\" download aria-describedby=\"wp-block-file--media-73a3fed9-ff1d-45b9-b93b-4b4b33c8cb34\">Baixar<\/a><\/div>\n\n\n\n<div class=\"wp-block-file\"><a id=\"wp-block-file--media-6998fada-328a-4794-9bd9-ff37db24b9c7\" href=\"https:\/\/pos.uel.br\/recursoshumanos\/wp-content\/uploads\/2025\/03\/Requerimento_Pos_CESA.xls\">Requerimento_P\u00f3s_CESA<\/a><a href=\"https:\/\/pos.uel.br\/recursoshumanos\/wp-content\/uploads\/2025\/03\/Requerimento_Pos_CESA.xls\" class=\"wp-block-file__button wp-element-button\" download aria-describedby=\"wp-block-file--media-6998fada-328a-4794-9bd9-ff37db24b9c7\">Baixar<\/a><\/div>\n\n\n\n<p><\/p>\n","protected":false},"excerpt":{"rendered":"<p>Seguem abaixo os modelos de formul\u00e1rios utilizados na P\u00f3s-Gradua\u00e7\u00e3o:<\/p>\n","protected":false},"author":8,"featured_media":0,"parent":0,"menu_order":0,"comment_status":"closed","ping_status":"closed","template":"","meta":{"_acf_changed":false,"footnotes":""},"class_list":["post-45","page","type-page","status-publish","hentry"],"acf":[],"_links":{"self":[{"href":"https:\/\/pos.uel.br\/recursoshumanos\/wp-json\/wp\/v2\/pages\/45","targetHints":{"allow":["GET"]}}],"collection":[{"href":"https:\/\/pos.uel.br\/recursoshumanos\/wp-json\/wp\/v2\/pages"}],"about":[{"href":"https:\/\/pos.uel.br\/recursoshumanos\/wp-json\/wp\/v2\/types\/page"}],"author":[{"embeddable":true,"href":"https:\/\/pos.uel.br\/recursoshumanos\/wp-json\/wp\/v2\/users\/8"}],"replies":[{"embeddable":true,"href":"https:\/\/pos.uel.br\/recursoshumanos\/wp-json\/wp\/v2\/comments?post=45"}],"version-history":[{"count":2,"href":"https:\/\/pos.uel.br\/recursoshumanos\/wp-json\/wp\/v2\/pages\/45\/revisions"}],"predecessor-version":[{"id":95,"href":"https:\/\/pos.uel.br\/recursoshumanos\/wp-json\/wp\/v2\/pages\/45\/revisions\/95"}],"wp:attachment":[{"href":"https:\/\/pos.uel.br\/recursoshumanos\/wp-json\/wp\/v2\/media?parent=45"}],"curies":[{"name":"wp","href":"https:\/\/api.w.org\/{rel}","templated":true}]}}