{"id":33,"date":"2025-02-27T16:39:15","date_gmt":"2025-02-27T19:39:15","guid":{"rendered":"https:\/\/pos.uel.br\/recursoshumanos\/?page_id=33"},"modified":"2025-03-11T16:21:36","modified_gmt":"2025-03-11T19:21:36","slug":"disciplinas","status":"publish","type":"page","link":"https:\/\/pos.uel.br\/recursoshumanos\/disciplinas\/","title":{"rendered":"Disciplinas"},"content":{"rendered":"\n<figure class=\"wp-block-table is-style-stripes has-small-font-size\"><table class=\"has-fixed-layout\"><tbody><tr><td><strong>C\u00f3digo<\/strong><\/td><td><strong>Disciplina<\/strong><\/td><td><strong>Cr\u00e9ditos<\/strong><\/td><td><strong>C.H.<\/strong><\/td><\/tr><tr><td>2ADM361<\/td><td>Gest\u00e3o de Recursos Humanos em Contexto Atual<\/td><td>02<\/td><td>30h<\/td><\/tr><tr><td>2ADM362<\/td><td>Planejamento Estrat\u00e9gico de Recursos Humanos<\/td><td>03<\/td><td>45h<\/td><\/tr><tr><td>2ADM363<\/td><td>Educa\u00e7\u00e3o Continuada e Carreiras<\/td><td>03<\/td><td>45h<\/td><\/tr><tr><td>2ADM364<\/td><td>Remunera\u00e7\u00e3o Estrat\u00e9gica e Gest\u00e3o de Desempenho<\/td><td>03<\/td><td>45h<\/td><\/tr><tr><td>2ADM365<\/td><td>Lideran\u00e7a, Cultura, Negocia\u00e7\u00e3o e Gest\u00e3o de Conflitos<\/td><td>03<\/td><td>45h<\/td><\/tr><tr><td>2ADM366<\/td><td>Gest\u00e3o Estrat\u00e9gica do Conhecimento e de Compet\u00eancias<\/td><td>04<\/td><td>60h<\/td><\/tr><tr><td>2ADM367<\/td><td>Configura\u00e7\u00f5es Legais para as Rela\u00e7\u00f5es de Trabalho<\/td><td>02<\/td><td>30h<\/td><\/tr><tr><td>2ADM368<\/td><td>Responsabilidade Socioambiental e suas Interfaces com a Gest\u00e3o de Recursos Humanos<\/td><td>02<\/td><td>30h<\/td><\/tr><tr><td>2ADM369<\/td><td>Pesquisa em Recursos Humanos<\/td><td>02<\/td><td>30h<\/td><\/tr><tr><td>2ADM172<\/td><td colspan=\"3\">Trabalho de Conclus\u00e3o de Curso de P\u00f3s-Gradua\u00e7\u00e3o<\/td><\/tr><\/tbody><\/table><\/figure>\n\n\n\n<p><\/p>\n","protected":false},"excerpt":{"rendered":"<p>C\u00f3digo Disciplina Cr\u00e9ditos C.H. 2ADM361 Gest\u00e3o de Recursos Humanos em Contexto Atual 02 30h 2ADM362 Planejamento Estrat\u00e9gico de Recursos Humanos 03 45h 2ADM363 Educa\u00e7\u00e3o Continuada e Carreiras 03 45h 2ADM364 Remunera\u00e7\u00e3o Estrat\u00e9gica e Gest\u00e3o de Desempenho 03 45h 2ADM365 Lideran\u00e7a, Cultura, Negocia\u00e7\u00e3o e Gest\u00e3o de Conflitos 03 45h 2ADM366 Gest\u00e3o Estrat\u00e9gica do Conhecimento e de [&hellip;]<\/p>\n","protected":false},"author":8,"featured_media":0,"parent":0,"menu_order":0,"comment_status":"closed","ping_status":"closed","template":"","meta":{"_acf_changed":false,"footnotes":""},"class_list":["post-33","page","type-page","status-publish","hentry"],"acf":[],"_links":{"self":[{"href":"https:\/\/pos.uel.br\/recursoshumanos\/wp-json\/wp\/v2\/pages\/33","targetHints":{"allow":["GET"]}}],"collection":[{"href":"https:\/\/pos.uel.br\/recursoshumanos\/wp-json\/wp\/v2\/pages"}],"about":[{"href":"https:\/\/pos.uel.br\/recursoshumanos\/wp-json\/wp\/v2\/types\/page"}],"author":[{"embeddable":true,"href":"https:\/\/pos.uel.br\/recursoshumanos\/wp-json\/wp\/v2\/users\/8"}],"replies":[{"embeddable":true,"href":"https:\/\/pos.uel.br\/recursoshumanos\/wp-json\/wp\/v2\/comments?post=33"}],"version-history":[{"count":3,"href":"https:\/\/pos.uel.br\/recursoshumanos\/wp-json\/wp\/v2\/pages\/33\/revisions"}],"predecessor-version":[{"id":75,"href":"https:\/\/pos.uel.br\/recursoshumanos\/wp-json\/wp\/v2\/pages\/33\/revisions\/75"}],"wp:attachment":[{"href":"https:\/\/pos.uel.br\/recursoshumanos\/wp-json\/wp\/v2\/media?parent=33"}],"curies":[{"name":"wp","href":"https:\/\/api.w.org\/{rel}","templated":true}]}}