{"id":31,"date":"2025-02-27T16:39:01","date_gmt":"2025-02-27T19:39:01","guid":{"rendered":"https:\/\/pos.uel.br\/recursoshumanos\/?page_id=31"},"modified":"2025-04-10T11:26:12","modified_gmt":"2025-04-10T14:26:12","slug":"corpo-docente","status":"publish","type":"page","link":"https:\/\/pos.uel.br\/recursoshumanos\/corpo-docente\/","title":{"rendered":"Corpo Docente"},"content":{"rendered":"\n<p>O curso apresenta docentes convidados que articulam experi\u00eancias acad\u00eamicas e profissionais. <\/p>\n\n\n\n<p>Possuem s\u00f3lida forma\u00e7\u00e3o em grandes universidades do pa\u00eds nos n\u00edveis de doutorado e mestrado. <\/p>\n\n\n\n<p>Al\u00e9m disso, realizam projetos de treinamentos em empresas em suas respectivas \u00e1reas de atua\u00e7\u00e3o, bem como projetos de consultoria.<\/p>\n","protected":false},"excerpt":{"rendered":"<p>O curso apresenta docentes convidados que articulam experi\u00eancias acad\u00eamicas e profissionais. Possuem s\u00f3lida forma\u00e7\u00e3o em grandes universidades do pa\u00eds nos n\u00edveis de doutorado e mestrado. Al\u00e9m disso, realizam projetos de treinamentos em empresas em suas respectivas \u00e1reas de atua\u00e7\u00e3o, bem como projetos de consultoria.<\/p>\n","protected":false},"author":8,"featured_media":0,"parent":0,"menu_order":0,"comment_status":"closed","ping_status":"closed","template":"","meta":{"_acf_changed":false,"footnotes":""},"class_list":["post-31","page","type-page","status-publish","hentry"],"acf":[],"_links":{"self":[{"href":"https:\/\/pos.uel.br\/recursoshumanos\/wp-json\/wp\/v2\/pages\/31","targetHints":{"allow":["GET"]}}],"collection":[{"href":"https:\/\/pos.uel.br\/recursoshumanos\/wp-json\/wp\/v2\/pages"}],"about":[{"href":"https:\/\/pos.uel.br\/recursoshumanos\/wp-json\/wp\/v2\/types\/page"}],"author":[{"embeddable":true,"href":"https:\/\/pos.uel.br\/recursoshumanos\/wp-json\/wp\/v2\/users\/8"}],"replies":[{"embeddable":true,"href":"https:\/\/pos.uel.br\/recursoshumanos\/wp-json\/wp\/v2\/comments?post=31"}],"version-history":[{"count":3,"href":"https:\/\/pos.uel.br\/recursoshumanos\/wp-json\/wp\/v2\/pages\/31\/revisions"}],"predecessor-version":[{"id":157,"href":"https:\/\/pos.uel.br\/recursoshumanos\/wp-json\/wp\/v2\/pages\/31\/revisions\/157"}],"wp:attachment":[{"href":"https:\/\/pos.uel.br\/recursoshumanos\/wp-json\/wp\/v2\/media?parent=31"}],"curies":[{"name":"wp","href":"https:\/\/api.w.org\/{rel}","templated":true}]}}