{"id":133,"date":"2025-03-31T15:22:04","date_gmt":"2025-03-31T18:22:04","guid":{"rendered":"https:\/\/pos.uel.br\/recursoshumanos\/?page_id=133"},"modified":"2025-03-31T16:52:10","modified_gmt":"2025-03-31T19:52:10","slug":"resolucao","status":"publish","type":"page","link":"https:\/\/pos.uel.br\/recursoshumanos\/resolucao\/","title":{"rendered":"Resolu\u00e7\u00e3o"},"content":{"rendered":"\n<p>Estabelece valor da P\u00f3s-Gradua\u00e7\u00e3o Lato Sensu em Gest\u00e3o Contempor\u00e2nea de Recursos Humanos:<\/p>\n\n\n\n<div data-wp-interactive=\"core\/file\" class=\"wp-block-file\"><object data-wp-bind--hidden=\"!state.hasPdfPreview\" hidden class=\"wp-block-file__embed\" data=\"https:\/\/pos.uel.br\/recursoshumanos\/wp-content\/uploads\/2025\/03\/Resol_080_2010.pdf\" type=\"application\/pdf\" style=\"width:100%;height:600px\" aria-label=\"Incorporado de Resol_080_2010.\"><\/object><a id=\"wp-block-file--media-78207585-9301-445f-80d5-472351bd42e8\" href=\"https:\/\/pos.uel.br\/recursoshumanos\/wp-content\/uploads\/2025\/03\/Resol_080_2010.pdf\">Resol_080_2010<\/a><a href=\"https:\/\/pos.uel.br\/recursoshumanos\/wp-content\/uploads\/2025\/03\/Resol_080_2010.pdf\" class=\"wp-block-file__button wp-element-button\" download aria-describedby=\"wp-block-file--media-78207585-9301-445f-80d5-472351bd42e8\">Baixar<\/a><\/div>\n","protected":false},"excerpt":{"rendered":"<p>Estabelece valor da P\u00f3s-Gradua\u00e7\u00e3o Lato Sensu em Gest\u00e3o Contempor\u00e2nea de Recursos Humanos:<\/p>\n","protected":false},"author":8,"featured_media":0,"parent":0,"menu_order":0,"comment_status":"closed","ping_status":"closed","template":"","meta":{"_acf_changed":false,"footnotes":""},"class_list":["post-133","page","type-page","status-publish","hentry"],"acf":[],"_links":{"self":[{"href":"https:\/\/pos.uel.br\/recursoshumanos\/wp-json\/wp\/v2\/pages\/133","targetHints":{"allow":["GET"]}}],"collection":[{"href":"https:\/\/pos.uel.br\/recursoshumanos\/wp-json\/wp\/v2\/pages"}],"about":[{"href":"https:\/\/pos.uel.br\/recursoshumanos\/wp-json\/wp\/v2\/types\/page"}],"author":[{"embeddable":true,"href":"https:\/\/pos.uel.br\/recursoshumanos\/wp-json\/wp\/v2\/users\/8"}],"replies":[{"embeddable":true,"href":"https:\/\/pos.uel.br\/recursoshumanos\/wp-json\/wp\/v2\/comments?post=133"}],"version-history":[{"count":2,"href":"https:\/\/pos.uel.br\/recursoshumanos\/wp-json\/wp\/v2\/pages\/133\/revisions"}],"predecessor-version":[{"id":140,"href":"https:\/\/pos.uel.br\/recursoshumanos\/wp-json\/wp\/v2\/pages\/133\/revisions\/140"}],"wp:attachment":[{"href":"https:\/\/pos.uel.br\/recursoshumanos\/wp-json\/wp\/v2\/media?parent=133"}],"curies":[{"name":"wp","href":"https:\/\/api.w.org\/{rel}","templated":true}]}}