{"id":84,"date":"2021-06-15T02:59:01","date_gmt":"2021-06-15T05:59:01","guid":{"rendered":"https:\/\/pos.uel.br\/quimica\/pagina-inicial\/"},"modified":"2026-05-04T19:17:10","modified_gmt":"2026-05-04T22:17:10","slug":"pagina-inicial","status":"publish","type":"page","link":"https:\/\/pos.uel.br\/quimica\/","title":{"rendered":"Importante:"},"content":{"rendered":"\n<h5 class=\"wp-block-heading\">Siga nos nas redes sociais:<\/h5>\n\n\n\n<p>Instagram: <a href=\"https:\/\/www.instagram.com\/ppgquel\" data-type=\"link\" data-id=\"https:\/\/www.instagram.com\/ppgquel\">@ppgquel<\/a>          Linkedin: <a href=\"https:\/\/www.linkedin.com\/in\/programa-de-p%C3%B3s-gradua%C3%A7%C3%A3o-em-qu%C3%ADmica-ppgq-uel-5130a4378\/\" data-type=\"link\" data-id=\"https:\/\/www.linkedin.com\/in\/programa-de-p%C3%B3s-gradua%C3%A7%C3%A3o-em-qu%C3%ADmica-ppgq-uel-5130a4378\/\">PPGQ_UEL<\/a><\/p>\n\n\n\n<h5 class=\"wp-block-heading\">Para ingresso de estudantes regulares a partir de 2026:<\/h5>\n\n\n\n<div class=\"wp-block-columns is-layout-flex wp-container-core-columns-is-layout-9d6595d7 wp-block-columns-is-layout-flex\">\n<div class=\"wp-block-column is-layout-flow wp-block-column-is-layout-flow\">\n<figure class=\"wp-block-image size-full\"><img loading=\"lazy\" decoding=\"async\" width=\"454\" height=\"560\" src=\"https:\/\/pos.uel.br\/quimica\/wp-content\/uploads\/2026\/03\/Captura-de-Tela-2026-03-27-a\u0300s-08.39.19.png\" alt=\"\" class=\"wp-image-1045\" srcset=\"https:\/\/pos.uel.br\/quimica\/wp-content\/uploads\/2026\/03\/Captura-de-Tela-2026-03-27-a\u0300s-08.39.19.png 454w, https:\/\/pos.uel.br\/quimica\/wp-content\/uploads\/2026\/03\/Captura-de-Tela-2026-03-27-a\u0300s-08.39.19-243x300.png 243w\" sizes=\"auto, (max-width: 454px) 100vw, 454px\" \/><\/figure>\n<\/div>\n\n\n\n<div class=\"wp-block-column is-layout-flow wp-block-column-is-layout-flow\">\n<p>Para ingresso no Programa de P\u00f3s-gradua\u00e7\u00e3o em Qu\u00edmica a partir de 2026 ser\u00e1 utilizado a nota do Exame Unificado em Qu\u00edmica com um dos crit\u00e9rios de sele\u00e7\u00e3o dos novos p\u00f3s-graduandos. <br><br>Portanto, n\u00e3o perca tempo e se inscreva para realizar a prova e participar de nossa Sele\u00e7\u00e3o para cursar seu Mestrado ou Doutorado em Qu\u00edmica na Universidade Estadual de Londrina.<br><br>Outras informa\u00e7\u00f5es, assim como o cronograma do exame, est\u00e3o dispon\u00edveis no edital, que pode ser acessado o site:&nbsp;<a href=\"https:\/\/euq.sbq.org.br\/\">https:\/\/euq.sbq.org.br\/<\/a> .<\/p>\n<\/div>\n<\/div>\n\n\n\n<p><\/p>\n\n\n\n<div class=\"wp-block-columns is-layout-flex wp-container-core-columns-is-layout-9d6595d7 wp-block-columns-is-layout-flex\">\n<div class=\"wp-block-column is-layout-flow wp-block-column-is-layout-flow\">\n<div class=\"wp-block-buttons is-layout-flex wp-block-buttons-is-layout-flex\">\n<div class=\"wp-block-button has-custom-width wp-block-button__width-75 is-style-outline is-style-outline--1\"><a class=\"wp-block-button__link has-site-background-color has-primary-accent-background-color has-text-color has-background has-link-color has-small-font-size has-custom-font-size wp-element-button\" href=\"https:\/\/pos.uel.br\/quimica\/corpo-docente-3\/\" style=\"border-radius:0px\"><strong>CORPO DOCENTE<\/strong><\/a><\/div>\n<\/div>\n\n\n\n<div class=\"wp-block-buttons is-layout-flex wp-block-buttons-is-layout-flex\">\n<div class=\"wp-block-button has-custom-width wp-block-button__width-75\"><a class=\"wp-block-button__link has-site-background-color has-primary-accent-background-color has-text-color has-background has-link-color has-small-font-size has-custom-font-size wp-element-button\" href=\"https:\/\/pos.uel.br\/quimica\/regimentos-e-deliberacoes\/\" style=\"border-radius:0px\"><strong>REGIMENTOS E DELIBERA\u00c7\u00d5ES<\/strong><\/a><\/div>\n<\/div>\n\n\n\n<div class=\"wp-block-buttons is-layout-flex wp-block-buttons-is-layout-flex\">\n<div class=\"wp-block-button has-custom-width wp-block-button__width-75\"><a class=\"wp-block-button__link has-site-background-color has-primary-accent-background-color has-text-color has-background has-link-color has-small-font-size has-custom-font-size wp-element-button\" href=\"https:\/\/pos.uel.br\/quimica\/processo-de-selecao\/\" style=\"border-radius:0px\"><strong>PROCESSO DE SELE\u00c7\u00c3O<\/strong><\/a><\/div>\n<\/div>\n\n\n\n<div class=\"wp-block-buttons is-layout-flex wp-block-buttons-is-layout-flex\">\n<div class=\"wp-block-button has-custom-width wp-block-button__width-75 is-style-fill\"><a class=\"wp-block-button__link has-primary-accent-background-color has-background has-small-font-size has-custom-font-size wp-element-button\" href=\"https:\/\/pos.uel.br\/quimica\/wp-content\/uploads\/2025\/08\/Quadro-de-hora\u0301rios-PPGQ-2025_2Sv2.pdf\" style=\"border-radius:0px\"><strong>HOR\u00c1RIO DE AULAS<\/strong><\/a><\/div>\n<\/div>\n<\/div>\n\n\n\n<div class=\"wp-block-column is-layout-flow wp-block-column-is-layout-flow\">\n<div class=\"wp-block-buttons is-layout-flex wp-block-buttons-is-layout-flex\">\n<div class=\"wp-block-button has-custom-width wp-block-button__width-75\"><a class=\"wp-block-button__link has-site-background-color has-primary-accent-background-color has-text-color has-background has-link-color has-small-font-size has-custom-font-size wp-element-button\" href=\"https:\/\/pos.uel.br\/quimica\/linhas-de-pesquisa\/\" style=\"border-radius:0px\"><strong>LINHAS DE PESQUISA<\/strong><\/a><\/div>\n<\/div>\n\n\n\n<div class=\"wp-block-buttons is-layout-flex wp-block-buttons-is-layout-flex\">\n<div class=\"wp-block-button has-custom-width wp-block-button__width-75\"><a class=\"wp-block-button__link has-site-background-color has-primary-accent-background-color has-text-color has-background has-link-color has-small-font-size has-custom-font-size wp-element-button\" href=\"https:\/\/pos.uel.br\/quimica\/regimentos-resolucoes-e-normas-2\/\" style=\"border-radius:0px\"><strong>NORMAS PARA DEFESA<\/strong><\/a><\/div>\n<\/div>\n\n\n\n<div class=\"wp-block-buttons is-layout-flex wp-block-buttons-is-layout-flex\">\n<div class=\"wp-block-button has-custom-width wp-block-button__width-75\"><a class=\"wp-block-button__link has-site-background-color has-primary-accent-background-color has-text-color has-background has-link-color has-small-font-size has-custom-font-size wp-element-button\" href=\"https:\/\/pos.uel.br\/quimica\/bolsas\/\" style=\"border-radius:0px\"><strong>BOLSAS<\/strong><\/a><\/div>\n<\/div>\n\n\n\n<div class=\"wp-block-buttons is-layout-flex wp-block-buttons-is-layout-flex\">\n<div class=\"wp-block-button has-custom-width wp-block-button__width-75\"><a class=\"wp-block-button__link has-primary-accent-background-color has-background has-small-font-size has-custom-font-size wp-element-button\" href=\"https:\/\/repositorio.uel.br\/home\" style=\"border-radius:0px\"><strong>REPOSIT\u00d3RIO UEL<\/strong><\/a><\/div>\n<\/div>\n<\/div>\n<\/div>\n\n\n\n<div class=\"wp-block-columns is-layout-flex wp-container-core-columns-is-layout-9d6595d7 wp-block-columns-is-layout-flex\">\n<div class=\"wp-block-column is-layout-flow wp-block-column-is-layout-flow\" style=\"flex-basis:66.66%\">\n<div class=\"wp-block-uel-card\">\n<h2 class=\"wp-block-heading is-style-highlighted-heading\">Editais<\/h2>\n\n\n\n<p>.<\/p>\n\n\n\n<p><strong>Edital Pr\u00eamio CAPES de Tese 2026 &#8211; <a href=\"https:\/\/pos.uel.br\/quimica\/wp-content\/uploads\/2026\/05\/Edital_interno_premio_tese_capes_2026_Final_assinado-1.pdf\" data-type=\"link\" data-id=\"https:\/\/pos.uel.br\/quimica\/wp-content\/uploads\/2026\/05\/Edital_interno_premio_tese_capes_2026_Final_assinado-1.pdf\">Edital 05\/2026<\/a><\/strong><\/p>\n\n\n\n<p>.<\/p>\n\n\n\n<p><strong>Edital de Sele\u00e7\u00e3o Alunos Regulares (2o. Semestre 2026) \u2013&nbsp;<a href=\"https:\/\/pos.uel.br\/quimica\/wp-content\/uploads\/2026\/03\/Edital-04_26_-Oferta-Regular-2026-2_assinado.pdf\" data-type=\"link\" data-id=\"https:\/\/pos.uel.br\/quimica\/wp-content\/uploads\/2026\/03\/Edital-04_26_-Oferta-Regular-2026-2_assinado.pdf\">Edital 04\/2026<\/a><\/strong><\/p>\n\n\n\n<p>Link para isen\u00e7\u00e3o Cad\u00danico: <a href=\"http:\/\/www.uel.br\/eventos\/sigec\/?id=11805\" target=\"_blank\" rel=\"noreferrer noopener\">http:\/\/www.uel.br\/eventos\/sigec\/?id=11805<\/a><br>Resultado para isen\u00e7\u00e3o Cad\u00danico: <a href=\"https:\/\/pos.uel.br\/quimica\/wp-content\/uploads\/2026\/04\/Resultado-Selecao-CADUNICO-PPGQ.pdf\" data-type=\"link\" data-id=\"https:\/\/pos.uel.br\/quimica\/wp-content\/uploads\/2026\/04\/Resultado-Selecao-CADUNICO-PPGQ.pdf\">clique aqui<\/a><\/p>\n\n\n\n<p>.<\/p>\n\n\n\n<p><strong>Edital de Convoca\u00e7\u00e3o de Bolsistas _ <a href=\"https:\/\/pos.uel.br\/quimica\/wp-content\/uploads\/2026\/03\/Edital-03_2026-Convocacao-01-M_D-2026_1S_assinado.pdf\" data-type=\"link\" data-id=\"https:\/\/pos.uel.br\/quimica\/wp-content\/uploads\/2026\/03\/Edital-03_2026-Convocacao-01-M_D-2026_1S_assinado.pdf\">Edital 03\/2026<\/a><\/strong><\/p>\n\n\n\n<p>.<\/p>\n\n\n\n<p><strong>Edital de<\/strong>&nbsp;<strong>Resultado de Sele\u00e7\u00e3o Alunos Especiais (1o. Semestre 2026)<\/strong>\u2013&nbsp;<strong><a href=\"https:\/\/pos.uel.br\/quimica\/wp-content\/uploads\/2026\/03\/Edital_PPGQ__02_2026_Resultado_Especial_1S_assinado.pdf\" data-type=\"link\" data-id=\"https:\/\/pos.uel.br\/quimica\/wp-content\/uploads\/2026\/03\/Edital_PPGQ__02_2026_Resultado_Especial_1S_assinado.pdf\">Edital 02\/2026<\/a><\/strong><br>.<br><strong>Edital de<\/strong>&nbsp;<strong>Sele\u00e7\u00e3o de Alunos Especiais (1o. Semestre 2026)<\/strong>\u2013&nbsp;<strong><a href=\"https:\/\/pos.uel.br\/quimica\/wp-content\/uploads\/2026\/02\/Edital_PPGQ__01_2026_Especial_1S_VF_assinado.pdf\" data-type=\"link\" data-id=\"https:\/\/pos.uel.br\/quimica\/wp-content\/uploads\/2026\/02\/Edital_PPGQ__01_2026_Especial_1S_VF_assinado.pdf\">Edital 01\/2026<\/a><\/strong><\/p>\n\n\n\n<p class=\"has-text-align-center\">. Listagem com pedido de isen\u00e7\u00e3o deferido &#8211; Edital 01\/2026- <a href=\"https:\/\/pos.uel.br\/quimica\/wp-content\/uploads\/2026\/02\/Listagem-de-candidatos-_Isencao-de-taxa_19fev2026.pdf\" data-type=\"link\" data-id=\"https:\/\/pos.uel.br\/quimica\/wp-content\/uploads\/2026\/02\/Listagem-de-candidatos-_Isencao-de-taxa_19fev2026.pdf\"><strong>Clique aqui&nbsp;<\/strong><\/a><\/p>\n\n\n\n<p class=\"has-text-align-left\"><br>.<br><strong>Edital de Resultado Sele\u00e7\u00e3o Bolsistas &#8211; Mestrado e Doutorado ( para in\u00edcio 1o. Semestre 2026)<a href=\"https:\/\/pos.uel.br\/quimica\/wp-content\/uploads\/2025\/12\/Edital_17_2025_-_Resultado_bolsa_M26D_2025_assinado.pdf\" data-type=\"link\" data-id=\"https:\/\/pos.uel.br\/quimica\/wp-content\/uploads\/2025\/12\/Edital_17_2025_-_Resultado_bolsa_M26D_2025_assinado.pdf\">&#8211; Edital 17\/2025<\/a><\/strong><\/p>\n\n\n\n<p>.<\/p>\n\n\n\n<p><strong>Edital de Sele\u00e7\u00e3o Bolsistas do Programa de Doutorado Sandu\u00edche no Exterior<\/strong> &#8211;<strong>PDSE ( para in\u00edcio 2o. Semestre 2026)<\/strong> &#8211; <strong><a href=\"https:\/\/pos.uel.br\/quimica\/wp-content\/uploads\/2025\/12\/Edital_16_2025_Bolsa_PDSE2026_2Chamada_Completo_assinado.pdf\" data-type=\"link\" data-id=\"https:\/\/pos.uel.br\/quimica\/wp-content\/uploads\/2025\/12\/Edital_16_2025_Bolsa_PDSE2026_2Chamada_Completo_assinado.pdf\">Edital 16\/2025<\/a><\/strong><\/p>\n\n\n\n<p><strong>Resultado Edital 16\/2025&nbsp;<\/strong>\u2013 Ata de Sele\u00e7\u00e3o de Candidaturas ao Programa de Doutorado Sandu\u00edche no Exterior \u2013 PDSE \u2013&nbsp;<a href=\"https:\/\/pos.uel.br\/quimica\/wp-content\/uploads\/2026\/01\/Ata-de-Resultado-da-Selecao-Interna-PDSE-UEL_2026_2S_assinado-1.pdf\" data-type=\"link\" data-id=\"https:\/\/pos.uel.br\/quimica\/wp-content\/uploads\/2026\/01\/Ata-de-Resultado-da-Selecao-Interna-PDSE-UEL_2026_2S_assinado-1.pdf\">Clique aqui<\/a><\/p>\n\n\n\n<p><\/p>\n\n\n\n<p>.<\/p>\n\n\n\n<p><strong>Edital  Resultado Sele\u00e7\u00e3o de Ingressantes (Alunos Regulares) em 2026 1o Semestre &#8211; <a href=\"https:\/\/pos.uel.br\/quimica\/wp-content\/uploads\/2025\/12\/Edital_PPGQ__15_2025_Resultado-2026-01_mestrado_e_doutorado_VF_assinado.pdf\" data-type=\"link\" data-id=\"https:\/\/pos.uel.br\/quimica\/wp-content\/uploads\/2025\/12\/Edital_PPGQ__15_2025_Resultado-2026-01_mestrado_e_doutorado_VF_assinado.pdf\">Edital 015\/2025<\/a>  <\/strong><\/p>\n\n\n\n<p>.<\/p>\n\n\n\n<p><strong>Edital de Sele\u00e7\u00e3o Bolsistas &#8211; Mestrado e Doutorado ( para in\u00edcio 1o. Semestre 2026)<\/strong> &#8211; <a href=\"https:\/\/pos.uel.br\/quimica\/wp-content\/uploads\/2025\/12\/Edital_14_2025_-_selecao_de_bolsas_2026_RETIFICADO_assinado.pdf\">Edital 014\/2025 RETIFICADO <\/a><em>(Poder\u00e3o participar alunos regularmente matriculados ou aprovados no \u00faltimo Edital de Sele\u00e7\u00e3o (Edital 012\/2025)<\/em>)<\/p>\n\n\n\n<p>Anexo I &#8211; Edital 014\/2025 &#8211; Ficha de Inscri\u00e7\u00e3o &#8211; <a href=\"https:\/\/pos.uel.br\/quimica\/wp-content\/uploads\/2025\/12\/ANEXO-I-Edital-14_2025-selec\u0327a\u0303o-de-bolsas-2026-.docx\">Clique aqui<\/a><\/p>\n\n\n\n<p>Anexo II &#8211; Edital 014\/2025 &#8211; Tabela de Pontua\u00e7\u00e3o &#8211; <a href=\"https:\/\/pos.uel.br\/quimica\/wp-content\/uploads\/2025\/12\/ANEXO-II-Edital-14_2025-selec\u0327a\u0303o-de-bolsas-2026.docx\">Clique aqui<\/a><\/p>\n\n\n\n<p>Anexo III &#8211; Edital 014\/2025 &#8211; Declara\u00e7\u00e3o de v\u00ednculo empregat\u00edcio &#8211; <a href=\"https:\/\/pos.uel.br\/quimica\/wp-content\/uploads\/2025\/12\/ANEXO-III-Edital-14_2025-selec\u0327a\u0303o-de-bolsas-2026.docx\">Clique aqui<\/a><\/p>\n\n\n\n<p>Anexo IV &#8211; Edital 014\/2025 &#8211; Declara\u00e7\u00e3o de n\u00e3o possuir v\u00ednculo empregat\u00edcio &#8211; <a href=\"https:\/\/pos.uel.br\/quimica\/wp-content\/uploads\/2025\/12\/ANEXO-IV-Edital-14_2025-selec\u0327a\u0303o-de-bolsas-2026.docx\">Clique aqui<\/a><\/p>\n\n\n\n<p>.<\/p>\n\n\n\n<p><strong>Edital de Sele\u00e7\u00e3o Bolsistas do Programa de Doutorado Sandu\u00edche no Exterior<\/strong> &#8211;<strong> PDSE ( para in\u00edcio 1o. Semestre 2026)<\/strong> &#8211; <strong><a href=\"https:\/\/pos.uel.br\/quimica\/wp-content\/uploads\/2025\/09\/Edital_13_2025_Bolsa_PDSE2025_Completo_assinado.pdf\" data-type=\"link\" data-id=\"https:\/\/pos.uel.br\/quimica\/wp-content\/uploads\/2025\/09\/Edital_13_2025_Bolsa_PDSE2025_Completo_assinado.pdf\"> Edital 13\/2025<\/a><\/strong><\/p>\n\n\n\n<ul class=\"wp-block-list\">\n<li><strong>Resultado Edital 13\/2025 <\/strong>&#8211; Ata de Sele\u00e7\u00e3o de Candidaturas ao Programa de Doutorado Sandu\u00edche no Exterior \u2013 PDSE &#8211; <a href=\"https:\/\/pos.uel.br\/quimica\/wp-content\/uploads\/2025\/09\/Ata-de-Resultado-da-Selecao-Interna-PDSE-UEL_2026_1S_assinado.pdf\" data-type=\"link\" data-id=\"https:\/\/pos.uel.br\/quimica\/wp-content\/uploads\/2025\/09\/Ata-de-Resultado-da-Selecao-Interna-PDSE-UEL_2026_1S_assinado.pdf\">Clique aqui<\/a><\/li>\n<\/ul>\n\n\n\n<p>.<\/p>\n\n\n\n<p><strong>Edital de Sele\u00e7\u00e3o Alunos Regulares (1o. Semestre 2026) &#8211; <a href=\"https:\/\/pos.uel.br\/quimica\/wp-content\/uploads\/2025\/08\/Edital_PPGQ_12_2025_Oferta_Regular_2026-1vf_assinado.pdf\" data-type=\"link\" data-id=\"https:\/\/pos.uel.br\/quimica\/wp-content\/uploads\/2025\/08\/Edital_PPGQ_12_2025_Oferta_Regular_2026-1vf_assinado.pdf\">Edital 12\/2025<\/a><\/strong><\/p>\n\n\n\n<p>Link inscri\u00e7\u00f5es com o CADUNICO: <a href=\"https:\/\/www.sistemasweb.uel.br\/index.php?contents=system\/insc\/index.php&amp;pagina=view\/inscricoes\/seleciona_evento.php&amp;cod_evento=11183\">https:\/\/www.sistemasweb.uel.br\/index.php?contents=system\/insc\/index.php&amp;pagina=view\/inscricoes\/seleciona_evento.php&amp;cod_evento=11183<\/a><br>Resultado das isen\u00e7\u00f5es &#8211; <strong><a href=\"https:\/\/pos.uel.br\/quimica\/wp-content\/uploads\/2025\/09\/Resultado-de-isencoes.pdf\" data-type=\"link\" data-id=\"https:\/\/pos.uel.br\/quimica\/wp-content\/uploads\/2025\/09\/Resultado-de-isencoes.pdf\">Clique aqui<\/a><\/strong>.<\/p>\n\n\n\n<p><strong>Edital de Resultado Sele\u00e7\u00e3o de Alunos Especiais (2 Semestre 2025)- <a href=\"https:\/\/pos.uel.br\/quimica\/wp-content\/uploads\/2025\/08\/Edital_011_25_Resul_Est._Esp_2025_02S_VF_assinado.pdf\" data-type=\"link\" data-id=\"https:\/\/pos.uel.br\/quimica\/wp-content\/uploads\/2025\/08\/Edital_011_25_Resul_Est._Esp_2025_02S_VF_assinado.pdf\">Edital 11\/2025<\/a><\/strong><\/p>\n\n\n\n<p><strong>Edital de Habilita\u00e7\u00e3o de Docentes aptos a orientar em 2026 &#8211; <a href=\"https:\/\/pos.uel.br\/quimica\/wp-content\/uploads\/2025\/08\/Edital_10_25_-_Docentes_habilitados_para_2026v2_assinado.pdf\" data-type=\"link\" data-id=\"https:\/\/pos.uel.br\/quimica\/wp-content\/uploads\/2025\/08\/Edital_10_25_-_Docentes_habilitados_para_2026v2_assinado.pdf\">Edital 10\/2025<\/a><\/strong><\/p>\n\n\n\n<p><strong>Edital de Resultado de Isentos como Alunos Especiais <strong>(2 Semestre 2025)<\/strong> &#8211; <a href=\"https:\/\/pos.uel.br\/quimica\/wp-content\/uploads\/2025\/07\/Edital_009_25_Isencao_Oferta_Especial_2025-2S_assinado.pdf\" data-type=\"link\" data-id=\"https:\/\/pos.uel.br\/quimica\/wp-content\/uploads\/2025\/07\/Edital_009_25_Isencao_Oferta_Especial_2025-2S_assinado.pdf\">Edital 09\/2025<\/a><\/strong><\/p>\n\n\n\n<p><strong>Edital de<\/strong> <strong>Sele\u00e7\u00e3o de Alunos Especiais (2 Semestre 2025)<\/strong>&#8211; <a href=\"https:\/\/pos.uel.br\/quimica\/wp-content\/uploads\/2025\/07\/Edital_008_25_Oferta_Especial_2025-2_assinado.pdf\" data-type=\"link\" data-id=\"https:\/\/pos.uel.br\/quimica\/wp-content\/uploads\/2025\/07\/Edital_008_25_Oferta_Especial_2025-2_assinado.pdf\"><strong>Edital 08\/2025<\/strong><\/a> (Vers\u00e3o em Ingl\u00eas &#8211; <strong><a href=\"https:\/\/pos.uel.br\/quimica\/wp-content\/uploads\/2025\/08\/Edital_008_25_Oferta_Especial_2025-2_English.pdf\" data-type=\"link\" data-id=\"https:\/\/pos.uel.br\/quimica\/wp-content\/uploads\/2025\/08\/Edital_008_25_Oferta_Especial_2025-2_English.pdf\">Special Students &#8211; English<\/a><\/strong>\/ Vers\u00e3o em Espanhol &#8211; <strong><a href=\"https:\/\/pos.uel.br\/quimica\/wp-content\/uploads\/2025\/08\/Edital_008_25_Oferta_Especial_2025-2_Espanol.pdf\" data-type=\"link\" data-id=\"https:\/\/pos.uel.br\/quimica\/wp-content\/uploads\/2025\/08\/Edital_008_25_Oferta_Especial_2025-2_Espanol.pdf\">Estudiantes Especiales &#8211; Espa\u00f1ol<\/a><\/strong>)<\/p>\n\n\n\n<p><\/p>\n\n\n\n<p><\/p>\n\n\n\n<p><\/p>\n\n\n\n<p><\/p>\n\n\n\n<p><\/p>\n\n\n\n<p><\/p>\n<\/div>\n\n\n\n<div class=\"wp-block-columns is-layout-flex wp-container-core-columns-is-layout-9d6595d7 wp-block-columns-is-layout-flex\">\n<div class=\"wp-block-column is-layout-flow wp-block-column-is-layout-flow\">\n<div class=\"wp-block-uel-card\">\n<p><\/p>\n\n\n\n<h3 class=\"wp-block-heading is-style-highlighted-heading\">Defesas e qualifica\u00e7\u00f5es<\/h3>\n\n\n<div class=\"defesas-qualificacoes\">N\u00e3o existem defesas ou qualifica\u00e7\u00f5es agendadas.<a href=\"https:\/\/pos.uel.br\/quimica\/defesas-qualificacoes\/\" class=\"defesas-qualificacoes__todas\">Ver todas<\/a><\/div>\n\n\n<p><\/p>\n<\/div>\n<\/div>\n\n\n\n<div class=\"wp-block-column is-layout-flow wp-block-column-is-layout-flow\">\n<div class=\"wp-block-uel-card\">\n<h3 class=\"wp-block-heading is-style-highlighted-heading\">Posts<\/h3>\n\n\n\n<p>A Sele\u00e7\u00e3o de Alunos Regulares em 2026 ser\u00e1 baseada na nota do Exame Unificado em Qu\u00edmica SBQ (<a href=\"https:\/\/euq.sbq.org.br\/\">https:\/\/euq.sbq.org.br\/<\/a>) &#8211; pr\u00f3xima edi\u00e7\u00e3o 16\/11\/2025<\/p>\n\n\n\n<p>Universidade Estadual de Londrina homenageia egressos em evento no Anfiteatro do CESA (<a href=\"https:\/\/operobal.uel.br\/eventos\/2025\/08\/07\/universidade-estadual-de-londrina-homenageia-egressos-em-evento-no-anfiteatro-do-cesa\/\">https:\/\/operobal.uel.br\/eventos\/2025\/08\/07\/universidade-estadual-de-londrina-homenageia-egressos-em-evento-no-anfiteatro-do-cesa\/<\/a>)<\/p>\n<\/div>\n<\/div>\n<\/div>\n<\/div>\n\n\n\n<div class=\"wp-block-column is-layout-flow wp-block-column-is-layout-flow\" style=\"flex-basis:33.33%\">\n<div class=\"wp-block-uel-card\">\n<h3 class=\"wp-block-heading is-style-highlighted-heading\">Teses e disserta\u00e7\u00f5es<\/h3>\n\n\n\n<p><strong>Disserta\u00e7\u00f5es e Teses<\/strong><\/p>\n\n\n\n<p id=\"block-33348ee6-57c8-42d5-a9ea-a7227370d17f\">As disserta\u00e7\u00f5es e teses do PPGQ est\u00e3o disponibilizadas no site da Biblioteca Central da UEL:&nbsp;<\/p>\n\n\n\n<p>Disserta\u00e7\u00f5es de Mestrado: <a href=\"https:\/\/repositorio.uel.br\/collections\/44c46f25-17a2-4392-8ad8-6705b314ecb2\" data-type=\"link\" data-id=\"https:\/\/repositorio.uel.br\/collections\/44c46f25-17a2-4392-8ad8-6705b314ecb2\">Acesse Aqui<\/a><\/p>\n\n\n\n<p>Teses de Doutorado: <a href=\"https:\/\/repositorio.uel.br\/collections\/0ade5880-b3e4-4665-b8bf-e27d344906c2\" data-type=\"link\" data-id=\"https:\/\/repositorio.uel.br\/collections\/0ade5880-b3e4-4665-b8bf-e27d344906c2\">Acesse Aqui<\/a><\/p>\n<\/div>\n\n\n\n<figure class=\"wp-block-gallery has-nested-images columns-default is-cropped wp-block-gallery-2 is-layout-flex wp-block-gallery-is-layout-flex\"><\/figure>\n<\/div>\n<\/div>\n\n\n\n<p><\/p>\n","protected":false},"excerpt":{"rendered":"<p>Siga nos nas redes sociais: Instagram: @ppgquel Linkedin: PPGQ_UEL Para ingresso de estudantes regulares a partir de 2026: Para ingresso no Programa de P\u00f3s-gradua\u00e7\u00e3o em Qu\u00edmica a partir de 2026 ser\u00e1 utilizado a nota do Exame Unificado em Qu\u00edmica com um dos crit\u00e9rios de sele\u00e7\u00e3o dos novos p\u00f3s-graduandos. Portanto, n\u00e3o perca tempo e se inscreva [&hellip;]<\/p>\n","protected":false},"author":0,"featured_media":0,"parent":0,"menu_order":0,"comment_status":"closed","ping_status":"closed","template":"","meta":{"footnotes":""},"class_list":["post-84","page","type-page","status-publish","hentry"],"_links":{"self":[{"href":"https:\/\/pos.uel.br\/quimica\/wp-json\/wp\/v2\/pages\/84","targetHints":{"allow":["GET"]}}],"collection":[{"href":"https:\/\/pos.uel.br\/quimica\/wp-json\/wp\/v2\/pages"}],"about":[{"href":"https:\/\/pos.uel.br\/quimica\/wp-json\/wp\/v2\/types\/page"}],"replies":[{"embeddable":true,"href":"https:\/\/pos.uel.br\/quimica\/wp-json\/wp\/v2\/comments?post=84"}],"version-history":[{"count":73,"href":"https:\/\/pos.uel.br\/quimica\/wp-json\/wp\/v2\/pages\/84\/revisions"}],"predecessor-version":[{"id":1070,"href":"https:\/\/pos.uel.br\/quimica\/wp-json\/wp\/v2\/pages\/84\/revisions\/1070"}],"wp:attachment":[{"href":"https:\/\/pos.uel.br\/quimica\/wp-json\/wp\/v2\/media?parent=84"}],"curies":[{"name":"wp","href":"https:\/\/api.w.org\/{rel}","templated":true}]}}