{"id":818,"date":"2025-08-06T15:07:53","date_gmt":"2025-08-06T18:07:53","guid":{"rendered":"https:\/\/pos.uel.br\/quimica\/?page_id=818"},"modified":"2025-10-03T10:26:46","modified_gmt":"2025-10-03T13:26:46","slug":"egressos-doutorado","status":"publish","type":"page","link":"https:\/\/pos.uel.br\/quimica\/egressos-doutorado\/","title":{"rendered":"Egressos &#8211; Doutorado"},"content":{"rendered":"\n<figure class=\"wp-block-table\"><table class=\"has-fixed-layout\"><tbody><tr><td>LIVIA RAMAZZOTI CHANAN SILVA<\/td><td>&#8220;OBTEN\u00c7\u00c3O DE MATRIZES CER\u00c2MICAS DE OXICARBETO DE SIL\u00cdCIO (SICO) E AVALIA\u00c7\u00c3O DO DESEMPENHO COMO SENSORES VOLTAM\u00c9TRICOS PARA DETEC\u00c7\u00c3O SIMULT\u00c2NEA DE ANTIOXIDANTES FEN\u00d3LICOS&#8221;<\/td><td>MARIANA GAVA SEGATELLI<\/td><td>01\/07\/2022<\/td><\/tr><tr><td>TALITA FOGACA DE OLIVEIRA<\/td><td>&#8220;INFLU\u00caNCIA DOS \u00cdONS S\u00d3DIO E POT\u00c1SSIO NA FORMA\u00c7\u00c3O DE FILME DURANTE A SALGA DOS QUEIJOS MUSSARELA E PRATO COM APLICA\u00c7\u00c3O DE REDES NEURAIS ARTIFICIAIS&#8221;<\/td><td>DIONISIO BORSATO<\/td><td>12\/08\/2022<\/td><\/tr><tr><td>CLAUDIA DOMICIANO TORMENA<\/td><td>&#8220;APLICA\u00c7\u00c3O DE M\u00c9TODOS QUIMIOM\u00c9TRICOS EM DADOS QU\u00cdMICOS DE PRODUTOS AGR\u00cdCOLAS&#8221;<\/td><td>IEDA SPACINO SCARMINIO<\/td><td>06\/09\/2022<\/td><\/tr><tr><td>MAIYARA CAROLYNE PRETE<\/td><td>&#8220;PREPARO DE NANOCOMP\u00d3SITOS BASEADOS EM NANOESTRUTURAS DE CARBONO E POL\u00cdMERO FUNCIONAL VISANDO O DESENVOLVIMENTO DE SENSOR VOLTAM\u00c9TRICO PARA DETERMINA\u00c7\u00c3O DE MEFEDRONA&#8221;<\/td><td>CESAR RICARDO TEIXEIRA TARLEY<\/td><td>07\/10\/2022<\/td><\/tr><tr><td>DANIEL MORAIS NANICUACUA<\/td><td>&#8220;S\u00cdNTESE E APLICA\u00c7\u00c3O DE POL\u00cdMERO H\u00cdBRIDO BIFUNCIONAL MOLECULARMENTE IMPRESSO POLI (\u00c1CIDO Metacr\u00edlico-Feniltrimetoxisilano) PARA PR\u00c9-CONCENTRA\u00c7\u00c3O DE DIURON EM MATRIZES AQUOSAS E ALIMENT\u00cdCIAS&#8221;<\/td><td>CESAR RICARDO TEIXEIRA TARLEY<\/td><td>31\/10\/2022<\/td><\/tr><tr><td>ERICA SIGNORI ROMAGNOLI<\/td><td>&#8220;CER\u00c2MICAS DE OXICARBETO DE SIL\u00cdCIO MODIFICADAS COM METAIS DE TRANSI\u00c7\u00c3O (SiOC\/M) E AVALIA\u00c7\u00c3O DAS POTENCIALIDADES COMO MATERIAIS ELETR\u00d3DICOS&#8221;<\/td><td>MARIANA GAVA SEGATELLI<\/td><td>08\/12\/2022<\/td><\/tr><tr><td>CAROLINE SANTANA DOS SANTOS<\/td><td>&#8220;HOMO\/HETEROJUN\u00c7\u00d5ES EM MATERIAIS SEMICONDUTORES: S\u00cdNTESE, CARACTERIZA\u00c7\u00c3O E APLICA\u00c7\u00c3O FOTO(ELETRO) CATAL\u00cdTICA&#8221;<\/td><td>ROBERTO DE MATOS<\/td><td>12\/12\/2022<\/td><\/tr><tr><td>ANDRE DE ANDRADE AIRES FERREIRA LIM<\/td><td>&#8220;EMPREGO DE BENTONITA MAGNETIZADA COM NANOPART\u00cdCULAS DE MAGNETITA SINTETIZADAS A PARTIR DE RES\u00cdDUOS DE MINERA\u00c7\u00c3O PARA A REMO\u00c7\u00c3O DE FERRO E MANGAN\u00caS DA \u00c1GUA&#8221;<\/td><td>MARIA JOSEFA SANTOS YABE<\/td><td>14\/12\/2022<\/td><\/tr><tr><td>FELIPE AUGUSTO GORLA<\/td><td>&#8220;DESENVOLVIMENTO DE PLATAFORMAS SENSORAS BASEADAS EM VANADATO DE BISMUTO E POL\u00cdMERO MOLECULARMENTE IMPRESSO SINTETIZADO SOBRE NANOTUBOS DE CARBONO PARA DETERMINA\u00c7\u00c3O FOTOELETROQU\u00cdMICA DE DOPAMINA&#8221;<\/td><td>CESAR RICARDO TEIXEIRA TARLEY<\/td><td>28\/02\/2023<\/td><\/tr><tr><td>JESSICA BASSETTO CARRA<\/td><td>&#8220;DESENVOLVIMENTO DE FILMES POLIM\u00c9RICOS BIOADESIVOS E AVALIA\u00c7\u00c3O DA QUALIDADE, EFIC\u00c1CIA E SEGURAN\u00c7A DA FORMA FARMAC\u00caUTICA&#8221;<\/td><td>MARCELA MARIA BARACAT<\/td><td>24\/03\/2023<\/td><\/tr><tr><td>MARCIELI FABRIS<\/td><td>&#8220;TRIAGEM VIRTUAL DA QUIMIOTECA DO LASMMED E AVALIA\u00c7\u00c3O In Vitro COMO POTENCIAIS INIBIDORES DE Ureases&#8221;<\/td><td>MARCELLE DE LIMA FERREIRA BISPO<\/td><td>24\/03\/2023<\/td><\/tr><tr><td>LETICIA MAGALHAES DE AGUIAR<\/td><td>&#8220;EMPREGO DE T\u00c9CNICAS ESPECTROSC\u00d3PICAS DE BAIXO CUSTO NO MONITORAMENTO DA QUALIDADE DE COMBUST\u00cdVEIS VEICULARES&#8221;<\/td><td>MARIO HENRIQUE MONTAZZOLLI KILLNER<\/td><td>27\/03\/2023<\/td><\/tr><tr><td>KAIO MACIEL DE SANTIAGO SILVA<\/td><td>&#8220;TRIAGEM VIRTUAL NA PROTEASE PRINCIPAL DE SARS-CoV-2 E AVALIA\u00c7\u00c3O DE 4,8-dimetoxinaftalenil chalconas FRENTE A Leishmania amazonensis&#8221;<\/td><td>MARCELLE DE LIMA FERREIRA BISPO<\/td><td>30\/03\/2023<\/td><\/tr><tr><td>MARIA DE ALMEIDA SILVA<\/td><td>&#8220;PRODU\u00c7\u00c3O DE CER\u00c2MICAS CONDUTORAS DE OXICARBETO DE SIL\u00cdCIO (SiOC) E AVALIA\u00c7\u00c3O COMO MATERIAIS ELETR\u00d3DICOS PARA DETERMINA\u00c7\u00c3O VOLTAM\u00c9TRICA DE CARBENDAZIM&#8221;<\/td><td>MARIANA GAVA SEGATELLI<\/td><td>31\/03\/2023<\/td><\/tr><tr><td>MARIANA MORAES GOES<\/td><td>&#8220;PRODU\u00c7\u00c3O E CARACTERIZA\u00c7\u00c3O DE FILMES BIODEGRAD\u00c1VEIS BASEADOS EM AMIDO E EXTRATOS NATURAIS&#8221;<\/td><td>GIZILENE MARIA DE CARVALHO<\/td><td>31\/03\/2023<\/td><\/tr><tr><td>LUANA RIANNE DA ROCHA<\/td><td>&#8220;S\u00cdNTESE DE POL\u00cdMERO MOLECULARMENTE IMPRESSO PARA PR\u00c9-CONCENTRA\u00c7\u00c3O E DETERMINA\u00c7\u00c3O DE TETRACICLINAS EM AMOSTRAS DE LEITE&#8221;<\/td><td>CESAR RICARDO TEIXEIRA TARLEY<\/td><td>19\/05\/2023<\/td><\/tr><tr><td>JULIANA NUNES QUIRINO<\/td><td>&#8220;S\u00cdNTESE E APLICA\u00c7\u00c3O DE MATERIAL SORVENTE TIPO Fe &#8211; MCM &#8211; 41 A PARTIR DA LAMA DE MINERA\u00c7\u00c3O PROVENIENTE DO ROMPIMNEETO DA BARRAGEM EM MARIANA &#8211; MG&#8221;<\/td><td>MARIA JOSEFA SANTOS YABE<\/td><td>30\/06\/2023<\/td><\/tr><tr><td>MARCO AURELIO JEANEGITZ CLEMENTE<\/td><td>&#8220;ESTUDO DA INFLU\u00caNCIA DOS \u00cdONS CU2+, FE2+ E FE3+ E EXTRATOS NATURAIS COM PROPRIEDADES ANTIOXIDANTES NA REA\u00c7\u00c3O DE OXIDA\u00c7\u00c3O DO BIODIESEL&#8221;<\/td><td>DIONISIO BORSATO<\/td><td>13\/07\/2023<\/td><\/tr><tr><td>VICTOR PONTES PIRACELLI<\/td><td>&#8220;A PRESEN\u00c7A DE AGROT\u00d3XICOS NAS FASES GASOSA E PARTICULADA E<br>SUA DISTRIBUI\u00c7\u00c3O POR TAMANHO NO AR ATMOSF\u00c9RICO&#8221;<\/td><td>MARIA CRISTINA SOLCI<\/td><td>06\/10\/2023<\/td><\/tr><tr><td>ANGELITA APARECIDA RIBEIRO DA SILVA<\/td><td>&#8220;DIFUS\u00c3O DE POLUENTES INORG\u00c2NICOS POTENCIALMENTE T\u00d3XICOS EM MATRIZES AMBIENTAIS&#8221;<\/td><td>MARIA JOSEFA SANTOS YABE<\/td><td>15\/12\/2023<\/td><\/tr><tr><td>PAULA MANTOVANI DOS SANTOS<\/td><td>&#8220;PREPARO DE POLI(aliltioureia) IONICAMENTE IMPRESSO COM AUX\u00cdLIO DOLIGANTE 1-(2-piridilazo)-2-naftol (PAN) PARA PR\u00c9-CONCENTRA\u00c7\u00c3O EM FASE S\u00d3LIDA DISPERSIVA MAGN\u00c9TICA EM AMOSTRAS DE \u00c1GUA E ALIMENTOS&#8221;<\/td><td>CESAR RICARDO TEIXEIRA TARLEY<\/td><td>23\/02\/2024<\/td><\/tr><tr><td>JULIANO BRISOLA<\/td><td>&#8220;DESENVOLVIMENTO E CARACTERIZA\u00c7\u00c3O E POTENCIAIS APLICA\u00c7\u00d5ES DE BLENDAS DE CELULOSE\/SULFATO DE CONDROITINA&#8221;<\/td><td>GIZILENE MARIA DE CARVALHO<\/td><td>07\/03\/2024<\/td><\/tr><tr><td>ANNA BEATRIZ SABINO FERRARI<\/td><td>&#8220;PHYTOCHEMICAL STUDY OF BRAZILIAN AND ASIATIC FRUITS AND EVALUATION OF THEIR ANTI-GLYCATION AND ANTIOXIDANT POTENTIAL IN SEARCH OF A NEW COSMETIC INGREDIENT&#8221;<\/td><td>MARIA LUIZA ZERAIK<\/td><td>22\/03\/2024<\/td><\/tr><tr><td>GABRIELLE CRISTINA CALEGARI<\/td><td>&#8220;SULFATA\u00c7\u00d5ES REGIOSSELETIVAS EM BOTRIOSFERANA: AVALIA\u00c7\u00c3O BIOL\u00d3GICA E DESENVOLVIMENTO DE PRODUTO ANTI-HERP\u00c9TICO&#8221;<\/td><td>ALEXANDRE ORSATO<\/td><td>03\/04\/2024<\/td><\/tr><tr><td>LETICIA ALANA BERTOLDO<\/td><td>&#8220;POL\u00cdMERO IONICAMENTE IMPRESSO POLI (Aliltiourea) COM ACESSO RESTRITO SUPORTADO EM NANOTUBOS DE CARBONO PARA PR\u00c9-CONCENTRA\u00c7\u00c3O DE \u00cdONS CHUMBO&#8221;<\/td><td>CESAR RICARDO TEIXEIRA TARLEY<\/td><td>12\/04\/2024<\/td><\/tr><tr><td>BEATRIZ CAETANO BENUTO<\/td><td>&#8220;FIBRAS DE \u00d3XIDOS MET\u00c1LICOS OBTIDAS POR ELETROFIA\u00c7\u00c3O APLICADAS NA GERA\u00c7\u00c3O FOTOELETROCATAL\u00cdTICA DE HIDROG\u00caNIO&#8221;<\/td><td>ROBERTO DE MATOS<\/td><td>23\/04\/2024<\/td><\/tr><tr><td>LUCIANE EFFTING<\/td><td>&#8220;DESENVOLVIMENTO DE MICROSSISTEMAS DE PR\u00c9-CONCENTRA\u00c7\u00c3O BASEADOS EM SOLVENTE SUPRAMOLECULAR PARA DETERMINA\u00c7\u00c3O PESTICIDAS E AMOSTRAS DE \u00c1GUA E FARINHAS DE CEREAIS POR HPLC-DAD&#8221;<\/td><td>CESAR RICARDO TEIXEIRA TARLEY<\/td><td>21\/06\/2024<\/td><\/tr><tr><td>RICARDO LUIS NASCIMENTO DE MATOS<\/td><td>&#8220;DOIS M\u00c9TODOS DE SECAGEM DA Solidago chilensis E SUA INFLU\u00caNCIA NA CONCENTRA\u00c7\u00c3O DE COMPOSTOS BIOATIVOS E ATIVIDADES ANTIVIRAL E ANTIOXIDANTE&#8221;<\/td><td>NILTON SYOGO ARAKAWA<\/td><td>15\/08\/2024<\/td><\/tr><tr><td>MARY CARMEN MATE DUREK DE CONTI<\/td><td>&#8220;DESENVOLVIMENTO DE NANOBAST\u00d5ES DE Zn2GeO4 PARA APLICA\u00c7\u00d5ES FOTOCATAL\u00cdTICAS&#8221;<\/td><td>FELIPE DE ALMEIDA LA PORTA<\/td><td>25\/10\/2024<\/td><\/tr><tr><td>PAULA PAULINO SILVA<\/td><td>&#8220;S\u00cdNTESE E CARACTERIZA\u00c7\u00c3O DE HIDROG\u00c9IS PARA ADSOR\u00c7\u00c3O DE CONTAMINANTES&#8221;<\/td><td>GIZILENE MARIA DE CARVALHO<\/td><td>01\/11\/2024<\/td><\/tr><tr><td>MILENA DO PRADO FERREIRA<\/td><td>&#8220;DESENVOLVIMENTO DE SENSOR BIOMIM\u00c9TICO DE POLIPIRROL BASEADO EM TECNOLOGIA DE IMPRESS\u00c3O QU\u00cdMICA E PR\u00c9-CONCENTRA\u00c7\u00c3O CONTROLADA ELETROQUIMICAMENTE VISANDO A DETERMINA\u00c7\u00c3O DE SARS-CoV-2 EM AMOSTRA DE SALIVA&#8221;<\/td><td>CESAR RICARDO TEIXEIRA TARLEY<\/td><td>19\/12\/2024<\/td><\/tr><tr><td>ANNE CATHERINNE DA LUZ DOS SANTOS<\/td><td>&#8220;O USO DE SOFTWARE DE SIMULA\u00c7\u00c3O DIGITAL NO ENSINO E APRENDIZAGEM DE QU\u00cdMICA: UMA AN\u00c1LISE \u00c0 LUZ DO CONECTIVISMO E DA APRENDIZAGEM SIGNIFICATIVA&#8221;<\/td><td>MARCELO MAIA CIRINO<\/td><td>25\/02\/2025<\/td><\/tr><tr><td>LUAN PEREIRA CAMARGO<\/td><td>&#8220;DEVELOPMENT OF LOW-COST AND ENHANCED IRON VANADATE ELECTRODES FOR (PHOTO)ELECTROCHEMICAL SENSOR APPLICATIONS&#8221;<\/td><td>LUIZ HENRIQUE DALL&#8217;ANTONIA<\/td><td>27\/02\/2025<\/td><\/tr><tr><td>RENATA ANDRADE MANFIO<\/td><td>UTILIZA\u00c7\u00c3O DE SIMULADORES NO ENSINO DE QU\u00cdMICA: A INFLU\u00caNCIA DA HIPER CULTURA NA APRENDIZAGEM DE CONCEITOS RELACIONADOS \u00c0 POLARIDADE MOLECULAR&#8221;<\/td><td>MARCELO MAIA CIRINO<\/td><td>13\/03\/2025<\/td><\/tr><tr><td>BARBARA LUNARDELLI KROETZ<\/td><td>&#8220;APRENDIZAGEM POR REFOR\u00c7O (Q-LEARNING) APLICADA \u00c0 BACIA HIDROGR\u00c1FICA DO RIO DOCE PARA O ESTABELECIMENTO DE POL\u00cdTICAS P\u00daBLICAS DE RECUPERA\u00c7\u00c3O&#8221;<\/td><td>MARIA JOSEFA SANTOS YABE<\/td><td>28\/03\/2025<\/td><\/tr><tr><td>CARLOS AUGUSTO LUZ<\/td><td>&#8220;IMPLANTA\u00c7\u00c3O E UTILIZA\u00c7\u00c3O DA PLATAFORMA QUIZIZZ NA DISCIPLINA DE QU\u00cdMICA NO N\u00daCLEO REGIONAL DE EDUCA\u00c7\u00c3O DE PARANAVA\u00cd: UM ESTUDO DE CASO&#8221;<\/td><td>MARCELO MAIA CIRINO<\/td><td>26\/06\/2025<\/td><\/tr><tr><td>MAYARA MASAE KUBOTA<\/td><td>&#8220;CARACTERIZA\u00c7\u00c3O EL\u00c9TRICA, \u00d3TICA E ESTRUTURAL DAS INTERFACES CONTENDO P3ATS E PCBM OU PDFA SOBRE ITO\/TIO2&#8221;<\/td><td>HENRIQUE DE SANTANA<\/td><td>08\/07\/2025<\/td><\/tr><tr><td>ISADORA GUILHERME BRANCO<\/td><td>&#8220;EFEITO DE \u00cdONS Cr3+, Mn2+ e Co2+ E ANTIOXIDANTES NATURAIS NA ESTABILIDADE OXIDATIVA DO BIODIESEL&#8221;<\/td><td>DIONISIO BORSATO<\/td><td>11\/08\/2025<\/td><\/tr><\/tbody><\/table><\/figure>\n\n\n\n<p>A tabela apresenta todos a(o)s Doutores que entregaram as vers\u00f5es corrigidas de suas Teses \u00e0 Secretaria de P\u00f3s-Gradua\u00e7\u00e3o.<\/p>\n","protected":false},"excerpt":{"rendered":"<p>LIVIA RAMAZZOTI CHANAN SILVA &#8220;OBTEN\u00c7\u00c3O DE MATRIZES CER\u00c2MICAS DE OXICARBETO DE SIL\u00cdCIO (SICO) E AVALIA\u00c7\u00c3O DO DESEMPENHO COMO SENSORES VOLTAM\u00c9TRICOS PARA DETEC\u00c7\u00c3O SIMULT\u00c2NEA DE ANTIOXIDANTES FEN\u00d3LICOS&#8221; MARIANA GAVA SEGATELLI 01\/07\/2022 TALITA FOGACA DE OLIVEIRA &#8220;INFLU\u00caNCIA DOS \u00cdONS S\u00d3DIO E POT\u00c1SSIO NA FORMA\u00c7\u00c3O DE FILME DURANTE A SALGA DOS QUEIJOS MUSSARELA E PRATO COM APLICA\u00c7\u00c3O DE [&hellip;]<\/p>\n","protected":false},"author":12,"featured_media":0,"parent":0,"menu_order":0,"comment_status":"closed","ping_status":"closed","template":"","meta":{"footnotes":""},"class_list":["post-818","page","type-page","status-publish","hentry"],"_links":{"self":[{"href":"https:\/\/pos.uel.br\/quimica\/wp-json\/wp\/v2\/pages\/818","targetHints":{"allow":["GET"]}}],"collection":[{"href":"https:\/\/pos.uel.br\/quimica\/wp-json\/wp\/v2\/pages"}],"about":[{"href":"https:\/\/pos.uel.br\/quimica\/wp-json\/wp\/v2\/types\/page"}],"author":[{"embeddable":true,"href":"https:\/\/pos.uel.br\/quimica\/wp-json\/wp\/v2\/users\/12"}],"replies":[{"embeddable":true,"href":"https:\/\/pos.uel.br\/quimica\/wp-json\/wp\/v2\/comments?post=818"}],"version-history":[{"count":5,"href":"https:\/\/pos.uel.br\/quimica\/wp-json\/wp\/v2\/pages\/818\/revisions"}],"predecessor-version":[{"id":937,"href":"https:\/\/pos.uel.br\/quimica\/wp-json\/wp\/v2\/pages\/818\/revisions\/937"}],"wp:attachment":[{"href":"https:\/\/pos.uel.br\/quimica\/wp-json\/wp\/v2\/media?parent=818"}],"curies":[{"name":"wp","href":"https:\/\/api.w.org\/{rel}","templated":true}]}}