{"id":8,"date":"2021-04-27T15:46:13","date_gmt":"2021-04-27T18:46:13","guid":{"rendered":"https:\/\/pos.uel.br\/quimica\/?page_id=8"},"modified":"2025-05-06T19:17:52","modified_gmt":"2025-05-06T22:17:52","slug":"areas-de-concentracao","status":"publish","type":"page","link":"https:\/\/pos.uel.br\/quimica\/areas-de-concentracao\/","title":{"rendered":"\u00c1reas de concentra\u00e7\u00e3o"},"content":{"rendered":"\n<p><\/p>\n\n\n\n<p><br>O Programa de P\u00f3s Gradua\u00e7\u00e3o em Qu\u00edmica atua na \u00e1rea de concentra\u00e7\u00e3o:<\/p>\n\n\n\n<p class=\"has-medium-font-size\"><strong>Qu\u00edmica<\/strong><br><br><\/p>\n\n\n\n<p><\/p>\n\n\n\n<p>Com as seguintes Linhas de Pesquisa:<\/p>\n\n\n\n<ul class=\"wp-block-list\">\n<li>Desenvolvimento de Metodologias Anal\u00edticas, Sensores e Quimiometria<\/li>\n<\/ul>\n\n\n\n<ul class=\"wp-block-list\">\n<li>Qu\u00edmica de Mol\u00e9culas Bioativas, Produtos Naturais, Qu\u00edmica Medicinal e S\u00edntese Org\u00e2nica<\/li>\n<\/ul>\n\n\n\n<ul class=\"wp-block-list\">\n<li>Qu\u00edmica de (Nano)Materiais, Superf\u00edcies e Interfaces<\/li>\n<\/ul>\n\n\n\n<p><\/p>\n\n\n\n<p><\/p>\n","protected":false},"excerpt":{"rendered":"<p>O Programa de P\u00f3s Gradua\u00e7\u00e3o em Qu\u00edmica atua na \u00e1rea de concentra\u00e7\u00e3o: Qu\u00edmica Com as seguintes Linhas de Pesquisa:<\/p>\n","protected":false},"author":1,"featured_media":0,"parent":0,"menu_order":0,"comment_status":"closed","ping_status":"closed","template":"","meta":{"footnotes":""},"class_list":["post-8","page","type-page","status-publish","hentry"],"_links":{"self":[{"href":"https:\/\/pos.uel.br\/quimica\/wp-json\/wp\/v2\/pages\/8","targetHints":{"allow":["GET"]}}],"collection":[{"href":"https:\/\/pos.uel.br\/quimica\/wp-json\/wp\/v2\/pages"}],"about":[{"href":"https:\/\/pos.uel.br\/quimica\/wp-json\/wp\/v2\/types\/page"}],"author":[{"embeddable":true,"href":"https:\/\/pos.uel.br\/quimica\/wp-json\/wp\/v2\/users\/1"}],"replies":[{"embeddable":true,"href":"https:\/\/pos.uel.br\/quimica\/wp-json\/wp\/v2\/comments?post=8"}],"version-history":[{"count":7,"href":"https:\/\/pos.uel.br\/quimica\/wp-json\/wp\/v2\/pages\/8\/revisions"}],"predecessor-version":[{"id":660,"href":"https:\/\/pos.uel.br\/quimica\/wp-json\/wp\/v2\/pages\/8\/revisions\/660"}],"wp:attachment":[{"href":"https:\/\/pos.uel.br\/quimica\/wp-json\/wp\/v2\/media?parent=8"}],"curies":[{"name":"wp","href":"https:\/\/api.w.org\/{rel}","templated":true}]}}