{"id":703,"date":"2025-07-14T12:23:34","date_gmt":"2025-07-14T15:23:34","guid":{"rendered":"https:\/\/pos.uel.br\/quimica\/?page_id=703"},"modified":"2025-07-14T12:27:32","modified_gmt":"2025-07-14T15:27:32","slug":"credenciamento-e-descredenciamento","status":"publish","type":"page","link":"https:\/\/pos.uel.br\/quimica\/credenciamento-e-descredenciamento\/","title":{"rendered":"Credenciamento e Descredenciamento"},"content":{"rendered":"\n<p><\/p>\n\n\n\n<p>Os crit\u00e9rios para credenciamento e descredenciamento de docentes junto ao Programa de P\u00f3s-Gradua\u00e7\u00e3o em Qu\u00edmica seguem a Resolu\u00e7\u00e3o PPGQ 001\/2024<\/p>\n\n\n\n<p><strong><a href=\"https:\/\/pos.uel.br\/quimica\/wp-content\/uploads\/2025\/07\/001_2024_cred_descred_docentes_assinado.pdf\" data-type=\"link\" data-id=\"https:\/\/pos.uel.br\/quimica\/wp-content\/uploads\/2025\/07\/001_2024_cred_descred_docentes_assinado.pdf\"> Resolu\u00e7\u00e3o 001\/2024 &#8211; Credenciamento e descredenciamento de Docentes PPGQ<\/a><\/strong><\/p>\n\n\n\n<p><\/p>\n","protected":false},"excerpt":{"rendered":"<p>Os crit\u00e9rios para credenciamento e descredenciamento de docentes junto ao Programa de P\u00f3s-Gradua\u00e7\u00e3o em Qu\u00edmica seguem a Resolu\u00e7\u00e3o PPGQ 001\/2024 Resolu\u00e7\u00e3o 001\/2024 &#8211; Credenciamento e descredenciamento de Docentes PPGQ<\/p>\n","protected":false},"author":12,"featured_media":0,"parent":0,"menu_order":0,"comment_status":"closed","ping_status":"closed","template":"","meta":{"footnotes":""},"class_list":["post-703","page","type-page","status-publish","hentry"],"_links":{"self":[{"href":"https:\/\/pos.uel.br\/quimica\/wp-json\/wp\/v2\/pages\/703","targetHints":{"allow":["GET"]}}],"collection":[{"href":"https:\/\/pos.uel.br\/quimica\/wp-json\/wp\/v2\/pages"}],"about":[{"href":"https:\/\/pos.uel.br\/quimica\/wp-json\/wp\/v2\/types\/page"}],"author":[{"embeddable":true,"href":"https:\/\/pos.uel.br\/quimica\/wp-json\/wp\/v2\/users\/12"}],"replies":[{"embeddable":true,"href":"https:\/\/pos.uel.br\/quimica\/wp-json\/wp\/v2\/comments?post=703"}],"version-history":[{"count":2,"href":"https:\/\/pos.uel.br\/quimica\/wp-json\/wp\/v2\/pages\/703\/revisions"}],"predecessor-version":[{"id":707,"href":"https:\/\/pos.uel.br\/quimica\/wp-json\/wp\/v2\/pages\/703\/revisions\/707"}],"wp:attachment":[{"href":"https:\/\/pos.uel.br\/quimica\/wp-json\/wp\/v2\/media?parent=703"}],"curies":[{"name":"wp","href":"https:\/\/api.w.org\/{rel}","templated":true}]}}