{"id":7,"date":"2021-04-27T15:46:13","date_gmt":"2021-04-27T18:46:13","guid":{"rendered":"https:\/\/pos.uel.br\/quimica\/?page_id=7"},"modified":"2022-03-18T16:39:53","modified_gmt":"2022-03-18T19:39:53","slug":"historico","status":"publish","type":"page","link":"https:\/\/pos.uel.br\/quimica\/historico\/","title":{"rendered":"Hist\u00f3rico"},"content":{"rendered":"\n<p><strong>Breve Hist\u00f3rico<\/strong><\/p>\n\n\n\n<p>O in\u00edcio do Programa de P\u00f3s-Gradua\u00e7\u00e3o em Qu\u00edmica na Universidade Estadual de Londrina se deu em 2000 como Curso de Mestrado Acad\u00eamico em Qu\u00edmica dos Recursos Naturais com recomenda\u00e7\u00e3o da CAPES\/MEC, conceito 3. Em um&nbsp; primeiro momento, o APCN teve como base a abertura do curso em \u00e1rea aplicada, seguindo a prerrogativa da CAPES. Al\u00e9m disso, a proposta associava linhas de pesquisa em desenvolvimento no DQUI-UEL, de forma a atender a orienta\u00e7\u00e3o da CAPES quanto \u00e0 abertura de um Programa Stricto Sensu, bem como as necessidades regionais. Assim, as \u00e1reas de produtos naturais, ambiente e alimentos deram vaz\u00e3o \u00e0 proposta de Mestrado em Qu\u00edmica dos Recursos Naturais (PQRN) que foi aprovado com conceito 3, mantido por dois tri\u00eanios de avalia\u00e7\u00e3o. A partir de 2008 foi apresentada proposta de reestrutura\u00e7\u00e3o curricular e mudan\u00e7a do curso para Mestrado em Qu\u00edmica, cuja aprova\u00e7\u00e3o est\u00e1 estabelecida na Resolu\u00e7\u00e3o CEPE n. 157\/2008 de 23 de outubro de 2008 e C\u00e2mara de P\u00f3s-Gradua\u00e7\u00e3o n. 28\/2008. O Programa de Mestrado em Qu\u00edmica tornou-se mais abrangente, fortalecendo a forma\u00e7\u00e3o b\u00e1sica do p\u00f3s-graduando, ampliando as linhas de pesquisa e visando o aumento da produ\u00e7\u00e3o bibliogr\u00e1fica. No tri\u00eanio de avalia\u00e7\u00e3o 2008-2010, j\u00e1 com o Curso de Mestrado em Qu\u00edmica em andamento, o conceito subiu para 4.<\/p>\n\n\n\n<p>Em 2013, o curso mais uma vez foi reestruturado, apontando-se a modifica\u00e7\u00e3o da estrutura curricular e a ado\u00e7\u00e3o de crit\u00e9rios de habilita\u00e7\u00e3o docente, de forma a otimizar o tempo dispensado \u00e0s disciplinas por parte dos alunos, bem como estimular a produtividade cient\u00edfica considerando docentes e discentes do programa, priorizando revistas dos estratos Qualis-CAPES A e B. Essas a\u00e7\u00f5es tinham como objetivo maior melhorar o desempenho do programa e, portanto, a avalia\u00e7\u00e3o quadrienal. Em 2008 tamb\u00e9m foi aprovado pela CAPES o funcionamento do Doutorado em Qu\u00edmica em Associa\u00e7\u00e3o Ampla UEL\/UEPG\/UNICENTRO, com uma proposta inovadora. O corpo docente se ampliou, bem como as linhas de pesquisa se tornaram mais dedicadas \u00e0 Qu\u00edmica.<\/p>\n\n\n\n<p>Em 2016, foi submetido o APCN para um novo curso de Doutorado em Qu\u00edmica, para ser desenvolvido somente na UEL, como uma consequ\u00eancia da evolu\u00e7\u00e3o positiva nos \u00faltimos anos para as tr\u00eas institui\u00e7\u00f5es. Houve ent\u00e3o, por parte da CAPES, uma resposta positiva para o in\u00edcio das atividades do Programa de Doutorado, que teve o ingresso da primeira turma em 14\/08\/2017.<\/p>\n\n\n\n<p>Com o ingresso de estudantes no curso de Doutorado em trabalho conjunto com estudantes do curso de Mestrado ocorreu maior integra\u00e7\u00e3o entre os grupos e, consequentemente, a amplia\u00e7\u00e3o da produtividade e da qualidade t\u00e9cnica do Programa de P\u00f3s-Gradua\u00e7\u00e3o em Qu\u00edmica da UEL- Mestrado e Doutorado (PMDQUI-UEL).<\/p>\n","protected":false},"excerpt":{"rendered":"<p>Breve Hist\u00f3rico O in\u00edcio do Programa de P\u00f3s-Gradua\u00e7\u00e3o em Qu\u00edmica na Universidade Estadual de Londrina se deu em 2000 como Curso de Mestrado Acad\u00eamico em Qu\u00edmica dos Recursos Naturais com recomenda\u00e7\u00e3o da CAPES\/MEC, conceito 3. Em um&nbsp; primeiro momento, o APCN teve como base a abertura do curso em \u00e1rea aplicada, seguindo a prerrogativa da [&hellip;]<\/p>\n","protected":false},"author":1,"featured_media":0,"parent":0,"menu_order":0,"comment_status":"closed","ping_status":"closed","template":"","meta":{"footnotes":""},"class_list":["post-7","page","type-page","status-publish","hentry"],"_links":{"self":[{"href":"https:\/\/pos.uel.br\/quimica\/wp-json\/wp\/v2\/pages\/7","targetHints":{"allow":["GET"]}}],"collection":[{"href":"https:\/\/pos.uel.br\/quimica\/wp-json\/wp\/v2\/pages"}],"about":[{"href":"https:\/\/pos.uel.br\/quimica\/wp-json\/wp\/v2\/types\/page"}],"author":[{"embeddable":true,"href":"https:\/\/pos.uel.br\/quimica\/wp-json\/wp\/v2\/users\/1"}],"replies":[{"embeddable":true,"href":"https:\/\/pos.uel.br\/quimica\/wp-json\/wp\/v2\/comments?post=7"}],"version-history":[{"count":2,"href":"https:\/\/pos.uel.br\/quimica\/wp-json\/wp\/v2\/pages\/7\/revisions"}],"predecessor-version":[{"id":99,"href":"https:\/\/pos.uel.br\/quimica\/wp-json\/wp\/v2\/pages\/7\/revisions\/99"}],"wp:attachment":[{"href":"https:\/\/pos.uel.br\/quimica\/wp-json\/wp\/v2\/media?parent=7"}],"curies":[{"name":"wp","href":"https:\/\/api.w.org\/{rel}","templated":true}]}}