{"id":690,"date":"2025-07-14T12:04:06","date_gmt":"2025-07-14T15:04:06","guid":{"rendered":"https:\/\/pos.uel.br\/quimica\/?page_id=690"},"modified":"2025-07-14T14:02:27","modified_gmt":"2025-07-14T17:02:27","slug":"corpo-docente-3","status":"publish","type":"page","link":"https:\/\/pos.uel.br\/quimica\/corpo-docente-3\/","title":{"rendered":"Corpo Docente"},"content":{"rendered":"\n<p>O Programa de P\u00f3s-Gradua\u00e7\u00e3o em Qu\u00edmica da Universidade Estadual de Londrina (UEL) conta com um corpo docente altamente qualificado, composto por professores doutores com destacada atua\u00e7\u00e3o em pesquisa, ensino e orienta\u00e7\u00e3o. Nossos docentes possuem forma\u00e7\u00e3o em diversas \u00e1reas da Qu\u00edmica, incluindo Qu\u00edmica Anal\u00edtica, Qu\u00edmica Inorg\u00e2nica, Qu\u00edmica Org\u00e2nica, F\u00edsico-Qu\u00edmica e \u00e1reas interdisciplinares, garantindo uma forma\u00e7\u00e3o abrangente e atualizada aos p\u00f3s-graduandos.<\/p>\n\n\n\n<p>Com vasta experi\u00eancia nacional e internacional, os professores do programa desenvolvem pesquisas em linhas de fronteira, publicam em peri\u00f3dicos de alto impacto e mant\u00eam colabora\u00e7\u00f5es com institui\u00e7\u00f5es renomadas no Brasil e no exterior. Al\u00e9m disso, est\u00e3o comprometidos com a inova\u00e7\u00e3o, a transfer\u00eancia de conhecimento e a forma\u00e7\u00e3o de recursos humanos qualificados, contribuindo significativamente para o avan\u00e7o cient\u00edfico e tecnol\u00f3gico.<\/p>\n\n\n\n<p><\/p>\n\n\n\n<p><a href=\"https:\/\/pos.uel.br\/quimica\/corpo-docente\/\" data-type=\"page\" data-id=\"13\">Corpo Docente<\/a><\/p>\n\n\n\n<p><a href=\"https:\/\/pos.uel.br\/quimica\/habilitacao-docente\/\" data-type=\"page\" data-id=\"699\">Habilita\u00e7\u00e3o docente<\/a><\/p>\n\n\n\n<p><a href=\"https:\/\/pos.uel.br\/quimica\/credenciamento-e-descredenciamento\/\" data-type=\"page\" data-id=\"703\">Credenciamento e Descredenciamento<\/a><\/p>\n\n\n\n<p><\/p>\n","protected":false},"excerpt":{"rendered":"<p>O Programa de P\u00f3s-Gradua\u00e7\u00e3o em Qu\u00edmica da Universidade Estadual de Londrina (UEL) conta com um corpo docente altamente qualificado, composto por professores doutores com destacada atua\u00e7\u00e3o em pesquisa, ensino e orienta\u00e7\u00e3o. Nossos docentes possuem forma\u00e7\u00e3o em diversas \u00e1reas da Qu\u00edmica, incluindo Qu\u00edmica Anal\u00edtica, Qu\u00edmica Inorg\u00e2nica, Qu\u00edmica Org\u00e2nica, F\u00edsico-Qu\u00edmica e \u00e1reas interdisciplinares, garantindo uma forma\u00e7\u00e3o abrangente [&hellip;]<\/p>\n","protected":false},"author":12,"featured_media":0,"parent":0,"menu_order":0,"comment_status":"closed","ping_status":"closed","template":"","meta":{"footnotes":""},"class_list":["post-690","page","type-page","status-publish","hentry"],"_links":{"self":[{"href":"https:\/\/pos.uel.br\/quimica\/wp-json\/wp\/v2\/pages\/690","targetHints":{"allow":["GET"]}}],"collection":[{"href":"https:\/\/pos.uel.br\/quimica\/wp-json\/wp\/v2\/pages"}],"about":[{"href":"https:\/\/pos.uel.br\/quimica\/wp-json\/wp\/v2\/types\/page"}],"author":[{"embeddable":true,"href":"https:\/\/pos.uel.br\/quimica\/wp-json\/wp\/v2\/users\/12"}],"replies":[{"embeddable":true,"href":"https:\/\/pos.uel.br\/quimica\/wp-json\/wp\/v2\/comments?post=690"}],"version-history":[{"count":4,"href":"https:\/\/pos.uel.br\/quimica\/wp-json\/wp\/v2\/pages\/690\/revisions"}],"predecessor-version":[{"id":718,"href":"https:\/\/pos.uel.br\/quimica\/wp-json\/wp\/v2\/pages\/690\/revisions\/718"}],"wp:attachment":[{"href":"https:\/\/pos.uel.br\/quimica\/wp-json\/wp\/v2\/media?parent=690"}],"curies":[{"name":"wp","href":"https:\/\/api.w.org\/{rel}","templated":true}]}}