{"id":68,"date":"2021-05-16T11:48:00","date_gmt":"2021-05-16T14:48:00","guid":{"rendered":"https:\/\/pos.uel.br\/quimica\/?page_id=68"},"modified":"2022-07-28T15:50:19","modified_gmt":"2022-07-28T18:50:19","slug":"pesquisa","status":"publish","type":"page","link":"https:\/\/pos.uel.br\/quimica\/pesquisa\/","title":{"rendered":"Pesquisa"},"content":{"rendered":"\n<p><strong>1.Desenvolvimento de ferramentas de diagn\u00f3sticos para SARS-CoV-2. <\/strong><\/p>\n\n\n\n<p>Coordenador Prof. Lauro Tatsuo Kubota &#8211; UNICAMP\u2013 2020- 2023<\/p>\n\n\n\n<p>Colaborador: Cesar Ricardo Teixeira Tarley<\/p>\n\n\n\n<p>Ag\u00eancia de Fomento: CNPq<\/p>\n\n\n\n<p>Valor R$ 100.000,00<\/p>\n\n\n\n<p><\/p>\n\n\n\n<p><strong>2.Desenvolvimento de testes diagn\u00f3stico para o enfrentamento da COVID-19: estrat\u00e9gias de diferencia\u00e7\u00e3o de outras s\u00edndromes respirat\u00f3rias agudas graves aplicadas ao SUS.<\/strong><\/p>\n\n\n\n<p>Coordenador: Sueli Fumie Yamada Ogatta &#8211; UEL- 2020-2023<\/p>\n\n\n\n<p>Colaborador: Cesar Ricardo Teixeira Tarley<\/p>\n\n\n\n<p>Ag\u00eancia de Fomento: CNPq<\/p>\n\n\n\n<p>Valor R$ 140.000,00<\/p>\n\n\n\n<p><\/p>\n\n\n\n<p><strong>3.Fortalecimento da infraestrutura multiusu\u00e1rio para a s\u00edntese, caracteriza\u00e7\u00e3o e aplica\u00e7\u00f5es de materiais funcionais<\/strong><\/p>\n\n\n\n<p>Coordenador: C\u00e9sar Ricardo Teixeira Tarley \u2013 2019-2023<\/p>\n\n\n\n<p>Ag\u00eancia de Fomento: \u2013 CT-INFRA-FINEP<\/p>\n\n\n\n<p>Valor R$ 480.000,00<\/p>\n\n\n\n<p><strong>4.Desenvolvimento de Sensores Eletroqu\u00edmicos e Fotoeletroqu\u00edmicos Empregando Plataformas Baseadas em Materiais Nanoestruturados Associados com Pol\u00edmeros Molecularmente Impressos e Cer\u00e2micas Condutoras<\/strong><\/p>\n\n\n\n<p>Coordenador: C\u00e9sar Ricardo Teixeira Tarley \u2013 2022-2025<\/p>\n\n\n\n<p>Ag\u00eancia de Fomento: CNPq \u2013 Chamada Universal<\/p>\n\n\n\n<p>Valor R$ 127.000,00<\/p>\n\n\n\n<p><strong>5.Desenvolvimento de Novas Metodologias Anal\u00edticas Baseadas em Tecnologia de Impress\u00e3o Qu\u00edmica<\/strong><\/p>\n\n\n\n<p>Coordenador: C\u00e9sar Ricardo Teixeira Tarley \u2013 2022-2024<\/p>\n\n\n\n<p>Ag\u00eancia de Fomento: Funda\u00e7\u00e3o Arauc\u00e1ria do Paran\u00e1 \u2013 Chamada Universal<\/p>\n\n\n\n<p>Valor R$ 25.000,00<\/p>\n\n\n\n<p><strong>5. Transformar res\u00edduos da agroind\u00fastria em bioinsumos inteligentes: materiais biodegrad\u00e1veis avan\u00e7ados para sistemas agroflorestais sustent\u00e1veis<\/strong><\/p>\n\n\n\n<p>Coordenador: F\u00e1bio Yamashita &#8211; UEL &#8211; DCTA<\/p>\n\n\n\n<p>Colaborador: Gizilene Maria de Carvalho<\/p>\n\n\n\n<p>Agencia de Fomento: FINEP<\/p>\n\n\n\n<p><strong>6. Din\u00e2mica ambiental de pesticidas no ar atmosf\u00e9rico e em \u00e1guas de precipita\u00e7\u00e3o<\/strong><\/p>\n\n\n\n<p> Coordenador: Maria Cristina Solci<\/p>\n\n\n\n<p>22\/07\/2018 &#8211;  21\/07\/2023<\/p>\n\n\n\n<p><strong>7. Estudo sobre o potencial oxidativo e sua rela\u00e7\u00e3o com a composi\u00e7\u00e3o qu\u00edmica no material particulado fino atmosf\u00e9rico<\/strong><\/p>\n\n\n\n<p>Coordenador: Maria Cristina Solci<\/p>\n\n\n\n<p> 05\/02\/2020 &#8211; 04\/02\/2024<\/p>\n\n\n\n<p><strong>8.Desenvolvimento e valida\u00e7\u00e3o de metodologia para determina\u00e7\u00e3o de contaminantes emergentes em amostras de interesse ambiental<\/strong><\/p>\n\n\n\n<p>Coordenador: Maria Cristina Solci<\/p>\n\n\n\n<p>13\/08\/2020 &#8211; 13\/06\/2025<\/p>\n\n\n\n<p><strong>9.Emprego da cromatografia a l\u00edquido com detec\u00e7\u00e3o por fluoresc\u00eancia para determina\u00e7\u00e3o de aminas no material particulado fino atmosf\u00e9rico<\/strong><\/p>\n\n\n\n<p>Coordenador: Maria Cristina Solci<\/p>\n\n\n\n<p>22\/02\/2021 &#8211; 21\/02\/2023<\/p>\n\n\n\n<p><strong>10.Estudo sobre a absor\u00e7\u00e3o de luz por black e brown carbon e de compostos org\u00e2nicos sol\u00faveis em \u00e1gua no material particulado fino e ultrafino atmosf\u00e9rico.<\/strong><\/p>\n\n\n\n<p>Coordenador: Maria Cristina Solci<\/p>\n\n\n\n<p>22\/02\/2021 &#8211; 21\/02\/2025<\/p>\n\n\n\n<p><strong>11.Ocorr\u00eancia de material particulado fino atmosf\u00e9rico (mp1,0) e a contribui\u00e7\u00e3o da fra\u00e7\u00e3o org\u00e2nica poluente.<\/strong><\/p>\n\n\n\n<p>Coordenador: Maria Cristina Solci<\/p>\n\n\n\n<p> 02\/08\/2021 &#8211; 01\/08\/2023<\/p>\n\n\n\n<p><\/p>\n","protected":false},"excerpt":{"rendered":"<p>1.Desenvolvimento de ferramentas de diagn\u00f3sticos para SARS-CoV-2. Coordenador Prof. Lauro Tatsuo Kubota &#8211; UNICAMP\u2013 2020- 2023 Colaborador: Cesar Ricardo Teixeira Tarley Ag\u00eancia de Fomento: CNPq Valor R$ 100.000,00 2.Desenvolvimento de testes diagn\u00f3stico para o enfrentamento da COVID-19: estrat\u00e9gias de diferencia\u00e7\u00e3o de outras s\u00edndromes respirat\u00f3rias agudas graves aplicadas ao SUS. Coordenador: Sueli Fumie Yamada Ogatta &#8211; [&hellip;]<\/p>\n","protected":false},"author":1,"featured_media":0,"parent":0,"menu_order":0,"comment_status":"closed","ping_status":"closed","template":"","meta":{"footnotes":""},"class_list":["post-68","page","type-page","status-publish","hentry"],"_links":{"self":[{"href":"https:\/\/pos.uel.br\/quimica\/wp-json\/wp\/v2\/pages\/68","targetHints":{"allow":["GET"]}}],"collection":[{"href":"https:\/\/pos.uel.br\/quimica\/wp-json\/wp\/v2\/pages"}],"about":[{"href":"https:\/\/pos.uel.br\/quimica\/wp-json\/wp\/v2\/types\/page"}],"author":[{"embeddable":true,"href":"https:\/\/pos.uel.br\/quimica\/wp-json\/wp\/v2\/users\/1"}],"replies":[{"embeddable":true,"href":"https:\/\/pos.uel.br\/quimica\/wp-json\/wp\/v2\/comments?post=68"}],"version-history":[{"count":6,"href":"https:\/\/pos.uel.br\/quimica\/wp-json\/wp\/v2\/pages\/68\/revisions"}],"predecessor-version":[{"id":338,"href":"https:\/\/pos.uel.br\/quimica\/wp-json\/wp\/v2\/pages\/68\/revisions\/338"}],"wp:attachment":[{"href":"https:\/\/pos.uel.br\/quimica\/wp-json\/wp\/v2\/media?parent=68"}],"curies":[{"name":"wp","href":"https:\/\/api.w.org\/{rel}","templated":true}]}}