{"id":654,"date":"2025-05-06T19:14:38","date_gmt":"2025-05-06T22:14:38","guid":{"rendered":"https:\/\/pos.uel.br\/quimica\/?page_id=654"},"modified":"2025-05-06T19:14:38","modified_gmt":"2025-05-06T22:14:38","slug":"missao-do-programa-ppgq","status":"publish","type":"page","link":"https:\/\/pos.uel.br\/quimica\/missao-do-programa-ppgq\/","title":{"rendered":"Miss\u00e3o do Programa PPGQ"},"content":{"rendered":"\n<p><br><\/p>\n\n\n\n<p>O Programa de Mestrado e Doutorado em Qu\u00edmica (PPGQ) tem a miss\u00e3o de formar recursos intelectuais na \u00e1rea de Qu\u00edmica com o mais alto padr\u00e3o e possui como principais objetivos a forma\u00e7\u00e3o de recursos humanos com as seguintes caracter\u00edsticas:<\/p>\n\n\n\n<p>1) Qualifica\u00e7\u00e3o em n\u00edvel de Mestrado e Doutorado com um amplo e s\u00f3lido conhecimento em Qu\u00edmica, tanto da parte te\u00f3rica quanto experimental, em conson\u00e2ncia com o atual est\u00e1gio de desenvolvimento da \u00e1rea;<\/p>\n\n\n\n<p>2) Capacidade de conduzir e propor projetos de pesquisa cient\u00edfica na \u00e1rea de qu\u00edmica e afins;<\/p>\n\n\n\n<p>3) Atuar de forma a exercer fun\u00e7\u00f5es de lideran\u00e7a no setor produtivo;<\/p>\n\n\n\n<p>4) Capacidade em desenvolver atividades integradas de ensino, pesquisa e extens\u00e3o em institui\u00e7\u00f5es de ensino superior.<\/p>\n","protected":false},"excerpt":{"rendered":"<p>O Programa de Mestrado e Doutorado em Qu\u00edmica (PPGQ) tem a miss\u00e3o de formar recursos intelectuais na \u00e1rea de Qu\u00edmica com o mais alto padr\u00e3o e possui como principais objetivos a forma\u00e7\u00e3o de recursos humanos com as seguintes caracter\u00edsticas: 1) Qualifica\u00e7\u00e3o em n\u00edvel de Mestrado e Doutorado com um amplo e s\u00f3lido conhecimento em Qu\u00edmica, [&hellip;]<\/p>\n","protected":false},"author":12,"featured_media":0,"parent":0,"menu_order":0,"comment_status":"closed","ping_status":"closed","template":"","meta":{"footnotes":""},"class_list":["post-654","page","type-page","status-publish","hentry"],"_links":{"self":[{"href":"https:\/\/pos.uel.br\/quimica\/wp-json\/wp\/v2\/pages\/654","targetHints":{"allow":["GET"]}}],"collection":[{"href":"https:\/\/pos.uel.br\/quimica\/wp-json\/wp\/v2\/pages"}],"about":[{"href":"https:\/\/pos.uel.br\/quimica\/wp-json\/wp\/v2\/types\/page"}],"author":[{"embeddable":true,"href":"https:\/\/pos.uel.br\/quimica\/wp-json\/wp\/v2\/users\/12"}],"replies":[{"embeddable":true,"href":"https:\/\/pos.uel.br\/quimica\/wp-json\/wp\/v2\/comments?post=654"}],"version-history":[{"count":1,"href":"https:\/\/pos.uel.br\/quimica\/wp-json\/wp\/v2\/pages\/654\/revisions"}],"predecessor-version":[{"id":656,"href":"https:\/\/pos.uel.br\/quimica\/wp-json\/wp\/v2\/pages\/654\/revisions\/656"}],"wp:attachment":[{"href":"https:\/\/pos.uel.br\/quimica\/wp-json\/wp\/v2\/media?parent=654"}],"curies":[{"name":"wp","href":"https:\/\/api.w.org\/{rel}","templated":true}]}}