{"id":6,"date":"2021-04-27T15:46:13","date_gmt":"2021-04-27T18:46:13","guid":{"rendered":"https:\/\/pos.uel.br\/quimica\/?page_id=6"},"modified":"2025-11-28T08:07:44","modified_gmt":"2025-11-28T11:07:44","slug":"sobre-o-programa","status":"publish","type":"page","link":"https:\/\/pos.uel.br\/quimica\/sobre-o-programa\/","title":{"rendered":"Sobre o programa"},"content":{"rendered":"\n<p>O Programa de P\u00f3s-gradua\u00e7\u00e3o em Qu\u00edmica (PPGQ) visa formar recursos&nbsp;intelectuais na \u00e1rea de Qu\u00edmica com o mais alto padr\u00e3o. O PPGQ tem natureza&nbsp;acad\u00eamica e de pesquisa com objetivo essencialmente cient\u00edfico, sendo que o&nbsp;alvo central n\u00e3o se baseia somente na transmiss\u00e3o do saber j\u00e1 constitu\u00eddo, mas&nbsp;est\u00e1 voltado \u00e0 elabora\u00e7\u00e3o de novos conhecimentos mediante a atividade de&nbsp;pesquisa criadora. Adicionalmente, o Programa de P\u00f3s-gradua\u00e7\u00e3o tem por&nbsp;finalidade oferecer dentro da universidade o ambiente e os recursos apropriados&nbsp;para que ocorra a franca investiga\u00e7\u00e3o cient\u00edfica, onde possa assegurar-se a a\u00e7\u00e3o&nbsp;aut\u00f4noma e inovadora das mais altas formas da cultura universit\u00e1ria. Compete ao&nbsp;PPGQ a forma\u00e7\u00e3o de profissionais criadores e competentes que possam atender&nbsp;a demanda no ensino b\u00e1sico e superior, garantindo ao mesmo tempo a constante&nbsp;melhoria da qualidade profissional. Ainda, pretende-se estimular o&nbsp;desenvolvimento da pesquisa cient\u00edfica por meio da prepara\u00e7\u00e3o adequada de pesquisadores, pelo treinamento eficaz de trabalhadores intelectuais do mais alto&nbsp;padr\u00e3o para atender \u00e0s necessidades do desenvolvimento nacional em todos os&nbsp;setores, bem como atuar no desenvolvimento de novas t\u00e9cnicas e processos.<\/p>\n\n\n<div class=\"wp-block-image\">\n<figure class=\"aligncenter size-full is-resized\"><img loading=\"lazy\" decoding=\"async\" width=\"1024\" height=\"1024\" src=\"https:\/\/pos.uel.br\/quimica\/wp-content\/uploads\/2025\/05\/image-1.png\" alt=\"\" class=\"wp-image-467\" style=\"width:203px;height:auto\" srcset=\"https:\/\/pos.uel.br\/quimica\/wp-content\/uploads\/2025\/05\/image-1.png 1024w, https:\/\/pos.uel.br\/quimica\/wp-content\/uploads\/2025\/05\/image-1-300x300.png 300w, https:\/\/pos.uel.br\/quimica\/wp-content\/uploads\/2025\/05\/image-1-150x150.png 150w\" sizes=\"auto, (max-width: 1024px) 100vw, 1024px\" \/><\/figure>\n<\/div>\n\n\n<p><\/p>\n\n\n\n<h3 class=\"wp-block-heading\"><strong>P\u00fablico Alvo<\/strong><\/h3>\n\n\n\n<p>Poder\u00e3o candidatar-se ao Programa de P\u00f3s-Gradua\u00e7\u00e3o em Qu\u00edmica \u2013 Curso de Mestrado ou de Doutorado, graduados em Qu\u00edmica ou \u00e1reas correlatas.<\/p>\n\n\n\n<h3 class=\"wp-block-heading\">Bolsas de Estudo<\/h3>\n\n\n\n<p><\/p>\n\n\n\n<p>O Programa disp\u00f5e de bolsas oferecidas pela CAPES, CNPq e Funda\u00e7\u00e3o Arauc\u00e1ria. A Comiss\u00e3o de Bolsas \u00e9 respons\u00e1vel pela distribui\u00e7\u00e3o de bolsas seguindo as normas definidas pela CAPES, CNPq e Funda\u00e7\u00e3o Arauc\u00e1ria e conforme a disponibilidade. A classifica\u00e7\u00e3o dos candidatos a bolsas \u00e9 realizada considerando o m\u00e9rito acad\u00eamico do p\u00f3s-graduando julgado atrav\u00e9s de provas de conhecimento e an\u00e1lise de&nbsp;<em>Curriculum Vitae.<\/em><\/p>\n\n\n\n<h3 class=\"wp-block-heading\">Dura\u00e7\u00e3o<\/h3>\n\n\n\n<p>O Mestrado tem a dura\u00e7\u00e3o m\u00ednima de 02 (dois e m\u00e1xima de 04 (quatro) per\u00edodos letivos.<\/p>\n\n\n\n<p>O Doutorado ter\u00e1 a dura\u00e7\u00e3o m\u00ednima de 04 (quatro) e m\u00e1xima de 08 (oito) per\u00edodos letivos. <\/p>\n\n\n\n<h3 class=\"wp-block-heading\"><strong>N\u00famero de Vagas<\/strong><\/h3>\n\n\n\n<p>S\u00e3o ofertadas 50 vagas anuais para alunos regulares de Mestrado e 22 vagas para alunos regulares de Doutorado.<\/p>\n\n\n\n<h3 class=\"wp-block-heading\"><strong>Comiss\u00e3o Coordenador<\/strong>a <strong>do Programa de P\u00f3s-Gradua\u00e7\u00e3o em Qu\u00edmica<\/strong> <\/h3>\n\n\n\n<p><\/p>\n\n\n\n<p>Prof. Dr. Luiz Henrique Dall&#8217;Antonia (Coordenador) &#8211;&nbsp;<a href=\"mailto:tarley@uel.br\">ppgq@uel.br<\/a><\/p>\n\n\n\n<p>Prof. Dra. Odair P. Ferreira (Vice-coordenador)<\/p>\n\n\n\n<p>Isabely dos Santos Amadeu (Representante Discente) <\/p>\n\n\n\n<p><\/p>\n","protected":false},"excerpt":{"rendered":"<p>O Programa de P\u00f3s-gradua\u00e7\u00e3o em Qu\u00edmica (PPGQ) visa formar recursos&nbsp;intelectuais na \u00e1rea de Qu\u00edmica com o mais alto padr\u00e3o. O PPGQ tem natureza&nbsp;acad\u00eamica e de pesquisa com objetivo essencialmente cient\u00edfico, sendo que o&nbsp;alvo central n\u00e3o se baseia somente na transmiss\u00e3o do saber j\u00e1 constitu\u00eddo, mas&nbsp;est\u00e1 voltado \u00e0 elabora\u00e7\u00e3o de novos conhecimentos mediante a atividade de&nbsp;pesquisa [&hellip;]<\/p>\n","protected":false},"author":1,"featured_media":0,"parent":0,"menu_order":0,"comment_status":"closed","ping_status":"closed","template":"","meta":{"footnotes":""},"class_list":["post-6","page","type-page","status-publish","hentry"],"_links":{"self":[{"href":"https:\/\/pos.uel.br\/quimica\/wp-json\/wp\/v2\/pages\/6","targetHints":{"allow":["GET"]}}],"collection":[{"href":"https:\/\/pos.uel.br\/quimica\/wp-json\/wp\/v2\/pages"}],"about":[{"href":"https:\/\/pos.uel.br\/quimica\/wp-json\/wp\/v2\/types\/page"}],"author":[{"embeddable":true,"href":"https:\/\/pos.uel.br\/quimica\/wp-json\/wp\/v2\/users\/1"}],"replies":[{"embeddable":true,"href":"https:\/\/pos.uel.br\/quimica\/wp-json\/wp\/v2\/comments?post=6"}],"version-history":[{"count":13,"href":"https:\/\/pos.uel.br\/quimica\/wp-json\/wp\/v2\/pages\/6\/revisions"}],"predecessor-version":[{"id":943,"href":"https:\/\/pos.uel.br\/quimica\/wp-json\/wp\/v2\/pages\/6\/revisions\/943"}],"wp:attachment":[{"href":"https:\/\/pos.uel.br\/quimica\/wp-json\/wp\/v2\/media?parent=6"}],"curies":[{"name":"wp","href":"https:\/\/api.w.org\/{rel}","templated":true}]}}