{"id":575,"date":"2025-05-05T23:57:07","date_gmt":"2025-05-06T02:57:07","guid":{"rendered":"https:\/\/pos.uel.br\/quimica\/?page_id=575"},"modified":"2026-03-25T11:15:49","modified_gmt":"2026-03-25T14:15:49","slug":"bolsas","status":"publish","type":"page","link":"https:\/\/pos.uel.br\/quimica\/bolsas\/","title":{"rendered":"Bolsas"},"content":{"rendered":"\n<p><\/p>\n\n\n\n<p>As bolsas destinadas ao Programa de P\u00f3s-gradua\u00e7\u00e3o em Qu\u00edmica da Universidade Estadual de Londrina, s\u00e3o distru\u00eddas em conformidade com o estabelecido pela CAPES (Portarias n\u00ba 76\/2010 e n\u00ba 133\/2023), pelo CNPq (RN&nbsp;017\/2006)&nbsp;e&nbsp;pela&nbsp;Funda\u00e7\u00e3o&nbsp;Arauc\u00e1ria&nbsp;(Ato&nbsp;da&nbsp;Diretoria&nbsp;Executiva&nbsp;no&nbsp;19\/2008),&nbsp;al\u00e9m da Portaria&nbsp;Conjunta n\u00ba&nbsp;01\/2023, bem como a Resolu\u00e7\u00e3o 01\/2023 do PPGQ, cujo&nbsp;documento&nbsp;regula as&nbsp;condi\u00e7\u00f5es e&nbsp;crit\u00e9rios para a distribui\u00e7\u00e3o e acompanhamento das atividades de bolsistas nos Cursos de Mestrado&nbsp;e&nbsp;Doutorado&nbsp;do&nbsp;Programa&nbsp;de&nbsp;P\u00f3s-gradua\u00e7\u00e3o&nbsp;em&nbsp;Qu\u00edmica&nbsp;(PPGQ) da Universidade Estadual de Londrina.<\/p>\n\n\n\n<p><strong><a href=\"https:\/\/pos.uel.br\/quimica\/wp-content\/uploads\/2026\/03\/Ato-normativo-01_2026-Bolsas-nao-Institucionais_assinado.pdf\" data-type=\"link\" data-id=\"https:\/\/pos.uel.br\/quimica\/wp-content\/uploads\/2026\/03\/Ato-normativo-01_2026-Bolsas-nao-Institucionais_assinado.pdf\">Ato Normativo No. 01\/2026<\/a><\/strong> &#8211; Ac\u00famulo de bolsas de estudo com atividade profissional remunerada no \u00e2mbito do Programa de P\u00f3s-Gradua\u00e7\u00e3o em Qu\u00edmica da UEL, para bolsas oriundas de projetos individuais ou de capta\u00e7\u00e3o pr\u00f3pria.<\/p>\n\n\n\n<p><strong><a href=\"https:\/\/pos.uel.br\/quimica\/wp-content\/uploads\/2026\/03\/Ato-normativo-02_2025-Concessao-de-bolsa-periodo-prorrogacao_assinado.pdf\" data-type=\"link\" data-id=\"https:\/\/pos.uel.br\/quimica\/wp-content\/uploads\/2026\/03\/Ato-normativo-02_2025-Concessao-de-bolsa-periodo-prorrogacao_assinado.pdf\">Ato Normativo No. 02\/2025<\/a> <\/strong>&#8211; Utiliza\u00e7\u00e3o de bolsas de estudo durante o per\u00edodo de prorroga\u00e7\u00e3o de matr\u00edcula. <\/p>\n\n\n\n<p><a href=\"https:\/\/pos.uel.br\/quimica\/wp-content\/uploads\/2025\/05\/resolucao01_2023-distribuicao-bolsas-PPGQ.pdf\" data-type=\"link\" data-id=\"https:\/\/pos.uel.br\/quimica\/wp-content\/uploads\/2025\/05\/resolucao01_2023-distribuicao-bolsas-PPGQ.pdf\"><strong>Resolu\u00e7\u00e3o No. 01\/2023<\/strong> &#8211;<\/a> Normas e crit\u00e9rios para a concess\u00e3o e acompanhamento das atividades dos contemplados com Bolsas de Demanda Social.<\/p>\n\n\n\n<p><\/p>\n\n\n\n<p><a href=\"http:\/\/www.uel.br\/pos\/quimica\/arquivos\/ato_normativo_no1_2013.pdf\" target=\"_blank\" rel=\"noreferrer noopener\"><strong>Ato Normativo 01\/2013<\/strong><\/a>&nbsp;\u2013 Entendimento da Comiss\u00e3o Coordenadora sobre &nbsp;desempenho acad\u00eamico satisfat\u00f3rio do discente.<br><\/p>\n\n\n\n<h3 class=\"wp-block-heading\">Editais<\/h3>\n\n\n\n<p><\/p>\n\n\n\n<p><strong>Edital de Resultado Sele\u00e7\u00e3o Bolsistas &#8211; Mestrado e Doutorado ( para in\u00edcio 1o. Semestre 2026)<a href=\"https:\/\/pos.uel.br\/quimica\/wp-content\/uploads\/2025\/12\/Edital_17_2025_-_Resultado_bolsa_M26D_2025_assinado.pdf\" data-type=\"link\" data-id=\"https:\/\/pos.uel.br\/quimica\/wp-content\/uploads\/2025\/12\/Edital_17_2025_-_Resultado_bolsa_M26D_2025_assinado.pdf\"> &#8211; Edital 17\/2025<\/a><\/strong><\/p>\n\n\n\n<p>.<\/p>\n\n\n\n<p><strong>Edital de Sele\u00e7\u00e3o Bolsistas do Programa de Doutorado Sandu\u00edche no Exterior<\/strong> &#8211;<strong>PDSE ( para in\u00edcio 2o. Semestre 2026)<\/strong> &#8211; <strong><a href=\"https:\/\/pos.uel.br\/quimica\/wp-content\/uploads\/2025\/12\/Edital_16_2025_Bolsa_PDSE2026_2Chamada_Completo_assinado.pdf\" data-type=\"link\" data-id=\"https:\/\/pos.uel.br\/quimica\/wp-content\/uploads\/2025\/12\/Edital_16_2025_Bolsa_PDSE2026_2Chamada_Completo_assinado.pdf\">Edital 16\/2025<\/a><\/strong><\/p>\n\n\n\n<ul class=\"wp-block-list\">\n<li><strong>Resultado Edital 16\/2025 <\/strong>&#8211; Ata de Sele\u00e7\u00e3o de Candidaturas ao Programa de Doutorado Sandu\u00edche no Exterior \u2013 PDSE &#8211; <a href=\"https:\/\/pos.uel.br\/quimica\/wp-content\/uploads\/2026\/01\/Ata-de-Resultado-da-Selecao-Interna-PDSE-UEL_2026_2S_assinado-1.pdf\" data-type=\"link\" data-id=\"https:\/\/pos.uel.br\/quimica\/wp-content\/uploads\/2026\/01\/Ata-de-Resultado-da-Selecao-Interna-PDSE-UEL_2026_2S_assinado-1.pdf\">Clique aqui<\/a><\/li>\n<\/ul>\n\n\n\n<p><\/p>\n\n\n\n<p><\/p>\n\n\n\n<p><\/p>\n\n\n\n<p><\/p>\n\n\n\n<p><\/p>\n\n\n\n<p>.<\/p>\n\n\n\n<p><\/p>\n\n\n\n<p><strong>Edital de Sele\u00e7\u00e3o Bolsistas &#8211; Mestrado e Doutorado ( para in\u00edcio 1o. Semestre 2026)<\/strong> &#8211; <a href=\"https:\/\/pos.uel.br\/quimica\/wp-content\/uploads\/2025\/12\/Edital_14_2025_-_selecao_de_bolsas_2026_RETIFICADO_assinado.pdf\">Edital 014\/2025 RETIFICADO<\/a> (<em>Poder\u00e3o participar alunos regularmente matriculados ou aprovados no \u00faltimo Edital de Sele\u00e7\u00e3o (Edital 012\/2025<\/em>))<\/p>\n\n\n\n<p>Anexo I &#8211; Edital 014\/2025 &#8211; Ficha de Inscri\u00e7\u00e3o &#8211; <a href=\"https:\/\/pos.uel.br\/quimica\/wp-content\/uploads\/2025\/12\/ANEXO-I-Edital-14_2025-selec\u0327a\u0303o-de-bolsas-2026-.docx\">Clique aqui<\/a><\/p>\n\n\n\n<p>Anexo II &#8211; Edital 014\/2025 &#8211; Tabela de Pontua\u00e7\u00e3o &#8211; <a href=\"https:\/\/pos.uel.br\/quimica\/wp-content\/uploads\/2025\/12\/ANEXO-II-Edital-14_2025-selec\u0327a\u0303o-de-bolsas-2026.docx\">Clique aqui<\/a><\/p>\n\n\n\n<p>Anexo III &#8211; Edital 014\/2025 &#8211; Declara\u00e7\u00e3o de v\u00ednculo empregat\u00edcio &#8211; <a href=\"https:\/\/pos.uel.br\/quimica\/wp-content\/uploads\/2025\/12\/ANEXO-III-Edital-14_2025-selec\u0327a\u0303o-de-bolsas-2026.docx\">Clique aqui<\/a><\/p>\n\n\n\n<p>Anexo IV &#8211; Edital 014\/2025 &#8211; Declara\u00e7\u00e3o de n\u00e3o possuir v\u00ednculo empregat\u00edcio &#8211; <a href=\"https:\/\/pos.uel.br\/quimica\/wp-content\/uploads\/2025\/12\/ANEXO-IV-Edital-14_2025-selec\u0327a\u0303o-de-bolsas-2026.docx\">Clique aqui<\/a><\/p>\n\n\n\n<p>.<\/p>\n\n\n\n<p><strong>Edital de Sele\u00e7\u00e3o Bolsistas do Programa de Doutorado Sandu\u00edche no Exterior<\/strong> <strong>PDSE ( para in\u00edcio 1o. Semestre 2026)<\/strong>&nbsp;\u2013&nbsp;<strong><a href=\"https:\/\/pos.uel.br\/quimica\/wp-content\/uploads\/2025\/09\/Edital_13_2025_Bolsa_PDSE2025_Completo_assinado.pdf\">Edital 13\/2025<\/a><\/strong><\/p>\n\n\n\n<p><a href=\"https:\/\/pos.uel.br\/quimica\/wp-content\/uploads\/2025\/09\/Edital-13_2025_Anexo_I___Termo_de_Outorga_.pdf\" data-type=\"link\" data-id=\"https:\/\/pos.uel.br\/quimica\/wp-content\/uploads\/2025\/09\/Edital-13_2025_Anexo_I___Termo_de_Outorga_.pdf\">Anexo I \u2013 Termo de Outorga<\/a><\/p>\n\n\n\n<p><a href=\"https:\/\/pos.uel.br\/quimica\/wp-content\/uploads\/2025\/09\/Edital-13_2025_Anexo_II___Declaracao_Reconhecimento_da_Fluencia_Linguistica_do_cooorientador_no_exterior__1_.pdf\" data-type=\"link\" data-id=\"https:\/\/pos.uel.br\/quimica\/wp-content\/uploads\/2025\/09\/Edital-13_2025_Anexo_II___Declaracao_Reconhecimento_da_Fluencia_Linguistica_do_cooorientador_no_exterior__1_.pdf\">Anexo II &#8211; Declara\u00e7\u00e3o de reconhecimento de flu\u00eancia lingu\u00edstica &#8211; coorientador no exterior<\/a><\/p>\n\n\n\n<p><a href=\"https:\/\/pos.uel.br\/quimica\/wp-content\/uploads\/2025\/09\/Edital-13_2025_Anexo_III_Declaracao-de-Reconhecimento-da-Fluencia-Linguistica_Orientador-no-Brasil.pdf\" data-type=\"link\" data-id=\"https:\/\/pos.uel.br\/quimica\/wp-content\/uploads\/2025\/09\/Edital-13_2025_Anexo_III_Declaracao-de-Reconhecimento-da-Fluencia-Linguistica_Orientador-no-Brasil.pdf\">Anexo III &#8211; Declara\u00e7\u00e3o de reconhecimento de flu\u00eancia lingu\u00edstica &#8211; orientador brasileiro<\/a><\/p>\n\n\n\n<p><a href=\"https:\/\/pos.uel.br\/quimica\/wp-content\/uploads\/2025\/09\/Edital-13_2025_Anexo_IV__Requisitos-de-proficiencia-em-lingua-estrangeira-Alternativa-a-Declaracao.pdf\" data-type=\"link\" data-id=\"https:\/\/pos.uel.br\/quimica\/wp-content\/uploads\/2025\/09\/Edital-13_2025_Anexo_IV__Requisitos-de-proficiencia-em-lingua-estrangeira-Alternativa-a-Declaracao.pdf\">Anexo IV &#8211; Requisitos para apresenta\u00e7\u00e3o do teste de profici\u00eancia em l\u00edngua estrangeira<\/a><\/p>\n\n\n\n<p><a href=\"https:\/\/pos.uel.br\/quimica\/wp-content\/uploads\/2025\/09\/Edital-13_2025_Anexo_V___MODELO_DA_DECLARACAO_DO_COORIENTADOR_NO_EXTERIOR_.pdf\" data-type=\"link\" data-id=\"https:\/\/pos.uel.br\/quimica\/wp-content\/uploads\/2025\/09\/Edital-13_2025_Anexo_V___MODELO_DA_DECLARACAO_DO_COORIENTADOR_NO_EXTERIOR_.pdf\">Anexo V \u2013 Modelo de Declara\u00e7\u00e3o do coorientador no exterior<\/a><\/p>\n\n\n\n<p><a href=\"https:\/\/pos.uel.br\/quimica\/wp-content\/uploads\/2025\/09\/Edital-13_2025_Anexo_VI-Tabela-de-Pontuac\u0327a\u0303o-Curriculum-Vitae.docx\" data-type=\"link\" data-id=\"https:\/\/pos.uel.br\/quimica\/wp-content\/uploads\/2025\/09\/Edital-13_2025_Anexo_VI-Tabela-de-Pontuac\u0327a\u0303o-Curriculum-Vitae.docx\">Anexo VI &#8211; Tabela de Pontua\u00e7\u00e3o do Curriculum Vitae e documentos comprobat\u00f3rios<\/a><\/p>\n\n\n\n<ul class=\"wp-block-list\">\n<li><strong>Resultado Edital 13\/2025 <\/strong>&#8211; Ata de Sele\u00e7\u00e3o de Candidaturas ao Programa de Doutorado Sandu\u00edche no Exterior \u2013 PDSE &#8211; <a href=\"https:\/\/pos.uel.br\/quimica\/wp-content\/uploads\/2025\/09\/Ata-de-Resultado-da-Selecao-Interna-PDSE-UEL_2026_1S_assinado.pdf\" data-type=\"link\" data-id=\"https:\/\/pos.uel.br\/quimica\/wp-content\/uploads\/2025\/09\/Ata-de-Resultado-da-Selecao-Interna-PDSE-UEL_2026_1S_assinado.pdf\">Clique aqui<\/a><\/li>\n<\/ul>\n\n\n\n<p>.<\/p>\n\n\n\n<p>\u00daltimo Edital de Sele\u00e7\u00e3o de Bolsas &#8211; <a href=\"https:\/\/pos.uel.br\/quimica\/wp-content\/uploads\/2025\/05\/Edital-02_2025-ret-selec\u0327a\u0303o-de-bolsas-2025.pdf\" data-type=\"link\" data-id=\"https:\/\/pos.uel.br\/quimica\/wp-content\/uploads\/2025\/05\/Edital-02_2025-ret-selec\u0327a\u0303o-de-bolsas-2025.pdf\">Edital 002\/2025<\/a> <br>Resultado da Sele\u00e7\u00e3o de Bolsas &#8211; <a href=\"https:\/\/pos.uel.br\/quimica\/wp-content\/uploads\/2025\/08\/Edital_4_2025_-_Resultado_bolsa_MD_2025_assinado.pdf\" data-type=\"link\" data-id=\"https:\/\/pos.uel.br\/quimica\/wp-content\/uploads\/2025\/08\/Edital_4_2025_-_Resultado_bolsa_MD_2025_assinado.pdf\">Edital 004\/2025<\/a><\/p>\n\n\n\n<p><\/p>\n\n\n\n<h4 class=\"wp-block-heading\">Provas anteriores<\/h4>\n\n\n\n<p><br><a href=\"https:\/\/pos.uel.br\/quimica\/provas-de-bolsas-anteriores\/\" data-type=\"page\" data-id=\"511\">Provas dos anos Anteriores &#8211; acesse aqui. <\/a><br><br><strong>Comiss\u00e3o de Bolsas do Programa de P\u00f3s-gradua\u00e7\u00e3o em Qu\u00edmica da Universidade Estadual de Londrina (2023-2025):<\/strong><\/p>\n\n\n\n<p><strong>Presidente<\/strong>&nbsp;<\/p>\n\n\n\n<p>Prof. Dr. Luiz Henrique Dall\u00b4Antonia<\/p>\n\n\n\n<p><strong>Membros<\/strong>&nbsp;<\/p>\n\n\n\n<p>Prof\u00aa Dr\u00aa Gizilene Maria de Carvalho<\/p>\n\n\n\n<p>Prof\u00aa Dr\u00aa Karina Benassi Angilelli<\/p>\n\n\n\n<p>Prof\u00aa Dr\u00aa Marcelle de Lima Ferreira Bispo<\/p>\n\n\n\n<p>Prof\u00aa Dr\u00aa Roberta Antigo Medeiros<\/p>\n\n\n\n<p>Msc. Franke Mero Teste<\/p>\n\n\n\n<p>Bel. Jo\u00e3o Vitor Martins<\/p>\n\n\n\n<p><\/p>\n","protected":false},"excerpt":{"rendered":"<p>As bolsas destinadas ao Programa de P\u00f3s-gradua\u00e7\u00e3o em Qu\u00edmica da Universidade Estadual de Londrina, s\u00e3o distru\u00eddas em conformidade com o estabelecido pela CAPES (Portarias n\u00ba 76\/2010 e n\u00ba 133\/2023), pelo CNPq (RN&nbsp;017\/2006)&nbsp;e&nbsp;pela&nbsp;Funda\u00e7\u00e3o&nbsp;Arauc\u00e1ria&nbsp;(Ato&nbsp;da&nbsp;Diretoria&nbsp;Executiva&nbsp;no&nbsp;19\/2008),&nbsp;al\u00e9m da Portaria&nbsp;Conjunta n\u00ba&nbsp;01\/2023, bem como a Resolu\u00e7\u00e3o 01\/2023 do PPGQ, cujo&nbsp;documento&nbsp;regula as&nbsp;condi\u00e7\u00f5es e&nbsp;crit\u00e9rios para a distribui\u00e7\u00e3o e acompanhamento das atividades de bolsistas nos [&hellip;]<\/p>\n","protected":false},"author":12,"featured_media":0,"parent":0,"menu_order":0,"comment_status":"closed","ping_status":"closed","template":"","meta":{"footnotes":""},"class_list":["post-575","page","type-page","status-publish","hentry"],"_links":{"self":[{"href":"https:\/\/pos.uel.br\/quimica\/wp-json\/wp\/v2\/pages\/575","targetHints":{"allow":["GET"]}}],"collection":[{"href":"https:\/\/pos.uel.br\/quimica\/wp-json\/wp\/v2\/pages"}],"about":[{"href":"https:\/\/pos.uel.br\/quimica\/wp-json\/wp\/v2\/types\/page"}],"author":[{"embeddable":true,"href":"https:\/\/pos.uel.br\/quimica\/wp-json\/wp\/v2\/users\/12"}],"replies":[{"embeddable":true,"href":"https:\/\/pos.uel.br\/quimica\/wp-json\/wp\/v2\/comments?post=575"}],"version-history":[{"count":21,"href":"https:\/\/pos.uel.br\/quimica\/wp-json\/wp\/v2\/pages\/575\/revisions"}],"predecessor-version":[{"id":1037,"href":"https:\/\/pos.uel.br\/quimica\/wp-json\/wp\/v2\/pages\/575\/revisions\/1037"}],"wp:attachment":[{"href":"https:\/\/pos.uel.br\/quimica\/wp-json\/wp\/v2\/media?parent=575"}],"curies":[{"name":"wp","href":"https:\/\/api.w.org\/{rel}","templated":true}]}}