{"id":57,"date":"2021-05-07T08:59:34","date_gmt":"2021-05-07T11:59:34","guid":{"rendered":"https:\/\/pos.uel.br\/quimica\/?page_id=57"},"modified":"2025-08-08T11:15:38","modified_gmt":"2025-08-08T14:15:38","slug":"pos-doutorado","status":"publish","type":"page","link":"https:\/\/pos.uel.br\/quimica\/pos-doutorado\/","title":{"rendered":"P\u00f3s-doutorado na UEL"},"content":{"rendered":"\n<p><\/p>\n\n\n\n<p>O Programa de Est\u00e1gio P\u00f3s-Doutoral da Universidade Estadual de Londrina (UEL) oferece oportunidades para doutores consolidarem e ampliarem suas pesquisas em ambiente acad\u00eamico de excel\u00eancia. Regulamentado pela&nbsp;<strong>Resolu\u00e7\u00e3o CEPE n\u00ba 053\/2019<\/strong>, o est\u00e1gio permite:<\/p>\n\n\n\n<ul class=\"wp-block-list\">\n<li><strong>Integra\u00e7\u00e3o<\/strong>\u00a0com programas de p\u00f3s-gradua\u00e7\u00e3o\u00a0<em>stricto sensu<\/em>\u00a0ou grupos de pesquisa certificados pela UEL;<\/li>\n\n\n\n<li><strong>Desenvolvimento<\/strong>\u00a0de projetos inovadores sob supervis\u00e3o de docentes qualificados;<\/li>\n\n\n\n<li><strong>Flexibilidade<\/strong>\u00a0de dura\u00e7\u00e3o (6 a 24 meses) e possibilidade de atividades complementares de doc\u00eancia;<\/li>\n\n\n\n<li><strong>Acesso<\/strong>\u00a0\u00e0 infraestrutura universit\u00e1ria e servi\u00e7os acad\u00eamicos.<\/li>\n<\/ul>\n\n\n\n<p><strong>Requisitos:<\/strong><br>\u2714 T\u00edtulo de doutor expedido por institui\u00e7\u00e3o reconhecida;<br>\u2714 Plano de atividades aprovado pelo supervisor e Comiss\u00e3o Coordenadora do PPG\/Grupo de Pesquisa;<br>\u2714 Disponibilidade de tempo para dedica\u00e7\u00e3o exclusiva ao projeto.<\/p>\n\n\n\n<p><strong>Documenta\u00e7\u00e3o necess\u00e1ria:<\/strong><\/p>\n\n\n\n<ul class=\"wp-block-list\">\n<li>Formul\u00e1rio de inscri\u00e7\u00e3o (Anexo I da Resolu\u00e7\u00e3o);<\/li>\n\n\n\n<li>Projeto de pesquisa ou plano de atividades;<\/li>\n\n\n\n<li>C\u00f3pia do diploma de doutorado;<\/li>\n\n\n\n<li>Declara\u00e7\u00f5es de v\u00ednculos e capacidade financeira.<\/li>\n<\/ul>\n\n\n\n<p>Documentos e formul\u00e1rios<\/p>\n\n\n\n<p><a href=\"https:\/\/pos.uel.br\/quimica\/wp-content\/uploads\/2022\/07\/Resolucao-CEPE-no-053-2019-Pos-doutoral-2.pdf\">https:\/\/pos.uel.br\/quimica\/wp-content\/uploads\/2022\/07\/Resolucao-CEPE-no-053-2019-Pos-doutoral-2.pdf<\/a><\/p>\n\n\n\n<p><a href=\"https:\/\/pos.uel.br\/quimica\/wp-content\/uploads\/2022\/07\/Resolucao-053-2019-ANEXO-I-Inscricao-Pos-doutorado.docx\">Resolucao-053-2019-ANEXO-I-Inscricao-Pos-doutorado<\/a><\/p>\n\n\n\n<p><a href=\"https:\/\/pos.uel.br\/quimica\/wp-content\/uploads\/2022\/07\/Resolucao-053-2019-ANEXO-II-Prorrogacao-Pos-doutorado-1.docx\">Resolucao-053-2019-ANEXO-II-Prorrogacao-Pos-doutorado-1.docx<\/a><\/p>\n\n\n\n<p><a href=\"https:\/\/pos.uel.br\/quimica\/wp-content\/uploads\/2022\/07\/Resolucao-053-2019-ANEXO-III-Avaliacao-Pos-doutorado.docx\">Resolucao-053-2019-ANEXO-III-Avaliacao-Pos-doutorado.docx<\/a><\/p>\n\n\n\n<p><\/p>\n","protected":false},"excerpt":{"rendered":"<p>O Programa de Est\u00e1gio P\u00f3s-Doutoral da Universidade Estadual de Londrina (UEL) oferece oportunidades para doutores consolidarem e ampliarem suas pesquisas em ambiente acad\u00eamico de excel\u00eancia. Regulamentado pela&nbsp;Resolu\u00e7\u00e3o CEPE n\u00ba 053\/2019, o est\u00e1gio permite: Requisitos:\u2714 T\u00edtulo de doutor expedido por institui\u00e7\u00e3o reconhecida;\u2714 Plano de atividades aprovado pelo supervisor e Comiss\u00e3o Coordenadora do PPG\/Grupo de Pesquisa;\u2714 Disponibilidade [&hellip;]<\/p>\n","protected":false},"author":1,"featured_media":0,"parent":0,"menu_order":0,"comment_status":"closed","ping_status":"closed","template":"","meta":{"footnotes":""},"class_list":["post-57","page","type-page","status-publish","hentry"],"_links":{"self":[{"href":"https:\/\/pos.uel.br\/quimica\/wp-json\/wp\/v2\/pages\/57","targetHints":{"allow":["GET"]}}],"collection":[{"href":"https:\/\/pos.uel.br\/quimica\/wp-json\/wp\/v2\/pages"}],"about":[{"href":"https:\/\/pos.uel.br\/quimica\/wp-json\/wp\/v2\/types\/page"}],"author":[{"embeddable":true,"href":"https:\/\/pos.uel.br\/quimica\/wp-json\/wp\/v2\/users\/1"}],"replies":[{"embeddable":true,"href":"https:\/\/pos.uel.br\/quimica\/wp-json\/wp\/v2\/comments?post=57"}],"version-history":[{"count":7,"href":"https:\/\/pos.uel.br\/quimica\/wp-json\/wp\/v2\/pages\/57\/revisions"}],"predecessor-version":[{"id":855,"href":"https:\/\/pos.uel.br\/quimica\/wp-json\/wp\/v2\/pages\/57\/revisions\/855"}],"wp:attachment":[{"href":"https:\/\/pos.uel.br\/quimica\/wp-json\/wp\/v2\/media?parent=57"}],"curies":[{"name":"wp","href":"https:\/\/api.w.org\/{rel}","templated":true}]}}