{"id":569,"date":"2025-05-05T23:42:44","date_gmt":"2025-05-06T02:42:44","guid":{"rendered":"https:\/\/pos.uel.br\/quimica\/?page_id=569"},"modified":"2025-05-06T00:37:12","modified_gmt":"2025-05-06T03:37:12","slug":"regimentos-e-deliberacoes","status":"publish","type":"page","link":"https:\/\/pos.uel.br\/quimica\/regimentos-e-deliberacoes\/","title":{"rendered":"Regimentos e Delibera\u00e7\u00f5es"},"content":{"rendered":"\n<p><\/p>\n\n\n\n<p><strong>Ingressantes a partir de 2024: <\/strong><a href=\"https:\/\/pos.uel.br\/quimica\/wp-content\/uploads\/2025\/05\/Regimento_Res-CEPE-63-2023_PPGQ.pdf\" data-type=\"link\" data-id=\"https:\/\/pos.uel.br\/quimica\/wp-content\/uploads\/2025\/05\/Regimento_Res-CEPE-63-2023_PPGQ.pdf\">Regimento CEPE No. 063\/2023<\/a> e a <a href=\"https:\/\/pos.uel.br\/quimica\/wp-content\/uploads\/2025\/05\/Delib-10-2023_PPGQ.pdf\" data-type=\"link\" data-id=\"https:\/\/pos.uel.br\/quimica\/wp-content\/uploads\/2025\/05\/Delib-10-2023_PPGQ.pdf\">Delibera\u00e7\u00e3o do Colegiado PPG\/UEL No. 10\/2023<\/a><\/p>\n\n\n\n<p><br><strong>Ingressantes em 2023 e anos anteriores: <\/strong><a href=\"https:\/\/pos.uel.br\/quimica\/wp-content\/uploads\/2025\/05\/resolucao_25_2016.pdf\" data-type=\"link\" data-id=\"https:\/\/pos.uel.br\/quimica\/wp-content\/uploads\/2025\/05\/resolucao_25_2016.pdf\">Regimento CEPE No. 25\/2016<\/a> e a <a href=\"https:\/\/pos.uel.br\/quimica\/wp-content\/uploads\/2025\/05\/deliberacao11_2018.pdf\" data-type=\"link\" data-id=\"https:\/\/pos.uel.br\/quimica\/wp-content\/uploads\/2025\/05\/deliberacao11_2018.pdf\">Delibera\u00e7\u00e3o do Colegiado PPG\/UEL No. 11\/2018<\/a><\/p>\n\n\n\n<p><\/p>\n\n\n\n<p>Outros crit\u00e9rios e normas:<\/p>\n\n\n\n<p><a href=\"http:\/\/www.uel.br\/pos\/quimica\/portal\/pages\/arquivos\/ato2020_002.pdf\" target=\"_blank\" rel=\"noreferrer noopener\">Ato Normativo 002\/2020<\/a>&nbsp;\u2013 Estabelece os crit\u00e9rios espec\u00edficos para aproveitamento de cr\u00e9ditos ou disciplinas nos cursos de Mestrado e Doutorado do PMDQ&nbsp;da UEL.<\/p>\n\n\n\n<p><a href=\"http:\/\/www.uel.br\/pos\/quimica\/portal\/pages\/arquivos\/ato2020_003.pdf\" target=\"_blank\" rel=\"noreferrer noopener\">Ato Normativo 003\/2020<\/a>&nbsp;\u2013 Estabelece crit\u00e9rios para mudan\u00e7a de n\u00edvel de Mestrado para Doutorado, sem defesa de Disserta\u00e7\u00e3o.<\/p>\n","protected":false},"excerpt":{"rendered":"<p>Ingressantes a partir de 2024: Regimento CEPE No. 063\/2023 e a Delibera\u00e7\u00e3o do Colegiado PPG\/UEL No. 10\/2023 Ingressantes em 2023 e anos anteriores: Regimento CEPE No. 25\/2016 e a Delibera\u00e7\u00e3o do Colegiado PPG\/UEL No. 11\/2018 Outros crit\u00e9rios e normas: Ato Normativo 002\/2020&nbsp;\u2013 Estabelece os crit\u00e9rios espec\u00edficos para aproveitamento de cr\u00e9ditos ou disciplinas nos cursos de [&hellip;]<\/p>\n","protected":false},"author":12,"featured_media":0,"parent":0,"menu_order":0,"comment_status":"closed","ping_status":"closed","template":"","meta":{"footnotes":""},"class_list":["post-569","page","type-page","status-publish","hentry"],"_links":{"self":[{"href":"https:\/\/pos.uel.br\/quimica\/wp-json\/wp\/v2\/pages\/569","targetHints":{"allow":["GET"]}}],"collection":[{"href":"https:\/\/pos.uel.br\/quimica\/wp-json\/wp\/v2\/pages"}],"about":[{"href":"https:\/\/pos.uel.br\/quimica\/wp-json\/wp\/v2\/types\/page"}],"author":[{"embeddable":true,"href":"https:\/\/pos.uel.br\/quimica\/wp-json\/wp\/v2\/users\/12"}],"replies":[{"embeddable":true,"href":"https:\/\/pos.uel.br\/quimica\/wp-json\/wp\/v2\/comments?post=569"}],"version-history":[{"count":3,"href":"https:\/\/pos.uel.br\/quimica\/wp-json\/wp\/v2\/pages\/569\/revisions"}],"predecessor-version":[{"id":601,"href":"https:\/\/pos.uel.br\/quimica\/wp-json\/wp\/v2\/pages\/569\/revisions\/601"}],"wp:attachment":[{"href":"https:\/\/pos.uel.br\/quimica\/wp-json\/wp\/v2\/media?parent=569"}],"curies":[{"name":"wp","href":"https:\/\/api.w.org\/{rel}","templated":true}]}}