{"id":347,"date":"2022-07-28T16:13:11","date_gmt":"2022-07-28T19:13:11","guid":{"rendered":"https:\/\/pos.uel.br\/quimica\/?page_id=347"},"modified":"2025-08-05T17:54:52","modified_gmt":"2025-08-05T20:54:52","slug":"grupos-de-investigacion","status":"publish","type":"page","link":"https:\/\/pos.uel.br\/quimica\/grupos-de-investigacion\/","title":{"rendered":"Grupos de Investigaci\u00f3n"},"content":{"rendered":"\n<p><strong>Grupo LASMMED \u2013 Laboratorio de S\u00edntesis de Mol\u00e9culas Medicinales<\/strong><br>Los proyectos desarrollados est\u00e1n dedicados al desarrollo de metodolog\u00edas de s\u00edntesis y a la preparaci\u00f3n de compuestos org\u00e1nicos con el objetivo de desarrollar estrategias de tratamiento de enfermedades como el c\u00e1ncer, el dengue, la tuberculosis y otras infecciones microbianas, as\u00ed como de combatir plagas agr\u00edcolas. Otra vertiente es la realizaci\u00f3n de simulaciones computacionales de modelado molecular y la realizaci\u00f3n de ensayos enzim\u00e1ticos in&nbsp;vitro de las sustancias sintetizadas. En los \u00faltimos cinco a\u00f1os, el grupo ha publicado 33 art\u00edculos en revistas de alto impacto y ha generado el dep\u00f3sito de tres patentes. Principales proyectos: Ampliaci\u00f3n de la quimioteca de LaSMMed, buscando nuevos f\u00e1rmacos para enfermedades infecciosas y potenciales antioxidantes, fotoprotectores y antiglicantes; prospecci\u00f3n de bioproductos y sus derivados para el desarrollo de antivirales y de nanomateriales biol\u00f3gicamente funcionales. El laboratorio tiene cerca de 100&nbsp;m\u00b2, con capacidad para 15 ocupantes, y dispone de equipos esenciales para la s\u00edntesis y purificaci\u00f3n de sustancias org\u00e1nicas.<\/p>\n\n\n\n<ul class=\"wp-block-list\">\n<li><strong>L\u00ednea de investigaci\u00f3n:<\/strong> Qu\u00edmica de mol\u00e9culas bioactivas, productos naturales, qu\u00edmica medicinal y s\u00edntesis org\u00e1nica.<\/li>\n\n\n\n<li><strong>Docentes:<\/strong> Prof.\u00a0Dr.\u00a0Alexandre\u00a0Orsato; Profa.\u00a0Dra.\u00a0Carla\u00a0Cristina\u00a0Perez; Profa.\u00a0Dra.\u00a0Marcelle\u00a0de\u00a0Lima\u00a0Ferreira\u00a0Bispo.<\/li>\n\n\n\n<li><strong>Sitio web:<\/strong> <a class=\"\" href=\"https:\/\/lasmmed.com.br\">https:\/\/lasmmed.com.br<\/a><\/li>\n\n\n\n<li><strong>Instagram:<\/strong> @lasmmed.uel<\/li>\n\n\n\n<li><strong>CNPq:<\/strong> <a href=\"http:\/\/dgp.cnpq.br\/dgp\/espelhogrupo\/0882150576803317\">dgp.cnpq.br\/dgp\/espelhogrupo\/0882150576803317<\/a><\/li>\n<\/ul>\n\n\n\n<hr class=\"wp-block-separator has-alpha-channel-opacity\" \/>\n\n\n\n<p><strong>Grupo LACA \u2013 Laboratorio de An\u00e1lisis Cromatogr\u00e1ficos y Ambientales<\/strong><br>El LACA est\u00e1 especializado en el an\u00e1lisis de los componentes del aire y contaminantes atmosf\u00e9ricos, utilizando t\u00e9cnicas avanzadas para promover la sostenibilidad y preservar los recursos naturales, buscando realizar an\u00e1lisis precisos y fiables para aumentar la concienciaci\u00f3n sobre la calidad del aire y la educaci\u00f3n ambiental.<\/p>\n\n\n\n<ul class=\"wp-block-list\">\n<li><strong>L\u00ednea de investigaci\u00f3n:<\/strong> Desarrollo de metodolog\u00edas anal\u00edticas, sensores y quimiometr\u00eda.<\/li>\n\n\n\n<li><strong>Docente:<\/strong> Profa.\u00a0Dra.\u00a0Maria\u00a0Cristina\u00a0Solci.<\/li>\n\n\n\n<li><strong>Bienvenido(a) al LACA!<\/strong><\/li>\n\n\n\n<li><strong>Instagram:<\/strong> @lacalaboratoriouel<\/li>\n\n\n\n<li><strong>CNPq:<\/strong> <a href=\"http:\/\/dgp.cnpq.br\/dgp\/espelhorh\/7275459975924414\">dgp.cnpq.br\/dgp\/espelhorh\/7275459975924414<\/a><\/li>\n<\/ul>\n\n\n\n<hr class=\"wp-block-separator has-alpha-channel-opacity\" \/>\n\n\n\n<p><strong>Grupo \u2013 Materiales Electroactivos e Interfaces<\/strong><br>El grupo se dedica al estudio de las interfaces en materiales h\u00edbridos para c\u00e9lulas fotovoltaicas, con destaque para el proyecto en ejecuci\u00f3n \u201cCaracterizaci\u00f3n de las interfaces ITO\/TiO\u2082\/pol\u00edmeros para uso en c\u00e9lulas fotovoltaicas h\u00edbridas\u201d. Entre las contribuciones cient\u00edficas recientes destacan publicaciones en revistas como <em>Results in Chemistry<\/em> (2025), <em>Results in Surfaces and Interfaces<\/em> (2025) y <em>Journal of the Serbian Chemical Society<\/em> (2024), abordando s\u00edntesis, caracterizaci\u00f3n electroqu\u00edmica y efectos de impregnaci\u00f3n en pel\u00edculas de TiO\u2082 con pol\u00edmeros conductores (por ejemplo, politiofenos y polidifenilamina). La infraestructura incluye el Laboratorio de Espectroscop\u00eda de la CMLP\u2011UEL (<a class=\"\" href=\"https:\/\/cmlp.uel.br\/\">https:\/\/cmlp.uel.br\/<\/a>), equipado con t\u00e9cnicas avanzadas para an\u00e1lisis \u00f3pticos, el\u00e9ctricos y estructurales, esenciales para el desarrollo de los proyectos.<\/p>\n\n\n\n<ul class=\"wp-block-list\">\n<li><strong>L\u00ednea de investigaci\u00f3n:<\/strong> Qu\u00edmica de (nano)materiales, superficies e interfaces.<\/li>\n\n\n\n<li><strong>Docente:<\/strong> Prof.\u00a0Dr.\u00a0Henrique\u00a0de\u00a0Santana.<\/li>\n\n\n\n<li><strong>CNPq:<\/strong> <a href=\"http:\/\/dgp.cnpq.br\/dgp\/espelhogrupo\/8912188492052737\">dgp.cnpq.br\/dgp\/espelhogrupo\/8912188492052737<\/a><\/li>\n<\/ul>\n\n\n\n<hr class=\"wp-block-separator has-alpha-channel-opacity\" \/>\n\n\n\n<p><strong>Grupo LaEEM \u2013 Laboratorio de Electroqu\u00edmica, Electroanal\u00edtica y Materiales<\/strong><br>El Grupo LaEEM centra sus investigaciones en el desarrollo de materiales semiconductores homo\/heteroestructurados para aplicaciones en foto(electro)catalisis, con foco en la degradaci\u00f3n de contaminantes emergentes y en la producci\u00f3n de hidr\u00f3geno verde mediante <em>water splitting<\/em>, orientado a fuentes de energ\u00eda renovables. Para la s\u00edntesis y caracterizaci\u00f3n de estos materiales, el laboratorio dispone de infraestructura avanzada, incluyendo potenciostatos\/galvanostatos (Autolab y PalmSens acoplados a microcomputadoras), horno mufla (hasta 1200&nbsp;\u00b0C con control de la tasa de calentamiento), reactores hidro\/solvot\u00e9rmicos (convencionales y asistidos por microondas) e impresora 3D\/bioimpresora, lo que permite desde la fabricaci\u00f3n controlada de materiales hasta la prototipaci\u00f3n de dispositivos.<\/p>\n\n\n\n<ul class=\"wp-block-list\">\n<li><strong>L\u00ednea de investigaci\u00f3n:<\/strong> Qu\u00edmica de (nano)materiales, superficies e interfaces.<\/li>\n\n\n\n<li><strong>Docentes:<\/strong> Profa.\u00a0Dra.\u00a0Roberta\u00a0Antigo\u00a0Medeiros y Prof.\u00a0Dr.\u00a0Roberto\u00a0Matos.<\/li>\n\n\n\n<li><strong>CNPq:<\/strong> <a href=\"http:\/\/dgp.cnpq.br\/dgp\/espelhogrupo\/0462126674589095\">dgp.cnpq.br\/dgp\/espelhogrupo\/0462126674589095<\/a><\/li>\n<\/ul>\n\n\n\n<hr class=\"wp-block-separator has-alpha-channel-opacity\" \/>\n\n\n\n<p><strong>Grupo NANOQC \u2013 Nanotecnolog\u00eda y Qu\u00edmica Computacional<\/strong><br>Nuestra principal misi\u00f3n es el dise\u00f1o de nuevos materiales funcionales con propiedades optimizadas para aplicaciones en energ\u00eda, medio ambiente y salud. Para ello, el laboratorio emplea diferentes l\u00edneas de investigaci\u00f3n cient\u00edfica basadas en la combinaci\u00f3n sin\u00e9rgica de t\u00e9cnicas computacionales y experimentales. La integraci\u00f3n de los enfoques computacionales y experimentales permite no solo optimizar el dise\u00f1o de materiales funcionales, sino tambi\u00e9n lograr una comprensi\u00f3n fundamental de los fen\u00f3menos f\u00edsicos y qu\u00edmicos que gobiernan sus propiedades y, as\u00ed, acelerar su descubrimiento y optimizaci\u00f3n.<\/p>\n\n\n\n<ul class=\"wp-block-list\">\n<li><strong>L\u00ednea de investigaci\u00f3n:<\/strong> Qu\u00edmica de (nano)materiales, superficies e interfaces.<\/li>\n\n\n\n<li><strong>Docente:<\/strong> Prof.\u00a0Dr.\u00a0Felipe\u00a0La\u00a0Porta.<\/li>\n\n\n\n<li><strong>Facebook:<\/strong> nanoquc.utfpr<\/li>\n\n\n\n<li><strong>Sitio web:<\/strong> <a class=\"\" href=\"https:\/\/felipelaporta.wixsite.com\/nanoqc-group\">https:\/\/felipelaporta.wixsite.com\/nanoqc-group<\/a><\/li>\n<\/ul>\n\n\n\n<hr class=\"wp-block-separator has-alpha-channel-opacity\" \/>\n\n\n\n<p><strong>Grupo LabFitoBio \u2013 Laboratorio de Fitoqu\u00edmica y Biomol\u00e9culas<\/strong><br>El Laboratorio de Fitoqu\u00edmica y Biomol\u00e9culas (LabFitoBio) se centra en el estudio de plantas medicinales y frutos nativos, con \u00e9nfasis en an\u00e1lisis metabol\u00f3micos mediante modernas t\u00e9cnicas de desreplicaci\u00f3n (LC\u2011MS\/MS). Las actividades del laboratorio incluyen tambi\u00e9n el desarrollo de m\u00e9todos cromatogr\u00e1ficos, cuantificaci\u00f3n e aislamiento de sustancias con actividades antiinflamatoria, antioxidante y antiglicante. Desde su fundaci\u00f3n en 2016 hasta el a\u00f1o 2024, el LabFitoBio ha formado un doctor y ocho maestros, adem\u00e1s de haber desarrollado 12 proyectos de iniciaci\u00f3n cient\u00edfica y cuatro trabajos de conclusi\u00f3n de curso. Los resultados de estas investigaciones dieron lugar a la publicaci\u00f3n de m\u00e1s de 20 art\u00edculos completos en revistas de alto impacto en el \u00e1rea. En 2018 se firm\u00f3 un contrato de confidencialidad con la empresa alemana Symrise, intermediado por AINTEC, con el objetivo de desarrollar un extracto bioactivo para aplicaci\u00f3n cosm\u00e9tica. Este proyecto se concluy\u00f3 en 2024, presentando resultados prometedores y culminando en procesos de patente y art\u00edculos cient\u00edficos en fase de redacci\u00f3n. LabFitoBio cuenta con infraestructura propia, incluyendo espectrofot\u00f3metro UV\u2011Vis, balanza anal\u00edtica, mesa agitadora y rotaevaporador. Adem\u00e1s, tiene acceso a la central anal\u00edtica multiusuario, equipada con un sistema LC\u2011MS\/MS, lo que posibilita realizar an\u00e1lisis avanzados en apoyo a los proyectos desarrollados.<\/p>\n\n\n\n<ul class=\"wp-block-list\">\n<li><strong>L\u00edneas de investigaci\u00f3n:<\/strong> Desarrollo de metodolog\u00edas anal\u00edticas, sensores y quimiometr\u00eda; qu\u00edmica de mol\u00e9culas bioactivas, productos naturales, qu\u00edmica medicinal y s\u00edntesis org\u00e1nica.<\/li>\n\n\n\n<li><strong>Docente:<\/strong> Profa.\u00a0Dra.\u00a0Maria\u00a0Luiza\u00a0Zeraik.<\/li>\n\n\n\n<li><strong>CNPq:<\/strong> <a href=\"http:\/\/dgp.cnpq.br\/dgp\/espelhogrupo\/1313296725162897\">dgp.cnpq.br\/dgp\/espelhogrupo\/1313296725162897<\/a><\/li>\n<\/ul>\n\n\n\n<hr class=\"wp-block-separator has-alpha-channel-opacity\" \/>\n\n\n\n<p><strong>Grupo \u2013 Optimizaci\u00f3n de procesos de producci\u00f3n y almacenamiento de aceites y biocombustibles<\/strong><br>El grupo de investigaci\u00f3n act\u00faa en las \u00e1reas de desarrollo de biocombustibles, sobre todo en los aspectos relacionados con la producci\u00f3n, incluyendo la s\u00edntesis de catalizadores heterog\u00e9neos para la transesterificaci\u00f3n, y metodolog\u00edas de evaluaci\u00f3n y monitoreo de la calidad. Tambi\u00e9n llevamos a cabo investigaciones sobre la influencia de contaminantes met\u00e1licos y especies quelantes en la estabilidad oxidativa de los biocombustibles. El grupo de investigaci\u00f3n est\u00e1 albergado en el Laboratorio de Investigaci\u00f3n y An\u00e1lisis de Combustibles y en el laboratorio de investigaci\u00f3n&nbsp;339, y dispone de infraestructura y equipos para an\u00e1lisis e investigaciones en el \u00e1rea de biocombustibles, como Rancimat, Karl&nbsp;Fisher, FTIR, viscos\u00edmetro cinem\u00e1tico, entre otros.<\/p>\n\n\n\n<ul class=\"wp-block-list\">\n<li><strong>L\u00edneas de investigaci\u00f3n:<\/strong> Desarrollo de metodolog\u00edas anal\u00edticas, sensores y quimiometr\u00eda; qu\u00edmica de (nano)materiales, superficies e interfaces.<\/li>\n\n\n\n<li><strong>Docentes:<\/strong> Prof.\u00a0Dr.\u00a0Dionisio\u00a0Borsato y Profa.\u00a0Dra.\u00a0Karina\u00a0Benassi\u00a0Angilelli.<\/li>\n\n\n\n<li><strong>Instagram:<\/strong> @lpac_uel<\/li>\n\n\n\n<li><strong>CNPq:<\/strong><a href=\"http:\/\/dgp.cnpq.br\/dgp\/espelhogrupo\/9502398295480802\"> dgp.cnpq.br\/dgp\/espelhogrupo\/9502398295480802<\/a><\/li>\n<\/ul>\n\n\n\n<hr class=\"wp-block-separator has-alpha-channel-opacity\" \/>\n\n\n\n<p><strong>Grupo GPol \u2013 Grupo de Pol\u00edmeros y Compuestos<\/strong><br>El grupo de investigaci\u00f3n en pol\u00edmeros y compuestos, GPol\u2011UEL, desarrolla investigaci\u00f3n b\u00e1sica y aplicada, estudiando las propiedades de materiales sint\u00e9ticos y naturales, as\u00ed como sus mezclas, compuestos y nanocompuestos de origen sint\u00e9tico o de fuentes renovables. Las investigaciones realizadas se centran en materiales para aplicaciones ambientales (producci\u00f3n de adsorbentes utilizando residuos agroindustriales) y para aplicaciones como biomateriales (ap\u00f3sitos, estructuras tipo <em>scaffold<\/em> y portadores de f\u00e1rmacos y compuestos activos). El grupo de investigaci\u00f3n est\u00e1 ubicado en el laboratorio de investigaci\u00f3n&nbsp;346 del bloque&nbsp;R, Departamento de Qu\u00edmica, y cuenta con estructura y equipos para an\u00e1lisis e investigaciones, adem\u00e1s de contar con el apoyo de los laboratorios de la central anal\u00edtica multiusuario CMLP \u2013 UEL (<a class=\"\" href=\"https:\/\/cmlp.uel.br\/\">https:\/\/cmlp.uel.br\/<\/a>) para an\u00e1lisis m\u00e1s complejos.<\/p>\n\n\n\n<ul class=\"wp-block-list\">\n<li><strong>L\u00ednea de investigaci\u00f3n:<\/strong> Qu\u00edmica de (nano)materiales, superficies e interfaces.<\/li>\n\n\n\n<li><strong>Docente:<\/strong> Prof.\u00a0Dr.\u00a0Gizilene\u00a0Maria\u00a0de\u00a0Carvalho.<\/li>\n\n\n\n<li><strong>CNPq:<\/strong> dgp.cnpq.br\/dgp\/espelhogrupo\/5904989302895045<\/li>\n<\/ul>\n\n\n\n<p><\/p>\n","protected":false},"excerpt":{"rendered":"<p>Grupo LASMMED \u2013 Laboratorio de S\u00edntesis de Mol\u00e9culas MedicinalesLos proyectos desarrollados est\u00e1n dedicados al desarrollo de metodolog\u00edas de s\u00edntesis y a la preparaci\u00f3n de compuestos org\u00e1nicos con el objetivo de desarrollar estrategias de tratamiento de enfermedades como el c\u00e1ncer, el dengue, la tuberculosis y otras infecciones microbianas, as\u00ed como de combatir plagas agr\u00edcolas. Otra vertiente [&hellip;]<\/p>\n","protected":false},"author":10,"featured_media":0,"parent":0,"menu_order":0,"comment_status":"closed","ping_status":"closed","template":"","meta":{"footnotes":""},"class_list":["post-347","page","type-page","status-publish","hentry"],"_links":{"self":[{"href":"https:\/\/pos.uel.br\/quimica\/wp-json\/wp\/v2\/pages\/347","targetHints":{"allow":["GET"]}}],"collection":[{"href":"https:\/\/pos.uel.br\/quimica\/wp-json\/wp\/v2\/pages"}],"about":[{"href":"https:\/\/pos.uel.br\/quimica\/wp-json\/wp\/v2\/types\/page"}],"author":[{"embeddable":true,"href":"https:\/\/pos.uel.br\/quimica\/wp-json\/wp\/v2\/users\/10"}],"replies":[{"embeddable":true,"href":"https:\/\/pos.uel.br\/quimica\/wp-json\/wp\/v2\/comments?post=347"}],"version-history":[{"count":5,"href":"https:\/\/pos.uel.br\/quimica\/wp-json\/wp\/v2\/pages\/347\/revisions"}],"predecessor-version":[{"id":790,"href":"https:\/\/pos.uel.br\/quimica\/wp-json\/wp\/v2\/pages\/347\/revisions\/790"}],"wp:attachment":[{"href":"https:\/\/pos.uel.br\/quimica\/wp-json\/wp\/v2\/media?parent=347"}],"curies":[{"name":"wp","href":"https:\/\/api.w.org\/{rel}","templated":true}]}}