{"id":345,"date":"2022-07-28T16:13:11","date_gmt":"2022-07-28T19:13:11","guid":{"rendered":"https:\/\/pos.uel.br\/quimica\/?page_id=345"},"modified":"2025-08-22T16:19:51","modified_gmt":"2025-08-22T19:19:51","slug":"publico-aspirante","status":"publish","type":"page","link":"https:\/\/pos.uel.br\/quimica\/publico-aspirante\/","title":{"rendered":"P\u00fablico Aspirante"},"content":{"rendered":"\n<p><\/p>\n\n\n\n<h2 class=\"wp-block-heading\">Nuevo: Admisi\u00f3n para 2026 &#8211; Primer Semestre: <a href=\"https:\/\/pos.uel.br\/quimica\/wp-content\/uploads\/2025\/08\/Espanol-PPGQ-12_2025-Oferta-Regular-2026-1vf.pdf\" data-type=\"link\" data-id=\"https:\/\/pos.uel.br\/quimica\/wp-content\/uploads\/2025\/08\/Espanol-PPGQ-12_2025-Oferta-Regular-2026-1vf.pdf\">ABIERTO Haz clic aqu\u00ed<\/a><\/h2>\n\n\n\n<p>Podr\u00e1n aspirar al Programa de Pos Graduaci\u00f3n en Qu\u00edmica \u2013 Curso de Maestr\u00eda e Doctorado, graduados en Qu\u00edmica o \u00e1reas correlacionadas.<\/p>\n\n\n\n<p>Los estudiantes de maestr\u00eda y doctorado son admitidos dos veces al a\u00f1o. Las inscripciones generalmente se realizan de noviembre a enero, para iniciar el curso en el primer per\u00edodo acad\u00e9mico, y de mayo a julio, para iniciar el curso en el segundo per\u00edodo acad\u00e9mico, a trav\u00e9s de un aviso p\u00fablico publicado. .<\/p>\n\n\n\n<p>La admisi\u00f3n al PPG-Qu\u00edmica en la UEL se basa en tres elementos:<\/p>\n\n\n\n<ul class=\"wp-block-list\">\n<li>Entrevista (evaluaci\u00f3n cara a cara);<\/li>\n\n\n\n<li>CV (evaluaci\u00f3n remota);<\/li>\n\n\n\n<li>Carta de aceptaci\u00f3n del asesor<br><\/li>\n<\/ul>\n\n\n\n<p>Los candidatos son seleccionados de acuerdo a su clasificaci\u00f3n en el proceso de admisi\u00f3n. Cuando est\u00e1n disponibles, las becas se distribuyen de acuerdo con los criterios establecidos en el aviso p\u00fablico del proceso de selecci\u00f3n.<\/p>\n\n\n\n<p><\/p>\n\n\n\n<p><strong>Estudiantes Especiales<\/strong> &#8211; Ya est\u00e1 abierta la convocatoria de admisi\u00f3n para estudiantes especiales en el segundo semestre de 2025. <strong><a href=\"https:\/\/pos.uel.br\/quimica\/wp-content\/uploads\/2025\/08\/Edital_008_25_Oferta_Especial_2025-2_Espanol.pdf\" data-type=\"link\" data-id=\"https:\/\/pos.uel.br\/quimica\/wp-content\/uploads\/2025\/08\/Edital_008_25_Oferta_Especial_2025-2_Espanol.pdf\">Haga clic aqu\u00ed para acceder al anuncio en espa\u00f1ol.<\/a><\/strong><\/p>\n\n\n\n<p><\/p>\n","protected":false},"excerpt":{"rendered":"<p>Nuevo: Admisi\u00f3n para 2026 &#8211; Primer Semestre: ABIERTO Haz clic aqu\u00ed Podr\u00e1n aspirar al Programa de Pos Graduaci\u00f3n en Qu\u00edmica \u2013 Curso de Maestr\u00eda e Doctorado, graduados en Qu\u00edmica o \u00e1reas correlacionadas. Los estudiantes de maestr\u00eda y doctorado son admitidos dos veces al a\u00f1o. Las inscripciones generalmente se realizan de noviembre a enero, para iniciar [&hellip;]<\/p>\n","protected":false},"author":10,"featured_media":0,"parent":0,"menu_order":0,"comment_status":"closed","ping_status":"closed","template":"","meta":{"footnotes":""},"class_list":["post-345","page","type-page","status-publish","hentry"],"_links":{"self":[{"href":"https:\/\/pos.uel.br\/quimica\/wp-json\/wp\/v2\/pages\/345","targetHints":{"allow":["GET"]}}],"collection":[{"href":"https:\/\/pos.uel.br\/quimica\/wp-json\/wp\/v2\/pages"}],"about":[{"href":"https:\/\/pos.uel.br\/quimica\/wp-json\/wp\/v2\/types\/page"}],"author":[{"embeddable":true,"href":"https:\/\/pos.uel.br\/quimica\/wp-json\/wp\/v2\/users\/10"}],"replies":[{"embeddable":true,"href":"https:\/\/pos.uel.br\/quimica\/wp-json\/wp\/v2\/comments?post=345"}],"version-history":[{"count":7,"href":"https:\/\/pos.uel.br\/quimica\/wp-json\/wp\/v2\/pages\/345\/revisions"}],"predecessor-version":[{"id":894,"href":"https:\/\/pos.uel.br\/quimica\/wp-json\/wp\/v2\/pages\/345\/revisions\/894"}],"wp:attachment":[{"href":"https:\/\/pos.uel.br\/quimica\/wp-json\/wp\/v2\/media?parent=345"}],"curies":[{"name":"wp","href":"https:\/\/api.w.org\/{rel}","templated":true}]}}