{"id":342,"date":"2022-07-28T16:13:11","date_gmt":"2022-07-28T19:13:11","guid":{"rendered":"https:\/\/pos.uel.br\/quimica\/?page_id=342"},"modified":"2025-04-30T11:17:36","modified_gmt":"2025-04-30T14:17:36","slug":"contacts-2","status":"publish","type":"page","link":"https:\/\/pos.uel.br\/quimica\/contacts-2\/","title":{"rendered":"Contatos"},"content":{"rendered":"\n<p class=\"has-text-align-center\"><strong>Secretario<\/strong><br>Tel\u00e9fono: (43) 3371-4711 \/ 3371-4879<br>correo electr\u00f3nico: spgcce@uel.br<\/p>\n\n\n\n<p class=\"has-text-align-center\"><strong>Horas de oficina<\/strong><br>De lunes a viernes, de 8 a 12h y de 14 a 18h.<\/p>\n\n\n\n<p class=\"has-text-align-center\"><strong>Direcci\u00f3n para correspondencia<\/strong><br>Universidad Estatal de Londrina<br>Departamento de F\u00edsica. Carretera Celso Garc\u00eda Cid | Pr 445 Km 380 | Campus universitario<br>Buz\u00f3n 6001 | CEP 86051-990 | Londrina \u2013 PR<\/p>\n","protected":false},"excerpt":{"rendered":"<p>SecretarioTel\u00e9fono: (43) 3371-4711 \/ 3371-4879correo electr\u00f3nico: spgcce@uel.br Horas de oficinaDe lunes a viernes, de 8 a 12h y de 14 a 18h. Direcci\u00f3n para correspondenciaUniversidad Estatal de LondrinaDepartamento de F\u00edsica. Carretera Celso Garc\u00eda Cid | Pr 445 Km 380 | Campus universitarioBuz\u00f3n 6001 | CEP 86051-990 | Londrina \u2013 PR<\/p>\n","protected":false},"author":10,"featured_media":0,"parent":0,"menu_order":0,"comment_status":"closed","ping_status":"closed","template":"","meta":{"footnotes":""},"class_list":["post-342","page","type-page","status-publish","hentry"],"_links":{"self":[{"href":"https:\/\/pos.uel.br\/quimica\/wp-json\/wp\/v2\/pages\/342","targetHints":{"allow":["GET"]}}],"collection":[{"href":"https:\/\/pos.uel.br\/quimica\/wp-json\/wp\/v2\/pages"}],"about":[{"href":"https:\/\/pos.uel.br\/quimica\/wp-json\/wp\/v2\/types\/page"}],"author":[{"embeddable":true,"href":"https:\/\/pos.uel.br\/quimica\/wp-json\/wp\/v2\/users\/10"}],"replies":[{"embeddable":true,"href":"https:\/\/pos.uel.br\/quimica\/wp-json\/wp\/v2\/comments?post=342"}],"version-history":[{"count":3,"href":"https:\/\/pos.uel.br\/quimica\/wp-json\/wp\/v2\/pages\/342\/revisions"}],"predecessor-version":[{"id":461,"href":"https:\/\/pos.uel.br\/quimica\/wp-json\/wp\/v2\/pages\/342\/revisions\/461"}],"wp:attachment":[{"href":"https:\/\/pos.uel.br\/quimica\/wp-json\/wp\/v2\/media?parent=342"}],"curies":[{"name":"wp","href":"https:\/\/api.w.org\/{rel}","templated":true}]}}