{"id":340,"date":"2022-07-28T16:13:11","date_gmt":"2022-07-28T19:13:11","guid":{"rendered":"https:\/\/pos.uel.br\/quimica\/?page_id=340"},"modified":"2025-08-06T11:48:30","modified_gmt":"2025-08-06T14:48:30","slug":"spanish","status":"publish","type":"page","link":"https:\/\/pos.uel.br\/quimica\/spanish\/","title":{"rendered":"Spanish"},"content":{"rendered":"\n<h2 class=\"wp-block-heading\"><strong>BIENVIENIDOS<\/strong><\/h2>\n\n\n\n<p class=\"has-text-align-left\">PROGRAMA DE MAESTR\u00cdA Y DOCTORADO EN QU\u00cdMICA\n\nEl Programa de Posgrado en Qu\u00edmica (PPGQ) tiene como objetivo desarrollar recursos intelectuales en el campo de la Qu\u00edmica al m\u00e1s alto nivel. El PPGQ tiene un car\u00e1cter acad\u00e9mico e investigativo con un objetivo esencialmente cient\u00edfico, siendo su meta central no solo la transmisi\u00f3n del conocimiento existente, sino tambi\u00e9n el desarrollo de nuevos conocimientos mediante la investigaci\u00f3n creativa. Asimismo, el Programa de Posgrado busca proporcionar el entorno y los recursos adecuados dentro de la universidad para la investigaci\u00f3n cient\u00edfica abierta, garantizando la acci\u00f3n aut\u00f3noma e innovadora en las m\u00e1s altas esferas de la cultura universitaria. El PPGQ se encarga de formar profesionales creativos y competentes que puedan satisfacer la demanda de la educaci\u00f3n b\u00e1sica y superior, a la vez que garantiza la mejora continua de la calidad profesional. Asimismo, busca impulsar el desarrollo de la investigaci\u00f3n cient\u00edfica mediante la preparaci\u00f3n adecuada de investigadores y la formaci\u00f3n efectiva de profesionales intelectuales del m\u00e1s alto nivel para satisfacer las necesidades del desarrollo nacional en todos los sectores, as\u00ed como para participar en el desarrollo de nuevas t\u00e9cnicas y procesos.<\/p>\n\n\n\n<h2 class=\"wp-block-heading\">IMPORTANTE<\/h2>\n\n\n\n<p>Para la admisi\u00f3n al Programa de Posgrado en Qu\u00edmica, que comienza en 2026, la puntuaci\u00f3n del Examen Unificado de Qu\u00edmica ser\u00e1 uno de los criterios de selecci\u00f3n para los nuevos estudiantes de posgrado. El plazo de inscripci\u00f3n para la edici\u00f3n 2025\/2 del Examen Unificado de Qu\u00edmica (EUQ) ya est\u00e1 abierto. El examen se realizar\u00e1 el 16 de noviembre de 2025. El plazo de inscripci\u00f3n es del 18 de agosto al 28 de septiembre de 2025.<\/p>\n\n\n\n<p>\u00a1No espere! Inscr\u00edbase para presentar el examen y participar en nuestro proceso de selecci\u00f3n para su maestr\u00eda o doctorado en Qu\u00edmica en la Universidad Estatal de Londrina.<\/p>\n\n\n\n<p>M\u00e1s informaci\u00f3n, as\u00ed como el calendario de ex\u00e1menes, est\u00e1 disponible en la convocatoria, disponible en nuestro sitio web: <a href=\"https:\/\/euq.sbq.org.br\/\">https:\/\/euq.sbq.org.br\/<\/a>.<\/p>\n\n\n\n<h4 class=\"wp-block-heading\">RESOLUCI\u00d3N &#8211; PPG Stricto sensu Colegiado N\u00ba 10\/2023<\/h4>\n\n\n\n<p><a href=\"https:\/\/pos.uel.br\/quimica\/wp-content\/uploads\/2025\/08\/REGULATIONS-OF-THE-GRADUATE-PROGRAM-1.pdf\" data-type=\"link\" data-id=\"https:\/\/pos.uel.br\/quimica\/wp-content\/uploads\/2025\/08\/REGULATIONS-OF-THE-GRADUATE-PROGRAM-1.pdf\">Tenga acceso a la resoluci\u00f3n aqu\u00ed.<\/a><\/p>\n\n\n\n<h4 class=\"wp-block-heading\">Reglamento del Programa de Posgrado en Qu\u00edmica \u2013 CEPE 63\/2023<\/h4>\n\n\n\n<p><a href=\"https:\/\/pos.uel.br\/quimica\/wp-content\/uploads\/2025\/08\/RESOLUTION-\u2013-PPG-Stricto-sensu-Collegiate-1.pdf\">Tenga acceso a la Reglamento aqu\u00ed<\/a><\/p>\n","protected":false},"excerpt":{"rendered":"<p>BIENVIENIDOS PROGRAMA DE MAESTR\u00cdA Y DOCTORADO EN QU\u00cdMICA El Programa de Posgrado en Qu\u00edmica (PPGQ) tiene como objetivo desarrollar recursos intelectuales en el campo de la Qu\u00edmica al m\u00e1s alto nivel. El PPGQ tiene un car\u00e1cter acad\u00e9mico e investigativo con un objetivo esencialmente cient\u00edfico, siendo su meta central no solo la transmisi\u00f3n del conocimiento existente, [&hellip;]<\/p>\n","protected":false},"author":10,"featured_media":0,"parent":0,"menu_order":0,"comment_status":"closed","ping_status":"closed","template":"","meta":{"footnotes":""},"class_list":["post-340","page","type-page","status-publish","hentry"],"_links":{"self":[{"href":"https:\/\/pos.uel.br\/quimica\/wp-json\/wp\/v2\/pages\/340","targetHints":{"allow":["GET"]}}],"collection":[{"href":"https:\/\/pos.uel.br\/quimica\/wp-json\/wp\/v2\/pages"}],"about":[{"href":"https:\/\/pos.uel.br\/quimica\/wp-json\/wp\/v2\/types\/page"}],"author":[{"embeddable":true,"href":"https:\/\/pos.uel.br\/quimica\/wp-json\/wp\/v2\/users\/10"}],"replies":[{"embeddable":true,"href":"https:\/\/pos.uel.br\/quimica\/wp-json\/wp\/v2\/comments?post=340"}],"version-history":[{"count":6,"href":"https:\/\/pos.uel.br\/quimica\/wp-json\/wp\/v2\/pages\/340\/revisions"}],"predecessor-version":[{"id":802,"href":"https:\/\/pos.uel.br\/quimica\/wp-json\/wp\/v2\/pages\/340\/revisions\/802"}],"wp:attachment":[{"href":"https:\/\/pos.uel.br\/quimica\/wp-json\/wp\/v2\/media?parent=340"}],"curies":[{"name":"wp","href":"https:\/\/api.w.org\/{rel}","templated":true}]}}