{"id":306,"date":"2022-07-27T20:37:22","date_gmt":"2022-07-27T23:37:22","guid":{"rendered":"https:\/\/pos.uel.br\/quimica\/?page_id=306"},"modified":"2026-04-09T19:20:26","modified_gmt":"2026-04-09T22:20:26","slug":"processo-de-selecao","status":"publish","type":"page","link":"https:\/\/pos.uel.br\/quimica\/processo-de-selecao\/","title":{"rendered":"Processo de Sele\u00e7\u00e3o"},"content":{"rendered":"\n<p>O Programa de P\u00f3s-gradua\u00e7\u00e3o em Qu\u00edmica da UEL oferece vagas para o curso de mestrado e de doutorado semestralmente.<\/p>\n\n\n\n<p>A partir de entrada em 2026, a classifica\u00e7\u00e3o dos candidatos ser\u00e1 composta por:<\/p>\n\n\n\n<ol class=\"wp-block-list\">\n<li>Nota do Exame Unificado em Qu\u00edmica &#8211; <a href=\"https:\/\/euq.sbq.org.br\/\">https:\/\/euq.sbq.org.br\/<\/a> (ser\u00e1 aceito notas dos exames realizados de at\u00e9 dois anos da data de inscri\u00e7\u00e3o)<\/li>\n\n\n\n<li>Curriculum Lattes (com documenta\u00e7\u00e3o comprobat\u00f3ria de acordo com a <a href=\"https:\/\/pos.uel.br\/quimica\/wp-content\/uploads\/2025\/08\/Tabela-pontuacao-curriculum.docx\" data-type=\"link\" data-id=\"https:\/\/pos.uel.br\/quimica\/wp-content\/uploads\/2025\/08\/Tabela-pontuacao-curriculum.docx\">tabela<\/a>);<\/li>\n\n\n\n<li>Carta de aceite do orientador<\/li>\n<\/ol>\n\n\n\n<p>.<\/p>\n\n\n\n<h3 class=\"wp-block-heading\"><mark class=\"has-inline-color has-primary-accent-color\">Editais de Sele\u00e7\u00e3o<\/mark><\/h3>\n\n\n\n<h4 class=\"wp-block-heading\"><mark style=\"background-color:#F5F5F5\" class=\"has-inline-color has-extra-2-color\">Alunos Regulares<\/mark><\/h4>\n\n\n\n<p>.<\/p>\n\n\n\n<p><strong>Edital de Sele\u00e7\u00e3o Alunos Regulares (2o. Semestre 2026) \u2013&nbsp;<a href=\"https:\/\/pos.uel.br\/quimica\/wp-content\/uploads\/2026\/03\/Edital-04_26_-Oferta-Regular-2026-2_assinado.pdf\" data-type=\"link\" data-id=\"https:\/\/pos.uel.br\/quimica\/wp-content\/uploads\/2026\/03\/Edital-04_26_-Oferta-Regular-2026-2_assinado.pdf\">Edital 04\/2026<\/a><\/strong><\/p>\n\n\n\n<p>Link para isen\u00e7\u00e3o Cad\u00danico: <a href=\"http:\/\/www.uel.br\/eventos\/sigec\/?id=11805\" target=\"_blank\" rel=\"noreferrer noopener\">http:\/\/www.uel.br\/eventos\/sigec\/?id=11805<\/a><\/p>\n\n\n\n<p>Resultado para isen\u00e7\u00e3o Cad\u00danico: <a href=\"https:\/\/pos.uel.br\/quimica\/wp-content\/uploads\/2026\/04\/Resultado-Selecao-CADUNICO-PPGQ.pdf\" data-type=\"link\" data-id=\"https:\/\/pos.uel.br\/quimica\/wp-content\/uploads\/2026\/04\/Resultado-Selecao-CADUNICO-PPGQ.pdf\">clique aqui<\/a><\/p>\n\n\n\n<p>.<\/p>\n\n\n\n<p><strong>Edital Resultado Sele\u00e7\u00e3o de Ingressantes (Alunos Regulares) em 2026 1o Semestre \u2013&nbsp;<a href=\"https:\/\/pos.uel.br\/quimica\/wp-content\/uploads\/2025\/12\/Edital_PPGQ__15_2025_Resultado-2026-01_mestrado_e_doutorado_VF_assinado.pdf\">Edital 015\/2025<\/a><\/strong><\/p>\n\n\n\n<p>.<\/p>\n\n\n\n<p><strong>Edital de Sele\u00e7\u00e3o Alunos Regulares (1o. Semestre 2026) &#8211; <a href=\"https:\/\/pos.uel.br\/quimica\/wp-content\/uploads\/2025\/08\/Edital_PPGQ_12_2025_Oferta_Regular_2026-1vf_assinado.pdf\" data-type=\"link\" data-id=\"https:\/\/pos.uel.br\/quimica\/wp-content\/uploads\/2025\/08\/Edital_PPGQ_12_2025_Oferta_Regular_2026-1vf_assinado.pdf\">Edital 12\/2025<\/a><\/strong><br>Link inscri\u00e7\u00f5es com o CADUNICO: <a href=\"https:\/\/www.sistemasweb.uel.br\/index.php?contents=system\/insc\/index.php&amp;pagina=view\/inscricoes\/seleciona_evento.php&amp;cod_evento=11183\">https:\/\/www.sistemasweb.uel.br\/index.php?contents=system\/insc\/index.php&amp;pagina=view\/inscricoes\/seleciona_evento.php&amp;cod_evento=11183<\/a><br>Resultado das isen\u00e7\u00f5es &#8211; <strong><a href=\"https:\/\/pos.uel.br\/quimica\/wp-content\/uploads\/2025\/09\/Resultado-de-isencoes.pdf\" data-type=\"link\" data-id=\"https:\/\/pos.uel.br\/quimica\/wp-content\/uploads\/2025\/09\/Resultado-de-isencoes.pdf\">Clique aqui<\/a><\/strong>.<br>.<br>Edital de Sele\u00e7\u00e3o Alunos Regulares (2o Semestre 2025): <a href=\"https:\/\/pos.uel.br\/quimica\/wp-content\/uploads\/2025\/08\/EDITAL_007_25_Resultado-2025-2S_-_Quimica_assinado.pdf\" data-type=\"link\" data-id=\"https:\/\/pos.uel.br\/quimica\/wp-content\/uploads\/2025\/08\/EDITAL_007_25_Resultado-2025-2S_-_Quimica_assinado.pdf\"><strong>Edital 007\/2025<\/strong><\/a><\/p>\n\n\n\n<p>Resultado para o Cotistas (2o. Semestre 2025): <a href=\"https:\/\/pos.uel.br\/quimica\/wp-content\/uploads\/2025\/05\/RESULTADO_ACOES_AFIRMATIVAS_COTAS-D_385.pdf\" data-type=\"link\" data-id=\"https:\/\/pos.uel.br\/quimica\/wp-content\/uploads\/2025\/05\/RESULTADO_ACOES_AFIRMATIVAS_COTAS-D_385.pdf\"><strong> INSCRITOS COTISTAS<\/strong><\/a><\/p>\n\n\n\n<p>Edital de Sele\u00e7\u00e3o Alunos Regulares (2o Semestre 2025):  <strong><a href=\"https:\/\/pos.uel.br\/quimica\/wp-content\/uploads\/2025\/05\/EDITAL-005_25-OFERTA_REGULAR_2025-2S.pdf\" data-type=\"link\" data-id=\"https:\/\/pos.uel.br\/quimica\/wp-content\/uploads\/2025\/05\/EDITAL-005_25-OFERTA_REGULAR_2025-2S.pdf\">Edital 005\/2025<\/a><\/strong><\/p>\n\n\n\n<p><\/p>\n\n\n\n<p><\/p>\n\n\n\n<p>.<\/p>\n\n\n\n<h4 class=\"wp-block-heading\"><mark style=\"background-color:#F5F5F5\" class=\"has-inline-color\">Alunos Especiais<\/mark><\/h4>\n\n\n\n<p>.<\/p>\n\n\n\n<p><strong>Edital de<\/strong>&nbsp;<strong>Resultado de Sele\u00e7\u00e3o Alunos Especiais (1o. Semestre 2026)<\/strong>\u2013&nbsp;<strong><a href=\"https:\/\/pos.uel.br\/quimica\/wp-content\/uploads\/2026\/03\/Edital_PPGQ__02_2026_Resultado_Especial_1S_assinado.pdf\" data-type=\"link\" data-id=\"https:\/\/pos.uel.br\/quimica\/wp-content\/uploads\/2026\/03\/Edital_PPGQ__02_2026_Resultado_Especial_1S_assinado.pdf\">Edital 02\/2026<\/a><\/strong><\/p>\n\n\n\n<p>.<\/p>\n\n\n\n<p><strong>Edital de<\/strong>&nbsp;<strong>Sele\u00e7\u00e3o de Alunos Especiais (1o. Semestre 2026)<\/strong>\u2013&nbsp;<strong><a href=\"https:\/\/pos.uel.br\/quimica\/wp-content\/uploads\/2026\/02\/Edital_PPGQ__01_2026_Especial_1S_VF_assinado.pdf\" data-type=\"link\" data-id=\"https:\/\/pos.uel.br\/quimica\/wp-content\/uploads\/2026\/02\/Edital_PPGQ__01_2026_Especial_1S_VF_assinado.pdf\">Edital 01\/2026<\/a><\/strong>&nbsp;<\/p>\n\n\n\n<p class=\"has-text-align-left\">Listagem com pedido de isen\u00e7\u00e3o deferido &#8211; Edital 01\/2026 &#8211; <a href=\"https:\/\/pos.uel.br\/quimica\/wp-content\/uploads\/2026\/02\/Listagem-de-candidatos-_Isencao-de-taxa_19fev2026.pdf\" data-type=\"link\" data-id=\"https:\/\/pos.uel.br\/quimica\/wp-content\/uploads\/2026\/02\/Listagem-de-candidatos-_Isencao-de-taxa_19fev2026.pdf\"><strong>Clique aqui&nbsp;<\/strong><\/a><\/p>\n\n\n\n<p>.<\/p>\n\n\n\n<p>Edital de Resultado Sele\u00e7\u00e3o de Alunos Especiais (2o Semestre 2025)<strong> &#8211; <a href=\"https:\/\/pos.uel.br\/quimica\/wp-content\/uploads\/2025\/08\/Edital_011_25_Resul_Est._Esp_2025_02S_VF_assinado.pdf\" data-type=\"link\" data-id=\"https:\/\/pos.uel.br\/quimica\/wp-content\/uploads\/2025\/08\/Edital_011_25_Resul_Est._Esp_2025_02S_VF_assinado.pdf\">Edital 011\/2025<\/a><\/strong><mark class=\"has-inline-color has-secondary-accent-color\"><\/mark><\/p>\n\n\n\n<p>Edital de Resultado para o Pedido de Isen\u00e7\u00e3o: <a href=\"https:\/\/pos.uel.br\/quimica\/wp-content\/uploads\/2025\/07\/Edital_009_25_Isencao_Oferta_Especial_2025-2S_assinado.pdf\" data-type=\"link\" data-id=\"https:\/\/pos.uel.br\/quimica\/wp-content\/uploads\/2025\/07\/Edital_009_25_Isencao_Oferta_Especial_2025-2S_assinado.pdf\"><strong>Edital No 009\/2025 <\/strong><\/a><\/p>\n\n\n\n<p>Edital de Sele\u00e7\u00e3o Alunos Especiais (2o Semestre 2025):  <strong><a href=\"https:\/\/pos.uel.br\/quimica\/wp-content\/uploads\/2025\/07\/Edital_008_25_Oferta_Especial_2025-2_assinado.pdf\" data-type=\"link\" data-id=\"https:\/\/pos.uel.br\/quimica\/wp-content\/uploads\/2025\/07\/Edital_008_25_Oferta_Especial_2025-2_assinado.pdf\">Edital 008\/2025<\/a><\/strong><\/p>\n\n\n\n<h2 class=\"wp-block-heading\"><\/h2>\n\n\n\n<p><\/p>\n\n\n\n<p><\/p>\n\n\n\n<p><\/p>\n\n\n\n<p><\/p>\n","protected":false},"excerpt":{"rendered":"<p>O Programa de P\u00f3s-gradua\u00e7\u00e3o em Qu\u00edmica da UEL oferece vagas para o curso de mestrado e de doutorado semestralmente. A partir de entrada em 2026, a classifica\u00e7\u00e3o dos candidatos ser\u00e1 composta por: . Editais de Sele\u00e7\u00e3o Alunos Regulares . Edital de Sele\u00e7\u00e3o Alunos Regulares (2o. Semestre 2026) \u2013&nbsp;Edital 04\/2026 Link para isen\u00e7\u00e3o Cad\u00danico: http:\/\/www.uel.br\/eventos\/sigec\/?id=11805 Resultado [&hellip;]<\/p>\n","protected":false},"author":10,"featured_media":0,"parent":0,"menu_order":0,"comment_status":"closed","ping_status":"closed","template":"","meta":{"footnotes":""},"class_list":["post-306","page","type-page","status-publish","hentry"],"_links":{"self":[{"href":"https:\/\/pos.uel.br\/quimica\/wp-json\/wp\/v2\/pages\/306","targetHints":{"allow":["GET"]}}],"collection":[{"href":"https:\/\/pos.uel.br\/quimica\/wp-json\/wp\/v2\/pages"}],"about":[{"href":"https:\/\/pos.uel.br\/quimica\/wp-json\/wp\/v2\/types\/page"}],"author":[{"embeddable":true,"href":"https:\/\/pos.uel.br\/quimica\/wp-json\/wp\/v2\/users\/10"}],"replies":[{"embeddable":true,"href":"https:\/\/pos.uel.br\/quimica\/wp-json\/wp\/v2\/comments?post=306"}],"version-history":[{"count":39,"href":"https:\/\/pos.uel.br\/quimica\/wp-json\/wp\/v2\/pages\/306\/revisions"}],"predecessor-version":[{"id":1065,"href":"https:\/\/pos.uel.br\/quimica\/wp-json\/wp\/v2\/pages\/306\/revisions\/1065"}],"wp:attachment":[{"href":"https:\/\/pos.uel.br\/quimica\/wp-json\/wp\/v2\/media?parent=306"}],"curies":[{"name":"wp","href":"https:\/\/api.w.org\/{rel}","templated":true}]}}