{"id":279,"date":"2022-07-27T19:43:08","date_gmt":"2022-07-27T22:43:08","guid":{"rendered":"https:\/\/pos.uel.br\/quimica\/?page_id=279"},"modified":"2022-07-27T20:31:43","modified_gmt":"2022-07-27T23:31:43","slug":"contacts","status":"publish","type":"page","link":"https:\/\/pos.uel.br\/quimica\/contacts\/","title":{"rendered":"Contacts"},"content":{"rendered":"\n<p class=\"has-text-align-center\"><strong>Office<\/strong><br>Phone (43) 3371 4711<br>e-mail: spgcce@uel.br<\/p>\n\n\n\n<p class=\"has-text-align-center\"><strong>Opening hours<\/strong><br>08:00 \u00e0s 12:00 \u2013 14:00 \u00e0s 18:00 (Brasilia time)<\/p>\n\n\n\n<p class=\"has-text-align-center\"><strong>Mailing address<\/strong><br>Universidade Estadual de Londrina<br>Secretaria de P\u00f3s-Gradua\u00e7\u00e3o do CCE<br>Rodovia Celso Garcia Cid | Pr 445 Km 380 | Campus Universit\u00e1rio<br>Cx. Postal 6001 | CEP 86051-990 | Londrina \u2013 PR<\/p>\n","protected":false},"excerpt":{"rendered":"<p>OfficePhone (43) 3371 4711e-mail: spgcce@uel.br Opening hours08:00 \u00e0s 12:00 \u2013 14:00 \u00e0s 18:00 (Brasilia time) Mailing addressUniversidade Estadual de LondrinaSecretaria de P\u00f3s-Gradua\u00e7\u00e3o do CCERodovia Celso Garcia Cid | Pr 445 Km 380 | Campus Universit\u00e1rioCx. Postal 6001 | CEP 86051-990 | Londrina \u2013 PR<\/p>\n","protected":false},"author":10,"featured_media":0,"parent":0,"menu_order":0,"comment_status":"closed","ping_status":"closed","template":"","meta":{"footnotes":""},"class_list":["post-279","page","type-page","status-publish","hentry"],"_links":{"self":[{"href":"https:\/\/pos.uel.br\/quimica\/wp-json\/wp\/v2\/pages\/279","targetHints":{"allow":["GET"]}}],"collection":[{"href":"https:\/\/pos.uel.br\/quimica\/wp-json\/wp\/v2\/pages"}],"about":[{"href":"https:\/\/pos.uel.br\/quimica\/wp-json\/wp\/v2\/types\/page"}],"author":[{"embeddable":true,"href":"https:\/\/pos.uel.br\/quimica\/wp-json\/wp\/v2\/users\/10"}],"replies":[{"embeddable":true,"href":"https:\/\/pos.uel.br\/quimica\/wp-json\/wp\/v2\/comments?post=279"}],"version-history":[{"count":2,"href":"https:\/\/pos.uel.br\/quimica\/wp-json\/wp\/v2\/pages\/279\/revisions"}],"predecessor-version":[{"id":303,"href":"https:\/\/pos.uel.br\/quimica\/wp-json\/wp\/v2\/pages\/279\/revisions\/303"}],"wp:attachment":[{"href":"https:\/\/pos.uel.br\/quimica\/wp-json\/wp\/v2\/media?parent=279"}],"curies":[{"name":"wp","href":"https:\/\/api.w.org\/{rel}","templated":true}]}}