{"id":21,"date":"2021-04-27T15:46:14","date_gmt":"2021-04-27T18:46:14","guid":{"rendered":"https:\/\/pos.uel.br\/quimica\/?page_id=21"},"modified":"2026-04-08T17:04:48","modified_gmt":"2026-04-08T20:04:48","slug":"formularios-2","status":"publish","type":"page","link":"https:\/\/pos.uel.br\/quimica\/formularios-2\/","title":{"rendered":"Formul\u00e1rios"},"content":{"rendered":"\n<p><\/p>\n\n\n\n<p><\/p>\n\n\n\n<p><\/p>\n\n\n\n<h2 class=\"wp-block-heading\"><strong>Formul\u00e1rios para pedido de Exame de Qualifica\u00e7\u00e3o Doutorado<\/strong>:<\/h2>\n\n\n\n<p><a href=\"https:\/\/pos.uel.br\/quimica\/wp-content\/uploads\/2025\/07\/INDICAC\u0327A\u0303O-DE-BANCA_QUALIFICAC\u0327A\u0303O_PPGQ.doc\" data-type=\"link\" data-id=\"https:\/\/pos.uel.br\/quimica\/wp-content\/uploads\/2025\/07\/INDICAC\u0327A\u0303O-DE-BANCA_QUALIFICAC\u0327A\u0303O_PPGQ.doc\">Formul\u00e1rio para Exame de Qualifica\u00e7\u00e3o<\/a><br><\/p>\n\n\n\n<h2 class=\"wp-block-heading\"><strong>Formul\u00e1rios para pedido de Defesa Doutorado (respeitar o tempo e as duas etapas):<\/strong><\/h2>\n\n\n\n<p><a href=\"https:\/\/pos.uel.br\/quimica\/wp-content\/uploads\/2025\/07\/SOLITACAO_banca_doutorado_PRIMEIRA-ETAPA-2025.docx\" data-type=\"link\" data-id=\"https:\/\/pos.uel.br\/quimica\/wp-content\/uploads\/2025\/07\/SOLITACAO_banca_doutorado_PRIMEIRA-ETAPA-2025.docx\">Primeira etapa: Formul\u00e1rio para\u00a0<strong>solicita\u00e7\u00e3o<\/strong>\u00a0de banca de doutorado a ser enviado a Comiss\u00e3o Coordenadora\u00a0<\/a>(ppgq@uel.br; <em>com c\u00f3pia para spgcce@uel.br<\/em>) <strong>AT\u00c9 O DIA 10 DE CADA M\u00caS, COM ANTECED\u00caNCIA DE 45 DIAS ANTES DA DEFESA <strong>DO TRABALHO DE CONCLUS\u00c3O DO DOUTORADO<\/strong>.<\/strong><br><br><a href=\"https:\/\/pos.uel.br\/quimica\/wp-content\/uploads\/2025\/07\/INDICACAO_banca_doutorado_2segunda_etapa2025.docx\" data-type=\"link\" data-id=\"https:\/\/pos.uel.br\/quimica\/wp-content\/uploads\/2025\/07\/INDICACAO_banca_doutorado_2segunda_etapa2025.docx\">Segunda etapa: Formul\u00e1rio para\u00a0<strong>indica\u00e7\u00e3o<\/strong>\u00a0de banca de doutorado a ser enviado a Secret\u00e1ria de P\u00f3s-Gradua\u00e7\u00e3o<\/a>\u00a0(spgcce@uel.br) A<strong>T\u00c9 30 DIAS ANTERIOR A DEFESA DO TRABALHO DE CONCLUS\u00c3O DO DOUTORADO<\/strong>.<\/p>\n\n\n\n<p><a href=\"https:\/\/pos.uel.br\/quimica\/wp-content\/uploads\/2026\/04\/cartaz-defesa-doutorado.pptx\" data-type=\"link\" data-id=\"https:\/\/pos.uel.br\/quimica\/wp-content\/uploads\/2026\/04\/cartaz-defesa-doutorado.pptx\">Cartaz para divulga\u00e7\u00e3o da defesa de doutorado.<\/a><\/p>\n\n\n\n<p>.<br><br><br><\/p>\n\n\n\n<h3 class=\"wp-block-heading\">Estudantes especiais e externos<\/h3>\n\n\n\n<p>Portadores do diploma de gradua\u00e7\u00e3o podem se matricular em disciplinas isoladas do Programa de P\u00f3s-gradua\u00e7\u00e3o em Ci\u00eancias Biol\u00f3gicas como alunos especiais ou alunos externos, conforme explicado a seguir.<\/p>\n\n\n\n<p><strong>Alunos especiais<\/strong><\/p>\n\n\n\n<p id=\"block-668a95d0-98bb-4dd5-b45c-6cc63368b034\"><strong>S\u00e3o alunos&nbsp;<u>n\u00e3o<\/u>&nbsp;matriculados em outros Programas de P\u00f3s-gradua\u00e7\u00e3o<\/strong><\/p>\n\n\n\n<p id=\"block-60021345-fa56-4e4e-be06-e26158936410\">O aluno especial poder\u00e1 cursar at\u00e9 50% dos cr\u00e9ditos exigidos para o curso em disciplinas. As inscri\u00e7\u00f5es s\u00e3o efetivadas no per\u00edodo determinado pelo calend\u00e1rio da p\u00f3s-gradua\u00e7\u00e3o da UEL, por meio de formul\u00e1rio eletr\u00f4nico dispon\u00edvel na p\u00e1gina da&nbsp;PROPPG, pagamento de taxa, e entrega dos documentos \u00e0 Secretaria do PPG-CCE.<\/p>\n\n\n\n<p id=\"block-bb6b6f09-7aa7-4ef7-bc76-931f2eb5b729\">Os documentos solicitados s\u00e3o:<\/p>\n\n\n\n<p id=\"block-0828adcb-d35e-4d2d-a676-68c7c96eb954\">a) requerimento de inscri\u00e7\u00e3o (\u201cinscri\u00e7\u00e3o eletr\u00f4nica\u201d) devidamente preenchido e assinado;<\/p>\n\n\n\n<p id=\"block-744f70c1-aa1e-40da-b8dc-fa48d84315f9\">b) c\u00f3pia do comprovante do pagamento da taxa de inscri\u00e7\u00e3o;<\/p>\n\n\n\n<p id=\"block-541cb565-aeb3-4afd-9fdb-4189439ac4a6\">c) c\u00f3pia dos documentos pessoais (RG, CPF, Documento Militar, Certid\u00e3o de Nascimento\/Casamento);<\/p>\n\n\n\n<p id=\"block-7f096635-5de4-4d95-b66b-889c3f107336\">d) c\u00f3pia do Hist\u00f3rico Escolar do curso de gradua\u00e7\u00e3o;<\/p>\n\n\n\n<p id=\"block-3d2da1f9-c2f6-4364-ba62-2271fd9e9837\">e) c\u00f3pia do diploma de gradua\u00e7\u00e3o (autenticada quando n\u00e3o formado na UEL).<\/p>\n\n\n\n<p id=\"block-db742700-b747-4bb3-8c58-12957ac08f73\">Considerando o Parecer n\u00ba 303\/2000 da C\u00e2mara de Ensino Superior do MEC, o candidato aprovado poder\u00e1 apresentar, no ato da matr\u00edcula, a fotoc\u00f3pia do certificado ou atestado de conclus\u00e3o do curso de gradua\u00e7\u00e3o, bem como o documento que comprove que o mesmo est\u00e1 reconhecido pelo \u00f3rg\u00e3o competente, o qual dever\u00e1 estar devidamente datado e assinado. Nesse caso, a matr\u00edcula se dar\u00e1 em car\u00e1ter prec\u00e1rio e provis\u00f3rio, at\u00e9 a apresenta\u00e7\u00e3o do respectivo diploma. Caso seja apresentado o atestado de conclus\u00e3o do curso de gradua\u00e7\u00e3o, nele dever\u00e1 constar a data de conclus\u00e3o e a data de previs\u00e3o de cola\u00e7\u00e3o de grau. At\u00e9 o final do curso de p\u00f3s-gradua\u00e7\u00e3o, o estudante dever\u00e1 apresentar fotoc\u00f3pia autenticada do diploma do curso de gradua\u00e7\u00e3o.<\/p>\n\n\n\n<p><strong>Alunos externos<\/strong><\/p>\n\n\n\n<p><strong>S\u00e3o alunos matriculados em outros Programas de P\u00f3s-gradua\u00e7\u00e3o (Art. 27)<\/strong><\/p>\n\n\n\n<p>N\u00e3o ser\u00e1 mais necess\u00e1rio protocolar pedidos\/requerimentos para cursar disciplina como aluno de outra institui\u00e7\u00e3o, Art. 27 do RPPG \u2013 Stricto sensu. Tamb\u00e9m est\u00e3o dispensados de apresentar os documentos de matr\u00edcula, tendo em vista que esses j\u00e1 s\u00e3o alunos devidamente matriculados em Programas de P\u00f3s-Gradua\u00e7\u00e3o Stricto sensu em outra Institui\u00e7\u00e3o;<\/p>\n\n\n\n<p>Os interessados dever\u00e3o preencher, digitalmente, o requerimento dispon\u00edvel em&nbsp;<a href=\"http:\/\/www.uel.br\/proppg\/portalnovo\/pages\/mais\/formularios.php\">http:\/\/www.uel.br\/proppg\/portalnovo\/pages\/mais\/formularios.php<\/a>&nbsp;\u2013 \u201cRequerimento Matr\u00edcula \u2013 Estudante de Outra Institui\u00e7\u00e3o \u2013 Art. 27 do RPPG \u2013 Stricto sensu\u201d;<\/p>\n\n\n\n<p>Encaminhar o&nbsp;formul\u00e1rio preenchido&nbsp;\u00e0 Coordena\u00e7\u00e3o do Programa (Programa de P\u00f3s-Gradua\u00e7\u00e3o em Qu\u00edmica UEL&nbsp;<a href=\"mailto:ppgq@uel.br\">ppgq@uel.br<\/a>), juntamente ao atestado de matr\u00edcula e carta de recomenda\u00e7\u00e3o do supervisor da Institui\u00e7\u00e3o de origem.<\/p>\n\n\n\n<p>Ap\u00f3s an\u00e1lise e parecer da Coordena\u00e7\u00e3o, a Secretaria de PG far\u00e1 a inclus\u00e3o individual (matr\u00edcula) no Sistema Acad\u00eamico de P\u00f3s-Gradua\u00e7\u00e3o.<\/p>\n","protected":false},"excerpt":{"rendered":"<p>Formul\u00e1rios para pedido de Exame de Qualifica\u00e7\u00e3o Doutorado: Formul\u00e1rio para Exame de Qualifica\u00e7\u00e3o Formul\u00e1rios para pedido de Defesa Doutorado (respeitar o tempo e as duas etapas): Primeira etapa: Formul\u00e1rio para\u00a0solicita\u00e7\u00e3o\u00a0de banca de doutorado a ser enviado a Comiss\u00e3o Coordenadora\u00a0(ppgq@uel.br; com c\u00f3pia para spgcce@uel.br) AT\u00c9 O DIA 10 DE CADA M\u00caS, COM ANTECED\u00caNCIA DE 45 DIAS [&hellip;]<\/p>\n","protected":false},"author":1,"featured_media":0,"parent":0,"menu_order":0,"comment_status":"closed","ping_status":"closed","template":"","meta":{"footnotes":""},"class_list":["post-21","page","type-page","status-publish","hentry"],"_links":{"self":[{"href":"https:\/\/pos.uel.br\/quimica\/wp-json\/wp\/v2\/pages\/21","targetHints":{"allow":["GET"]}}],"collection":[{"href":"https:\/\/pos.uel.br\/quimica\/wp-json\/wp\/v2\/pages"}],"about":[{"href":"https:\/\/pos.uel.br\/quimica\/wp-json\/wp\/v2\/types\/page"}],"author":[{"embeddable":true,"href":"https:\/\/pos.uel.br\/quimica\/wp-json\/wp\/v2\/users\/1"}],"replies":[{"embeddable":true,"href":"https:\/\/pos.uel.br\/quimica\/wp-json\/wp\/v2\/comments?post=21"}],"version-history":[{"count":9,"href":"https:\/\/pos.uel.br\/quimica\/wp-json\/wp\/v2\/pages\/21\/revisions"}],"predecessor-version":[{"id":1061,"href":"https:\/\/pos.uel.br\/quimica\/wp-json\/wp\/v2\/pages\/21\/revisions\/1061"}],"wp:attachment":[{"href":"https:\/\/pos.uel.br\/quimica\/wp-json\/wp\/v2\/media?parent=21"}],"curies":[{"name":"wp","href":"https:\/\/api.w.org\/{rel}","templated":true}]}}