{"id":12,"date":"2021-04-27T15:46:13","date_gmt":"2021-04-27T18:46:13","guid":{"rendered":"https:\/\/pos.uel.br\/quimica\/?page_id=12"},"modified":"2025-05-05T23:39:24","modified_gmt":"2025-05-06T02:39:24","slug":"estrutura-curricular","status":"publish","type":"page","link":"https:\/\/pos.uel.br\/quimica\/estrutura-curricular\/","title":{"rendered":"Estrutura Curricular &#8211; Mestrado"},"content":{"rendered":"\n<p><\/p>\n\n\n\n<p><strong>Dura\u00e7\u00e3o:<\/strong> O Mestrado tem a dura\u00e7\u00e3o m\u00ednima de 02 (dois) e m\u00e1xima de 04 (quatro) per\u00edodos letivos.<\/p>\n\n\n\n<p><strong>Vagas:<\/strong> S\u00e3o ofertadas 50 (cinquentas) vagas anualmente para alunos regulares de Mestrado<\/p>\n\n\n\n<p><strong>Cr\u00e9ditos necess\u00e1rios:<\/strong><\/p>\n\n\n\n<p>No Mestrado, o aluno dever\u00e1 completar 75 (setenta e cinco) cr\u00e9ditos, correspondentes a 1.125 (mil, cento e vinte e cinco) horas, assim distribu\u00eddos: <br>a) 12 (doze) cr\u00e9ditos em disciplinas do n\u00facleo b\u00e1sico, com obrigatoriedade de uma disciplina dentre as quatro avan\u00e7adas, de duas disciplinas em Semin\u00e1rios Gerais em P\u00f3s-Gradua\u00e7\u00e3o (I e II), e uma disciplina em Est\u00e1gio de Doc\u00eancia na Gradua\u00e7\u00e3o; <br>b) 8 (oito) cr\u00e9ditos em disciplinas eletivas e\/ou disciplinas do n\u00facleo b\u00e1sico; <br>c) 55 (cinquenta e cinco) cr\u00e9ditos em Disserta\u00e7\u00e3o.<\/p>\n\n\n\n<p><br><\/p>\n\n\n\n<p><strong>Organiza\u00e7\u00e3o Curricular<\/strong><\/p>\n\n\n\n<figure class=\"wp-block-table\"><table><tbody><tr><td><strong>Disciplinas do N\u00facleo B\u00e1sico (exigem-se 12 cr\u00e9ditos)<\/strong><\/td><td>&nbsp;<\/td><\/tr><tr><td><strong>C\u00f3digo<\/strong><\/td><td><strong>Nome da Disciplina<\/strong><\/td><td><strong>Cr\u00e9ditos<\/strong><\/td><td><strong>Carga Hor\u00e1ria<\/strong><\/td><\/tr><tr><td>2 QUI 410<\/td><td>Qu\u00edmica Org\u00e2nica Avan\u00e7ada<\/td><td>06<\/td><td>90<\/td><\/tr><tr><td>2 QUI 411<\/td><td>F\u00edsico-Qu\u00edmica Avan\u00e7ada<\/td><td>06<\/td><td>90<\/td><\/tr><tr><td>2 QUI 412<\/td><td>Qu\u00edmica Anal\u00edtica Avan\u00e7ada<\/td><td>06<\/td><td>90<\/td><\/tr><tr><td>2 QUI 413<\/td><td>Qu\u00edmica Inorg\u00e2nica Avan\u00e7ada<\/td><td>06<\/td><td>90<\/td><\/tr><tr><td>2 QUI 394<\/td><td>Semin\u00e1rios Gerais em P\u00f3s Gradua\u00e7\u00e3o&nbsp;I (Mestrado)<\/td><td>02<\/td><td>30<\/td><\/tr><tr><td>2 QUI 395<\/td><td>&nbsp;Semin\u00e1rios Gerais em P\u00f3s Gradua\u00e7\u00e3o II (Mestrado)<\/td><td>02<\/td><td>30<\/td><\/tr><tr><td>2 QUI 448<\/td><td>Est\u00e1gio de Doc\u00eancia na Gradua\u00e7\u00e3o I (Mestrado)<\/td><td>02<\/td><td>30<\/td><\/tr><tr><td>2 QUI 449<\/td><td>Est\u00e1gio de Doc\u00eancia na Gradua\u00e7\u00e3o &nbsp;II (Mestrado)<\/td><td>02<\/td><td>30<\/td><\/tr><tr><td>&nbsp;<\/td><td>&nbsp;<\/td><\/tr><tr><td><strong>Disciplinas Eletivas (<strong>exigem-se 8 cr\u00e9ditos &#8211; Mestrado e 12 cr\u00e9ditos &#8211; Doutorado<\/strong>)&nbsp;&nbsp;<\/strong><\/td><td>&nbsp;<\/td><\/tr><tr><td>2 QUI 206<\/td><td>Determina\u00e7\u00e3o Estrutural em Qu\u00edmica Org\u00e2nica<\/td><td>04<\/td><td>60<\/td><\/tr><tr><td>2 QUI 208<\/td><td>M\u00e9todos Cromatogr\u00e1ficos de An\u00e1lise<\/td><td>04<\/td><td>60<\/td><\/tr><tr><td>2 QUI 414<\/td><td>M\u00e9todos para Tratamento de Amostras<\/td><td>04<\/td><td>60<\/td><\/tr><tr><td>2 QUI 210<\/td><td>Espectroscopia<\/td><td>04<\/td><td>60<\/td><\/tr><tr><td>2 QUI 415<\/td><td>M\u00e9todos \u00d3ticos de An\u00e1lise Qu\u00edmica&nbsp;<\/td><td>04<\/td><td>60<\/td><\/tr><tr><td>2 QUI 217<\/td><td>Planejamento e Otimiza\u00e7\u00e3o de Experimentos<\/td><td>04<\/td><td>60<\/td><\/tr><tr><td>2 QUI 218<\/td><td>M\u00e9todos de An\u00e1lise de Dados Multivariados&nbsp;<\/td><td>04<\/td><td>60<\/td><\/tr><tr><td>2 QUI 220<\/td><td>Bioss\u00edntese de Produtos Naturais<\/td><td>04<\/td><td>60<\/td><\/tr><tr><td>2QUI224 a 2QUI260 &#8211; 2 QUI 463 a 2 QUI 520<\/td><td>T\u00f3picos Especiais em Qu\u00edmica<\/td><td>vari\u00e1veis<\/td><td>&#8212;<\/td><\/tr><tr><td>2 QUI 409<\/td><td>Modelagem em Processos de Sor\u00e7\u00e3o<\/td><td>04<\/td><td>60<\/td><\/tr><tr><td>2 QUI 416<\/td><td>T\u00e9cnicas Avan\u00e7adas em Cromatografia<\/td><td>04<\/td><td>60<\/td><\/tr><tr><td>2 QUI 445<\/td><td>Metodologia de Escrita Cient\u00edfica<\/td><td>04<\/td><td>60<\/td><\/tr><tr><td>2 QUI 524<\/td><td>F\u00edsico-qu\u00edmica de Pol\u00edmeros<\/td><td>04<\/td><td>60<\/td><\/tr><tr><td>2 QUI 453<\/td><td>Eletroanal\u00edtica e Sensores<\/td><td>04<\/td><td>60<\/td><\/tr><tr><td>2 QUI 522<\/td><td>Eletroqu\u00edmica <\/td><td>04<\/td><td>60<\/td><\/tr><tr><td>2 QUI 455<\/td><td>S\u00edntese Org\u00e2nica<\/td><td>04<\/td><td>60<\/td><\/tr><tr><td>2 QUI 456<\/td><td>Qu\u00edmica Medicinal<\/td><td>04<\/td><td>60<\/td><\/tr><tr><td>2 QUI 523<\/td><td>Processos de Obten\u00e7\u00e3o e Purifica\u00e7\u00e3o de Princ\u00edpios Ativos Naturais<\/td><td>04<\/td><td>60<\/td><\/tr><tr><td>&nbsp;<\/td><td>&nbsp;<\/td><\/tr><tr><td><strong>Disserta\u00e7\u00e3o (exigem-se 51 cr\u00e9ditos)<\/strong><\/td><td>&nbsp;<\/td><\/tr><tr><td>2 QUI 261<\/td><td>Disserta\u00e7\u00e3o I<\/td><td>06<\/td><td>90<\/td><\/tr><tr><td>2 QUI 262<\/td><td>Disserta\u00e7\u00e3o II<\/td><td>10<\/td><td>150<\/td><\/tr><tr><td>2 QUI 263<\/td><td>Disserta\u00e7\u00e3o III<\/td><td>15<\/td><td>225<\/td><\/tr><tr><td>2 QUI 264<\/td><td>Disserta\u00e7\u00e3o IV<\/td><td>20<\/td><td>300<\/td><\/tr><\/tbody><\/table><\/figure>\n\n\n\n<p><br>Para mais informa\u00e7\u00f5es consulte o Regimento do Programa de P\u00f3s-gradua\u00e7\u00e3o: <a href=\"https:\/\/pos.uel.br\/quimica\/wp-content\/uploads\/2025\/05\/Regimento_Res-CEPE-63-2023_PPGQ.pdf\" data-type=\"link\" data-id=\"https:\/\/pos.uel.br\/quimica\/wp-content\/uploads\/2025\/05\/Regimento_Res-CEPE-63-2023_PPGQ.pdf\">Regimento CEPE No. 063\/2023<\/a> e a <a href=\"https:\/\/pos.uel.br\/quimica\/wp-content\/uploads\/2025\/05\/Delib-10-2023_PPGQ.pdf\" data-type=\"link\" data-id=\"https:\/\/pos.uel.br\/quimica\/wp-content\/uploads\/2025\/05\/Delib-10-2023_PPGQ.pdf\">Delibera\u00e7\u00e3o do Colegiado PPG\/UEL No. 10\/2023<\/a><\/p>\n\n\n\n<p><br>Ingressantes anterior a 2023: <a href=\"https:\/\/pos.uel.br\/quimica\/wp-content\/uploads\/2025\/05\/resolucao_25_2016.pdf\" data-type=\"link\" data-id=\"https:\/\/pos.uel.br\/quimica\/wp-content\/uploads\/2025\/05\/resolucao_25_2016.pdf\">Regimento CEPE No. 25\/2016<\/a> e a <a href=\"https:\/\/pos.uel.br\/quimica\/wp-content\/uploads\/2025\/05\/deliberacao11_2018.pdf\" data-type=\"link\" data-id=\"https:\/\/pos.uel.br\/quimica\/wp-content\/uploads\/2025\/05\/deliberacao11_2018.pdf\">Delibera\u00e7\u00e3o do Colegiado PPG\/UEL No. 11\/2018<\/a><\/p>\n\n\n\n<p><\/p>\n","protected":false},"excerpt":{"rendered":"<p>Dura\u00e7\u00e3o: O Mestrado tem a dura\u00e7\u00e3o m\u00ednima de 02 (dois) e m\u00e1xima de 04 (quatro) per\u00edodos letivos. Vagas: S\u00e3o ofertadas 50 (cinquentas) vagas anualmente para alunos regulares de Mestrado Cr\u00e9ditos necess\u00e1rios: No Mestrado, o aluno dever\u00e1 completar 75 (setenta e cinco) cr\u00e9ditos, correspondentes a 1.125 (mil, cento e vinte e cinco) horas, assim distribu\u00eddos: a) [&hellip;]<\/p>\n","protected":false},"author":1,"featured_media":0,"parent":0,"menu_order":0,"comment_status":"closed","ping_status":"closed","template":"","meta":{"footnotes":""},"class_list":["post-12","page","type-page","status-publish","hentry"],"_links":{"self":[{"href":"https:\/\/pos.uel.br\/quimica\/wp-json\/wp\/v2\/pages\/12","targetHints":{"allow":["GET"]}}],"collection":[{"href":"https:\/\/pos.uel.br\/quimica\/wp-json\/wp\/v2\/pages"}],"about":[{"href":"https:\/\/pos.uel.br\/quimica\/wp-json\/wp\/v2\/types\/page"}],"author":[{"embeddable":true,"href":"https:\/\/pos.uel.br\/quimica\/wp-json\/wp\/v2\/users\/1"}],"replies":[{"embeddable":true,"href":"https:\/\/pos.uel.br\/quimica\/wp-json\/wp\/v2\/comments?post=12"}],"version-history":[{"count":13,"href":"https:\/\/pos.uel.br\/quimica\/wp-json\/wp\/v2\/pages\/12\/revisions"}],"predecessor-version":[{"id":567,"href":"https:\/\/pos.uel.br\/quimica\/wp-json\/wp\/v2\/pages\/12\/revisions\/567"}],"wp:attachment":[{"href":"https:\/\/pos.uel.br\/quimica\/wp-json\/wp\/v2\/media?parent=12"}],"curies":[{"name":"wp","href":"https:\/\/api.w.org\/{rel}","templated":true}]}}