{"id":10,"date":"2021-04-27T15:46:13","date_gmt":"2021-04-27T18:46:13","guid":{"rendered":"https:\/\/pos.uel.br\/quimica\/?page_id=10"},"modified":"2025-11-28T08:09:11","modified_gmt":"2025-11-28T11:09:11","slug":"contatos","status":"publish","type":"page","link":"https:\/\/pos.uel.br\/quimica\/contatos\/","title":{"rendered":"Contatos"},"content":{"rendered":"\n<p><strong>Coordena\u00e7\u00e3o do Programa<br><\/strong>Coordenador: Prof. Dr. Luiz Henrique Dall&#8217;Antonia &#8211; e-mail: ppgq@uel.br<a href=\"ppgq@uel.br\" data-type=\"link\" data-id=\"ppgq@uel.br\"> <\/a> ou luizh@uel.br<br>Vice coordenador: Prof. Dr. Odair Pastor Ferreira &#8211; e-mail: opferreira@uel.br<br>Representante Discente: Isabely dos Santos Amadeu &#8211; e-mail: isabely.amadeu@uel.br<br><\/p>\n\n\n\n<p><strong>Secretaria<\/strong><br>Fone: (43) 3371-4711 \/ 3371-4879<br>e-mail: spgcce@uel.br<br><br><\/p>\n\n\n\n<p><strong>Hor\u00e1rio de funcionamento<br><\/strong>Segunda a Sexta, das 8h \u00e0s 12h, e das 14h \u00e0s 18h.<br><br><\/p>\n\n\n\n<p><strong>Endere\u00e7o para Correspond\u00eancia<\/strong><br>Departamento de Qu\u00edmica<br>Universidade Estadual de Londrina<br>Rodovia Celso Garcia Cid | Pr 445 Km 380 | Campus Universit\u00e1rio<br> CEP 86055-900 | Londrina \u2013 PR<\/p>\n\n\n\n<p><a href=\"https:\/\/goo.gl\/maps\/v68nWcp3jgKhGJev5\" target=\"_blank\" rel=\"noreferrer noopener\">Ver Mapa<\/a><\/p>\n\n\n\n<p><\/p>\n","protected":false},"excerpt":{"rendered":"<p>Coordena\u00e7\u00e3o do ProgramaCoordenador: Prof. Dr. Luiz Henrique Dall&#8217;Antonia &#8211; e-mail: ppgq@uel.br ou luizh@uel.brVice coordenador: Prof. Dr. Odair Pastor Ferreira &#8211; e-mail: opferreira@uel.brRepresentante Discente: Isabely dos Santos Amadeu &#8211; e-mail: isabely.amadeu@uel.br SecretariaFone: (43) 3371-4711 \/ 3371-4879e-mail: spgcce@uel.br Hor\u00e1rio de funcionamentoSegunda a Sexta, das 8h \u00e0s 12h, e das 14h \u00e0s 18h. Endere\u00e7o para Correspond\u00eanciaDepartamento de Qu\u00edmicaUniversidade [&hellip;]<\/p>\n","protected":false},"author":1,"featured_media":0,"parent":0,"menu_order":0,"comment_status":"closed","ping_status":"closed","template":"","meta":{"footnotes":""},"class_list":["post-10","page","type-page","status-publish","hentry"],"_links":{"self":[{"href":"https:\/\/pos.uel.br\/quimica\/wp-json\/wp\/v2\/pages\/10","targetHints":{"allow":["GET"]}}],"collection":[{"href":"https:\/\/pos.uel.br\/quimica\/wp-json\/wp\/v2\/pages"}],"about":[{"href":"https:\/\/pos.uel.br\/quimica\/wp-json\/wp\/v2\/types\/page"}],"author":[{"embeddable":true,"href":"https:\/\/pos.uel.br\/quimica\/wp-json\/wp\/v2\/users\/1"}],"replies":[{"embeddable":true,"href":"https:\/\/pos.uel.br\/quimica\/wp-json\/wp\/v2\/comments?post=10"}],"version-history":[{"count":9,"href":"https:\/\/pos.uel.br\/quimica\/wp-json\/wp\/v2\/pages\/10\/revisions"}],"predecessor-version":[{"id":944,"href":"https:\/\/pos.uel.br\/quimica\/wp-json\/wp\/v2\/pages\/10\/revisions\/944"}],"wp:attachment":[{"href":"https:\/\/pos.uel.br\/quimica\/wp-json\/wp\/v2\/media?parent=10"}],"curies":[{"name":"wp","href":"https:\/\/api.w.org\/{rel}","templated":true}]}}