{"id":867,"date":"2022-03-30T15:12:34","date_gmt":"2022-03-30T18:12:34","guid":{"rendered":"https:\/\/pos.uel.br\/psicologia\/?page_id=867"},"modified":"2022-04-06T01:35:29","modified_gmt":"2022-04-06T04:35:29","slug":"publicacoes-2019","status":"publish","type":"page","link":"https:\/\/pos.uel.br\/psicologia\/publicacoes-2019\/","title":{"rendered":"Publica\u00e7\u00f5es 2019"},"content":{"rendered":"\n<p>BONATTI, G.L &amp; SILVA, R.B. (2019). <a rel=\"noreferrer noopener\" href=\"https:\/\/revistas.pucsp.br\/psicorevista\/article\/view\/36478\" target=\"_blank\">Reflex\u00f5es acerca da possibilidade de uma cl\u00ednica ampliada nos centros de refer\u00eancia da assist\u00eancia social (CRAS)<\/a>. <strong>Psicologia Revista<\/strong>, 28, 379-394.<\/p>\n\n\n\n<p>Gomes, A. K. S., &amp; Reis, M. E. B. T. (2019). <a rel=\"noreferrer noopener\" href=\"https:\/\/www.quadernsdepsicologia.cat\/article\/view\/v21-n3-gomes-reis\" target=\"_blank\">A forma\u00e7\u00e3o do psicoterapeuta-aprendiz em cl\u00ednica psicanal\u00edtica nas universidades do Brasil<\/a>. <strong>Cuadernos de Psicologia<\/strong>, 21, p.1-14.<\/p>\n\n\n\n<p>MARTINS, T.C &amp; SILVA, R.B. (2019).&nbsp;<a rel=\"noreferrer noopener\" href=\"https:\/\/www.atenaeditora.com.br\/arquivos\/ebooks\/filosofia-politica-educacao-direito-e-sociedade\" target=\"_blank\">O CRAS como espa\u00e7o p\u00fablico de participa\u00e7\u00e3o popular na democracia contempor\u00e2nea. In: <\/a>MONTEIRO, S.A.S. (Org.) <strong>Filosofia, pol\u00edtica, educa\u00e7\u00e3o, direito e sociedade<\/strong>. (pp.217-227). Ponta Grossa: Atena Editora.<\/p>\n\n\n\n<p>Santiago, E., &amp; Santos, L. (2019). <a rel=\"noreferrer noopener\" href=\"https:\/\/online.unisc.br\/seer\/index.php\/barbaroi\/article\/view\/13973\" target=\"_blank\">Uma etnografia da aten\u00e7\u00e3o \u00e0 sa\u00fade mental de sujeitos em situa\u00e7\u00e3o de rua<\/a>.\u00a0<strong>Barbar\u00f3i<\/strong>, 81-101.<\/p>\n\n\n\n<p>Sousa, D.P; Andrade, A.K &amp; Silva, R.B. (2019). <a rel=\"noreferrer noopener\" href=\"https:\/\/revistas.brazcubas.br\/index.php\/dialogos\/article\/view\/722.\" target=\"_blank\">A quest\u00e3o da migra\u00e7\u00e3o interna e o trabalho de prote\u00e7\u00e3o social no \u00e2mbito do CRAS<\/a>. <strong>Revista Di\u00e1logos Interdisciplinares<\/strong>, 8, 113-129. <\/p>\n\n\n\n<p><\/p>\n","protected":false},"excerpt":{"rendered":"<p>BONATTI, G.L &amp; SILVA, R.B. (2019). Reflex\u00f5es acerca da possibilidade de uma cl\u00ednica ampliada nos centros de refer\u00eancia da assist\u00eancia social (CRAS). Psicologia Revista, 28, 379-394. Gomes, A. K. S., &amp; Reis, M. E. B. T. (2019). A forma\u00e7\u00e3o do psicoterapeuta-aprendiz em cl\u00ednica psicanal\u00edtica nas universidades do Brasil. Cuadernos de Psicologia, 21, p.1-14. MARTINS, T.C [&hellip;]<\/p>\n","protected":false},"author":10,"featured_media":0,"parent":0,"menu_order":0,"comment_status":"closed","ping_status":"closed","template":"","meta":{"footnotes":""},"class_list":["post-867","page","type-page","status-publish","hentry"],"acf":[],"_links":{"self":[{"href":"https:\/\/pos.uel.br\/psicologia\/wp-json\/wp\/v2\/pages\/867","targetHints":{"allow":["GET"]}}],"collection":[{"href":"https:\/\/pos.uel.br\/psicologia\/wp-json\/wp\/v2\/pages"}],"about":[{"href":"https:\/\/pos.uel.br\/psicologia\/wp-json\/wp\/v2\/types\/page"}],"author":[{"embeddable":true,"href":"https:\/\/pos.uel.br\/psicologia\/wp-json\/wp\/v2\/users\/10"}],"replies":[{"embeddable":true,"href":"https:\/\/pos.uel.br\/psicologia\/wp-json\/wp\/v2\/comments?post=867"}],"version-history":[{"count":6,"href":"https:\/\/pos.uel.br\/psicologia\/wp-json\/wp\/v2\/pages\/867\/revisions"}],"predecessor-version":[{"id":919,"href":"https:\/\/pos.uel.br\/psicologia\/wp-json\/wp\/v2\/pages\/867\/revisions\/919"}],"wp:attachment":[{"href":"https:\/\/pos.uel.br\/psicologia\/wp-json\/wp\/v2\/media?parent=867"}],"curies":[{"name":"wp","href":"https:\/\/api.w.org\/{rel}","templated":true}]}}