{"id":865,"date":"2022-03-30T15:12:14","date_gmt":"2022-03-30T18:12:14","guid":{"rendered":"https:\/\/pos.uel.br\/psicologia\/?page_id=865"},"modified":"2022-04-27T16:23:36","modified_gmt":"2022-04-27T19:23:36","slug":"publicacoes-2020","status":"publish","type":"page","link":"https:\/\/pos.uel.br\/psicologia\/publicacoes-2020\/","title":{"rendered":"Publica\u00e7\u00f5es 2020"},"content":{"rendered":"\n<p>ANDRADE, A. K.\u00a0;\u00a0ALMEIDA, C. G. F.\u00a0; MIANI, L. F. ; RIBEIRO, P. C. I. ;\u00a0SILVA, Rafael Bianchi\u00a0. <a rel=\"noreferrer noopener\" href=\"https:\/\/pos.uel.br\/psicologia\/wp-content\/uploads\/2021\/06\/Pesquisa-em-Psicologia-tracados-iniciais.pdf\" target=\"_blank\">Direitos Humanos e Diversidade Cultural: A Psicologia no \u00c2mbito da Pol\u00edtica Nacional de Assist\u00eancia Social<\/a>. In: Ma\u00edra Bonaf\u00e9 Sei; Fl\u00e1via Fernandes de Carvalhes; Rafael Bianchi Silva. (Org.). <strong>Pesquisa em Psicologia<\/strong>: tra\u00e7ados iniciais. 1ed. Londrina: UEL, 2020, v. 1, p. 173-191.<\/p>\n\n\n\n<p>Andrade, A.K; Almeida, C.G.F; Miani, L. F. ; Ribeiro, P. C. I. &amp; Silva, R.B. (2020) <a rel=\"noreferrer noopener\" href=\"https:\/\/pos.uel.br\/psicologia\/wp-content\/uploads\/2021\/06\/Pesquisa-em-Psicologia-tracados-iniciais.pdf\" target=\"_blank\">Direitos Humanos e Diversidade Cultural: A Psicologia no \u00c2mbito da Pol\u00edtica Nacional de Assist\u00eancia Social<\/a>. In: Sei, M.B.; Carvalhaes, F.F. &amp; Silva, R.B. (Org.). <strong>Pesquisa em Psicologia<\/strong>: tra\u00e7ados iniciais. (pp. 173-191). Londrina: UEL.<\/p>\n\n\n\n<p>Barbeiro, F. S., &amp; Reis, M. E. B. T. (2020). <a rel=\"noreferrer noopener\" href=\"https:\/\/periodicos.uff.br\/ayvu\/article\/view\/40164\" target=\"_blank\">Tecnologias de informa\u00e7\u00e3o e comunica\u00e7\u00e3o na cl\u00ednica psicanal\u00edtica contempor\u00e2nea: revis\u00e3o de literatura<\/a>. <strong>AYVU<\/strong> &#8211; Revista de Psicologia, 07, p. 01-22.<\/p>\n\n\n\n<p>BONATTI, G.L &amp; SILVA, R.B. (2020). <a href=\"https:\/\/www.pssa.ucdb.br\/pssa\/article\/view\/891\" target=\"_blank\" rel=\"noreferrer noopener\">A cl\u00ednica ampliada e o trabalho do psic\u00f3logo nos centros de referencia da assist\u00eancia social<\/a>. <strong>Psicologia e Sa\u00fade<\/strong>, <em>12<\/em>, 59-72.<\/p>\n\n\n\n<p>DUTRA, R. E. ; SEI, M. B. . <a href=\"https:\/\/revistas.ufpr.br\/psicologia\/article\/view\/61221\" target=\"_blank\" rel=\"noreferrer noopener\">Criatividade, Dan\u00e7a e Psican\u00e1lise: Uma Revis\u00e3o Sistem\u00e1tica<\/a>. <strong>INTERA\u00c7\u00c3O EM PSICOLOGIA <\/strong>(ONLINE), v. 24, p. 318-328, 2020.<\/p>\n\n\n\n<p>DUTRA, R. E. ; SEI, M. B. . <a href=\"http:\/\/www.sprgs.org.br\/diaphora\/ojs\/index.php\/diaphora\/article\/view\/186\" target=\"_blank\" rel=\"noreferrer noopener\">Reflex\u00f5es psicanal\u00edticas \u00e0 utiliza\u00e7\u00e3o da dan\u00e7a livre como recurso psicoterap\u00eautico<\/a>. <strong>Diaphora<\/strong> &#8211; Revista da Sociedade de Psicologia do Rio Grande do Sul, v. 9, p. 47-51, 2020.<\/p>\n\n\n\n<p>Galv\u00e3o, S.R &amp; Silva, R.B.&nbsp;(2020). <a rel=\"noreferrer noopener\" href=\"https:\/\/pos.uel.br\/psicologia\/wp-content\/uploads\/2021\/06\/Pesquisa-em-Psicologia-tracados-iniciais.pdf\" target=\"_blank\">O trabalho em Psicologia Escolar nas IES: a UTFPR Apucarana como estudo de caso.<\/a> In: Sei, M.B.; Carvalhaes, F.F. &amp; Silva, R.B. (Org.). <strong>Pesquisa em Psicologia<\/strong>: tra\u00e7ados iniciais. (pp.214-233). Londrina: UEL.<\/p>\n\n\n\n<p>Inaba, C. M.; Oliveira, T.S.; Fabre, B.D.; Sei, M.B. &amp; SILVA, R.B. <a rel=\"noreferrer noopener\" href=\"https:\/\/pos.uel.br\/psicologia\/wp-content\/uploads\/2021\/06\/Pesquisa-em-Psicologia-tracados-iniciais.pdf\" target=\"_blank\">Considera\u00e7\u00f5es sobre o Ensino de Psicologia nos cursos de Pedagogia de Modalidade de Ensino \u00e0 Dist\u00e2ncia nas Universidades P\u00fablicas Do Paran\u00e1<\/a>. In: Sei, M.B; Carvalhaes, F.F &amp; Silva, R.B (Org.). <strong>Pesquisa Em Psicologia<\/strong>: Tra\u00e7ados Iniciais. (pp.234-252). Londrina: UEL.<\/p>\n\n\n\n<p>MARTINS, T.C &amp; SILVA, R.B. (2020). <a rel=\"noreferrer noopener\" href=\"https:\/\/seer.ufrgs.br\/PolisePsique\/article\/view\/92600\" target=\"_blank\">A psicologia no CRAS: articula\u00e7\u00f5es poss\u00edveis para a participa\u00e7\u00e3o popular<\/a>. <strong>Polis e Psique<\/strong>, 10, 144-163.<\/p>\n\n\n\n<p>MARTINS, T.C; SILVA, R.B; ANDRADE, A.K.; MIANI, L.F &amp; RIBEIRO, P.C.I.&nbsp;<a rel=\"noreferrer noopener\" href=\"https:\/\/www.uniedusul.com.br\/wp-content\/uploads\/2020\/12\/E-BOOK-REFLEXOES-SOBRE-AS-CIENCIAS-HUMANAS.pdf\" target=\"_blank\">A Psicologia na Assist\u00eancia Social: poss\u00edveis caminhos te\u00f3rico-metodol\u00f3gicos e compromisso social da profiss\u00e3o<\/a>. In: JORGE, W.J. (Org.) <strong>Reflex\u00f5es sobre as Ci\u00eancias Humanas<\/strong>. (pp.69-82). Maring\u00e1: Uniedsul.<\/p>\n\n\n\n<p>SANCHES, M. G. M. ; SEI, M. B. . <a href=\"https:\/\/pos.uel.br\/psicologia\/wp-content\/uploads\/2021\/06\/Pesquisa-em-Psicologia-tracados-iniciais.pdf\" target=\"_blank\" rel=\"noreferrer noopener\">O espa\u00e7ograma como recurso facilitador na compreens\u00e3o da din\u00e2mica familiar incestuosa: estudo de casos<\/a>. In: Fl\u00e1via Fernandes de Carvalhaes; Ma\u00edra Bonaf\u00e9 Sei; Rafael Bianchi Silva. (Org.).&nbsp;<strong>Pesquisa em Psicologia<\/strong>: tra\u00e7ados iniciais. 1ed. Londrina: Universidade Estadual de Londrina, 2020, v. 1, p. 79-99.<\/p>\n\n\n\n<p>Santiago, E., Bortolloti, P. A., &amp; Bana, A. G. (2020).<a rel=\"noreferrer noopener\" href=\"https:\/\/www.revistas.usp.br\/cpst\/article\/view\/164380\" target=\"_blank\"> La\u00e7os de coopera\u00e7\u00e3o for\u00e7ada entre agentes prisionais e apenados no intramuros prisional<\/a>.&nbsp;<strong>Cadernos de Psicologia Social do Trabalho<\/strong>,&nbsp;23(2), 129-142.<\/p>\n\n\n\n<p>SILVA, R.B &amp; ANDRADE, A.K. (2020) <a rel=\"noreferrer noopener\" href=\"https:\/\/www.editoraappris.com.br\/produto\/3685-bem-estar-e-sade-comunitria-teoria-metodologia-e-prticas-transformadoras\" target=\"_blank\">Psicologia e Pol\u00edtica Nacional de Assist\u00eancia Social: A cl\u00ednica social como um modo de interven\u00e7\u00e3o.<\/a> In Sarriera, J.C.; Alfaro, J; Bones, K.R. &amp; Silva, R.B. (orgs). <strong>Bem-Estar e Sa\u00fade Comunit\u00e1ria<\/strong>: teoria, metodologia e pr\u00e1ticas transformadoras. (pp. 199-214). Porto Alegre: Sulinas.<\/p>\n","protected":false},"excerpt":{"rendered":"<p>ANDRADE, A. K.\u00a0;\u00a0ALMEIDA, C. G. F.\u00a0; MIANI, L. F. ; RIBEIRO, P. C. I. ;\u00a0SILVA, Rafael Bianchi\u00a0. Direitos Humanos e Diversidade Cultural: A Psicologia no \u00c2mbito da Pol\u00edtica Nacional de Assist\u00eancia Social. In: Ma\u00edra Bonaf\u00e9 Sei; Fl\u00e1via Fernandes de Carvalhes; Rafael Bianchi Silva. (Org.). Pesquisa em Psicologia: tra\u00e7ados iniciais. 1ed. Londrina: UEL, 2020, v. 1, [&hellip;]<\/p>\n","protected":false},"author":10,"featured_media":0,"parent":0,"menu_order":0,"comment_status":"closed","ping_status":"closed","template":"","meta":{"footnotes":""},"class_list":["post-865","page","type-page","status-publish","hentry"],"acf":[],"_links":{"self":[{"href":"https:\/\/pos.uel.br\/psicologia\/wp-json\/wp\/v2\/pages\/865","targetHints":{"allow":["GET"]}}],"collection":[{"href":"https:\/\/pos.uel.br\/psicologia\/wp-json\/wp\/v2\/pages"}],"about":[{"href":"https:\/\/pos.uel.br\/psicologia\/wp-json\/wp\/v2\/types\/page"}],"author":[{"embeddable":true,"href":"https:\/\/pos.uel.br\/psicologia\/wp-json\/wp\/v2\/users\/10"}],"replies":[{"embeddable":true,"href":"https:\/\/pos.uel.br\/psicologia\/wp-json\/wp\/v2\/comments?post=865"}],"version-history":[{"count":11,"href":"https:\/\/pos.uel.br\/psicologia\/wp-json\/wp\/v2\/pages\/865\/revisions"}],"predecessor-version":[{"id":964,"href":"https:\/\/pos.uel.br\/psicologia\/wp-json\/wp\/v2\/pages\/865\/revisions\/964"}],"wp:attachment":[{"href":"https:\/\/pos.uel.br\/psicologia\/wp-json\/wp\/v2\/media?parent=865"}],"curies":[{"name":"wp","href":"https:\/\/api.w.org\/{rel}","templated":true}]}}