{"id":862,"date":"2022-03-30T15:11:35","date_gmt":"2022-03-30T18:11:35","guid":{"rendered":"https:\/\/pos.uel.br\/psicologia\/?page_id=862"},"modified":"2024-02-17T19:31:26","modified_gmt":"2024-02-17T22:31:26","slug":"publicacoes-2022","status":"publish","type":"page","link":"https:\/\/pos.uel.br\/psicologia\/publicacoes-2022\/","title":{"rendered":"Publica\u00e7\u00f5es 2022"},"content":{"rendered":"\n<p><\/p>\n\n\n\n<p>ANTONIO, C. A., &amp; MANSANO, S. R. V. (2022). O trabalho imaterial de guardas municipais: uma an\u00e1lise psicossocial. <strong>Revista Psicologia e Sa\u00fade<\/strong>, 14(3), 161-176, doi:&nbsp;<a rel=\"noreferrer noopener\" href=\"https:\/\/doi.org\/10.20435\/pssa.v14i3.1872\" target=\"_blank\">https:\/\/doi.org\/10.20435\/pssa.v14i3.1872<\/a><\/p>\n\n\n\n<p>Corsino, D. L. M., Verceze, F. A., &amp; Cordeiro, S. N. (2022). <a rel=\"noreferrer noopener\" href=\"https:\/\/periodicos.unifor.br\/rmes\/article\/view\/11777\" target=\"_blank\">\u201cMinha cor n\u00e3o desbota, n\u00e3o deixa se abater por qualquer coisa\u201d: O Hiato entre For\u00e7a e Sofrimento em Hist\u00f3rias de Mulheres Negras<\/a>. <strong>Revista Subjetividades<\/strong>, 22(1), e11777. http:\/\/doi.org\/10.5020\/23590777.rs.v22i1.e11777<\/p>\n\n\n\n<p>FELIX JUNIOR, C. M.; SANTIAGO, ENEIDA SILVEIRA. Uma Comunidade Terap\u00eautica para mulheres: corpos d\u00f3ceis ou nada mais? <strong>REVISTA \u00c1RTEMIS<\/strong>, v.XXXIII, p. 279-305, 2022. Dispon\u00edvel em\u00a0<a href=\"https:\/\/periodicos.ufpb.br\/ojs\/index.php\/artemis\/article\/view\/56619\" target=\"_blank\" rel=\"noreferrer noopener\">https:\/\/periodicos.ufpb.br\/ojs\/index.php\/artemis\/article\/view\/56619<\/a><\/p>\n\n\n\n<p>FIGUEIREDO, M. T. M.;\u00a0MANSANO, S. R. V. (2022).\u00a0<a href=\"https:\/\/www.e-publicacoes.uerj.br\/index.php\/mnemosine\/article\/view\/66388\/41722\" target=\"_blank\" rel=\"noreferrer noopener\">Sustentabilidade afetiva e resist\u00eancia: um estudo sobre interven\u00e7\u00f5es art\u00edsticas urbanas<\/a>.\u00a0<strong>Mnemosine<\/strong>, 18(1), 65-85.<\/p>\n\n\n\n<p>Gomes, A. K. S., &amp; REIS, M. E. B. T. (2022). <a rel=\"noreferrer noopener\" href=\"https:\/\/www.scielo.br\/j\/pe\/a\/b3jdxn7nYqhQWbCDv79wXsQ\/\" target=\"_blank\">Emo\u00e7\u00f5es vivenciadas pelos psicoterapeutas-aprendizes em servi\u00e7os-escolas: uma leitura psicanal\u00edtica<\/a>. <strong>Psicologia em Estudo <\/strong>(Online).<\/p>\n\n\n\n<p>Ronqui, D. D.; Mandelli, J. P.; Schmidt, K.G.A.V.; Inacio, A.L.M. &amp;&nbsp;Silva, R.B. (2022) <a rel=\"noreferrer noopener\" href=\"https:\/\/www.editoramadreperola.com\/wp-content\/uploads\/2022\/04\/ECDF_final.pdf\" target=\"_blank\">Entre Fios e Desafios: Est\u00e1gio Docente em Psicologia em Tempos de Pandemia<\/a>. In: Santos, A.R.J; Ara\u00fajo, A.L &amp; Tiroli, L.G. (Org.). <strong>Ensino, Curr\u00edculo e Forma\u00e7\u00e3o Docente<\/strong>: V\u00ednculos, Conex\u00f5es e Quest\u00f5es da Atualidade. (pp. 217-235). Londrina: Madrep\u00e9rola.<\/p>\n\n\n\n<p>SANTIAGO, ENEIDA. Carreira acad\u00eamica de mulheres e din\u00e2micas de g\u00eanero: reflex\u00f5es para a constitui\u00e7\u00e3o de pol\u00edticas p\u00fablicas de apoio \u00e0 maternidade no meio cient\u00edfico. <strong>Revista Espa\u00e7o Acad\u00eamico<\/strong>, v.01, p. 69-80, 2022. Dispon\u00edvel em\u00a0<a href=\"https:\/\/periodicos.uem.br\/ojs\/index.php\/EspacoAcademico\/article\/view\/64020\" target=\"_blank\" rel=\"noreferrer noopener\">https:\/\/periodicos.uem.br\/ojs\/index.php\/EspacoAcademico\/article\/view\/64020<\/a><\/p>\n\n\n\n<p>SANTIAGO, ENEIDA; POMPILHO, P. A. <a href=\"https:\/\/pos.uel.br\/psicologia\/wp-content\/uploads\/2022\/05\/Psicologia-e-contemporaneidade-livro-mestrado.pdf\" target=\"_blank\" rel=\"noreferrer noopener\">COVID-19 e desigualdade: impactos da pandemia nos grupos em vulnerabilidade social<\/a>. In: <strong>Psicologia e Contemporaneidade: pesquisas, experi\u00eancias e reflex\u00f5es<\/strong>. 1a ed. Londrina: Universidade Estadual de Londrina &#8211; UEL, 2022, v.01, p. 46-63.<\/p>\n\n\n\n<p>Sardi, R. G., &amp; Carvalho, P. R. de. (2022). <a href=\"https:\/\/doi.org\/10.4025\/psicolestud.v27i0.48799\" target=\"_blank\" rel=\"noreferrer noopener\">A doc\u00eancia na educa\u00e7\u00e3o a dist\u00e2ncia: uma an\u00e1lise cr\u00edtica da pr\u00e1tica profissional<\/a>.\u00a0<strong>Psicologia em Estudo<\/strong>,\u00a027.<\/p>\n\n\n\n<p>Sardi, R. G. &amp; Carvalho,&nbsp;P. R. (2022). <a href=\"https:\/\/www.scielo.br\/j\/pee\/a\/wx75hKgC4HHrVtgvkcT5ysN\/\" target=\"_blank\" rel=\"noreferrer noopener\">Doc\u00eancia na educa\u00e7\u00e3o \u00e0 dist\u00e2ncia: processos de subjetiva\u00e7\u00e3o<\/a>.&nbsp;<strong>Revista Psicologia Escolar e Educacional<\/strong>. 26, 1-20.<\/p>\n","protected":false},"excerpt":{"rendered":"<p>ANTONIO, C. A., &amp; MANSANO, S. R. V. (2022). O trabalho imaterial de guardas municipais: uma an\u00e1lise psicossocial. Revista Psicologia e Sa\u00fade, 14(3), 161-176, doi:&nbsp;https:\/\/doi.org\/10.20435\/pssa.v14i3.1872 Corsino, D. L. M., Verceze, F. A., &amp; Cordeiro, S. N. (2022). \u201cMinha cor n\u00e3o desbota, n\u00e3o deixa se abater por qualquer coisa\u201d: O Hiato entre For\u00e7a e Sofrimento em [&hellip;]<\/p>\n","protected":false},"author":10,"featured_media":0,"parent":0,"menu_order":0,"comment_status":"closed","ping_status":"closed","template":"","meta":{"footnotes":""},"class_list":["post-862","page","type-page","status-publish","hentry"],"acf":[],"_links":{"self":[{"href":"https:\/\/pos.uel.br\/psicologia\/wp-json\/wp\/v2\/pages\/862","targetHints":{"allow":["GET"]}}],"collection":[{"href":"https:\/\/pos.uel.br\/psicologia\/wp-json\/wp\/v2\/pages"}],"about":[{"href":"https:\/\/pos.uel.br\/psicologia\/wp-json\/wp\/v2\/types\/page"}],"author":[{"embeddable":true,"href":"https:\/\/pos.uel.br\/psicologia\/wp-json\/wp\/v2\/users\/10"}],"replies":[{"embeddable":true,"href":"https:\/\/pos.uel.br\/psicologia\/wp-json\/wp\/v2\/comments?post=862"}],"version-history":[{"count":16,"href":"https:\/\/pos.uel.br\/psicologia\/wp-json\/wp\/v2\/pages\/862\/revisions"}],"predecessor-version":[{"id":1939,"href":"https:\/\/pos.uel.br\/psicologia\/wp-json\/wp\/v2\/pages\/862\/revisions\/1939"}],"wp:attachment":[{"href":"https:\/\/pos.uel.br\/psicologia\/wp-json\/wp\/v2\/media?parent=862"}],"curies":[{"name":"wp","href":"https:\/\/api.w.org\/{rel}","templated":true}]}}