{"id":8,"date":"2021-04-29T13:56:19","date_gmt":"2021-04-29T16:56:19","guid":{"rendered":"https:\/\/pos.uel.br\/psicologia\/?page_id=8"},"modified":"2021-05-25T18:19:05","modified_gmt":"2021-05-25T21:19:05","slug":"sobre-o-programa","status":"publish","type":"page","link":"https:\/\/pos.uel.br\/psicologia\/sobre-o-programa\/","title":{"rendered":"Sobre o programa"},"content":{"rendered":"\n<h1 class=\"wp-block-heading\">Apresenta\u00e7\u00e3o<\/h1>\n\n\n\n<p>Respondendo a uma demanda social por produ\u00e7\u00e3o de conhecimento e interven\u00e7\u00e3o qualificada na \u00e1rea de Psicologia, a Universidade Estadual de Londrina criou em 2016 o Mestrado em Psicologia, aprovado pela CAPES no in\u00edcio de 2017.<\/p>\n\n\n\n<p>O Programa de P\u00f3s-Gradua\u00e7\u00e3o em Psicologia, localizado no Centro de Ci\u00eancias Biol\u00f3gicas, foi concebido e elaborado a partir de uma parceria do&nbsp;<a href=\"http:\/\/www.uel.br\/ccb\/ppsic\/\" target=\"_blank\" rel=\"noreferrer noopener\"><u>Departamento de Psicologia e Psican\u00e1lise<\/u><\/a>&nbsp;com o&nbsp;<a href=\"http:\/\/www.uel.br\/ccb\/psicologia\/\" target=\"_blank\" rel=\"noreferrer noopener\"><u>Departamento de Psicologia Social e Institucional<\/u><\/a>. Sua implanta\u00e7\u00e3o consolida o trabalho acad\u00eamico acumulado durante os 42 anos de exist\u00eancia do Curso de Gradua\u00e7\u00e3o em Psicologia desta Universidade.<\/p>\n\n\n\n<p>Desde a sua cria\u00e7\u00e3o, marcada pela diversidade te\u00f3rica e metodol\u00f3gica dos departamentos parceiros, o Programa compreende a Psicologia como um campo amplo que abarca a investiga\u00e7\u00e3o da subjetividade contempor\u00e2nea no \u00e2mbito das pr\u00e1ticas e enunciados. Prop\u00f5e-se a formar professores, pesquisadores e profissionais qualificados para o ensino, a produ\u00e7\u00e3o e a utiliza\u00e7\u00e3o do conhecimento cient\u00edfico em Psicologia em suas diferentes \u00e1reas de interven\u00e7\u00e3o.<\/p>\n\n\n\n<p><\/p>\n\n\n\n<div class=\"wp-block-group\"><div class=\"wp-block-group__inner-container is-layout-flow wp-block-group-is-layout-flow\">\n<div class=\"wp-block-columns is-layout-flex wp-container-core-columns-is-layout-9d6595d7 wp-block-columns-is-layout-flex\">\n<div class=\"wp-block-column is-layout-flow wp-block-column-is-layout-flow\">\n<figure class=\"wp-block-image size-large\"><a href=\"https:\/\/www.gov.br\/capes\/pt-br\"><img loading=\"lazy\" decoding=\"async\" width=\"750\" height=\"420\" src=\"https:\/\/pos.uel.br\/psicologia\/wp-content\/uploads\/2021\/05\/3e9d3386064d6eddbff441fa3fb36a7215e2cae1-1.png\" alt=\"\" class=\"wp-image-171\" srcset=\"https:\/\/pos.uel.br\/psicologia\/wp-content\/uploads\/2021\/05\/3e9d3386064d6eddbff441fa3fb36a7215e2cae1-1.png 750w, https:\/\/pos.uel.br\/psicologia\/wp-content\/uploads\/2021\/05\/3e9d3386064d6eddbff441fa3fb36a7215e2cae1-1-300x168.png 300w\" sizes=\"auto, (max-width: 750px) 100vw, 750px\" \/><\/a><\/figure>\n<\/div>\n\n\n\n<div class=\"wp-block-column is-layout-flow wp-block-column-is-layout-flow\">\n<figure class=\"wp-block-image size-large\"><a href=\"https:\/\/www.abrapso.org.br\/\"><img loading=\"lazy\" decoding=\"async\" width=\"650\" height=\"591\" src=\"https:\/\/pos.uel.br\/psicologia\/wp-content\/uploads\/2021\/05\/abrapso-1.jpg\" alt=\"\" class=\"wp-image-172\" srcset=\"https:\/\/pos.uel.br\/psicologia\/wp-content\/uploads\/2021\/05\/abrapso-1.jpg 650w, https:\/\/pos.uel.br\/psicologia\/wp-content\/uploads\/2021\/05\/abrapso-1-300x273.jpg 300w\" sizes=\"auto, (max-width: 650px) 100vw, 650px\" \/><\/a><\/figure>\n<\/div>\n\n\n\n<div class=\"wp-block-column is-layout-flow wp-block-column-is-layout-flow\">\n<figure class=\"wp-block-image size-large\"><a href=\"https:\/\/www.asbro.org.br\/\"><img loading=\"lazy\" decoding=\"async\" width=\"150\" height=\"150\" src=\"https:\/\/pos.uel.br\/psicologia\/wp-content\/uploads\/2021\/05\/asbro-1.png\" alt=\"\" class=\"wp-image-173\"\/><\/a><\/figure>\n<\/div>\n\n\n\n<div class=\"wp-block-column is-layout-flow wp-block-column-is-layout-flow\">\n<figure class=\"wp-block-image size-large\"><a href=\"https:\/\/cfp.org.br\/\"><img loading=\"lazy\" decoding=\"async\" width=\"265\" height=\"84\" src=\"https:\/\/pos.uel.br\/psicologia\/wp-content\/uploads\/2021\/05\/CFP-1.png\" alt=\"\" class=\"wp-image-174\"\/><\/a><\/figure>\n<\/div>\n\n\n\n<div class=\"wp-block-column is-layout-flow wp-block-column-is-layout-flow\">\n<figure class=\"wp-block-image size-large\"><a href=\"https:\/\/www.gov.br\/cnpq\/pt-br\"><img loading=\"lazy\" decoding=\"async\" width=\"768\" height=\"506\" src=\"https:\/\/pos.uel.br\/psicologia\/wp-content\/uploads\/2021\/05\/cnpq-1.png\" alt=\"\" class=\"wp-image-175\" srcset=\"https:\/\/pos.uel.br\/psicologia\/wp-content\/uploads\/2021\/05\/cnpq-1.png 768w, https:\/\/pos.uel.br\/psicologia\/wp-content\/uploads\/2021\/05\/cnpq-1-300x198.png 300w\" sizes=\"auto, (max-width: 768px) 100vw, 768px\" \/><\/a><\/figure>\n<\/div>\n<\/div>\n<\/div><\/div>\n\n\n\n<p> <\/p>\n\n\n\n<div class=\"wp-block-columns is-layout-flex wp-container-core-columns-is-layout-9d6595d7 wp-block-columns-is-layout-flex\">\n<div class=\"wp-block-column is-layout-flow wp-block-column-is-layout-flow\">\n<figure class=\"wp-block-image size-large\"><a href=\"http:\/\/www.fappr.pr.gov.br\/\"><img loading=\"lazy\" decoding=\"async\" width=\"512\" height=\"385\" src=\"https:\/\/pos.uel.br\/psicologia\/wp-content\/uploads\/2021\/05\/fundacao-araucaria-1.png\" alt=\"\" class=\"wp-image-178\" srcset=\"https:\/\/pos.uel.br\/psicologia\/wp-content\/uploads\/2021\/05\/fundacao-araucaria-1.png 512w, https:\/\/pos.uel.br\/psicologia\/wp-content\/uploads\/2021\/05\/fundacao-araucaria-1-300x226.png 300w\" sizes=\"auto, (max-width: 512px) 100vw, 512px\" \/><\/a><\/figure>\n<\/div>\n\n\n\n<div class=\"wp-block-column is-layout-flow wp-block-column-is-layout-flow\">\n<figure class=\"wp-block-image size-large\"><a href=\"https:\/\/www.ibapnet.org.br\/\"><img loading=\"lazy\" decoding=\"async\" width=\"160\" height=\"95\" src=\"https:\/\/pos.uel.br\/psicologia\/wp-content\/uploads\/2021\/05\/ibap.png\" alt=\"\" class=\"wp-image-179\"\/><\/a><\/figure>\n<\/div>\n\n\n\n<div class=\"wp-block-column is-layout-flow wp-block-column-is-layout-flow\">\n<figure class=\"wp-block-image size-large\"><a href=\"https:\/\/www.anpepp.org.br\/\"><img loading=\"lazy\" decoding=\"async\" width=\"378\" height=\"133\" src=\"https:\/\/pos.uel.br\/psicologia\/wp-content\/uploads\/2021\/05\/anpepp.jpg\" alt=\"\" class=\"wp-image-193\" srcset=\"https:\/\/pos.uel.br\/psicologia\/wp-content\/uploads\/2021\/05\/anpepp.jpg 378w, https:\/\/pos.uel.br\/psicologia\/wp-content\/uploads\/2021\/05\/anpepp-300x106.jpg 300w\" sizes=\"auto, (max-width: 378px) 100vw, 378px\" \/><\/a><\/figure>\n<\/div>\n\n\n\n<div class=\"wp-block-column is-layout-flow wp-block-column-is-layout-flow\">\n<figure class=\"wp-block-image size-large\"><a href=\"https:\/\/sucupira.capes.gov.br\/sucupira\/public\/consultas\/coleta\/veiculoPublicacaoQualis\/listaConsultaGeralPeriodicos.jsf\"><img loading=\"lazy\" decoding=\"async\" width=\"406\" height=\"339\" src=\"https:\/\/pos.uel.br\/psicologia\/wp-content\/uploads\/2021\/05\/qualiscapes-2.jpg\" alt=\"\" class=\"wp-image-200\" srcset=\"https:\/\/pos.uel.br\/psicologia\/wp-content\/uploads\/2021\/05\/qualiscapes-2.jpg 406w, https:\/\/pos.uel.br\/psicologia\/wp-content\/uploads\/2021\/05\/qualiscapes-2-300x250.jpg 300w\" sizes=\"auto, (max-width: 406px) 100vw, 406px\" \/><\/a><\/figure>\n<\/div>\n<\/div>\n","protected":false},"excerpt":{"rendered":"<p>Apresenta\u00e7\u00e3o Respondendo a uma demanda social por produ\u00e7\u00e3o de conhecimento e interven\u00e7\u00e3o qualificada na \u00e1rea de Psicologia, a Universidade Estadual de Londrina criou em 2016 o Mestrado em Psicologia, aprovado pela CAPES no in\u00edcio de 2017. O Programa de P\u00f3s-Gradua\u00e7\u00e3o em Psicologia, localizado no Centro de Ci\u00eancias Biol\u00f3gicas, foi concebido e elaborado a partir de [&hellip;]<\/p>\n","protected":false},"author":7,"featured_media":0,"parent":0,"menu_order":0,"comment_status":"closed","ping_status":"closed","template":"","meta":{"footnotes":""},"class_list":["post-8","page","type-page","status-publish","hentry"],"acf":[],"_links":{"self":[{"href":"https:\/\/pos.uel.br\/psicologia\/wp-json\/wp\/v2\/pages\/8","targetHints":{"allow":["GET"]}}],"collection":[{"href":"https:\/\/pos.uel.br\/psicologia\/wp-json\/wp\/v2\/pages"}],"about":[{"href":"https:\/\/pos.uel.br\/psicologia\/wp-json\/wp\/v2\/types\/page"}],"author":[{"embeddable":true,"href":"https:\/\/pos.uel.br\/psicologia\/wp-json\/wp\/v2\/users\/7"}],"replies":[{"embeddable":true,"href":"https:\/\/pos.uel.br\/psicologia\/wp-json\/wp\/v2\/comments?post=8"}],"version-history":[{"count":6,"href":"https:\/\/pos.uel.br\/psicologia\/wp-json\/wp\/v2\/pages\/8\/revisions"}],"predecessor-version":[{"id":205,"href":"https:\/\/pos.uel.br\/psicologia\/wp-json\/wp\/v2\/pages\/8\/revisions\/205"}],"wp:attachment":[{"href":"https:\/\/pos.uel.br\/psicologia\/wp-json\/wp\/v2\/media?parent=8"}],"curies":[{"name":"wp","href":"https:\/\/api.w.org\/{rel}","templated":true}]}}