{"id":496,"date":"2021-06-30T14:48:50","date_gmt":"2021-06-30T17:48:50","guid":{"rendered":"https:\/\/pos.uel.br\/psicologia\/?page_id=496"},"modified":"2024-03-07T09:23:49","modified_gmt":"2024-03-07T12:23:49","slug":"historico-2","status":"publish","type":"page","link":"https:\/\/pos.uel.br\/psicologia\/historico-2\/","title":{"rendered":"Hist\u00f3rico"},"content":{"rendered":"\n<p>A Universidade Estadual de Londrina \u00e9 uma institui\u00e7\u00e3o p\u00fablica dedicada ao ensino superior (gradua\u00e7\u00e3o, <em>lato sensu<\/em> e <em>stricto sensu<\/em>), fundada no ano de 1970. A institui\u00e7\u00e3o foi reconhecida como Universidade pelo Decreto Federal n\u00b0. 69.324, de 07\/10\/1971 (Di\u00e1rio Oficial da Uni\u00e3o, de 08\/10\/1971, Se\u00e7\u00e3o I, Parte I) e tem como mantenedor o governo do Estado do Paran\u00e1. Com&nbsp;47 anos de atua\u00e7\u00e3o na cidade de Londrina\/PR e regi\u00e3o, atuando nas esferas de ensino superior, pesquisa e extens\u00e3o, ela conta com 9 Centros de Estudos, 57 Departamentos de Ensino, 12 \u00d3rg\u00e3os Suplementares bem como a Prefeitura do Campus.<\/p>\n\n\n\n<p>Desde sua funda\u00e7\u00e3o, a Universidade busca ampliar e oferecer \u00e0 comunidade programas de p\u00f3s-gradua\u00e7\u00e3o de diferentes \u00e1reas de conhecimento, acumulando atualmente 102 cursos de <em>lato sensu <\/em>e 73 cursos de <em>stricto sensu<\/em>, sendo 48 em n\u00edvel de mestrado e 25 em n\u00edvel de doutorado. No ano de 2016, foi aprovado, pela Resolu\u00e7\u00e3o CEPE n\u00b0. 008\/2016, a cria\u00e7\u00e3o do Programa de P\u00f3s-Gradua\u00e7\u00e3o em Psicologia (em n\u00edvel de Mestrado Acad\u00eamico) que contou com a parceria de tr\u00eas departamentos da Universidade, a saber: Departamento de Filosofia (um docente), Departamento de Psicologia e Psican\u00e1lise (seis docentes) bem como o Departamento de Psicologia Social e Institucional (cinco docentes).<\/p>\n\n\n\n<p>O Programa buscou abarcar, desde sua cria\u00e7\u00e3o, a diversidade da produ\u00e7\u00e3o na \u00e1rea de Psicologia, fato que justificou a defini\u00e7\u00e3o de sua \u00e1rea de concentra\u00e7\u00e3o em Psicologia. Como desdobramento dessa \u00e1rea, foram definidas duas linhas de pesquisa que englobaram a diversidade da forma\u00e7\u00e3o e produ\u00e7\u00e3o de seus docentes, sendo elas:<\/p>\n\n\n\n<p><strong>Linha 1<\/strong><\/p>\n\n\n\n<p>Avalia\u00e7\u00e3o Psicol\u00f3gica e Processos Cl\u00ednicos, caracterizada pela investiga\u00e7\u00e3o no campo da avalia\u00e7\u00e3o psicol\u00f3gica e do desenvolvimento intersubjetivo no \u00e2mbito da psicologia cl\u00ednica com \u00eanfase em psican\u00e1lise. A linha aborda as quest\u00f5es do diagn\u00f3stico, a constru\u00e7\u00e3o de instrumentos psicol\u00f3gicos, o estudo do processo de adoecimento ps\u00edquico no campo da sa\u00fade e no trabalho em equipe multidisciplinar, bem como os processos cl\u00ednicos em contextos institucionais, individual, de casal e fam\u00edlia.<\/p>\n\n\n\n<p><strong>Linha 2<\/strong><\/p>\n\n\n\n<p>Psicologia Social e Processos Institucionais, que busca realizar a an\u00e1lise dos modos de constitui\u00e7\u00e3o dos sujeitos nos processos sociais e hist\u00f3ricos, seus discursos, sentidos e materialidades, sob o enfoque da Psicologia Social. A linha abarca investiga\u00e7\u00f5es sobre as rela\u00e7\u00f5es de saber e poder no \u00e2mbito das institui\u00e7\u00f5es, as pol\u00edticas p\u00fablicas de sa\u00fade mental e coletiva, os processos de reestrutura\u00e7\u00e3o produtiva no trabalho, a dimens\u00e3o \u00e9tica presente no cotidiano da vida urbana, bem como os impactos das m\u00eddias nos processos de subjetiva\u00e7\u00e3o.<\/p>\n\n\n\n<p>A decis\u00e3o por definir essas duas linhas para o Mestrado atendeu a uma necessidade, detectada na cidade de Londrina e na regi\u00e3o, de consolidar um centro de pesquisa e forma\u00e7\u00e3o de docentes de ensino superior ligados \u00e0 diversidade de temas demandados pela comunidade. Ao mesmo tempo, indica a parceria entre dois departamentos que comp\u00f5em o Curso de Psicologia da Universidade Estadual de Londrina.<\/p>\n\n\n\n<p>Ainda sobre a Universidade Estadual de Londrina, vale mencionar a exist\u00eancia do Hospital Universit\u00e1rio (HU) e do chamado de Ambulat\u00f3rio de Especialidades (AEHU) que se destina ao atendimento ambulatorial dos pacientes. Para isto, conta com equipes profissionais das \u00e1reas de Medicina, Enfermagem, Nutri\u00e7\u00e3o, Servi\u00e7o Social, Psicologia, Farm\u00e1cia e Bioqu\u00edmica e Fisioterapia. Possui uma \u00e1rea constru\u00edda de 10.500 m\u00b2 que abrigam um setor completo de Psicologia, respons\u00e1vel pelo atendimento de pacientes ligados \u00e0s mais diferentes especialidades cl\u00ednicas. O setor de Psicologia do HU e do AEHU oferece, de maneira sistem\u00e1tica e com dura\u00e7\u00e3o anual, o curso de Psicologia Hospitalar, acolhendo estudantes de todas as gradua\u00e7\u00f5es em Psicologia oferecidas na cidade e regi\u00e3o. Tal setor destaca-se, assim, como mais uma alternativa de pesquisa, forma\u00e7\u00e3o e produ\u00e7\u00e3o de conhecimento na \u00e1rea de concentra\u00e7\u00e3o do nosso Mestrado.<\/p>\n\n\n\n<p>Os dados que vem sendo apresentados sobre a UEL e, mais especificamente, sobre o Mestrado em Psicologia evidenciam a consolida\u00e7\u00e3o da cidade de Londrina como refer\u00eancia regional na produ\u00e7\u00e3o de conhecimento acad\u00eamico e demonstram uma demanda referente \u00e0 forma\u00e7\u00e3o <em>stricto sensu<\/em> tanto em \u00e2mbito estadual quanto em n\u00edvel regional\/local. Destacamos tamb\u00e9m o fato de que outras duas universidades da regi\u00e3o, a Universidade Estadual de Maring\u00e1 (UEM) e a Universidade Estadual Paulista (UNESP\/Assis), ofertam cursos de <em>stricto sensu<\/em> em Psicologia, fato que tem potencial para fazer da regi\u00e3o um polo de refer\u00eancia nessa \u00e1rea de forma\u00e7\u00e3o. Desde a aprova\u00e7\u00e3o e in\u00edcio das atividades do PPGPSI, os coordenadores dos Programas de Psicologia das tr\u00eas universidades v\u00eam realizando conversas sistem\u00e1ticas por meio de reuni\u00f5es para promover a aproxima\u00e7\u00e3o entre os seus PPGs, fortalecendo o v\u00ednculo entre corpo docente e discente, como ser\u00e1 explicado mais adiante. &nbsp;&nbsp;&nbsp;&nbsp;&nbsp;&nbsp;&nbsp;&nbsp;&nbsp;&nbsp;&nbsp; <\/p>\n\n\n\n<p>No ano de 2017, contando com amplo assessoramento da Pr\u00f3-Reitoria de Pesquisa e P\u00f3s-gradua\u00e7\u00e3o da Universidade, foi realizado o primeiro processo seletivo do Programa que aprovou, em sua primeira turma, 14 estudantes regulares. Desde ent\u00e3o realizamos sele\u00e7\u00e3o para Estudante Regular (com abertura de edital entre agosto e setembro de cada ano, seguinte calend\u00e1rio acad\u00eamico institucional) e para Estudantes Especiais (com ofertas semestrais). Al\u00e9m disso, tivemos a entrada de mais dois docentes para o corpo de professores o que tamb\u00e9m gerou a amplia\u00e7\u00e3o do rol de departamentos participantes atuantes no Programa.<\/p>\n\n\n\n<p>Acreditamos que a diversidade de conhecimentos presente na Universidade colabora com o aprofundamento e consist\u00eancia das disserta\u00e7\u00f5es e da forma\u00e7\u00e3o do discente que ter\u00e1 oportunidade de conhecer outras realidades sociais bem como outras refer\u00eancias filos\u00f3ficas, te\u00f3ricas, pr\u00e1ticas e metodol\u00f3gicas. Nesse sentido, o Programa destaca ainda outros objetivos espec\u00edficos que passaram a compor suas atividades regulares:<\/p>\n\n\n\n<ul class=\"wp-block-list\">\n<li>Promover um interc\u00e2mbio institucional (IES nacionais) e internacional (IES estrangeiras),<\/li>\n\n\n\n<li>Estimular seus discentes a realizar uma forma\u00e7\u00e3o diversificada que abarque as duas linhas ofertadas e,<\/li>\n\n\n\n<li>estabelecer parcerias com outras institui\u00e7\u00f5es e PPGs de modo a realizar oferta de disciplinas e outras atividades estrat\u00e9gicas para a forma\u00e7\u00e3o proposta.<\/li>\n<\/ul>\n\n\n\n<p>No ano de 2022, o PPGPSI alcan\u00e7ou a nota 4 na avalia\u00e7\u00e3o quatrienal da CAPES, fato que possibilitou a elabora\u00e7\u00e3o e apresenta\u00e7\u00e3o da proposta do curso de Doutorado, a qual foi tramitada e aprovada no ano de 2023. Diante dessa conquista e no intuito de ampliar seus horizontes cient\u00edficos e educacionais em \u00e2mbitos locais e regionais, a primeira sele\u00e7\u00e3o para o curso de Doutorado acontecer\u00e1 em 2024. Desde a sua cria\u00e7\u00e3o, o Programa buscou abarcar a diversidade da produ\u00e7\u00e3o nas Ci\u00eancias Humanas, justificando a continuidade do compromisso com a \u00e1rea de concentra\u00e7\u00e3o em Psicologia e as duas linhas de pesquisa que englobam a diversidade de forma\u00e7\u00e3o e de produ\u00e7\u00e3o de seus docentes, sendo elas: Avalia\u00e7\u00e3o Psicol\u00f3gica e Processos Cl\u00ednicos (Linha 1) e Psicologia Social e Processos Institucionais Llinha 2).<\/p>\n\n\n\n<p>Os cursos de Mestrado e Doutorado do PPGPSI t\u00eam por objetivo de formar egressos qualificados com n\u00edvel de excel\u00eancia para a realiza\u00e7\u00e3o do exerc\u00edcio profissional, acad\u00eamico e cient\u00edfico no \u00e2mbito da Psicologia e \u00e1reas afins. Al\u00e9m disso, visam formar mestres e doutores para intervir de modo competente, \u00e9tico e aut\u00f4nomo em diferentes n\u00edveis de forma\u00e7\u00e3o na \u00e1rea de Psicologia com capacidade t\u00e9cnica para atuar tanto na doc\u00eancia quanto na execu\u00e7\u00e3o e orienta\u00e7\u00e3o de pesquisas com diferentes n\u00edveis de complexidades (Inicia\u00e7\u00e3o Cient\u00edfica, Trabalho de Conclus\u00e3o de Curso, Especializa\u00e7\u00e3o, Mestrado e Doutorado).<\/p>\n\n\n\n<p> <\/p>\n\n\n\n<hr class=\"wp-block-separator has-css-opacity\" \/>\n\n\n\n<p><\/p>\n","protected":false},"excerpt":{"rendered":"<p>A Universidade Estadual de Londrina \u00e9 uma institui\u00e7\u00e3o p\u00fablica dedicada ao ensino superior (gradua\u00e7\u00e3o, lato sensu e stricto sensu), fundada no ano de 1970. A institui\u00e7\u00e3o foi reconhecida como Universidade pelo Decreto Federal n\u00b0. 69.324, de 07\/10\/1971 (Di\u00e1rio Oficial da Uni\u00e3o, de 08\/10\/1971, Se\u00e7\u00e3o I, Parte I) e tem como mantenedor o governo do Estado [&hellip;]<\/p>\n","protected":false},"author":10,"featured_media":0,"parent":0,"menu_order":0,"comment_status":"closed","ping_status":"closed","template":"","meta":{"footnotes":""},"class_list":["post-496","page","type-page","status-publish","hentry"],"acf":[],"_links":{"self":[{"href":"https:\/\/pos.uel.br\/psicologia\/wp-json\/wp\/v2\/pages\/496","targetHints":{"allow":["GET"]}}],"collection":[{"href":"https:\/\/pos.uel.br\/psicologia\/wp-json\/wp\/v2\/pages"}],"about":[{"href":"https:\/\/pos.uel.br\/psicologia\/wp-json\/wp\/v2\/types\/page"}],"author":[{"embeddable":true,"href":"https:\/\/pos.uel.br\/psicologia\/wp-json\/wp\/v2\/users\/10"}],"replies":[{"embeddable":true,"href":"https:\/\/pos.uel.br\/psicologia\/wp-json\/wp\/v2\/comments?post=496"}],"version-history":[{"count":6,"href":"https:\/\/pos.uel.br\/psicologia\/wp-json\/wp\/v2\/pages\/496\/revisions"}],"predecessor-version":[{"id":2038,"href":"https:\/\/pos.uel.br\/psicologia\/wp-json\/wp\/v2\/pages\/496\/revisions\/2038"}],"wp:attachment":[{"href":"https:\/\/pos.uel.br\/psicologia\/wp-json\/wp\/v2\/media?parent=496"}],"curies":[{"name":"wp","href":"https:\/\/api.w.org\/{rel}","templated":true}]}}