{"id":44,"date":"2021-05-07T09:04:20","date_gmt":"2021-05-07T12:04:20","guid":{"rendered":"https:\/\/pos.uel.br\/psicologia\/?page_id=44"},"modified":"2025-12-04T16:08:13","modified_gmt":"2025-12-04T19:08:13","slug":"pos-doutorado","status":"publish","type":"page","link":"https:\/\/pos.uel.br\/psicologia\/pos-doutorado\/","title":{"rendered":"P\u00f3s-doutorado"},"content":{"rendered":"\n<p>O PPGPSI est\u00e1 aberto aos interessados em fazer o Est\u00e1gio P\u00f3s-doutoral conosco.<\/p>\n\n\n\n<p>A entrada tem car\u00e1ter de fluxo cont\u00ednuo e pode ser solicitada junto a Coordena\u00e7\u00e3o do Programa atrav\u00e9s dos meios de contato oficiais.<\/p>\n\n\n\n<p>As regras para o ingresso est\u00e3o no <em>link<\/em>:<\/p>\n\n\n\n<p><a href=\"https:\/\/sites.uel.br\/proppg\/pos-doutorado\/\" target=\"_blank\" rel=\"noreferrer noopener\"><strong>Resolu\u00e7\u00e3o CEPE N\u00ba 053\/2019<\/strong> Normas e condi\u00e7\u00f5es para realiza\u00e7\u00e3o de est\u00e1gio p\u00f3s-doutoral na UEL<\/a><\/p>\n\n\n\n<p><\/p>\n","protected":false},"excerpt":{"rendered":"<p>O PPGPSI est\u00e1 aberto aos interessados em fazer o Est\u00e1gio P\u00f3s-doutoral conosco. A entrada tem car\u00e1ter de fluxo cont\u00ednuo e pode ser solicitada junto a Coordena\u00e7\u00e3o do Programa atrav\u00e9s dos meios de contato oficiais. As regras para o ingresso est\u00e3o no link: Resolu\u00e7\u00e3o CEPE N\u00ba 053\/2019 Normas e condi\u00e7\u00f5es para realiza\u00e7\u00e3o de est\u00e1gio p\u00f3s-doutoral na [&hellip;]<\/p>\n","protected":false},"author":7,"featured_media":0,"parent":0,"menu_order":0,"comment_status":"closed","ping_status":"closed","template":"","meta":{"footnotes":""},"class_list":["post-44","page","type-page","status-publish","hentry"],"acf":[],"_links":{"self":[{"href":"https:\/\/pos.uel.br\/psicologia\/wp-json\/wp\/v2\/pages\/44","targetHints":{"allow":["GET"]}}],"collection":[{"href":"https:\/\/pos.uel.br\/psicologia\/wp-json\/wp\/v2\/pages"}],"about":[{"href":"https:\/\/pos.uel.br\/psicologia\/wp-json\/wp\/v2\/types\/page"}],"author":[{"embeddable":true,"href":"https:\/\/pos.uel.br\/psicologia\/wp-json\/wp\/v2\/users\/7"}],"replies":[{"embeddable":true,"href":"https:\/\/pos.uel.br\/psicologia\/wp-json\/wp\/v2\/comments?post=44"}],"version-history":[{"count":11,"href":"https:\/\/pos.uel.br\/psicologia\/wp-json\/wp\/v2\/pages\/44\/revisions"}],"predecessor-version":[{"id":3158,"href":"https:\/\/pos.uel.br\/psicologia\/wp-json\/wp\/v2\/pages\/44\/revisions\/3158"}],"wp:attachment":[{"href":"https:\/\/pos.uel.br\/psicologia\/wp-json\/wp\/v2\/media?parent=44"}],"curies":[{"name":"wp","href":"https:\/\/api.w.org\/{rel}","templated":true}]}}