{"id":428,"date":"2021-06-29T16:58:27","date_gmt":"2021-06-29T19:58:27","guid":{"rendered":"https:\/\/pos.uel.br\/psicologia\/?page_id=428"},"modified":"2026-04-07T13:15:29","modified_gmt":"2026-04-07T16:15:29","slug":"formularios-estudantes-regulares","status":"publish","type":"page","link":"https:\/\/pos.uel.br\/psicologia\/formularios-estudantes-regulares\/","title":{"rendered":"Formul\u00e1rios &#8211; Estudantes Regulares"},"content":{"rendered":"\n<div class=\"wp-block-file\"><a id=\"wp-block-file--media-0d3fa9db-2678-47b0-b669-08977b788839\" href=\"https:\/\/pos.uel.br\/psicologia\/wp-content\/uploads\/2025\/09\/Formulario-Cadastro-Docente-Convidado-Banca.doc\">Formulario-Cadastro-Docente-Convidado-Banca<\/a><a href=\"https:\/\/pos.uel.br\/psicologia\/wp-content\/uploads\/2025\/09\/Formulario-Cadastro-Docente-Convidado-Banca.doc\" class=\"wp-block-file__button wp-element-button\" download aria-describedby=\"wp-block-file--media-0d3fa9db-2678-47b0-b669-08977b788839\">Baixar<\/a><\/div>\n\n\n\n<h2 class=\"wp-block-heading\" id=\"qualificacao\">Qualifica\u00e7\u00e3o<\/h2>\n\n\n\n<div class=\"wp-block-file\"><a id=\"wp-block-file--media-a9a669fb-1073-4d91-b86a-905848da5bfa\" href=\"https:\/\/pos.uel.br\/psicologia\/wp-content\/uploads\/2025\/08\/Dados-da-Banca-de-Qualificacao.doc\">Dados-da-Banca-de-Qualificacao<\/a><a href=\"https:\/\/pos.uel.br\/psicologia\/wp-content\/uploads\/2025\/08\/Dados-da-Banca-de-Qualificacao.doc\" class=\"wp-block-file__button wp-element-button\" download aria-describedby=\"wp-block-file--media-a9a669fb-1073-4d91-b86a-905848da5bfa\">Baixar<\/a><\/div>\n\n\n\n<div class=\"wp-block-file\"><a id=\"wp-block-file--media-1619540e-7a98-4099-996f-ef5a6966c59e\" href=\"https:\/\/pos.uel.br\/psicologia\/wp-content\/uploads\/2024\/10\/Orientacoes-para-Solicitar-Exame-de-Qualificacao-mestrado.pdf\" target=\"_blank\" rel=\"noreferrer noopener\">Orienta\u00e7\u00f5es para Solicitar Exame de Qualifica\u00e7\u00e3o de Disserta\u00e7\u00e3o<\/a><a href=\"https:\/\/pos.uel.br\/psicologia\/wp-content\/uploads\/2024\/10\/Orientacoes-para-Solicitar-Exame-de-Qualificacao-mestrado.pdf\" class=\"wp-block-file__button wp-element-button\" download aria-describedby=\"wp-block-file--media-1619540e-7a98-4099-996f-ef5a6966c59e\">Baixar<\/a><\/div>\n\n\n\n<div class=\"wp-block-file\"><a id=\"wp-block-file--media-366deae0-4d0d-405f-97bf-741b5ca28139\" href=\"https:\/\/pos.uel.br\/psicologia\/wp-content\/uploads\/2021\/06\/Modelo-para-Qualificacao-APA.doc\">Modelo de disserta\u00e7\u00e3o para Qualifica\u00e7\u00e3o APA<\/a><a href=\"https:\/\/pos.uel.br\/psicologia\/wp-content\/uploads\/2021\/06\/Modelo-para-Qualificacao-APA.doc\" class=\"wp-block-file__button wp-element-button\" download aria-describedby=\"wp-block-file--media-366deae0-4d0d-405f-97bf-741b5ca28139\">Baixar<\/a><\/div>\n\n\n\n<div class=\"wp-block-columns is-layout-flex wp-container-core-columns-is-layout-9d6595d7 wp-block-columns-is-layout-flex\">\n<div class=\"wp-block-column is-layout-flow wp-block-column-is-layout-flow\" style=\"flex-basis:100%\">\n<h2 class=\"wp-block-heading\" id=\"defesa\">Defesa<\/h2>\n\n\n\n<div class=\"wp-block-file\"><a id=\"wp-block-file--media-6c0f108d-5412-45ac-b674-54d64a472d9d\" href=\"https:\/\/pos.uel.br\/psicologia\/wp-content\/uploads\/2021\/06\/Modelo-para-Defesa-APA-1.doc\"><strong>Modelo de disserta\u00e7\u00e3o para Defesa APA<\/strong><\/a><a href=\"https:\/\/pos.uel.br\/psicologia\/wp-content\/uploads\/2021\/06\/Modelo-para-Defesa-APA-1.doc\" class=\"wp-block-file__button wp-element-button\" download aria-describedby=\"wp-block-file--media-6c0f108d-5412-45ac-b674-54d64a472d9d\">Baixar<\/a><\/div>\n\n\n\n<p class=\"has-small-font-size\"><a href=\"https:\/\/pos.uel.br\/psicologia\/wp-content\/uploads\/2024\/06\/Orientacoes-para-Solicitar-Defesa-de-Dissertacao.pdf\" target=\"_blank\" rel=\"noreferrer noopener\">Orienta\u00e7\u00f5es para solicitar defesa de disserta\u00e7\u00e3o<\/a><\/p>\n\n\n\n<div class=\"wp-block-file\"><a id=\"wp-block-file--media-26985cb9-3082-4f50-9cb0-e81381fb5dc6\" href=\"https:\/\/pos.uel.br\/psicologia\/wp-content\/uploads\/2025\/08\/Requerimento-de-Defesa.doc\" target=\"_blank\" rel=\"noreferrer noopener\">Requerimento-de-Defesa<\/a><a href=\"https:\/\/pos.uel.br\/psicologia\/wp-content\/uploads\/2025\/08\/Requerimento-de-Defesa.doc\" class=\"wp-block-file__button wp-element-button\" download aria-describedby=\"wp-block-file--media-26985cb9-3082-4f50-9cb0-e81381fb5dc6\">Baixar<\/a><\/div>\n\n\n\n<p class=\"has-small-font-size\"><a href=\"https:\/\/pos.uel.br\/psicologia\/wp-content\/uploads\/2022\/11\/Instrucao-de-Servico-002-2022-PROPPG.pdf\" target=\"_blank\" rel=\"noreferrer noopener\">Instru\u00e7\u00e3o de Servi\u00e7o sobre Defesa Remota<\/a><\/p>\n\n\n\n<div class=\"wp-block-file\"><a id=\"wp-block-file--media-c6d8c69d-07b7-4ad1-b906-7d64235e093b\" href=\"https:\/\/sites.uel.br\/bibliotecas\/repositorio-institucional-da-uel\/\" target=\"_blank\" rel=\"noreferrer noopener\">Termo de Autoriza\u00e7\u00e3o para Biblioteca Digital<\/a><\/div>\n\n\n\n<div class=\"wp-block-file\"><a id=\"wp-block-file--media-b6a7b5fc-b9ac-4a70-b144-d0088ab347a0\" href=\"https:\/\/pos.uel.br\/psicologia\/wp-content\/uploads\/2025\/07\/Termo-de-entrega-da-Dissertacao-ou-Tese-a-BC.doc\" target=\"_blank\" rel=\"noreferrer noopener\">Termo-de-entrega-da-Dissertacao-ou-Tese-a-BC<\/a><a href=\"https:\/\/pos.uel.br\/psicologia\/wp-content\/uploads\/2025\/07\/Termo-de-entrega-da-Dissertacao-ou-Tese-a-BC.doc\" class=\"wp-block-file__button wp-element-button\" download aria-describedby=\"wp-block-file--media-b6a7b5fc-b9ac-4a70-b144-d0088ab347a0\">Baixar<\/a><\/div>\n<\/div>\n<\/div>\n\n\n\n<p><\/p>\n","protected":false},"excerpt":{"rendered":"<p>Qualifica\u00e7\u00e3o Defesa Orienta\u00e7\u00f5es para solicitar defesa de disserta\u00e7\u00e3o Instru\u00e7\u00e3o de Servi\u00e7o sobre Defesa Remota<\/p>\n","protected":false},"author":10,"featured_media":0,"parent":0,"menu_order":0,"comment_status":"closed","ping_status":"closed","template":"","meta":{"footnotes":""},"class_list":["post-428","page","type-page","status-publish","hentry"],"acf":[],"_links":{"self":[{"href":"https:\/\/pos.uel.br\/psicologia\/wp-json\/wp\/v2\/pages\/428","targetHints":{"allow":["GET"]}}],"collection":[{"href":"https:\/\/pos.uel.br\/psicologia\/wp-json\/wp\/v2\/pages"}],"about":[{"href":"https:\/\/pos.uel.br\/psicologia\/wp-json\/wp\/v2\/types\/page"}],"author":[{"embeddable":true,"href":"https:\/\/pos.uel.br\/psicologia\/wp-json\/wp\/v2\/users\/10"}],"replies":[{"embeddable":true,"href":"https:\/\/pos.uel.br\/psicologia\/wp-json\/wp\/v2\/comments?post=428"}],"version-history":[{"count":29,"href":"https:\/\/pos.uel.br\/psicologia\/wp-json\/wp\/v2\/pages\/428\/revisions"}],"predecessor-version":[{"id":3354,"href":"https:\/\/pos.uel.br\/psicologia\/wp-json\/wp\/v2\/pages\/428\/revisions\/3354"}],"wp:attachment":[{"href":"https:\/\/pos.uel.br\/psicologia\/wp-json\/wp\/v2\/media?parent=428"}],"curies":[{"name":"wp","href":"https:\/\/api.w.org\/{rel}","templated":true}]}}