{"id":411,"date":"2021-06-29T16:38:32","date_gmt":"2021-06-29T19:38:32","guid":{"rendered":"https:\/\/pos.uel.br\/psicologia\/?page_id=411"},"modified":"2021-06-29T16:46:15","modified_gmt":"2021-06-29T19:46:15","slug":"credenciamento-docente","status":"publish","type":"page","link":"https:\/\/pos.uel.br\/psicologia\/credenciamento-docente\/","title":{"rendered":"Credenciamento Docente"},"content":{"rendered":"\n<p>O PPGPSI mant\u00e9m em fluxo cont\u00ednuo o processo seletivo para credenciamento de novos docentes. O interessado em compor o quadro de docentes do PPGPSI deve acessar o documento constante do link abaixo e se inteirar das informa\u00e7\u00f5es constantes do edital.<\/p>\n\n\n\n<div class=\"wp-block-file\"><a href=\"https:\/\/pos.uel.br\/psicologia\/wp-content\/uploads\/2021\/06\/CredenciamentoDocente.pdf\">CredenciamentoDocente<\/a><a href=\"https:\/\/pos.uel.br\/psicologia\/wp-content\/uploads\/2021\/06\/CredenciamentoDocente.pdf\" class=\"wp-block-file__button\" download>Baixar<\/a><\/div>\n\n\n\n<p>Demais d\u00favidas tamb\u00e9m poder\u00e3o entrar em contato diretamente com a coordena\u00e7\u00e3o do PPGPSI (mestradopsico@uel.br) <\/p>\n","protected":false},"excerpt":{"rendered":"<p>O PPGPSI mant\u00e9m em fluxo cont\u00ednuo o processo seletivo para credenciamento de novos docentes. O interessado em compor o quadro de docentes do PPGPSI deve acessar o documento constante do link abaixo e se inteirar das informa\u00e7\u00f5es constantes do edital. Demais d\u00favidas tamb\u00e9m poder\u00e3o entrar em contato diretamente com a coordena\u00e7\u00e3o do PPGPSI (mestradopsico@uel.br)<\/p>\n","protected":false},"author":10,"featured_media":0,"parent":0,"menu_order":0,"comment_status":"closed","ping_status":"closed","template":"","meta":{"footnotes":""},"class_list":["post-411","page","type-page","status-publish","hentry"],"acf":[],"_links":{"self":[{"href":"https:\/\/pos.uel.br\/psicologia\/wp-json\/wp\/v2\/pages\/411","targetHints":{"allow":["GET"]}}],"collection":[{"href":"https:\/\/pos.uel.br\/psicologia\/wp-json\/wp\/v2\/pages"}],"about":[{"href":"https:\/\/pos.uel.br\/psicologia\/wp-json\/wp\/v2\/types\/page"}],"author":[{"embeddable":true,"href":"https:\/\/pos.uel.br\/psicologia\/wp-json\/wp\/v2\/users\/10"}],"replies":[{"embeddable":true,"href":"https:\/\/pos.uel.br\/psicologia\/wp-json\/wp\/v2\/comments?post=411"}],"version-history":[{"count":3,"href":"https:\/\/pos.uel.br\/psicologia\/wp-json\/wp\/v2\/pages\/411\/revisions"}],"predecessor-version":[{"id":2959,"href":"https:\/\/pos.uel.br\/psicologia\/wp-json\/wp\/v2\/pages\/411\/revisions\/2959"}],"wp:attachment":[{"href":"https:\/\/pos.uel.br\/psicologia\/wp-json\/wp\/v2\/media?parent=411"}],"curies":[{"name":"wp","href":"https:\/\/api.w.org\/{rel}","templated":true}]}}