{"id":394,"date":"2021-06-29T16:11:58","date_gmt":"2021-06-29T19:11:58","guid":{"rendered":"https:\/\/pos.uel.br\/psicologia\/?page_id=394"},"modified":"2026-05-11T14:45:04","modified_gmt":"2026-05-11T17:45:04","slug":"livros","status":"publish","type":"page","link":"https:\/\/pos.uel.br\/psicologia\/livros\/","title":{"rendered":"Livros"},"content":{"rendered":"\n<div class=\"wp-block-columns is-layout-flex wp-container-core-columns-is-layout-9d6595d7 wp-block-columns-is-layout-flex\">\n<div class=\"wp-block-column is-layout-flow wp-block-column-is-layout-flow\"><div class=\"wp-block-image\">\n<figure class=\"aligncenter size-large is-resized\"><img loading=\"lazy\" decoding=\"async\" width=\"725\" height=\"1024\" src=\"https:\/\/pos.uel.br\/psicologia\/wp-content\/uploads\/2021\/05\/Pesquisa-em-Psicologia-Capa-Ebook_page-0001-725x1024.jpg\" alt=\"\" class=\"wp-image-125\" style=\"width:363px;height:512px\" srcset=\"https:\/\/pos.uel.br\/psicologia\/wp-content\/uploads\/2021\/05\/Pesquisa-em-Psicologia-Capa-Ebook_page-0001-725x1024.jpg 725w, https:\/\/pos.uel.br\/psicologia\/wp-content\/uploads\/2021\/05\/Pesquisa-em-Psicologia-Capa-Ebook_page-0001-212x300.jpg 212w, https:\/\/pos.uel.br\/psicologia\/wp-content\/uploads\/2021\/05\/Pesquisa-em-Psicologia-Capa-Ebook_page-0001-768x1085.jpg 768w, https:\/\/pos.uel.br\/psicologia\/wp-content\/uploads\/2021\/05\/Pesquisa-em-Psicologia-Capa-Ebook_page-0001-1087x1536.jpg 1087w, https:\/\/pos.uel.br\/psicologia\/wp-content\/uploads\/2021\/05\/Pesquisa-em-Psicologia-Capa-Ebook_page-0001.jpg 1241w\" sizes=\"auto, (max-width: 725px) 100vw, 725px\" \/><\/figure>\n<\/div>\n\n\n<h5 class=\"wp-block-heading has-text-align-center\"><a rel=\"noreferrer noopener\" href=\"https:\/\/pos.uel.br\/psicologia\/wp-content\/uploads\/2021\/06\/Pesquisa-em-Psicologia-tracados-iniciais.pdf\" target=\"_blank\">Pesquisa em Psicologia &#8211; Tra\u00e7ados Iniciais<\/a>   <\/h5>\n\n\n\n<div class=\"wp-block-buttons is-layout-flex wp-block-buttons-is-layout-flex\"><\/div>\n<\/div>\n\n\n\n<div class=\"wp-block-column is-layout-flow wp-block-column-is-layout-flow\">\n<figure class=\"wp-block-image size-large is-resized\"><img loading=\"lazy\" decoding=\"async\" width=\"724\" height=\"1024\" src=\"https:\/\/pos.uel.br\/psicologia\/wp-content\/uploads\/2021\/08\/Capa-Oficial-Livro-Rafael-1-724x1024.jpg\" alt=\"\" class=\"wp-image-602\" style=\"width:362px;height:512px\" srcset=\"https:\/\/pos.uel.br\/psicologia\/wp-content\/uploads\/2021\/08\/Capa-Oficial-Livro-Rafael-1-724x1024.jpg 724w, https:\/\/pos.uel.br\/psicologia\/wp-content\/uploads\/2021\/08\/Capa-Oficial-Livro-Rafael-1-212x300.jpg 212w, https:\/\/pos.uel.br\/psicologia\/wp-content\/uploads\/2021\/08\/Capa-Oficial-Livro-Rafael-1-scaled.jpg 1811w\" sizes=\"auto, (max-width: 724px) 100vw, 724px\" \/><\/figure>\n\n\n\n<h5 class=\"wp-block-heading has-text-align-left\"><a href=\"https:\/\/pos.uel.br\/psicologia\/wp-content\/uploads\/2021\/09\/LIVRO-CURRICULO-FORMACAO-E-TRABALHO-DOCENTE-RELATOS-DE-EXPERIENCIA_versao-final-4-3.pdf\" target=\"_blank\" rel=\"noreferrer noopener\">Curr\u00edculo, Forma\u00e7\u00e3o &amp; Trabalho Docente: Relatos de Experi\u00eancia<\/a><\/h5>\n\n\n\n<p><\/p>\n<\/div>\n<\/div>\n\n\n\n<div class=\"wp-block-columns is-layout-flex wp-container-core-columns-is-layout-9d6595d7 wp-block-columns-is-layout-flex\">\n<div class=\"wp-block-column is-layout-flow wp-block-column-is-layout-flow\"><div class=\"wp-block-image\">\n<figure class=\"aligncenter size-full is-resized\"><a href=\"https:\/\/pos.uel.br\/psicologia\/wp-content\/uploads\/2022\/05\/Psicologia-e-contemporaneidade-livro-mestrado.pdf\" target=\"_blank\" rel=\"noopener\"><img loading=\"lazy\" decoding=\"async\" width=\"348\" height=\"500\" src=\"https:\/\/pos.uel.br\/psicologia\/wp-content\/uploads\/2022\/05\/capa-livro.jpg\" alt=\"\" class=\"wp-image-968\" style=\"width:447px;height:642px\" srcset=\"https:\/\/pos.uel.br\/psicologia\/wp-content\/uploads\/2022\/05\/capa-livro.jpg 348w, https:\/\/pos.uel.br\/psicologia\/wp-content\/uploads\/2022\/05\/capa-livro-209x300.jpg 209w\" sizes=\"auto, (max-width: 348px) 100vw, 348px\" \/><\/a><\/figure>\n<\/div>\n\n\n<h6 class=\"wp-block-heading has-text-align-center\"><strong>Psicologia e Contemporaneidade &#8211; pesquisa, experi\u00eancias e reflex\u00f5es<\/strong><\/h6>\n<\/div>\n\n\n\n<div class=\"wp-block-column is-layout-flow wp-block-column-is-layout-flow\"><div class=\"wp-block-image\">\n<figure class=\"aligncenter size-large is-resized\"><a href=\"https:\/\/pos.uel.br\/psicologia\/wp-content\/uploads\/2023\/01\/Psicologia-politicas-publicas-e-comunidades-e-book.pdf\"><img loading=\"lazy\" decoding=\"async\" width=\"712\" height=\"1024\" src=\"https:\/\/pos.uel.br\/psicologia\/wp-content\/uploads\/2023\/01\/WhatsApp-Image-09-01-2023-712x1024.jpeg\" alt=\"\" class=\"wp-image-1308\" style=\"width:447px;height:643px\" srcset=\"https:\/\/pos.uel.br\/psicologia\/wp-content\/uploads\/2023\/01\/WhatsApp-Image-09-01-2023-712x1024.jpeg 712w, https:\/\/pos.uel.br\/psicologia\/wp-content\/uploads\/2023\/01\/WhatsApp-Image-09-01-2023-209x300.jpeg 209w, https:\/\/pos.uel.br\/psicologia\/wp-content\/uploads\/2023\/01\/WhatsApp-Image-09-01-2023-768x1105.jpeg 768w, https:\/\/pos.uel.br\/psicologia\/wp-content\/uploads\/2023\/01\/WhatsApp-Image-09-01-2023.jpeg 890w\" sizes=\"auto, (max-width: 712px) 100vw, 712px\" \/><\/a><\/figure>\n<\/div>\n\n\n<p class=\"has-text-align-center\"><strong>Psicologia, Pol\u00edticas P\u00fablicas e Comunidades &#8211; pesquisas, experi\u00eancias e reflex\u00f5es<\/strong><\/p>\n<\/div>\n<\/div>\n\n\n\n<div class=\"wp-block-columns is-layout-flex wp-container-core-columns-is-layout-9d6595d7 wp-block-columns-is-layout-flex\">\n<div class=\"wp-block-column is-layout-flow wp-block-column-is-layout-flow\"><div class=\"wp-block-image\">\n<figure class=\"aligncenter size-large is-resized\"><a href=\"https:\/\/pos.uel.br\/psicologia\/wp-content\/uploads\/2023\/03\/Livro-Infancia-e-Adolescencia-Completo.pdf\" target=\"_blank\" rel=\"noreferrer noopener\"><img loading=\"lazy\" decoding=\"async\" width=\"725\" height=\"1024\" src=\"https:\/\/pos.uel.br\/psicologia\/wp-content\/uploads\/2023\/03\/Arte-Rafael_2_page-0001-725x1024.jpg\" alt=\"\" class=\"wp-image-1419\" style=\"aspect-ratio:0.7083333333333334;width:404px;height:auto\" srcset=\"https:\/\/pos.uel.br\/psicologia\/wp-content\/uploads\/2023\/03\/Arte-Rafael_2_page-0001-725x1024.jpg 725w, https:\/\/pos.uel.br\/psicologia\/wp-content\/uploads\/2023\/03\/Arte-Rafael_2_page-0001-212x300.jpg 212w, https:\/\/pos.uel.br\/psicologia\/wp-content\/uploads\/2023\/03\/Arte-Rafael_2_page-0001-768x1085.jpg 768w, https:\/\/pos.uel.br\/psicologia\/wp-content\/uploads\/2023\/03\/Arte-Rafael_2_page-0001-1087x1536.jpg 1087w, https:\/\/pos.uel.br\/psicologia\/wp-content\/uploads\/2023\/03\/Arte-Rafael_2_page-0001.jpg 1241w\" sizes=\"auto, (max-width: 725px) 100vw, 725px\" \/><\/a><\/figure>\n<\/div>\n\n\n<h6 class=\"wp-block-heading has-text-align-center\"><strong>Inf\u00e2ncias e Adolesc\u00eancias nas Tramas das Pol\u00edticas P\u00fablicas: olhares interdisciplinares<\/strong><\/h6>\n<\/div>\n\n\n\n<div class=\"wp-block-column is-vertically-aligned-center is-layout-flow wp-block-column-is-layout-flow\">\n<figure class=\"wp-block-image size-large is-resized\"><a href=\"https:\/\/pos.uel.br\/psicologia\/wp-content\/uploads\/2025\/04\/Psicologia-e-Assistencia-Social-reflexoes-praticas-e-desafios-finalizado.pdf\" target=\"_blank\" rel=\" noreferrer noopener\"><img loading=\"lazy\" decoding=\"async\" width=\"724\" height=\"1024\" src=\"https:\/\/pos.uel.br\/psicologia\/wp-content\/uploads\/2025\/02\/CAPA-02-JPEG-Resolucao-100MP-1-724x1024.jpg\" alt=\"\" class=\"wp-image-2633\" style=\"aspect-ratio:0.7070469969893352;width:428px;height:auto\" srcset=\"https:\/\/pos.uel.br\/psicologia\/wp-content\/uploads\/2025\/02\/CAPA-02-JPEG-Resolucao-100MP-1-724x1024.jpg 724w, https:\/\/pos.uel.br\/psicologia\/wp-content\/uploads\/2025\/02\/CAPA-02-JPEG-Resolucao-100MP-1-212x300.jpg 212w, https:\/\/pos.uel.br\/psicologia\/wp-content\/uploads\/2025\/02\/CAPA-02-JPEG-Resolucao-100MP-1-768x1086.jpg 768w, https:\/\/pos.uel.br\/psicologia\/wp-content\/uploads\/2025\/02\/CAPA-02-JPEG-Resolucao-100MP-1.jpg 827w\" sizes=\"auto, (max-width: 724px) 100vw, 724px\" \/><\/a><\/figure>\n\n\n\n<h6 class=\"wp-block-heading\">Psicologia e Assist\u00eancia Social: reflex\u00f5es, pr\u00e1ticas e desafios<\/h6>\n\n\n\n<p><\/p>\n<\/div>\n<\/div>\n\n\n\n<div class=\"wp-block-columns is-layout-flex wp-container-core-columns-is-layout-9d6595d7 wp-block-columns-is-layout-flex\">\n<div class=\"wp-block-column is-vertically-aligned-center is-layout-flow wp-block-column-is-layout-flow\"><div class=\"wp-block-image\">\n<figure class=\"aligncenter size-large is-resized\"><a href=\"https:\/\/pos.uel.br\/psicologia\/wp-content\/uploads\/2025\/04\/Educacao-contemporaneidade-processos-psicossociais.pdf\"><img loading=\"lazy\" decoding=\"async\" width=\"724\" height=\"1024\" src=\"https:\/\/pos.uel.br\/psicologia\/wp-content\/uploads\/2025\/04\/CAPA-01-JPEG-Resolucao-100MP-1-724x1024.jpg\" alt=\"\" class=\"wp-image-2748\" style=\"aspect-ratio:0.7070326553935367;width:394px;height:auto\" srcset=\"https:\/\/pos.uel.br\/psicologia\/wp-content\/uploads\/2025\/04\/CAPA-01-JPEG-Resolucao-100MP-1-724x1024.jpg 724w, https:\/\/pos.uel.br\/psicologia\/wp-content\/uploads\/2025\/04\/CAPA-01-JPEG-Resolucao-100MP-1-212x300.jpg 212w, https:\/\/pos.uel.br\/psicologia\/wp-content\/uploads\/2025\/04\/CAPA-01-JPEG-Resolucao-100MP-1-768x1086.jpg 768w, https:\/\/pos.uel.br\/psicologia\/wp-content\/uploads\/2025\/04\/CAPA-01-JPEG-Resolucao-100MP-1.jpg 827w\" sizes=\"auto, (max-width: 724px) 100vw, 724px\" \/><\/a><\/figure>\n<\/div>\n\n\n<div class=\"wp-block-group is-nowrap is-layout-flex wp-container-core-group-is-layout-ad2f72ca wp-block-group-is-layout-flex\">\n<p class=\"has-text-align-center\"><strong>Educa\u00e7\u00e3o, Contemporaneidade &amp; Processos Psicossociais: debates e reflex\u00f5es<\/strong><\/p>\n<\/div>\n<\/div>\n\n\n\n<div class=\"wp-block-column is-layout-flow wp-block-column-is-layout-flow\"><div class=\"wp-block-image\">\n<figure class=\"aligncenter size-large is-resized\"><a href=\"https:\/\/pos.uel.br\/psicologia\/wp-content\/uploads\/2026\/04\/PSICOLOGIA-E-DIVERSIDADE-PPGPIS-UEL-2026.pdf\"><img loading=\"lazy\" decoding=\"async\" width=\"712\" height=\"1024\" src=\"https:\/\/pos.uel.br\/psicologia\/wp-content\/uploads\/2026\/04\/capa-Psicologia-e-diversidade-712x1024.png\" alt=\"\" class=\"wp-image-3356\" style=\"aspect-ratio:0.6953191666493226;width:386px;height:auto\" srcset=\"https:\/\/pos.uel.br\/psicologia\/wp-content\/uploads\/2026\/04\/capa-Psicologia-e-diversidade-712x1024.png 712w, https:\/\/pos.uel.br\/psicologia\/wp-content\/uploads\/2026\/04\/capa-Psicologia-e-diversidade-209x300.png 209w, https:\/\/pos.uel.br\/psicologia\/wp-content\/uploads\/2026\/04\/capa-Psicologia-e-diversidade-768x1104.png 768w, https:\/\/pos.uel.br\/psicologia\/wp-content\/uploads\/2026\/04\/capa-Psicologia-e-diversidade-1068x1536.png 1068w, https:\/\/pos.uel.br\/psicologia\/wp-content\/uploads\/2026\/04\/capa-Psicologia-e-diversidade-1425x2048.png 1425w, https:\/\/pos.uel.br\/psicologia\/wp-content\/uploads\/2026\/04\/capa-Psicologia-e-diversidade-scaled.png 1781w\" sizes=\"auto, (max-width: 712px) 100vw, 712px\" \/><\/a><\/figure>\n<\/div>\n\n\n<p class=\"has-text-align-center\"><strong>Psicologia e Diversidade: produ\u00e7\u00f5es e pesquisas LGBTQIAPN+<\/strong> <\/p>\n<\/div>\n<\/div>\n\n\n\n<div class=\"wp-block-columns is-layout-flex wp-container-core-columns-is-layout-9d6595d7 wp-block-columns-is-layout-flex\">\n<div class=\"wp-block-column is-layout-flow wp-block-column-is-layout-flow\"><div class=\"wp-block-image\">\n<figure class=\"aligncenter size-large is-resized\"><a href=\"https:\/\/pos.uel.br\/psicologia\/wp-content\/uploads\/2026\/05\/LIV-2026-PPGPSI-Entre-a-Arte-Clinica-e-o-Social_pesquisas-em-Psicologia-na-contemporaneidade.pdf\"><img loading=\"lazy\" decoding=\"async\" width=\"724\" height=\"1024\" src=\"https:\/\/pos.uel.br\/psicologia\/wp-content\/uploads\/2026\/04\/Capa-Entre-a-arte-clinica01-724x1024.jpg\" alt=\"\" class=\"wp-image-3369\" style=\"aspect-ratio:0.7070326553935367;width:387px;height:auto\" srcset=\"https:\/\/pos.uel.br\/psicologia\/wp-content\/uploads\/2026\/04\/Capa-Entre-a-arte-clinica01-724x1024.jpg 724w, https:\/\/pos.uel.br\/psicologia\/wp-content\/uploads\/2026\/04\/Capa-Entre-a-arte-clinica01-212x300.jpg 212w, https:\/\/pos.uel.br\/psicologia\/wp-content\/uploads\/2026\/04\/Capa-Entre-a-arte-clinica01-768x1086.jpg 768w, https:\/\/pos.uel.br\/psicologia\/wp-content\/uploads\/2026\/04\/Capa-Entre-a-arte-clinica01.jpg 827w\" sizes=\"auto, (max-width: 724px) 100vw, 724px\" \/><\/a><\/figure>\n<\/div>\n\n\n<div class=\"wp-block-group is-nowrap is-layout-flex wp-container-core-group-is-layout-ad2f72ca wp-block-group-is-layout-flex\">\n<p class=\"has-text-align-center\"><strong>Entre a Arte, a Cl\u00ednica e o Social: pesquisas em Psicologia na Contemporaneidade<\/strong><\/p>\n<\/div>\n<\/div>\n\n\n\n<div class=\"wp-block-column is-layout-flow wp-block-column-is-layout-flow\"><\/div>\n<\/div>\n","protected":false},"excerpt":{"rendered":"<p>Pesquisa em Psicologia &#8211; Tra\u00e7ados Iniciais Curr\u00edculo, Forma\u00e7\u00e3o &amp; Trabalho Docente: Relatos de Experi\u00eancia Psicologia e Contemporaneidade &#8211; pesquisa, experi\u00eancias e reflex\u00f5es Psicologia, Pol\u00edticas P\u00fablicas e Comunidades &#8211; pesquisas, experi\u00eancias e reflex\u00f5es Inf\u00e2ncias e Adolesc\u00eancias nas Tramas das Pol\u00edticas P\u00fablicas: olhares interdisciplinares Psicologia e Assist\u00eancia Social: reflex\u00f5es, pr\u00e1ticas e desafios Educa\u00e7\u00e3o, Contemporaneidade &amp; Processos Psicossociais: [&hellip;]<\/p>\n","protected":false},"author":10,"featured_media":0,"parent":0,"menu_order":0,"comment_status":"closed","ping_status":"closed","template":"","meta":{"footnotes":""},"class_list":["post-394","page","type-page","status-publish","hentry"],"acf":[],"_links":{"self":[{"href":"https:\/\/pos.uel.br\/psicologia\/wp-json\/wp\/v2\/pages\/394","targetHints":{"allow":["GET"]}}],"collection":[{"href":"https:\/\/pos.uel.br\/psicologia\/wp-json\/wp\/v2\/pages"}],"about":[{"href":"https:\/\/pos.uel.br\/psicologia\/wp-json\/wp\/v2\/types\/page"}],"author":[{"embeddable":true,"href":"https:\/\/pos.uel.br\/psicologia\/wp-json\/wp\/v2\/users\/10"}],"replies":[{"embeddable":true,"href":"https:\/\/pos.uel.br\/psicologia\/wp-json\/wp\/v2\/comments?post=394"}],"version-history":[{"count":22,"href":"https:\/\/pos.uel.br\/psicologia\/wp-json\/wp\/v2\/pages\/394\/revisions"}],"predecessor-version":[{"id":3373,"href":"https:\/\/pos.uel.br\/psicologia\/wp-json\/wp\/v2\/pages\/394\/revisions\/3373"}],"wp:attachment":[{"href":"https:\/\/pos.uel.br\/psicologia\/wp-json\/wp\/v2\/media?parent=394"}],"curies":[{"name":"wp","href":"https:\/\/api.w.org\/{rel}","templated":true}]}}