{"id":376,"date":"2021-06-29T15:25:15","date_gmt":"2021-06-29T18:25:15","guid":{"rendered":"https:\/\/pos.uel.br\/psicologia\/?page_id=376"},"modified":"2025-06-06T16:31:45","modified_gmt":"2025-06-06T19:31:45","slug":"dissertacoes-defendidas-turma-2019","status":"publish","type":"page","link":"https:\/\/pos.uel.br\/psicologia\/dissertacoes-defendidas-turma-2019\/","title":{"rendered":"Disserta\u00e7\u00f5es Defendidas (Turma 2019)"},"content":{"rendered":"\n<p>As disserta\u00e7\u00f5es est\u00e3o em ordem alfab\u00e9tica. Disserta\u00e7\u00f5es sem&nbsp;<em>link<\/em>&nbsp;ainda n\u00e3o foram disponibilizadas pela Biblioteca Digital da UEL ou n\u00e3o foram liberadas pelos orientadores e egressos.<\/p>\n\n\n\n<p><strong>Estudante: Aline Cristina Monteiro Rossi<\/strong><\/p>\n\n\n\n<p><em>T\u00edtulo:<\/em>&nbsp;<a href=\"http:\/\/www.bibliotecadigital.uel.br\/document\/?code=vtls000232650\" target=\"_blank\" rel=\"noreferrer noopener\">O envelhecimento e os processos de subjetiva\u00e7\u00e3o no contempor\u00e2neo<\/a><\/p>\n\n\n\n<p><em>Orienta\u00e7\u00e3o:<\/em>&nbsp;Prof. Dr. Paulo Roberto de Carvalho<\/p>\n\n\n\n<p><em>Data Defesa:<\/em> 26\/02\/2021<\/p>\n\n\n\n<div style=\"height:35px\" aria-hidden=\"true\" class=\"wp-block-spacer\"><\/div>\n\n\n\n<p><strong>Estudante: Ana Mayra Berti Munhoz<\/strong><\/p>\n\n\n\n<p><em>T\u00edtulo:<\/em>&nbsp;<a href=\"https:\/\/repositorio.uel.br\/items\/8ce27976-0d2b-4e27-8d4e-d169f878b9a6\">Lideran\u00e7a no exerc\u00edcio da doc\u00eancia no ensino superior: Um olhar para o sujeito-trabalhador \u00e0 luz da psicodin\u00e2mica do trabalho<\/a><\/p>\n\n\n\n<p><em>Orienta\u00e7\u00e3o:<\/em>&nbsp;Profa. Dra. Eneida Silveira Santiago<\/p>\n\n\n\n<p><em>Data Defesa:<\/em> 25\/02\/2021<\/p>\n\n\n\n<div style=\"height:35px\" aria-hidden=\"true\" class=\"wp-block-spacer\"><\/div>\n\n\n\n<p><strong>Estudante: Anyelle Karine de Andrade<\/strong><\/p>\n\n\n\n<p><em>T\u00edtulo:<\/em>&nbsp;<a href=\"http:\/\/www.bibliotecadigital.uel.br\/document\/?code=vtls000232736\" target=\"_blank\" rel=\"noreferrer noopener\">Psicologia e pol\u00edtica de assist\u00eancia social: Discursos sobre a viol\u00eancia infanto-juvenil<\/a><\/p>\n\n\n\n<p><em>Orienta\u00e7\u00e3o:<\/em>&nbsp;Prof. Dr. Rafael Bianchi Silva<\/p>\n\n\n\n<p><em>Data Defesa:<\/em> 24\/02\/2021<\/p>\n\n\n\n<div style=\"height:35px\" aria-hidden=\"true\" class=\"wp-block-spacer\"><\/div>\n\n\n\n<p><strong>Estudante: Camila Zedu Alliprandini<\/strong><\/p>\n\n\n\n<p><em>T\u00edtulo:<\/em>&nbsp;<a href=\"http:\/\/www.bibliotecadigital.uel.br\/document\/?code=vtls000232651\" target=\"_blank\" rel=\"noreferrer noopener\">A Psicologia e a experi\u00eancia cl\u00ednica de ficcionaliza\u00e7\u00e3o<\/a><\/p>\n\n\n\n<p><em>Orienta\u00e7\u00e3o:<\/em>&nbsp;Prof. Dr. Marcos Alexandre Gomes Nalli<\/p>\n\n\n\n<p><em>Data Defesa:<\/em> 19\/02\/2021<\/p>\n\n\n\n<div style=\"height:35px\" aria-hidden=\"true\" class=\"wp-block-spacer\"><\/div>\n\n\n\n<p><strong>Estudante: Cicero Marcelo Felix Junior<\/strong><\/p>\n\n\n\n<p><em>T\u00edtulo:<\/em> Um psic\u00f3logo na aten\u00e7\u00e3o em sa\u00fade de mulheres em uso abusivo de drogas: Uma perspectiva etnogr\u00e1fica<\/p>\n\n\n\n<p><em>Orienta\u00e7\u00e3o:<\/em>&nbsp;Profa. Dra. Eneida Silveira Santiago<\/p>\n\n\n\n<p><em>Data Defesa:<\/em> 17\/12\/2020<\/p>\n\n\n\n<div style=\"height:35px\" aria-hidden=\"true\" class=\"wp-block-spacer\"><\/div>\n\n\n\n<p><strong>Estudante: Claudia de Godoi Ferreira de Almeida<\/strong><\/p>\n\n\n\n<p><em>T\u00edtulo:<\/em>&nbsp;<a href=\"http:\/\/www.bibliotecadigital.uel.br\/document\/?code=vtls000232737\" target=\"_blank\" rel=\"noreferrer noopener\">A psicologia na pol\u00edtica de assist\u00eancia social: Novas leituras na atua\u00e7\u00e3o entre os sujeitos e coletivos<\/a><\/p>\n\n\n\n<p><em>Orienta\u00e7\u00e3o:<\/em>&nbsp;Prof. Dr. Rafael Bianchi Silva<\/p>\n\n\n\n<p><em>Data Defesa:<\/em> 26\/02\/2021<\/p>\n\n\n\n<div style=\"height:35px\" aria-hidden=\"true\" class=\"wp-block-spacer\"><\/div>\n\n\n\n<p><strong>Estudante: Homero Artur Belloni Silva<\/strong><\/p>\n\n\n\n<p><em>T\u00edtulo:<\/em>&nbsp;<a href=\"https:\/\/repositorio.uel.br\/items\/453e339f-0ef1-485a-872c-d5553b76de1e\">Nasce um psic\u00f3logo: Estudo explorat\u00f3rio com egressos de est\u00e1gio em psicoterapia psicanal\u00edtica<\/a><\/p>\n\n\n\n<p><em>Orienta\u00e7\u00e3o:<\/em>&nbsp;Profa. Dra. Maria Elizabeth Barreto Tavares dos Reis<\/p>\n\n\n\n<p><em>Data Defesa:<\/em> 11\/02\/2021<\/p>\n\n\n\n<div style=\"height:35px\" aria-hidden=\"true\" class=\"wp-block-spacer\"><\/div>\n\n\n\n<p><strong>Estudante: Kathia Regina Galdino de Godoy<\/strong><\/p>\n\n\n\n<p><em>T\u00edtulo:<\/em>&nbsp;<a href=\"http:\/\/www.bibliotecadigital.uel.br\/document\/?code=vtls000232653\" target=\"_blank\" rel=\"noreferrer noopener\">As percep\u00e7\u00f5es das fam\u00edlias sobre o trabalho do psic\u00f3logo no CREAS: Vincula\u00e7\u00e3o e sustentabildade afetiva<\/a><\/p>\n\n\n\n<p><em>Orienta\u00e7\u00e3o:<\/em>&nbsp;Profa. Dra. Sonia Regina Vargas Mansano<\/p>\n\n\n\n<p><em>Data Defesa:<\/em> 24\/02\/2021<\/p>\n\n\n\n<div style=\"height:35px\" aria-hidden=\"true\" class=\"wp-block-spacer\"><\/div>\n\n\n\n<p><strong>Estudante: Milena de Lima Barbosa<\/strong><\/p>\n\n\n\n<p><em>T\u00edtulo:<\/em>&nbsp;<a href=\"http:\/\/www.bibliotecadigital.uel.br\/document\/?code=vtls000232654\" target=\"_blank\" rel=\"noreferrer noopener\">As startups e a produ\u00e7\u00e3o de subjetividades de jovens empreendedores<\/a><\/p>\n\n\n\n<p><em>Orienta\u00e7\u00e3o:<\/em>&nbsp;Profa. Dra. Sonia Regina Vargas Mansano<\/p>\n\n\n\n<p><em>Data Defesa:<\/em> 25\/02\/2021<\/p>\n\n\n\n<div style=\"height:35px\" aria-hidden=\"true\" class=\"wp-block-spacer\"><\/div>\n\n\n\n<p><strong>Estudante: Miriam Chicalski<\/strong><\/p>\n\n\n\n<p><em>T\u00edtulo:<\/em>&nbsp;<a href=\"http:\/\/www.bibliotecadigital.uel.br\/document\/?code=vtls000232655\" target=\"_blank\" rel=\"noreferrer noopener\">A avalia\u00e7\u00e3o terap\u00eautica frente a queixa de ansiedade<\/a><\/p>\n\n\n\n<p><em>Orienta\u00e7\u00e3o:<\/em>&nbsp;Prof. Dr. Fabiano Koich Miguel<\/p>\n\n\n\n<p><em>Data Defesa:<\/em> 25\/02\/2021<\/p>\n\n\n\n<div style=\"height:35px\" aria-hidden=\"true\" class=\"wp-block-spacer\"><\/div>\n\n\n\n<p><strong>Estudante: S\u00e9rgio Kazuyoshi Fuji<\/strong><\/p>\n\n\n\n<p><em>T\u00edtulo:<\/em> <a href=\"http:\/\/www.bibliotecadigital.uel.br\/document\/?code=vtls000232744\" target=\"_blank\" rel=\"noreferrer noopener\">Psicologia social no contexto de vulnerabilidades sociais: Uma perspectiva cr\u00edtica e do cotidiano<\/a><\/p>\n\n\n\n<p><em>Orienta\u00e7\u00e3o:<\/em>&nbsp;Prof. Dr. Alexandre Bonetti Lima<\/p>\n\n\n\n<p><em>Data Defesa:<\/em> 22\/02\/2021<\/p>\n","protected":false},"excerpt":{"rendered":"<p>As disserta\u00e7\u00f5es est\u00e3o em ordem alfab\u00e9tica. Disserta\u00e7\u00f5es sem&nbsp;link&nbsp;ainda n\u00e3o foram disponibilizadas pela Biblioteca Digital da UEL ou n\u00e3o foram liberadas pelos orientadores e egressos. Estudante: Aline Cristina Monteiro Rossi T\u00edtulo:&nbsp;O envelhecimento e os processos de subjetiva\u00e7\u00e3o no contempor\u00e2neo Orienta\u00e7\u00e3o:&nbsp;Prof. Dr. Paulo Roberto de Carvalho Data Defesa: 26\/02\/2021 Estudante: Ana Mayra Berti Munhoz T\u00edtulo:&nbsp;Lideran\u00e7a no exerc\u00edcio [&hellip;]<\/p>\n","protected":false},"author":9,"featured_media":0,"parent":0,"menu_order":0,"comment_status":"closed","ping_status":"closed","template":"","meta":{"footnotes":""},"class_list":["post-376","page","type-page","status-publish","hentry"],"acf":[],"_links":{"self":[{"href":"https:\/\/pos.uel.br\/psicologia\/wp-json\/wp\/v2\/pages\/376","targetHints":{"allow":["GET"]}}],"collection":[{"href":"https:\/\/pos.uel.br\/psicologia\/wp-json\/wp\/v2\/pages"}],"about":[{"href":"https:\/\/pos.uel.br\/psicologia\/wp-json\/wp\/v2\/types\/page"}],"author":[{"embeddable":true,"href":"https:\/\/pos.uel.br\/psicologia\/wp-json\/wp\/v2\/users\/9"}],"replies":[{"embeddable":true,"href":"https:\/\/pos.uel.br\/psicologia\/wp-json\/wp\/v2\/comments?post=376"}],"version-history":[{"count":8,"href":"https:\/\/pos.uel.br\/psicologia\/wp-json\/wp\/v2\/pages\/376\/revisions"}],"predecessor-version":[{"id":2827,"href":"https:\/\/pos.uel.br\/psicologia\/wp-json\/wp\/v2\/pages\/376\/revisions\/2827"}],"wp:attachment":[{"href":"https:\/\/pos.uel.br\/psicologia\/wp-json\/wp\/v2\/media?parent=376"}],"curies":[{"name":"wp","href":"https:\/\/api.w.org\/{rel}","templated":true}]}}