{"id":373,"date":"2021-06-29T15:22:35","date_gmt":"2021-06-29T18:22:35","guid":{"rendered":"https:\/\/pos.uel.br\/psicologia\/?page_id=373"},"modified":"2025-06-06T16:26:06","modified_gmt":"2025-06-06T19:26:06","slug":"dissertacoes-defendidas-turma-2018","status":"publish","type":"page","link":"https:\/\/pos.uel.br\/psicologia\/dissertacoes-defendidas-turma-2018\/","title":{"rendered":"Disserta\u00e7\u00f5es Defendidas (Turma 2018)"},"content":{"rendered":"\n<p>As disserta\u00e7\u00f5es est\u00e3o em ordem alfab\u00e9tica. Disserta\u00e7\u00f5es sem&nbsp;<em>link<\/em>&nbsp;ainda n\u00e3o foram disponibilizadas pela Biblioteca Digital da UEL ou n\u00e3o foram liberadas pelos orientadores e egressos.<\/p>\n\n\n\n<p><strong>Estudante: B\u00e1rbara Dias Fabre<\/strong><\/p>\n\n\n\n<p><em>T\u00edtulo:<\/em>&nbsp;<a href=\"http:\/\/www.bibliotecadigital.uel.br\/document\/?code=vtls000230649\" target=\"_blank\" rel=\"noreferrer noopener\"><u>Habilidades de fun\u00e7\u00f5es executivas em crian\u00e7as com TEA: Estudo de caso-controle<\/u><\/a><\/p>\n\n\n\n<p><em>Orienta\u00e7\u00e3o:<\/em>&nbsp;Profa. Dra. Patr\u00edcia Silva L\u00facio<\/p>\n\n\n\n<p><em>Data Defesa:<\/em> 16\/12\/2019<\/p>\n\n\n\n<div style=\"height:35px\" aria-hidden=\"true\" class=\"wp-block-spacer\"><\/div>\n\n\n\n<p><strong>Estudante: Clara Maki Inaba<\/strong><\/p>\n\n\n\n<p><em>T\u00edtulo:<\/em>&nbsp;<a href=\"http:\/\/www.bibliotecadigital.uel.br\/document\/?code=vtls000230846\" target=\"_blank\" rel=\"noreferrer noopener\"><u>Lesbianidade: Feminilidade(s) \u00e0 vis\u00e3o do Teste de Apercep\u00e7ao Tem\u00e1tica (TAT)<\/u><\/a><\/p>\n\n\n\n<p><em>Orienta\u00e7\u00e3o:<\/em>&nbsp;Prof. Dr. Fabiano Koich Miguel<\/p>\n\n\n\n<p><em>Data Defesa:<\/em> 12\/12\/2019<\/p>\n\n\n\n<div style=\"height:35px\" aria-hidden=\"true\" class=\"wp-block-spacer\"><\/div>\n\n\n\n<p><strong>Estudante: Daniela Cec\u00edlia Grisoski<\/strong><\/p>\n\n\n\n<p><em>T\u00edtulo:<\/em>&nbsp;<a href=\"http:\/\/www.bibliotecadigital.uel.br\/document\/?code=vtls000231154\" target=\"_blank\" rel=\"noreferrer noopener\"><u>Mulheres policiais: Produ\u00e7\u00e3o de subjetividade em um Batalh\u00e3o da Pol\u00edcia Militar do Paran\u00e1<\/u><\/a><\/p>\n\n\n\n<p><em>Orienta\u00e7\u00e3o:<\/em>&nbsp;Prof. Dra. Eneida Silveira Santiago &nbsp;<\/p>\n\n\n\n<p><em>Data Defesa:<\/em> 18\/02\/2020<\/p>\n\n\n\n<div style=\"height:35px\" aria-hidden=\"true\" class=\"wp-block-spacer\"><\/div>\n\n\n\n<p><strong>Estudante: Danielle Cerci Mostagi&nbsp;<\/strong><\/p>\n\n\n\n<p><em>T\u00edtulo:<\/em>&nbsp;<a href=\"http:\/\/www.bibliotecadigital.uel.br\/document\/?code=vtls000231156\" target=\"_blank\" rel=\"noreferrer noopener\">O uso de recursos de mediadores na forma\u00e7\u00e3o cl\u00ednica em Psicoterapia Familiar Psicanal\u00edtica: Um estudo qualitativo<\/a><\/p>\n\n\n\n<p><em>Orienta\u00e7\u00e3o:<\/em>&nbsp;Prof. Dra. Ma\u00edra Bonaf\u00e9 Sei &nbsp;<\/p>\n\n\n\n<p><em>Data Defesa:<\/em> 19\/02\/2020<\/p>\n\n\n\n<div style=\"height:35px\" aria-hidden=\"true\" class=\"wp-block-spacer\"><\/div>\n\n\n\n<p><strong>Estudante: Felipe de Souza Barbeiro<\/strong><\/p>\n\n\n\n<p><em>T\u00edtulo:<\/em>&nbsp;<a href=\"http:\/\/www.bibliotecadigital.uel.br\/document\/?code=vtls000230401\" target=\"_blank\" rel=\"noreferrer noopener\">As tecnologias de informa\u00e7\u00e3o e comunica\u00e7\u00e3o no contexto da cl\u00ednica psicanal\u00edtica<\/a><\/p>\n\n\n\n<p><em>Orienta\u00e7\u00e3o:<\/em>&nbsp;Profa. Dra. Maria Elizabeth Barreto Tavares dos Reis<\/p>\n\n\n\n<p><em>Data Defesa:<\/em> 04\/12\/2019<\/p>\n\n\n\n<div style=\"height:35px\" aria-hidden=\"true\" class=\"wp-block-spacer\"><\/div>\n\n\n\n<p><strong>Estudante: Fl\u00e1via Gabriela Meserlian<\/strong><\/p>\n\n\n\n<p><em>T\u00edtulo:<\/em>&nbsp;<a href=\"https:\/\/repositorio.uel.br\/items\/e3bdd7e6-4716-4f1a-bef6-5eb19f59181c\">Motiva\u00e7\u00e3o e autoconceito de alunos com sobrepeso no Ensino Fundamental II<\/a><\/p>\n\n\n\n<p><em>Orienta\u00e7\u00e3o:<\/em>&nbsp;Profa. Dra. Katya Luciane de Oliveira<\/p>\n\n\n\n<p><em>Data Defesa:<\/em> 11\/11\/2019<\/p>\n\n\n\n<div style=\"height:35px\" aria-hidden=\"true\" class=\"wp-block-spacer\"><\/div>\n\n\n\n<p><strong>Estudante: Hellen Lima Buriolla&nbsp;<\/strong><\/p>\n\n\n\n<p><em>T\u00edtulo:<\/em>&nbsp;<a href=\"http:\/\/www.bibliotecadigital.uel.br\/document\/?code=vtls000231155\" target=\"_blank\" rel=\"noreferrer noopener\"><u>Entrevistas inicias com Fam\u00edlias encaminhadas pelo Sistema Judici\u00e1rio: Impasses, limites e potencialidades<\/u><\/a><\/p>\n\n\n\n<p><em>Orienta\u00e7\u00e3o:<\/em>&nbsp;Profa. Dra. Ma\u00edra Bonaf\u00e9 Sei<\/p>\n\n\n\n<p><em>Data Defesa:<\/em> 19\/02\/2020<\/p>\n\n\n\n<div style=\"height:35px\" aria-hidden=\"true\" class=\"wp-block-spacer\"><\/div>\n\n\n\n<p><strong>Estudante: Isadora Nicastro Salvador&nbsp;<\/strong><\/p>\n\n\n\n<p><em>T\u00edtulo:<\/em>&nbsp;<a href=\"http:\/\/www.bibliotecadigital.uel.br\/document\/?code=vtls000230955\" target=\"_blank\" rel=\"noreferrer noopener\"><u>Seda\u00e7\u00e3o subjetiva: O sofrimento ps\u00edquico de sujeitos inseridos na universidade<\/u><\/a><\/p>\n\n\n\n<p><em>Orienta\u00e7\u00e3o:&nbsp;<\/em>Profa. Dra. S\u00edlvia Nogueira Cordeiro<\/p>\n\n\n\n<p><em>Data Defesa:<\/em> 06\/02\/2020<\/p>\n\n\n\n<div style=\"height:35px\" aria-hidden=\"true\" class=\"wp-block-spacer\"><\/div>\n\n\n\n<p><strong>Estudante: Karen Mayumi Nakaya<\/strong><\/p>\n\n\n\n<p><em>T\u00edtulo:<\/em>&nbsp;<a href=\"http:\/\/www.bibliotecadigital.uel.br\/document\/?code=vtls000231177\" target=\"_blank\" rel=\"noreferrer noopener\">Parto vaginal ap\u00f3s ces\u00e1rea: Um olhar psicanal\u00edtico sobre as viv\u00eancias emocionais das mulheres<\/a><\/p>\n\n\n\n<p><em>Orienta\u00e7\u00e3o:&nbsp;<\/em>Profa. Dra. Maria Elizabeth Barreto Tavares dos Reis<\/p>\n\n\n\n<p><em>Data Defesa:<\/em> 05\/06\/2020<\/p>\n\n\n\n<div style=\"height:35px\" aria-hidden=\"true\" class=\"wp-block-spacer\"><\/div>\n\n\n\n<p><strong>Estudante: Maria Gabriela Montresol Sanches&nbsp;<\/strong><\/p>\n\n\n\n<p><em>T\u00edtulo:<\/em>&nbsp;<a href=\"https:\/\/repositorio.uel.br\/items\/7d5632c8-84c2-4928-97ca-b453bf571a29\">O uso de espa\u00e7ograma como recurso de media\u00e7\u00e3o em Terapia Familiar Psicanal\u00edtica: Estudos de m\u00faltiplos casos<\/a><\/p>\n\n\n\n<p><em>Orienta\u00e7\u00e3o:<\/em>&nbsp;Profa. Dra.&nbsp;Ma\u00edra Bonaf\u00e9 Sei<\/p>\n\n\n\n<p><em>Data Defesa:<\/em> 19\/02\/2020<\/p>\n\n\n\n<div style=\"height:35px\" aria-hidden=\"true\" class=\"wp-block-spacer\"><\/div>\n\n\n\n<p><strong>Estudante: Mar\u00edlia Kasprovicz<\/strong><\/p>\n\n\n\n<p><em>T\u00edtulo:<\/em>&nbsp;<a href=\"https:\/\/repositorio.uel.br\/items\/cb498f51-d615-409a-bb1a-f31fd24341ab\">Psicologia e assist\u00eancia social: O psic\u00f3logo na prote\u00e7\u00e3o social especial no munic\u00edpio de pequeno porte&nbsp;<\/a><\/p>\n\n\n\n<p><em>Orienta\u00e7\u00e3o:<\/em>&nbsp;Prof.&nbsp;Dr. Alexandre Bonetti Lima<\/p>\n\n\n\n<p><em>Data Defesa:<\/em> 28\/02\/2020<\/p>\n\n\n\n<div style=\"height:35px\" aria-hidden=\"true\" class=\"wp-block-spacer\"><\/div>\n\n\n\n<p><strong>Estudante: M\u00f4nica Tablas Martinez de Figueiredo<\/strong><\/p>\n\n\n\n<p><em>T\u00edtulo:<\/em>&nbsp;<a href=\"http:\/\/www.bibliotecadigital.uel.br\/document\/?code=vtls000231036\" target=\"_blank\" rel=\"noreferrer noopener\"><u>Sustentabilidade afetiva e resist\u00eancia: Uma an\u00e1lise sobre os modos de vida e as interven\u00e7\u00f5es art\u00edsticas urbanas<\/u><\/a><\/p>\n\n\n\n<p><em>Orienta\u00e7\u00e3o:<\/em>&nbsp;Profa. Dra. Sonia Regina Vargas Mansano<\/p>\n\n\n\n<p><em>Data Defesa:<\/em> 19\/02\/2020<\/p>\n\n\n\n<div style=\"height:35px\" aria-hidden=\"true\" class=\"wp-block-spacer\"><\/div>\n\n\n\n<p><strong>Estudante: Nathalia Tavares Bellato Spagiari<\/strong><\/p>\n\n\n\n<p><em>T\u00edtulo:<\/em>&nbsp;<a href=\"https:\/\/repositorio.uel.br\/items\/52bf11c9-920b-4d60-9eb3-0417f313021e\">A escolha das mulheres pelo uso da p\u00edlula na atualidade: Viv\u00eancias, significados e resson\u00e2ncias<\/a><\/p>\n\n\n\n<p><em>Orienta\u00e7\u00e3o:<\/em>&nbsp;Profa. Dra. Silvia Nogueira Cordeiro<\/p>\n\n\n\n<p><em>Data Defesa:<\/em> 19\/02\/2020<\/p>\n\n\n\n<div style=\"height:35px\" aria-hidden=\"true\" class=\"wp-block-spacer\"><\/div>\n\n\n\n<p><strong>Estudante: Pamela Cristina Salles da Silva&nbsp;<\/strong><\/p>\n\n\n\n<p><em>T\u00edtulo:<\/em>&nbsp;<a href=\"http:\/\/www.bibliotecadigital.uel.br\/document\/?code=vtls000230944\" target=\"_blank\" rel=\"noreferrer noopener\"><u>Ela canta as hist\u00f3rias: Novos usos para antigos modos de subjetiva\u00e7\u00e3o<\/u><\/a><\/p>\n\n\n\n<p><em>Orienta\u00e7\u00e3o:&nbsp;<\/em>Prof. Dr. Marcos Alexandre Gomes Nalli<\/p>\n\n\n\n<p><em>Data Defesa:<\/em> 31\/01\/2020<\/p>\n\n\n\n<div style=\"height:35px\" aria-hidden=\"true\" class=\"wp-block-spacer\"><\/div>\n\n\n\n<p><strong>Estudante: Patr\u00edcia Aparecida Bortoloti<\/strong><\/p>\n\n\n\n<p><em>T\u00edtulo:<\/em>&nbsp;<a href=\"http:\/\/www.bibliotecadigital.uel.br\/document\/?code=vtls000231151\" target=\"_blank\" rel=\"noreferrer noopener\"><u>Leituras do mal-estar na contemporaneidade capitalista: Construindo diagn\u00f3sticos do presente<\/u><\/a><\/p>\n\n\n\n<p><em>Orienta\u00e7\u00e3o:<\/em>&nbsp;Prof. Dr. Paulo Roberto de Carvalho<\/p>\n\n\n\n<p><em>Data Defesa:<\/em> 21\/02\/2020<\/p>\n\n\n\n<div style=\"height:35px\" aria-hidden=\"true\" class=\"wp-block-spacer\"><\/div>\n\n\n\n<p><strong>Estudante: Sandra Regina Galv\u00e3o&nbsp;<\/strong><\/p>\n\n\n\n<p><em>T\u00edtulo:<\/em>&nbsp;<a href=\"http:\/\/www.bibliotecadigital.uel.br\/document\/?code=vtls000231172\" target=\"_blank\" rel=\"noreferrer noopener\"><u>O trabalho do psic\u00f3logo no ensino superior: Um estudo de caso da UTFPR Apucarana<\/u><\/a><\/p>\n\n\n\n<p><em>Orienta\u00e7\u00e3o:<\/em>&nbsp;Prof. Dr. Rafael Bianchi Silva<\/p>\n\n\n\n<p><em>Data Defesa:<\/em> 20\/02\/2020<\/p>\n\n\n\n<div style=\"height:35px\" aria-hidden=\"true\" class=\"wp-block-spacer\"><\/div>\n\n\n\n<p><strong>Estudante: Tamiris Sasaki de Oliveira<\/strong><\/p>\n\n\n\n<p><em>T\u00edtulo:<\/em>&nbsp;<a href=\"https:\/\/repositorio.uel.br\/items\/c14d9b80-01e7-4a29-96be-6ebe11e88d41\">Evid\u00eancias de validade de um invent\u00e1rio de suporte familiar para pais de pessoas com necessidades educativas especiais<\/a><\/p>\n\n\n\n<p><em>Orienta\u00e7\u00e3o:<\/em>&nbsp;Profa. Dra. Katya Luciane de Oliveira<\/p>\n\n\n\n<p><em>Data Defesa:<\/em> 31\/10\/2019<\/p>\n\n\n\n<div style=\"height:35px\" aria-hidden=\"true\" class=\"wp-block-spacer\"><\/div>\n\n\n\n<p><strong>Estudante: Thais Fernanda Roberto Oliveira<\/strong><\/p>\n\n\n\n<p><em>T\u00edtulo:<\/em>&nbsp;<a href=\"http:\/\/www.bibliotecadigital.uel.br\/document\/?code=vtls000230549\" target=\"_blank\" rel=\"noreferrer noopener\"><u>Patologiza\u00e7\u00e3o do luto: Uma an\u00e1lise geneal\u00f3gica do DSM<\/u><\/a><\/p>\n\n\n\n<p><em>Orienta\u00e7\u00e3o:<\/em>&nbsp;Prof. Dr. Marcos Alexandre Gomes Nalli<\/p>\n\n\n\n<p><em>Data Defesa:<\/em> 20\/12\/2019<\/p>\n","protected":false},"excerpt":{"rendered":"<p>As disserta\u00e7\u00f5es est\u00e3o em ordem alfab\u00e9tica. Disserta\u00e7\u00f5es sem&nbsp;link&nbsp;ainda n\u00e3o foram disponibilizadas pela Biblioteca Digital da UEL ou n\u00e3o foram liberadas pelos orientadores e egressos. Estudante: B\u00e1rbara Dias Fabre T\u00edtulo:&nbsp;Habilidades de fun\u00e7\u00f5es executivas em crian\u00e7as com TEA: Estudo de caso-controle Orienta\u00e7\u00e3o:&nbsp;Profa. Dra. Patr\u00edcia Silva L\u00facio Data Defesa: 16\/12\/2019 Estudante: Clara Maki Inaba T\u00edtulo:&nbsp;Lesbianidade: Feminilidade(s) \u00e0 vis\u00e3o [&hellip;]<\/p>\n","protected":false},"author":10,"featured_media":0,"parent":0,"menu_order":0,"comment_status":"closed","ping_status":"closed","template":"","meta":{"footnotes":""},"class_list":["post-373","page","type-page","status-publish","hentry"],"acf":[],"_links":{"self":[{"href":"https:\/\/pos.uel.br\/psicologia\/wp-json\/wp\/v2\/pages\/373","targetHints":{"allow":["GET"]}}],"collection":[{"href":"https:\/\/pos.uel.br\/psicologia\/wp-json\/wp\/v2\/pages"}],"about":[{"href":"https:\/\/pos.uel.br\/psicologia\/wp-json\/wp\/v2\/types\/page"}],"author":[{"embeddable":true,"href":"https:\/\/pos.uel.br\/psicologia\/wp-json\/wp\/v2\/users\/10"}],"replies":[{"embeddable":true,"href":"https:\/\/pos.uel.br\/psicologia\/wp-json\/wp\/v2\/comments?post=373"}],"version-history":[{"count":10,"href":"https:\/\/pos.uel.br\/psicologia\/wp-json\/wp\/v2\/pages\/373\/revisions"}],"predecessor-version":[{"id":2825,"href":"https:\/\/pos.uel.br\/psicologia\/wp-json\/wp\/v2\/pages\/373\/revisions\/2825"}],"wp:attachment":[{"href":"https:\/\/pos.uel.br\/psicologia\/wp-json\/wp\/v2\/media?parent=373"}],"curies":[{"name":"wp","href":"https:\/\/api.w.org\/{rel}","templated":true}]}}